{"id":64470,"date":"2023-11-02T16:28:16","date_gmt":"2023-11-02T15:28:16","guid":{"rendered":"https:\/\/www.topohvar.at\/topo\/?page_id=64470"},"modified":"2024-06-12T19:37:10","modified_gmt":"2024-06-12T17:37:10","slug":"pr-tr-09-1","status":"publish","type":"page","link":"https:\/\/www.topohvar.at\/topo\/orte\/pr\/pr-tr-09-1\/","title":{"rendered":"PRAPATNA &#8211; Trim \u00bbPR-TR-09\u00ab"},"content":{"rendered":"<p><a name=\"seite_oben\"><\/a><br \/>\n<strong><img loading=\"lazy\" decoding=\"async\" class=\"alignleft wp-image-64471 size-full\" src=\"https:\/\/www.topohvar.at\/wp-content\/uploads\/2023\/11\/pr-tr-09-2.jpg\" alt=\"\" width=\"1080\" height=\"530\" srcset=\"https:\/\/www.topohvar.at\/wp-content\/uploads\/2023\/11\/pr-tr-09-2.jpg 1080w, https:\/\/www.topohvar.at\/wp-content\/uploads\/2023\/11\/pr-tr-09-2-300x147.jpg 300w, https:\/\/www.topohvar.at\/wp-content\/uploads\/2023\/11\/pr-tr-09-2-1024x503.jpg 1024w, https:\/\/www.topohvar.at\/wp-content\/uploads\/2023\/11\/pr-tr-09-2-768x377.jpg 768w\" sizes=\"auto, (max-width: 1080px) 100vw, 1080px\" \/><\/strong><\/p>\n<p><strong>Ime \/ Name<br \/>\n<\/strong>Trim \u00bbPR-TR-09\u00ab<\/p>\n<p><strong>Code: <\/strong>PR-TR-09\u00a0 \u00a0 \u00a0 \u00a0 \u00a0 \u00a0 \u00a0 \u00a0 \u00a0 \u00a0 \u00a0 \u00a0 \u00a0<strong>\u00a0 \u00a0 \u00a0 \u00a0 <a href=\"https:\/\/www.topohvar.at\/orte\/pr\/pr-tr-00-1\/\"><img loading=\"lazy\" decoding=\"async\" class=\"alignnone wp-image-12300 size-full\" src=\"https:\/\/www.topohvar.at\/wp-content\/uploads\/2018\/09\/push-vor-30.jpg\" alt=\"\" width=\"61\" height=\"30\" \/><\/a> <a href=\"https:\/\/www.topohvar.at\/orte\/pr\/pr-tr-04-1\/\"><img loading=\"lazy\" decoding=\"async\" class=\"alignnone wp-image-533 size-full\" src=\"https:\/\/www.topohvar.at\/wp-content\/uploads\/2018\/07\/push-l-30.jpg\" alt=\"\" width=\"61\" height=\"30\" \/><\/a>\u00a0<a href=\"https:\/\/www.topohvar.at\/orte\/pr\/\"><img loading=\"lazy\" decoding=\"async\" class=\"alignnone wp-image-535 size-full\" src=\"https:\/\/www.topohvar.at\/wp-content\/uploads\/2018\/07\/push-o-30.jpg\" alt=\"\" width=\"61\" height=\"30\" \/><\/a>\u00a0<a href=\"https:\/\/www.topohvar.at\/orte\/pr\/pr-tr-05-1\/\"><img loading=\"lazy\" decoding=\"async\" class=\"alignnone wp-image-536 size-full\" src=\"https:\/\/www.topohvar.at\/wp-content\/uploads\/2018\/07\/push-r-30.jpg\" alt=\"\" width=\"61\" height=\"30\" \/><\/a><\/strong><\/p>\n<hr \/>\n<p><strong>Adresa \/ Adresse<br \/>\n<\/strong>Prapatna, Zagrada\u010da<\/p>\n<p><strong>Lokacija \/ Position<a href=\"https:\/\/goo.gl\/maps\/Zhpfa9yKnCgXt3QY6\"><img loading=\"lazy\" decoding=\"async\" class=\"alignright wp-image-64122\" src=\"https:\/\/www.topohvar.at\/wp-content\/uploads\/2023\/08\/3921.jpg\" alt=\"\" width=\"133\" height=\"100\" \/><\/a><br \/>\n<\/strong><span style=\"color: #3366ff;\"><a style=\"color: #3366ff;\" href=\"https:\/\/goo.gl\/maps\/Zhpfa9yKnCgXt3QY6\">Latitude: N 43,15051\u00b0\u00a0 \u00a0 Longitude: E 16,76661\u00b0<\/a>\u00a0<\/span><strong><br \/>\n<\/strong>Visina \/ H\u00f6he: 229 m<\/p>\n<p><strong>Katastarska \u010destica \/ Grundst\u00fccke<br \/>\n<\/strong>4863<div class='content-column one_half'><div style=\"padding-right:6px;\"><p><strong>Datum snimanja \/ Erfassungsdatum<br \/>\n<\/strong>22.20.2023 10:44:14<\/p>\n<hr \/>\n<p><strong>Informacije<\/strong><\/p>\n<p>U Zagrada\u010di, neposredno uz dr\u017eavnu cestu DC-116, nalazi se poljoprivredni kompleks u kojem se nudi maslinovo ulje, pro\u0161ek, vino i dr. Na sjevernoj strani kompleksa smje\u0161tena su dva trima. Zapadniji od ova dva trima troslojni je i slobodno je smje\u0161ten u polju. Lijevo od ulaza stepenastim kamenim blokovima, dolazi se stepenicama do prvog stupnja trima. Na lijevoj strani tre\u0107eg stupnja nalaze se dva str\u0161e\u0107a kamena koja su o\u010dito namijenjena lak\u0161em usponu na tre\u0107i stepanj. S desne strane vrlo \u0161irokog ulaza naknadno (pretpostavka) postavljeni su kameni blokovi, koji bi mo\u017eda trebali ubla\u017eiti veliki raspon nadvratnika. Zakrivljenost unutra\u0161njosti po\u010dinje prakti\u010dki od poda &#8211; nema jasne podjela na &#8222;ukrasni zid (unutra)&#8220; i &#8222;kupole&#8220;. Pod u unutra\u0161njosti prekriven je debelim slojem pepela.<\/p><\/div><\/div><div class='content-column one_half last_column'><div style=\"padding-right:0px;padding-left:6px;\"><p><strong>Stupanj za\u0161tite \/ Schutzstellung<br \/>\n<\/strong>&#8211;<\/p>\n<hr \/>\n<p><strong>Info<\/strong><\/p>\n<p>In Zagrada\u010da befindet sich direkt an der Staatsstra\u00dfe DC-116 ein landwirtschaftlicher Komplex wo Oliven\u00f6l, Pro\u0161ek, Wein etc. angeboten wird. An der Nordseite des Komplexes stehen zwei Trims. Der westliche der beiden Trims steht frei am Grundst\u00fcck und weist drei Stufen auf. Links von Eingang kann man \u00fcber stufenartige Steinbl\u00f6cke auf die erste Stufe des Trims gelangen. An der linken Seite der dritten Stufe finden sich zwei Kragsteine, die offenbar den Aufstieg auf die dritte Stufe erleichtern sollen. Auf der rechten Seite des sehr breiten Eingangs wurden (vermutlich) nachtr\u00e4glich Steinbl\u00f6cke platziert, die m\u00f6glicherweise die gro\u00dfe Spannweite der T\u00fcr\u00fcberlager mildern sollten (?) Die W\u00f6lbung des Innenraumes beginnt praktisch vom Trimboden aus \u2013 es ist keine klare Gliederung bestehend aus einer \u201eTrimwand (innen)\u201c und \u201eKuppel\u201c zu erkennen. Der Fu\u00dfboden im Inneren war mit einer dicken Ascheschicht bedeckt.<\/p><\/div><\/div><div class='clear_column'><\/div><div class='content-column one_half'><div style=\"padding-right:6px;\"><p>Ju\u017eno od gra\u0111evnog sklopa nalazi se cisterna.<\/p><\/div><\/div><div class='content-column one_half last_column'><div style=\"padding-right:0px;padding-left:6px;\"><p>S\u00fcdlich des Geb\u00e4udekomplexes befindet sich eine Zisterne.<\/p><\/div><\/div><div class='clear_column'><\/div><div class='content-column one_half'><div style=\"padding-right:6px;\"><div id=\"attachment_65038\" style=\"width: 310px\" class=\"wp-caption aligncenter\"><img loading=\"lazy\" decoding=\"async\" aria-describedby=\"caption-attachment-65038\" class=\"wp-image-65038 size-medium\" src=\"https:\/\/www.topohvar.at\/wp-content\/uploads\/2023\/11\/pr-tr-09-1-300x300.jpg\" alt=\"\" width=\"300\" height=\"300\" srcset=\"https:\/\/www.topohvar.at\/wp-content\/uploads\/2023\/11\/pr-tr-09-1-300x300.jpg 300w, https:\/\/www.topohvar.at\/wp-content\/uploads\/2023\/11\/pr-tr-09-1-150x150.jpg 150w, https:\/\/www.topohvar.at\/wp-content\/uploads\/2023\/11\/pr-tr-09-1.jpg 450w\" sizes=\"auto, (max-width: 300px) 100vw, 300px\" \/><p id=\"caption-attachment-65038\" class=\"wp-caption-text\">Ulaz \/ Eingang<\/p><\/div><\/div><\/div><div class='content-column one_half last_column'><div style=\"padding-right:0px;padding-left:6px;\"><div id=\"attachment_65039\" style=\"width: 310px\" class=\"wp-caption aligncenter\"><img loading=\"lazy\" decoding=\"async\" aria-describedby=\"caption-attachment-65039\" class=\"wp-image-65039 size-medium\" src=\"https:\/\/www.topohvar.at\/wp-content\/uploads\/2023\/11\/pr-tr-09-8-300x300.jpg\" alt=\"\" width=\"300\" height=\"300\" srcset=\"https:\/\/www.topohvar.at\/wp-content\/uploads\/2023\/11\/pr-tr-09-8-300x300.jpg 300w, https:\/\/www.topohvar.at\/wp-content\/uploads\/2023\/11\/pr-tr-09-8-150x150.jpg 150w, https:\/\/www.topohvar.at\/wp-content\/uploads\/2023\/11\/pr-tr-09-8.jpg 450w\" sizes=\"auto, (max-width: 300px) 100vw, 300px\" \/><p id=\"caption-attachment-65039\" class=\"wp-caption-text\">Kupola &#8211; unutra \/ die Kuppel &#8211; innen<\/p><\/div><\/div><\/div><div class='clear_column'><\/div><div class='content-column one_half'><div style=\"padding-right:6px;\"><p>Dana 22.10.2023 trim PR-TR-09 je posje\u0107en i ustanovljeno je sljede\u0107e:<\/p>\n<p>Lokacija: livada, pa\u0161njak<br \/>\nPodloga: ravna<br \/>\nPovezan s: samostoje\u0107i, izoliran<br \/>\nUpotreba: malo se koristi<br \/>\nStanje: dobro sa\u010duvan<br \/>\nBroj stepenica trima: 3<br \/>\nDodatni kameni prsten: nema prstena<br \/>\nStepeni\u0161te: konzolne stepenice<br \/>\nOblik kamena: plosnat<br \/>\nPodru\u010dje ispred ulaza: lako dostupno<br \/>\nOrijentacija ulaza: J (180\u00b0)<br \/>\nPromjer trima (cm): 580<br \/>\nVisina trima (cm): 370<br \/>\nVisina stepenica (cm): stepenica 1: 170 , stepenica 2: 270 , stepenica 3: 370<br \/>\nDebljina zida (cm): 120<br \/>\n\u0160irina vrata (cm): 85<br \/>\nVisina vrata (cm): 130<br \/>\n\u0160irina unutra (cm): 350<br \/>\nVisina unutra (cm): 350<br \/>\nVolumen iznutra (m3): 18,99<br \/>\nNema ni\u0161e<\/p><\/div><\/div><div class='content-column one_half last_column'><div style=\"padding-right:0px;padding-left:6px;\"><p>Am 22.10.2023 wurde der Trim PR-TR-09 besucht und n\u00e4her untersucht:<\/p>\n<p>Standort: Wiese, Weide<br \/>\nUntergrund: eben<br \/>\nVerbunden mit: freistehend<br \/>\nNutzung: kaum genutzt<br \/>\nZustand: gut erhalten<br \/>\nAnzahl der Trimstufen: 3<br \/>\nZus\u00e4tzlicher Steinring: kein Steinring<br \/>\nStiege: Kragsteine<br \/>\nSteinform: plattig<br \/>\nEingangsbereich: frei<br \/>\nEingangsseite: S (180\u00b0)<br \/>\nTrimdurchmesser (cm): 580<br \/>\nTrimh\u00f6he (cm): 370<br \/>\nH\u00f6he der Trimstufen (cm): Stufe 1: 170 , Stufe 2: 270 , Stufe 3: 370<br \/>\nWandst\u00e4rke (cm): 120<br \/>\nT\u00fcrbreite (cm): 85<br \/>\nT\u00fcrh\u00f6he (cm): 130<br \/>\nInnenraumbreite (cm): 350<br \/>\nInnenraumh\u00f6he (cm): 350<br \/>\nRaumvolumen (m3): 18,99<br \/>\nKeine Nische<\/p><\/div><\/div><div class='clear_column'><\/div><\/p>\n<p><img loading=\"lazy\" decoding=\"async\" class=\"aligncenter size-full wp-image-65146\" src=\"https:\/\/www.topohvar.at\/wp-content\/uploads\/2023\/12\/pr-tr-09-scan.jpg\" alt=\"\" width=\"900\" height=\"1357\" srcset=\"https:\/\/www.topohvar.at\/wp-content\/uploads\/2023\/12\/pr-tr-09-scan.jpg 900w, https:\/\/www.topohvar.at\/wp-content\/uploads\/2023\/12\/pr-tr-09-scan-199x300.jpg 199w, https:\/\/www.topohvar.at\/wp-content\/uploads\/2023\/12\/pr-tr-09-scan-679x1024.jpg 679w, https:\/\/www.topohvar.at\/wp-content\/uploads\/2023\/12\/pr-tr-09-scan-768x1158.jpg 768w\" sizes=\"auto, (max-width: 900px) 100vw, 900px\" \/><\/p>\n<p style=\"text-align: right;\"><a href=\"#seite_oben\">natrag na vrh \/ Seitenanfang<\/a><\/p>\n<hr \/>\n<p><strong>Linkovi \/ Links<\/strong><\/p>\n<p><span style=\"color: #3366ff;\"><a style=\"color: #3366ff;\" href=\"https:\/\/www.topohvar.at\/topo\/orte\/pr\/pr-tr-04-1\/\">Trim PR-TR-04<\/a><br \/>\n<a style=\"color: #3366ff;\" href=\"https:\/\/www.topohvar.at\/topo\/orte\/pr\/pr-op-00-0\/#op-27\">Gustirna (27) PR-OP-27<\/a><\/span><\/p>\n","protected":false},"excerpt":{"rendered":"<p>Ime \/ Name Trim \u00bbPR-TR-09\u00ab Code: PR-TR-09\u00a0 \u00a0 \u00a0 \u00a0 \u00a0 \u00a0 \u00a0 \u00a0 \u00a0 \u00a0 \u00a0 \u00a0 \u00a0\u00a0 \u00a0 \u00a0 \u00a0 \u00a0\u00a0 Adresa \/ Adresse Prapatna, Zagrada\u010da Lokacija \/ Position Latitude: N 43,15051\u00b0\u00a0 \u00a0 Longitude: E 16,76661\u00b0\u00a0 Visina \/ &hellip; <a href=\"https:\/\/www.topohvar.at\/topo\/orte\/pr\/pr-tr-09-1\/\">Weiterlesen <span class=\"meta-nav\">&rarr;<\/span><\/a><\/p>\n","protected":false},"author":1,"featured_media":0,"parent":129,"menu_order":0,"comment_status":"closed","ping_status":"closed","template":"","meta":{"footnotes":""},"class_list":["post-64470","page","type-page","status-publish","hentry"],"_links":{"self":[{"href":"https:\/\/www.topohvar.at\/topo\/wp-json\/wp\/v2\/pages\/64470","targetHints":{"allow":["GET"]}}],"collection":[{"href":"https:\/\/www.topohvar.at\/topo\/wp-json\/wp\/v2\/pages"}],"about":[{"href":"https:\/\/www.topohvar.at\/topo\/wp-json\/wp\/v2\/types\/page"}],"author":[{"embeddable":true,"href":"https:\/\/www.topohvar.at\/topo\/wp-json\/wp\/v2\/users\/1"}],"replies":[{"embeddable":true,"href":"https:\/\/www.topohvar.at\/topo\/wp-json\/wp\/v2\/comments?post=64470"}],"version-history":[{"count":8,"href":"https:\/\/www.topohvar.at\/topo\/wp-json\/wp\/v2\/pages\/64470\/revisions"}],"predecessor-version":[{"id":68649,"href":"https:\/\/www.topohvar.at\/topo\/wp-json\/wp\/v2\/pages\/64470\/revisions\/68649"}],"up":[{"embeddable":true,"href":"https:\/\/www.topohvar.at\/topo\/wp-json\/wp\/v2\/pages\/129"}],"wp:attachment":[{"href":"https:\/\/www.topohvar.at\/topo\/wp-json\/wp\/v2\/media?parent=64470"}],"curies":[{"name":"wp","href":"https:\/\/api.w.org\/{rel}","templated":true}]}}