{"id":64478,"date":"2023-11-02T16:42:21","date_gmt":"2023-11-02T15:42:21","guid":{"rendered":"https:\/\/www.topohvar.at\/topo\/?page_id=64478"},"modified":"2024-02-04T09:40:19","modified_gmt":"2024-02-04T08:40:19","slug":"vh-tr-15-1-2","status":"publish","type":"page","link":"https:\/\/www.topohvar.at\/topo\/orte\/vh\/vh-tr-15-1-2\/","title":{"rendered":"VRH &#8211; Trim \u00bbVH-TR-15\u00ab"},"content":{"rendered":"<p><a name=\"seite_oben\"><\/a><br \/>\n<strong><img loading=\"lazy\" decoding=\"async\" class=\"alignleft wp-image-64479 size-full\" src=\"https:\/\/www.topohvar.at\/wp-content\/uploads\/2023\/11\/vh-tr-15-2.jpg\" alt=\"\" width=\"1080\" height=\"530\" srcset=\"https:\/\/www.topohvar.at\/wp-content\/uploads\/2023\/11\/vh-tr-15-2.jpg 1080w, https:\/\/www.topohvar.at\/wp-content\/uploads\/2023\/11\/vh-tr-15-2-300x147.jpg 300w, https:\/\/www.topohvar.at\/wp-content\/uploads\/2023\/11\/vh-tr-15-2-1024x503.jpg 1024w, https:\/\/www.topohvar.at\/wp-content\/uploads\/2023\/11\/vh-tr-15-2-768x377.jpg 768w\" sizes=\"auto, (max-width: 1080px) 100vw, 1080px\" \/><\/strong><\/p>\n<p><strong>Ime \/ Name<br \/>\n<\/strong>Trim \u00bbVH-TR-15\u00ab<\/p>\n<p><strong>Code: <\/strong>VH-TR-15\u00a0 \u00a0 \u00a0 \u00a0 \u00a0 \u00a0 \u00a0 \u00a0 \u00a0 \u00a0 \u00a0 \u00a0 \u00a0 \u00a0 <a href=\"https:\/\/www.topohvar.at\/orte\/vh\/vh-tr-00-1\/\"><img loading=\"lazy\" decoding=\"async\" class=\"alignnone wp-image-12300 size-full\" src=\"https:\/\/www.topohvar.at\/wp-content\/uploads\/2018\/09\/push-vor-30.jpg\" alt=\"\" width=\"61\" height=\"30\" \/><\/a>\u00a0<strong><a href=\"https:\/\/www.topohvar.at\/orte\/vh\/vh-tr-14-1\/\"><img loading=\"lazy\" decoding=\"async\" class=\"alignnone wp-image-533 size-full\" src=\"https:\/\/www.topohvar.at\/wp-content\/uploads\/2018\/07\/push-l-30.jpg\" alt=\"\" width=\"61\" height=\"30\" \/><\/a> <a href=\"https:\/\/www.topohvar.at\/orte\/vh\/\"><img loading=\"lazy\" decoding=\"async\" class=\"alignnone wp-image-535 size-full\" src=\"https:\/\/www.topohvar.at\/wp-content\/uploads\/2018\/07\/push-o-30.jpg\" alt=\"\" width=\"61\" height=\"30\" \/><\/a> <a href=\"https:\/\/www.topohvar.at\/orte\/vh\/vh-tr-16-1\/\"><img loading=\"lazy\" decoding=\"async\" class=\"alignnone wp-image-536 size-full\" src=\"https:\/\/www.topohvar.at\/wp-content\/uploads\/2018\/07\/push-r-30.jpg\" alt=\"\" width=\"61\" height=\"30\" \/><\/a><\/strong><\/p>\n<hr \/>\n<p><strong>Adresa \/ Adresse<br \/>\n<\/strong>Vrh, ju\u017eno od puta za Borovik (Pitve) \/ s\u00fcdlich des Weges nach Borovik<\/p>\n<p><strong>Lokacija <\/strong><strong>\/ Position<a href=\"https:\/\/goo.gl\/maps\/TFgTxGXeV2cja58d6\"><img loading=\"lazy\" decoding=\"async\" class=\"alignright wp-image-64157\" src=\"https:\/\/www.topohvar.at\/wp-content\/uploads\/2023\/08\/3924.jpg\" alt=\"\" width=\"134\" height=\"100\" \/><\/a><br \/>\n<\/strong><a href=\"https:\/\/goo.gl\/maps\/TFgTxGXeV2cja58d6\"><span style=\"color: #3366ff;\">Latitude: N 43,13910\u00b0\u00a0 \u00a0Longitude: E 16,73643\u00b0<\/span><\/a> <strong><br \/>\n<\/strong>Visina \/ H\u00f6he: 341 m<\/p>\n<p><strong>Katastarska \u010destica<\/strong><strong> \/ Grundst\u00fccke<br \/>\n<\/strong>3737\/2<div class='content-column one_half'><div style=\"padding-right:6px;\"><p><strong>Datum snimanja \/ Erfassungsdatum<br \/>\n<\/strong>10.10.2023 15:00:03<\/p>\n<hr \/>\n<p><strong>Informacije<\/strong><\/p>\n<p>Trim se nalazi u obradjenom polju, ju\u017eno od planinske staze koja s Humca vodi na zapad. Dva stupnja trima vidljiva su samo na njegovoj sjevernoj strani. Kameni zid s lijeve strane ulaza do ispred ulaza vodi prema zapadu i \u0161titi ulaz. Stra\u017enji dio obloge obrubljuje kameni zid.<\/p><\/div><\/div><div class='content-column one_half last_column'><div style=\"padding-right:0px;padding-left:6px;\"><p><strong>Stupanj za\u0161tite<\/strong><strong> \/ Schutzstellung<br \/>\n<\/strong>&#8211;<\/p>\n<hr \/>\n<p><strong>Info<\/strong><\/p>\n<p>Der Trim befindet sich in einem landwirtschaftlich genutzten Gebiet, s\u00fcdlich des H\u00f6henweges, der von Humac Richtung Westen f\u00fchrt. Die zwei Stufen des Trims sind nur an seiner Nordseite erkennbar. Eine Steinmauer von der linken Eingangsseite bis vor dem Eingang f\u00fchrt nach Westen und sch\u00fctzt den Eingang. An die R\u00fcckseite des Trims grenzt eine Steinmauer.<\/p><\/div><\/div><div class='clear_column'><\/div><div class='content-column one_half'><div style=\"padding-right:6px;\"><p>Visoki ulaz, obraslo trnjem, vodi u unutra\u0161njost nepravilnog oblika. Trim je u dobrom stanju osim malog o\u0161te\u0107enja na stra\u017enjoj strani, ali se vi\u0161e ne koristi. Trim VH-TR-14 nalazi se oko 25 m zapadnije.<\/p><\/div><\/div><div class='content-column one_half last_column'><div style=\"padding-right:0px;padding-left:6px;\"><p>Durch den hohen, mit Dornengestr\u00fcpp verwachsenen Eingang gelangt man in den unregelm\u00e4\u00dfig geformten Innenraum. Der Trim ist bis auf eine kleine Besch\u00e4digung an seiner R\u00fcckseite guterhalten, wird aber nicht mehr genutzt. Etwa 25 m weiter westlich befindet sich der Trim VH-TR-14.<\/p><\/div><\/div><div class='clear_column'><\/div><div class='content-column one_half'><div style=\"padding-right:6px;\"><div id=\"attachment_64935\" style=\"width: 310px\" class=\"wp-caption aligncenter\"><img loading=\"lazy\" decoding=\"async\" aria-describedby=\"caption-attachment-64935\" class=\"wp-image-64935 size-medium\" src=\"https:\/\/www.topohvar.at\/wp-content\/uploads\/2023\/11\/vh-tr-15-10-300x300.jpg\" alt=\"\" width=\"300\" height=\"300\" srcset=\"https:\/\/www.topohvar.at\/wp-content\/uploads\/2023\/11\/vh-tr-15-10-300x300.jpg 300w, https:\/\/www.topohvar.at\/wp-content\/uploads\/2023\/11\/vh-tr-15-10-150x150.jpg 150w, https:\/\/www.topohvar.at\/wp-content\/uploads\/2023\/11\/vh-tr-15-10.jpg 450w\" sizes=\"auto, (max-width: 300px) 100vw, 300px\" \/><p id=\"caption-attachment-64935\" class=\"wp-caption-text\">Ulaz \/ Eingang<\/p><\/div><\/div><\/div><div class='content-column one_half last_column'><div style=\"padding-right:0px;padding-left:6px;\"><div id=\"attachment_64934\" style=\"width: 310px\" class=\"wp-caption aligncenter\"><img loading=\"lazy\" decoding=\"async\" aria-describedby=\"caption-attachment-64934\" class=\"wp-image-64934 size-medium\" src=\"https:\/\/www.topohvar.at\/wp-content\/uploads\/2023\/11\/vh-tr-15-7-300x300.jpg\" alt=\"\" width=\"300\" height=\"300\" srcset=\"https:\/\/www.topohvar.at\/wp-content\/uploads\/2023\/11\/vh-tr-15-7-300x300.jpg 300w, https:\/\/www.topohvar.at\/wp-content\/uploads\/2023\/11\/vh-tr-15-7-150x150.jpg 150w, https:\/\/www.topohvar.at\/wp-content\/uploads\/2023\/11\/vh-tr-15-7.jpg 450w\" sizes=\"auto, (max-width: 300px) 100vw, 300px\" \/><p id=\"caption-attachment-64934\" class=\"wp-caption-text\">Pogled prema zapadu \/ Blick nach Westen<\/p><\/div><\/div><\/div><div class='clear_column'><\/div><div class='content-column one_half'><div style=\"padding-right:6px;\"><p>Dana 10.10.2023 trim VH-TR-15 je posje\u0107en i ustanovljeno je sljede\u0107e:<\/p>\n<p>Lokacija: livada, pa\u0161njak<br \/>\nPodloga: ravna<br \/>\nPovezan s: kamenim zidom<br \/>\nUpotreba: ne koristi se<br \/>\nStanje: dobro sa\u010duvan<br \/>\nBroj stepenica trima: 2<br \/>\nDodatni kameni prsten: nema prstena<br \/>\nStepeni\u0161te: nema<br \/>\nOblik kamena: uglast<br \/>\nPodru\u010dje ispred ulaza: za\u0161ti\u0107eno<br \/>\nOrijentacija ulaza: Z (260\u00b0)<br \/>\nPromjer trima (cm): 450<br \/>\nVisina trima (cm): 230<br \/>\nVisina stepenica (cm): stepenica 1: 110 , stepenica 2: 180<br \/>\nDebljina zida (cm): 120<br \/>\n\u0160irina vrata (cm): 90<br \/>\nVisina vrata (cm): 125<br \/>\n\u0160irina unutra (cm): 160 &#8211; 210<br \/>\nVisina unutra (cm): 190<br \/>\nVolumen iznutra (m3): 3,59<br \/>\nNema ni\u0161e<\/p><\/div><\/div><div class='content-column one_half last_column'><div style=\"padding-right:0px;padding-left:6px;\"><p>Am 10.10.2023 wurde der Trim VH-TR-15 besucht und n\u00e4her untersucht:<\/p>\n<p>Standort: Wiese, Weide<br \/>\nUntergrund: eben<br \/>\nVerbunden mit: Steinmauer<br \/>\nNutzung: ungenutzt<br \/>\nZustand: gut erhalten<br \/>\nAnzahl der Trimstufen: 2<br \/>\nZus\u00e4tzlicher Steinring: kein Steinring<br \/>\nStiege: keine<br \/>\nSteinform: kantig<br \/>\nEingangsbereich: gesch\u00fctzt<br \/>\nEingangsseite: W (260\u00b0)<br \/>\nTrimdurchmesser (cm): 450<br \/>\nTrimh\u00f6he (cm): 230<br \/>\nH\u00f6he der Trimstufen (cm): Stufe 1: 110 , Stufe 2: 180<br \/>\nWandst\u00e4rke (cm): 120<br \/>\nT\u00fcrbreite (cm): 90<br \/>\nT\u00fcrh\u00f6he (cm): 125<br \/>\nInnenraumbreite (cm): 160 &#8211; 210<br \/>\nInnenraumh\u00f6he (cm): 190<br \/>\nRaumvolumen (m3): 3,59<br \/>\nKeine Nische<\/p><\/div><\/div><div class='clear_column'><\/div><\/p>\n<p><img loading=\"lazy\" decoding=\"async\" class=\"aligncenter size-full wp-image-65155\" src=\"https:\/\/www.topohvar.at\/wp-content\/uploads\/2023\/12\/vh-tr-15-scan.jpg\" alt=\"\" width=\"900\" height=\"1582\" srcset=\"https:\/\/www.topohvar.at\/wp-content\/uploads\/2023\/12\/vh-tr-15-scan.jpg 900w, https:\/\/www.topohvar.at\/wp-content\/uploads\/2023\/12\/vh-tr-15-scan-171x300.jpg 171w, https:\/\/www.topohvar.at\/wp-content\/uploads\/2023\/12\/vh-tr-15-scan-583x1024.jpg 583w, https:\/\/www.topohvar.at\/wp-content\/uploads\/2023\/12\/vh-tr-15-scan-768x1350.jpg 768w, https:\/\/www.topohvar.at\/wp-content\/uploads\/2023\/12\/vh-tr-15-scan-874x1536.jpg 874w\" sizes=\"auto, (max-width: 900px) 100vw, 900px\" \/><\/p>\n<p style=\"text-align: right;\"><span style=\"color: #3366ff;\"><a style=\"color: #3366ff;\" href=\"#seite_oben\">natrag na vrh \/ Seitenanfang<\/a><\/span><\/p>\n<hr \/>\n<p><strong>Linkovi \/ Links<\/strong><\/p>\n<p><span style=\"color: #3366ff;\"><a style=\"color: #3366ff;\" href=\"https:\/\/www.topohvar.at\/topo\/orte\/vh\/vh-tr-14-1\/\">Trim VH-TR-14<\/a><\/span><\/p>\n","protected":false},"excerpt":{"rendered":"<p>Ime \/ Name Trim \u00bbVH-TR-15\u00ab Code: VH-TR-15\u00a0 \u00a0 \u00a0 \u00a0 \u00a0 \u00a0 \u00a0 \u00a0 \u00a0 \u00a0 \u00a0 \u00a0 \u00a0 \u00a0 \u00a0 Adresa \/ Adresse Vrh, ju\u017eno od puta za Borovik (Pitve) \/ s\u00fcdlich des Weges nach Borovik Lokacija \/ Position &hellip; <a href=\"https:\/\/www.topohvar.at\/topo\/orte\/vh\/vh-tr-15-1-2\/\">Weiterlesen <span class=\"meta-nav\">&rarr;<\/span><\/a><\/p>\n","protected":false},"author":1,"featured_media":0,"parent":131,"menu_order":0,"comment_status":"closed","ping_status":"closed","template":"","meta":{"footnotes":""},"class_list":["post-64478","page","type-page","status-publish","hentry"],"_links":{"self":[{"href":"https:\/\/www.topohvar.at\/topo\/wp-json\/wp\/v2\/pages\/64478","targetHints":{"allow":["GET"]}}],"collection":[{"href":"https:\/\/www.topohvar.at\/topo\/wp-json\/wp\/v2\/pages"}],"about":[{"href":"https:\/\/www.topohvar.at\/topo\/wp-json\/wp\/v2\/types\/page"}],"author":[{"embeddable":true,"href":"https:\/\/www.topohvar.at\/topo\/wp-json\/wp\/v2\/users\/1"}],"replies":[{"embeddable":true,"href":"https:\/\/www.topohvar.at\/topo\/wp-json\/wp\/v2\/comments?post=64478"}],"version-history":[{"count":8,"href":"https:\/\/www.topohvar.at\/topo\/wp-json\/wp\/v2\/pages\/64478\/revisions"}],"predecessor-version":[{"id":65413,"href":"https:\/\/www.topohvar.at\/topo\/wp-json\/wp\/v2\/pages\/64478\/revisions\/65413"}],"up":[{"embeddable":true,"href":"https:\/\/www.topohvar.at\/topo\/wp-json\/wp\/v2\/pages\/131"}],"wp:attachment":[{"href":"https:\/\/www.topohvar.at\/topo\/wp-json\/wp\/v2\/media?parent=64478"}],"curies":[{"name":"wp","href":"https:\/\/api.w.org\/{rel}","templated":true}]}}