{"id":64698,"date":"2023-11-05T15:38:34","date_gmt":"2023-11-05T14:38:34","guid":{"rendered":"https:\/\/www.topohvar.at\/topo\/?page_id=64698"},"modified":"2023-11-05T16:03:06","modified_gmt":"2023-11-05T15:03:06","slug":"vh-og-01-1","status":"publish","type":"page","link":"https:\/\/www.topohvar.at\/topo\/orte\/vh\/vh-og-01-1\/","title":{"rendered":"VRH &#8211; Objekt \u00bbusamljeni grob\u00ab"},"content":{"rendered":"<p><a name=\"seite_oben\"><\/a><br \/>\n<strong><img loading=\"lazy\" decoding=\"async\" class=\"alignnone wp-image-64702 size-full\" src=\"https:\/\/www.topohvar.at\/wp-content\/uploads\/2023\/11\/vh-og-01-1.jpg\" alt=\"\" width=\"1080\" height=\"530\" srcset=\"https:\/\/www.topohvar.at\/wp-content\/uploads\/2023\/11\/vh-og-01-1.jpg 1080w, https:\/\/www.topohvar.at\/wp-content\/uploads\/2023\/11\/vh-og-01-1-300x147.jpg 300w, https:\/\/www.topohvar.at\/wp-content\/uploads\/2023\/11\/vh-og-01-1-1024x503.jpg 1024w, https:\/\/www.topohvar.at\/wp-content\/uploads\/2023\/11\/vh-og-01-1-768x377.jpg 768w\" sizes=\"auto, (max-width: 1080px) 100vw, 1080px\" \/><\/strong><\/p>\n<p><strong>Ime \/ Name<br \/>\n<\/strong>Objekt \u00bbusamljeni grob\u00ab \/ ein einsames Grab<\/p>\n<p><strong>Code: <\/strong>VH-OG-01\u00a0 \u00a0 \u00a0 \u00a0 \u00a0 \u00a0 \u00a0 \u00a0 \u00a0 \u00a0 \u00a0 \u00a0 \u00a0 \u00a0 \u00a0 \u00a0 \u00a0 \u00a0 \u00a0 \u00a0 \u00a0<strong> <a href=\" https:\/\/www.topohvar.at\/topo\/orte\/vh\/vh-pu-01-1\/\"><img loading=\"lazy\" decoding=\"async\" class=\"alignnone wp-image-12300 size-full\" src=\"https:\/\/www.topohvar.at\/wp-content\/uploads\/2018\/09\/push-vor-30.jpg\" alt=\"\" width=\"61\" height=\"30\" \/><\/a> <a href=\"https:\/\/www.topohvar.at\/orte\/vh\/\"><img loading=\"lazy\" decoding=\"async\" class=\"alignnone wp-image-535 size-full\" src=\"https:\/\/www.topohvar.at\/wp-content\/uploads\/2018\/07\/push-o-30.jpg\" alt=\"\" width=\"61\" height=\"30\" \/><\/a> \u00a0<\/strong><\/p>\n<hr \/>\n<p><strong>Adresa \/ Adresse<br \/>\n<\/strong>Humac, Plana<\/p>\n<p><strong>Lokacija \/ Position<a href=\"https:\/\/maps.app.goo.gl\/KbrJttAr1ExSwMjB9\"><img loading=\"lazy\" decoding=\"async\" class=\"alignright wp-image-64703\" src=\"https:\/\/www.topohvar.at\/wp-content\/uploads\/2023\/11\/3944.jpg\" alt=\"\" width=\"133\" height=\"100\" \/><\/a><br \/>\n<\/strong><a href=\"https:\/\/maps.app.goo.gl\/KbrJttAr1ExSwMjB9\"><span style=\"color: #3366ff;\">Latitude: N 43,13980\u00b0\u00a0 \u00a0Longitude: E 16,71153\u00b0 <\/span><\/a><strong><br \/>\n<\/strong>Visina \/ H\u00f6he: 395 m<\/p>\n<p><strong>Katastarska \u010destica \/ Grundst\u00fccke<br \/>\n<\/strong>2632\/4 (Jelsa)<div class='content-column one_half'><div style=\"padding-right:6px;\"><p><strong>Datum snimanja \/ Erfassungsdatum<br \/>\n<\/strong>11.10.2023 11:18:57<\/p>\n<hr \/>\n<p><strong>Informacije<\/strong><\/p>\n<p>Ju\u017eno od visoke staze koja vodi od Humca prema zapadu, nai\u0107i \u0107ete na usamljeno grobno mjesto s kamenim kri\u017eem.<\/p><\/div><\/div><div class='content-column one_half last_column'><div style=\"padding-right:0px;padding-left:6px;\"><p><strong>Stupanj za\u0161tite<\/strong><strong> \/ Schutzstellung<br \/>\n<\/strong>&#8211;<\/p>\n<hr \/>\n<p><strong>Info<\/strong><\/p>\n<p>S\u00fcdlich des H\u00f6henweges, der von Humac Richtung Westen f\u00fchrt, findet man eine einsame Grabstelle mit einem Steinkreuz.<\/p><\/div><\/div><div class='clear_column'><\/div><\/p>\n<p style=\"text-align: right;\"><span style=\"color: #3366ff;\"><a style=\"color: #3366ff;\" href=\"#seite_oben\">natrag na vrh \/ Seitenanfang<\/a><\/span><\/p>\n<hr \/>\n<p><strong>Linkovi \/ Links<\/strong><\/p>\n<p><span style=\"color: #3366ff;\">&#8211;<\/span><\/p>\n","protected":false},"excerpt":{"rendered":"<p>Ime \/ Name Objekt \u00bbusamljeni grob\u00ab \/ ein einsames Grab Code: VH-OG-01\u00a0 \u00a0 \u00a0 \u00a0 \u00a0 \u00a0 \u00a0 \u00a0 \u00a0 \u00a0 \u00a0 \u00a0 \u00a0 \u00a0 \u00a0 \u00a0 \u00a0 \u00a0 \u00a0 \u00a0 \u00a0 \u00a0 Adresa \/ Adresse Humac, Plana Lokacija \/ &hellip; <a href=\"https:\/\/www.topohvar.at\/topo\/orte\/vh\/vh-og-01-1\/\">Weiterlesen <span class=\"meta-nav\">&rarr;<\/span><\/a><\/p>\n","protected":false},"author":1,"featured_media":0,"parent":131,"menu_order":0,"comment_status":"closed","ping_status":"closed","template":"","meta":{"footnotes":""},"class_list":["post-64698","page","type-page","status-publish","hentry"],"_links":{"self":[{"href":"https:\/\/www.topohvar.at\/topo\/wp-json\/wp\/v2\/pages\/64698","targetHints":{"allow":["GET"]}}],"collection":[{"href":"https:\/\/www.topohvar.at\/topo\/wp-json\/wp\/v2\/pages"}],"about":[{"href":"https:\/\/www.topohvar.at\/topo\/wp-json\/wp\/v2\/types\/page"}],"author":[{"embeddable":true,"href":"https:\/\/www.topohvar.at\/topo\/wp-json\/wp\/v2\/users\/1"}],"replies":[{"embeddable":true,"href":"https:\/\/www.topohvar.at\/topo\/wp-json\/wp\/v2\/comments?post=64698"}],"version-history":[{"count":3,"href":"https:\/\/www.topohvar.at\/topo\/wp-json\/wp\/v2\/pages\/64698\/revisions"}],"predecessor-version":[{"id":64705,"href":"https:\/\/www.topohvar.at\/topo\/wp-json\/wp\/v2\/pages\/64698\/revisions\/64705"}],"up":[{"embeddable":true,"href":"https:\/\/www.topohvar.at\/topo\/wp-json\/wp\/v2\/pages\/131"}],"wp:attachment":[{"href":"https:\/\/www.topohvar.at\/topo\/wp-json\/wp\/v2\/media?parent=64698"}],"curies":[{"name":"wp","href":"https:\/\/api.w.org\/{rel}","templated":true}]}}