{"id":6479,"date":"2018-08-20T11:17:02","date_gmt":"2018-08-20T09:17:02","guid":{"rendered":"https:\/\/www.topohvar.at\/?page_id=6479"},"modified":"2021-06-30T16:50:54","modified_gmt":"2021-06-30T14:50:54","slug":"hu-cs-01-1","status":"publish","type":"page","link":"https:\/\/www.topohvar.at\/topo\/orte\/hu\/hu-cs-01-1\/","title":{"rendered":"HUMAC &#8211; Kapelica \u00bbSv. Ante\u00ab"},"content":{"rendered":"<p><a name=\"seite_oben\"><\/a><br \/>\n<strong><img loading=\"lazy\" decoding=\"async\" class=\"alignnone wp-image-6461 size-large\" src=\"https:\/\/www.topohvar.at\/wp-content\/uploads\/2018\/08\/VH-CS-02-0-1024x503.jpg\" alt=\"\" width=\"640\" height=\"314\" srcset=\"https:\/\/www.topohvar.at\/wp-content\/uploads\/2018\/08\/VH-CS-02-0-1024x503.jpg 1024w, https:\/\/www.topohvar.at\/wp-content\/uploads\/2018\/08\/VH-CS-02-0-300x147.jpg 300w, https:\/\/www.topohvar.at\/wp-content\/uploads\/2018\/08\/VH-CS-02-0-768x377.jpg 768w, https:\/\/www.topohvar.at\/wp-content\/uploads\/2018\/08\/VH-CS-02-0.jpg 1080w\" sizes=\"auto, (max-width: 640px) 100vw, 640px\" \/><\/strong><\/p>\n<p><strong>Ime \/ Name<br \/>\n<\/strong>Kapelica \u00bbSv. Ante\u00ab<\/p>\n<p><strong>Code: <\/strong>HU-CS-01\u00a0 \u00a0 \u00a0 \u00a0 \u00a0 \u00a0 \u00a0 \u00a0<strong>\u00a0 \u00a0 \u00a0 \u00a0 \u00a0 \u00a0 \u00a0 \u00a0 \u00a0 \u00a0 \u00a0 \u00a0 \u00a0 \u00a0 <a href=\"https:\/\/www.topohvar.at\/topo\/orte\/hu\/hu-cs-02-2\/\"><img loading=\"lazy\" decoding=\"async\" class=\"alignnone wp-image-533 size-full\" src=\"https:\/\/www.topohvar.at\/wp-content\/uploads\/2018\/07\/push-l-30.jpg\" alt=\"\" width=\"61\" height=\"30\" \/><\/a> <a href=\"https:\/\/www.topohvar.at\/orte\/hu\/\"><img loading=\"lazy\" decoding=\"async\" class=\"alignnone wp-image-535 size-full\" src=\"https:\/\/www.topohvar.at\/wp-content\/uploads\/2018\/07\/push-o-30.jpg\" alt=\"\" width=\"61\" height=\"30\" \/><\/a> <a href=\"https:\/\/www.topohvar.at\/topo\/orte\/hu\/hu-cs-03-1\/\"><img loading=\"lazy\" decoding=\"async\" class=\"alignnone wp-image-536 size-full\" src=\"https:\/\/www.topohvar.at\/wp-content\/uploads\/2018\/07\/push-r-30.jpg\" alt=\"\" width=\"61\" height=\"30\" \/><\/a> \u00a0 \u00a0 \u00a0<\/strong><\/p>\n<hr \/>\n<p><strong>Adresa \/ Adresse<br \/>\n<\/strong>Vrh, Plona<\/p>\n<p><strong>Lokacija \/ Position<a href=\"https:\/\/goo.gl\/maps\/5E7JWZoscR5Bs9Gv7\"><img loading=\"lazy\" decoding=\"async\" class=\"alignright wp-image-6528\" src=\"https:\/\/www.topohvar.at\/wp-content\/uploads\/2018\/08\/0218.jpg\" alt=\"\" width=\"134\" height=\"100\" \/><\/a><br \/>\n<\/strong><span style=\"color: #3366ff;\"><a style=\"color: #3366ff;\" href=\"https:\/\/goo.gl\/maps\/5E7JWZoscR5Bs9Gv7\">Latitude: N 43,14090\u00b0\u00a0 \u00a0 Longitude: E 16,74120\u00b0\u00a0<\/a><\/span><strong><br \/>\n<\/strong>Visina \/ H\u00f6he: 355 m<\/p>\n<p><strong>Katastarska \u010destica \/ Grundst\u00fccke<br \/>\n<\/strong>3571\/3 (Jelsa)<div class='content-column one_half'><div style=\"padding-right:6px;\"><p><strong>Datum snimanja \/ Erfassungsdatum<br \/>\n<\/strong>18.05.2013 11:18:08<\/p>\n<hr \/>\n<p><strong>Informacije<\/strong><\/p>\n<p>Kapelica Sv. Ante nalazi se na hrptu uz oto\u010dnu cestu zapad-istok, u blizini raskri\u017eja s cestom s sjever-jug. To je masivna \u010detverokutna gra\u0111evina, visine 2 m, koji na visini 1,5 m ima ni\u0161u s kipom Sv. Ante. Pokrivena je kamenim plo\u010dama, nevje\u0161to je gra\u0111ena od kamena, a naknadno je izvana o\u017ebukana. Vrijeme gradnje je nepoznato.<\/p><\/div><\/div><div class='content-column one_half last_column'><div style=\"padding-right:0px;padding-left:6px;\"><p><strong>Stupanj za\u0161tite \/ Schutzstellung<br \/>\n<\/strong>&#8211;<\/p>\n<hr \/>\n<p><strong>Info<\/strong><\/p>\n<p>Der Bildstock des hl. Antonius liegt am Gebirgskamm an der West-Ost verlaufenden Inselstra\u00dfe, in der N\u00e4he der Kreuzung mit der Nord-S\u00fcd-Stra\u00dfe. Er ist ein massiger viereckiger Bau von 2 m H\u00f6he, der in 1,5 m H\u00f6he eine Nische mit der Statue des heiligen Antonius hat. Er ist aus Stein gebaut, au\u00dfen verputzt und mit Steinplatten gedeckt. Die Entstehungszeit ist unbekannt.<\/p><\/div><\/div><div class='clear_column'><\/div><div class='content-column one_half'><div style=\"padding-right:6px;\"><p>Odmah pored kapelice nalazi se trim i kamen s natpisom &#8222;PLONA&#8220;.<\/p><\/div><\/div><div class='content-column one_half last_column'><div style=\"padding-right:0px;padding-left:6px;\"><p>Unmittelbar neben dem Bildstock steht ein Trim und ein Stein mit der Inschrift &#8222;PLONA&#8220;.<\/p><\/div><\/div><div class='clear_column'><\/div><\/p>\n<p style=\"text-align: right;\"><span style=\"color: #3366ff;\"><a style=\"color: #3366ff;\" href=\"#seite_oben\">Natrag na vrh \/ Seitenanfang<\/a><\/span><\/p>\n<hr \/>\n<p><strong>Linkovi \/ Links\u00a0<\/strong><\/p>\n<p><span style=\"color: #3366ff;\"><a style=\"color: #3366ff;\" href=\"https:\/\/www.topohvar.at\/orte\/hu\/hu-tr-01-1\/\">Trim \u00bbHU-TR-01\u00ab<\/a><br \/>\n<a style=\"color: #3366ff;\" href=\"https:\/\/www.topohvar.at\/orte\/hu\/hu-ip-02-1\/\">Informativna plo\u010da\/kamen \/ Infostein \u00bbPlona\u00ab<\/a><br \/>\n<\/span><\/p>\n","protected":false},"excerpt":{"rendered":"<p>Ime \/ Name Kapelica \u00bbSv. Ante\u00ab Code: HU-CS-01\u00a0 \u00a0 \u00a0 \u00a0 \u00a0 \u00a0 \u00a0 \u00a0\u00a0 \u00a0 \u00a0 \u00a0 \u00a0 \u00a0 \u00a0 \u00a0 \u00a0 \u00a0 \u00a0 \u00a0 \u00a0 \u00a0 \u00a0 \u00a0 \u00a0 Adresa \/ Adresse Vrh, Plona Lokacija \/ Position Latitude: &hellip; <a href=\"https:\/\/www.topohvar.at\/topo\/orte\/hu\/hu-cs-01-1\/\">Weiterlesen <span class=\"meta-nav\">&rarr;<\/span><\/a><\/p>\n","protected":false},"author":1,"featured_media":0,"parent":78,"menu_order":0,"comment_status":"closed","ping_status":"closed","template":"","meta":{"footnotes":""},"class_list":["post-6479","page","type-page","status-publish","hentry"],"_links":{"self":[{"href":"https:\/\/www.topohvar.at\/topo\/wp-json\/wp\/v2\/pages\/6479","targetHints":{"allow":["GET"]}}],"collection":[{"href":"https:\/\/www.topohvar.at\/topo\/wp-json\/wp\/v2\/pages"}],"about":[{"href":"https:\/\/www.topohvar.at\/topo\/wp-json\/wp\/v2\/types\/page"}],"author":[{"embeddable":true,"href":"https:\/\/www.topohvar.at\/topo\/wp-json\/wp\/v2\/users\/1"}],"replies":[{"embeddable":true,"href":"https:\/\/www.topohvar.at\/topo\/wp-json\/wp\/v2\/comments?post=6479"}],"version-history":[{"count":19,"href":"https:\/\/www.topohvar.at\/topo\/wp-json\/wp\/v2\/pages\/6479\/revisions"}],"predecessor-version":[{"id":50484,"href":"https:\/\/www.topohvar.at\/topo\/wp-json\/wp\/v2\/pages\/6479\/revisions\/50484"}],"up":[{"embeddable":true,"href":"https:\/\/www.topohvar.at\/topo\/wp-json\/wp\/v2\/pages\/78"}],"wp:attachment":[{"href":"https:\/\/www.topohvar.at\/topo\/wp-json\/wp\/v2\/media?parent=6479"}],"curies":[{"name":"wp","href":"https:\/\/api.w.org\/{rel}","templated":true}]}}