{"id":64821,"date":"2023-11-06T13:04:55","date_gmt":"2023-11-06T12:04:55","guid":{"rendered":"https:\/\/www.topohvar.at\/topo\/?page_id=64821"},"modified":"2024-06-12T20:09:18","modified_gmt":"2024-06-12T18:09:18","slug":"pr-ob-03-1","status":"publish","type":"page","link":"https:\/\/www.topohvar.at\/topo\/orte\/pr\/pr-ob-03-1\/","title":{"rendered":"PRAPATNA &#8211; Objekt \u00bbTuran (3)\u00ab"},"content":{"rendered":"<p><a name=\"seite_oben\"><\/a><br \/>\n<strong><img loading=\"lazy\" decoding=\"async\" class=\"aligncenter wp-image-64822 size-full\" src=\"https:\/\/www.topohvar.at\/wp-content\/uploads\/2023\/11\/pr-ob-03-1.jpg\" alt=\"\" width=\"1080\" height=\"530\" srcset=\"https:\/\/www.topohvar.at\/wp-content\/uploads\/2023\/11\/pr-ob-03-1.jpg 1080w, https:\/\/www.topohvar.at\/wp-content\/uploads\/2023\/11\/pr-ob-03-1-300x147.jpg 300w, https:\/\/www.topohvar.at\/wp-content\/uploads\/2023\/11\/pr-ob-03-1-1024x503.jpg 1024w, https:\/\/www.topohvar.at\/wp-content\/uploads\/2023\/11\/pr-ob-03-1-768x377.jpg 768w\" sizes=\"auto, (max-width: 1080px) 100vw, 1080px\" \/><\/strong><\/p>\n<p><strong>Ime \/ Name<br \/>\n<\/strong>Objekt \u00bbTuran (3) za gro\u017e\u0111e\u00ab \/ Podest f\u00fcr eine Weinpresse (3)<\/p>\n<p><strong>Code: <\/strong>PR-OB-03\u00a0 \u00a0 \u00a0 \u00a0 \u00a0 \u00a0 \u00a0 <strong>\u00a0 \u00a0 \u00a0 \u00a0 \u00a0 \u00a0 \u00a0 \u00a0 \u00a0 <a href=\"https:\/\/www.topohvar.at\/orte\/pr\/pr-ob-02-1\/\"><img loading=\"lazy\" decoding=\"async\" class=\"alignnone wp-image-533 size-full\" src=\"https:\/\/www.topohvar.at\/wp-content\/uploads\/2018\/07\/push-l-30.jpg\" alt=\"\" width=\"61\" height=\"30\" \/><\/a>\u00a0<a href=\"https:\/\/www.topohvar.at\/orte\/pr\/\"><img loading=\"lazy\" decoding=\"async\" class=\"alignnone wp-image-535 size-full\" src=\"https:\/\/www.topohvar.at\/wp-content\/uploads\/2018\/07\/push-o-30.jpg\" alt=\"\" width=\"61\" height=\"30\" \/><\/a>\u00a0<a href=\"https:\/\/www.topohvar.at\/orte\/pr\/pr-ob-04-1\/\"><img loading=\"lazy\" decoding=\"async\" class=\"alignnone wp-image-536 size-full\" src=\"https:\/\/www.topohvar.at\/wp-content\/uploads\/2018\/07\/push-r-30.jpg\" alt=\"\" width=\"61\" height=\"30\" \/><\/a><\/strong><\/p>\n<hr \/>\n<p><strong>Adresa \/ Adresse<br \/>\n<\/strong>Prapatna, Zagrada\u010da<\/p>\n<p><strong>Lokacija \/ Position<a href=\"https:\/\/maps.app.goo.gl\/exnmSVDowHAbghAU9\"><img loading=\"lazy\" decoding=\"async\" class=\"alignright wp-image-64774\" src=\"https:\/\/www.topohvar.at\/wp-content\/uploads\/2023\/11\/3948.jpg\" alt=\"\" width=\"134\" height=\"100\" \/><\/a><br \/>\n<\/strong><span style=\"color: #3366ff;\"><a style=\"color: #3366ff;\" href=\"https:\/\/maps.app.goo.gl\/exnmSVDowHAbghAU9\">Latitude: N 43,15652\u00b0\u00a0 \u00a0 Longitude: E 16,76785\u00b0<\/a>\u00a0<\/span><strong><br \/>\n<\/strong>Visina \/ H\u00f6he: 164 m<\/p>\n<p><strong>Katastarska \u010destica \/ Grundst\u00fccke<br \/>\n<\/strong>5532\/6<div class='content-column one_half'><div style=\"padding-right:6px;\"><p><strong>Datum snimanja \/ Erfassungsdatum<br \/>\n<\/strong>15.10.2023 11:26:33<\/p>\n<hr \/>\n<p><strong>Informacije<\/strong><\/p>\n<p>Usred zgrada napu\u0161tenog poljoprivrednog gospodarstva nalaze se dvije platforme za pre\u0161e vina. Zapadni je manji, promjera \u017elijeba oko 3\/4 metra. Sjeverno od glavne zgrade nalazi se cisterna.<\/p><\/div><\/div><div class='content-column one_half last_column'><div style=\"padding-right:0px;padding-left:6px;\"><p><strong>Stupanj za\u0161tite \/ Schutzstellung<br \/>\n<\/strong>&#8211;<\/p>\n<hr \/>\n<p><strong>Info<\/strong><\/p>\n<p>Inmitten der Geb\u00e4ude einer aufgelassenen landwirtschaftlichen Hofstelle befinden sich zwei Podeste f\u00fcr Weinpressen. Die westliche ist kleiner, mit einem Rillendurchmesser von etwa 3\/4 Meter. N\u00f6rdlich des Hauptgeb\u00e4udes befindet sich eine Zisterne.<\/p><\/div><\/div><div class='clear_column'><\/div><\/p>\n<p style=\"text-align: right;\"><a href=\"#seite_oben\">natrag na vrh \/ Seitenanfang<\/a><\/p>\n<hr \/>\n<p><strong>Linkovi \/ Links<\/strong><\/p>\n<p><span style=\"color: #3366ff;\"><a style=\"color: #3366ff;\" href=\"https:\/\/www.topohvar.at\/topo\/orte\/pr\/pr-op-00-0\/#op-14\">Gustirna (14) PR-OP-14<\/a><br \/>\n<a style=\"color: #3366ff;\" href=\"https:\/\/www.topohvar.at\/topo\/orte\/pr\/pr-ob-04-1\/\">Turan za gro\u017e\u0111e (4) \/ Podest f\u00fcr Weinpresse (4) PR-OB-04<\/a><br \/>\n<\/span><\/p>\n","protected":false},"excerpt":{"rendered":"<p>Ime \/ Name Objekt \u00bbTuran (3) za gro\u017e\u0111e\u00ab \/ Podest f\u00fcr eine Weinpresse (3) Code: PR-OB-03\u00a0 \u00a0 \u00a0 \u00a0 \u00a0 \u00a0 \u00a0 \u00a0 \u00a0 \u00a0 \u00a0 \u00a0 \u00a0 \u00a0 \u00a0 \u00a0 \u00a0\u00a0 Adresa \/ Adresse Prapatna, Zagrada\u010da Lokacija \/ Position &hellip; <a href=\"https:\/\/www.topohvar.at\/topo\/orte\/pr\/pr-ob-03-1\/\">Weiterlesen <span class=\"meta-nav\">&rarr;<\/span><\/a><\/p>\n","protected":false},"author":1,"featured_media":0,"parent":129,"menu_order":0,"comment_status":"closed","ping_status":"closed","template":"","meta":{"footnotes":""},"class_list":["post-64821","page","type-page","status-publish","hentry"],"_links":{"self":[{"href":"https:\/\/www.topohvar.at\/topo\/wp-json\/wp\/v2\/pages\/64821","targetHints":{"allow":["GET"]}}],"collection":[{"href":"https:\/\/www.topohvar.at\/topo\/wp-json\/wp\/v2\/pages"}],"about":[{"href":"https:\/\/www.topohvar.at\/topo\/wp-json\/wp\/v2\/types\/page"}],"author":[{"embeddable":true,"href":"https:\/\/www.topohvar.at\/topo\/wp-json\/wp\/v2\/users\/1"}],"replies":[{"embeddable":true,"href":"https:\/\/www.topohvar.at\/topo\/wp-json\/wp\/v2\/comments?post=64821"}],"version-history":[{"count":6,"href":"https:\/\/www.topohvar.at\/topo\/wp-json\/wp\/v2\/pages\/64821\/revisions"}],"predecessor-version":[{"id":68663,"href":"https:\/\/www.topohvar.at\/topo\/wp-json\/wp\/v2\/pages\/64821\/revisions\/68663"}],"up":[{"embeddable":true,"href":"https:\/\/www.topohvar.at\/topo\/wp-json\/wp\/v2\/pages\/129"}],"wp:attachment":[{"href":"https:\/\/www.topohvar.at\/topo\/wp-json\/wp\/v2\/media?parent=64821"}],"curies":[{"name":"wp","href":"https:\/\/api.w.org\/{rel}","templated":true}]}}