{"id":6487,"date":"2018-08-20T11:23:35","date_gmt":"2018-08-20T09:23:35","guid":{"rendered":"https:\/\/www.topohvar.at\/?page_id=6487"},"modified":"2023-08-14T18:50:46","modified_gmt":"2023-08-14T16:50:46","slug":"vh-tr-01-1","status":"publish","type":"page","link":"https:\/\/www.topohvar.at\/topo\/orte\/vh\/vh-tr-01-1\/","title":{"rendered":"VRH &#8211; Trim \u00bbVH-TR-01\u00ab"},"content":{"rendered":"<p><a name=\"seite_oben\"><\/a><br \/>\n<strong><img loading=\"lazy\" decoding=\"async\" class=\"alignnone wp-image-6468 size-large\" src=\"https:\/\/www.topohvar.at\/wp-content\/uploads\/2018\/08\/vh-tr-01-0-1024x503.jpg\" alt=\"\" width=\"640\" height=\"314\" srcset=\"https:\/\/www.topohvar.at\/wp-content\/uploads\/2018\/08\/vh-tr-01-0-1024x503.jpg 1024w, https:\/\/www.topohvar.at\/wp-content\/uploads\/2018\/08\/vh-tr-01-0-300x147.jpg 300w, https:\/\/www.topohvar.at\/wp-content\/uploads\/2018\/08\/vh-tr-01-0-768x377.jpg 768w, https:\/\/www.topohvar.at\/wp-content\/uploads\/2018\/08\/vh-tr-01-0.jpg 1080w\" sizes=\"auto, (max-width: 640px) 100vw, 640px\" \/><\/strong><\/p>\n<p><strong>Ime \/ Name<br \/>\n<\/strong>Trim \u00bbVH-TR-01\u00ab<\/p>\n<p><strong>Code: <\/strong>VH-TR-01\u00a0 \u00a0 \u00a0 \u00a0 \u00a0 \u00a0 \u00a0 \u00a0<strong>\u00a0 \u00a0 \u00a0 \u00a0 \u00a0 \u00a0 \u00a0 \u00a0 \u00a0 <a href=\"https:\/\/www.topohvar.at\/orte\/vh\/vh-tr-00-1\/\"><img loading=\"lazy\" decoding=\"async\" class=\"alignnone wp-image-12300 size-full\" src=\"https:\/\/www.topohvar.at\/wp-content\/uploads\/2018\/09\/push-vor-30.jpg\" alt=\"\" width=\"61\" height=\"30\" \/><\/a> <a href=\"https:\/\/www.topohvar.at\/orte\/vh\/vh-tr-15-1\/\"><img loading=\"lazy\" decoding=\"async\" class=\"alignnone wp-image-533 size-full\" src=\"https:\/\/www.topohvar.at\/wp-content\/uploads\/2018\/07\/push-l-30.jpg\" alt=\"\" width=\"61\" height=\"30\" \/><\/a>\u00a0<a href=\"https:\/\/www.topohvar.at\/orte\/vh\/\"><img loading=\"lazy\" decoding=\"async\" class=\"alignnone wp-image-535 size-full\" src=\"https:\/\/www.topohvar.at\/wp-content\/uploads\/2018\/07\/push-o-30.jpg\" alt=\"\" width=\"61\" height=\"30\" \/><\/a>\u00a0<a href=\"https:\/\/www.topohvar.at\/orte\/vh\/vh-tr-12-1\/\"><img loading=\"lazy\" decoding=\"async\" class=\"alignnone wp-image-536 size-full\" src=\"https:\/\/www.topohvar.at\/wp-content\/uploads\/2018\/07\/push-r-30.jpg\" alt=\"\" width=\"61\" height=\"30\" \/><\/a><\/strong><\/p>\n<hr \/>\n<p><strong>Adresa \/ Adresse<br \/>\n<\/strong>Vrh, na putu prema Humcu<\/p>\n<p><strong>Lokacija <\/strong><strong>\/ Position<a href=\"https:\/\/goo.gl\/maps\/7SjawAo3g6cY3Ga39\"><img loading=\"lazy\" decoding=\"async\" class=\"alignright wp-image-6517\" src=\"https:\/\/www.topohvar.at\/wp-content\/uploads\/2018\/08\/0477.jpg\" alt=\"\" width=\"134\" height=\"100\" \/><\/a><br \/>\n<\/strong><span style=\"color: #3366ff;\"><a style=\"color: #3366ff;\" href=\"https:\/\/goo.gl\/maps\/7SjawAo3g6cY3Ga39\">Latitude: N 43,13978\u00b0\u00a0 \u00a0 Longitude: E 16,70781\u00b0\u00a0<\/a><\/span><strong><br \/>\n<\/strong>Visina \/ H\u00f6he: 399 m<\/p>\n<p><strong>Katastarska \u010destica<\/strong><strong> \/ Grundst\u00fccke<br \/>\n<\/strong>2616\/1 (Pitve)<div class='content-column one_half'><div style=\"padding-right:6px;\"><p><strong>Datum snimanja \/ Erfassungsdatum<br \/>\n<\/strong>18.05.2013 10:55:01<\/p>\n<hr \/>\n<p><strong>Informacije<\/strong><\/p>\n<p>Tristupanjski trim je na putu od Huamca do Pitve. Lijevo od ulaza o\u0161te\u0107en je vanjski zid. Ovdje vodi kamene stube na prvom prstenu. Korak vodi do ne\u0161to ni\u017eeg interijera s ni\u0161om.<\/p><\/div><\/div><div class='content-column one_half last_column'><div style=\"padding-right:0px;padding-left:6px;\"><p><strong>Stupanj za\u0161tite<\/strong><strong> \/ Schutzstellung<br \/>\n<\/strong>&#8211;<\/p>\n<hr \/>\n<p><strong>Info<\/strong><\/p>\n<p>Der dreistufige Trim steht am Weg von Humac nach Pitve. Links vom Eingang ist die Au\u00dfenwand besch\u00e4digt. Hier f\u00fchren Steinstufen auf den Trim. \u00dcber eine Stufe gelangt man hinunter in den etwas tiefer liegenden Innenraum in dem sich auch eine Wandnische befindet.<\/p><\/div><\/div><div class='clear_column'><\/div><div class='content-column one_half'><div style=\"padding-right:6px;\"><div id=\"attachment_23515\" style=\"width: 310px\" class=\"wp-caption aligncenter\"><img loading=\"lazy\" decoding=\"async\" aria-describedby=\"caption-attachment-23515\" class=\"size-medium wp-image-23515\" src=\"https:\/\/www.topohvar.at\/wp-content\/uploads\/2019\/07\/vh-tr-01-11-300x300.jpg\" alt=\"\" width=\"300\" height=\"300\" srcset=\"https:\/\/www.topohvar.at\/wp-content\/uploads\/2019\/07\/vh-tr-01-11-300x300.jpg 300w, https:\/\/www.topohvar.at\/wp-content\/uploads\/2019\/07\/vh-tr-01-11-150x150.jpg 150w, https:\/\/www.topohvar.at\/wp-content\/uploads\/2019\/07\/vh-tr-01-11.jpg 450w\" sizes=\"auto, (max-width: 300px) 100vw, 300px\" \/><p id=\"caption-attachment-23515\" class=\"wp-caption-text\">Ulaz \/ Eingang<\/p><\/div>\n<p>Dana 15.05.2019 trim je posje\u0107en i prona\u0111en je sljede\u0107i<\/p>\n<p>Lokacija: grmlje<br \/>\nPodzemlje: ravan<br \/>\nSklop: izoliran<br \/>\nUpotreba: ne koristi<br \/>\nStanje izgradnje: mali dijelovi su se sru\u0161ili<br \/>\nBroj prstenova trima: tri prstena<br \/>\nDodatni kameni prsten: nema kamenog prstena<br \/>\nStepeni\u0161te: Stube i konzole stepenice<br \/>\nOblik kamena: uglast<br \/>\nPodru\u010dje ispred ulaza: kamena<br \/>\nVrata na stranicu: Z (250\u00b0)<br \/>\nPromjer trima (cm): 500<br \/>\nVisina trima (cm): 320<br \/>\nVisina prstena (cm): prsten 1: 160 , prsten 2: 225 , prsten 3: 300<br \/>\nDebljina zida (cm): 100<br \/>\n\u0160irina vrata (cm): 75<br \/>\nVisina vrata (cm): 125<br \/>\n\u0160irina unutra (cm): 280 &#8211; 300<br \/>\nVisina unutra (cm): 290<br \/>\nVolumen iznutra (m3): 11,81<br \/>\nni\u0161a 1 (P\/\u0160\/V\/D) (cm): 45 \/ 30 \/ 35 \/ 40<\/p><\/div><\/div><div class='content-column one_half last_column'><div style=\"padding-right:0px;padding-left:6px;\"><div id=\"attachment_23516\" style=\"width: 310px\" class=\"wp-caption aligncenter\"><img loading=\"lazy\" decoding=\"async\" aria-describedby=\"caption-attachment-23516\" class=\"size-medium wp-image-23516\" src=\"https:\/\/www.topohvar.at\/wp-content\/uploads\/2019\/07\/vh-tr-01-14-300x300.jpg\" alt=\"\" width=\"300\" height=\"300\" srcset=\"https:\/\/www.topohvar.at\/wp-content\/uploads\/2019\/07\/vh-tr-01-14-300x300.jpg 300w, https:\/\/www.topohvar.at\/wp-content\/uploads\/2019\/07\/vh-tr-01-14-150x150.jpg 150w, https:\/\/www.topohvar.at\/wp-content\/uploads\/2019\/07\/vh-tr-01-14.jpg 450w\" sizes=\"auto, (max-width: 300px) 100vw, 300px\" \/><p id=\"caption-attachment-23516\" class=\"wp-caption-text\">Kamenih stuba \/ Steintreppe<\/p><\/div>\n<p>Am 15.05.2019 wurde der Trim besucht und untersucht<\/p>\n<p>Standort: Buschwerk<br \/>\nUntergrund: eben<br \/>\nVerbunden mit: freistehend<br \/>\nNutzung: ungenutzt<br \/>\nZustand: kleine Teile abgest\u00fcrzt<br \/>\nRinge\/Stufen des Trim: dreistufig<br \/>\nZus\u00e4tzlicher Steinring: kein Steinring<br \/>\nStiege: Stufen und Kragsteine<br \/>\nSteinform: kantig<br \/>\nEingangsbereich: Steine<br \/>\nEingangsseite: W (250\u00b0)<br \/>\nTrimdurchmesser (cm): 500<br \/>\nTrimh\u00f6he (cm): 320<br \/>\nStufen\/Ringh\u00f6he (cm): Ring 1: 160 , Ring 2: 225 , Ring 3: 300<br \/>\nWandst\u00e4rke: 100<br \/>\nT\u00fcrbreite (cm): 75<br \/>\nT\u00fcrh\u00f6he (cm): 125<br \/>\nInnenraumbreite (cm): 280 &#8211; 300<br \/>\nInnenraumh\u00f6he (cm): 290<br \/>\nRaumvolumen (m3): 11,81<br \/>\nNische 1 (P\/B\/H\/T) (cm): 45 \/ 30 \/ 35 \/ 40<\/p><\/div><\/div><div class='clear_column'><\/div><\/p>\n<p><img loading=\"lazy\" decoding=\"async\" class=\"aligncenter size-full wp-image-23517\" src=\"https:\/\/www.topohvar.at\/wp-content\/uploads\/2019\/07\/vh-tr-01-sca.jpg\" alt=\"\" width=\"640\" height=\"964\" srcset=\"https:\/\/www.topohvar.at\/wp-content\/uploads\/2019\/07\/vh-tr-01-sca.jpg 640w, https:\/\/www.topohvar.at\/wp-content\/uploads\/2019\/07\/vh-tr-01-sca-199x300.jpg 199w\" sizes=\"auto, (max-width: 640px) 100vw, 640px\" \/><\/p>\n<p style=\"text-align: right;\"><span style=\"color: #3366ff;\"><a style=\"color: #3366ff;\" href=\"#seite_oben\">natrag na vrh \/ Seitenanfang<\/a><\/span><\/p>\n<hr \/>\n<p><strong>Linkovi \/ Links<\/strong><\/p>\n<p>&#8211;<\/p>\n","protected":false},"excerpt":{"rendered":"<p>Ime \/ Name Trim \u00bbVH-TR-01\u00ab Code: VH-TR-01\u00a0 \u00a0 \u00a0 \u00a0 \u00a0 \u00a0 \u00a0 \u00a0\u00a0 \u00a0 \u00a0 \u00a0 \u00a0 \u00a0 \u00a0 \u00a0 \u00a0 \u00a0\u00a0 Adresa \/ Adresse Vrh, na putu prema Humcu Lokacija \/ Position Latitude: N 43,13978\u00b0\u00a0 \u00a0 Longitude: E &hellip; <a href=\"https:\/\/www.topohvar.at\/topo\/orte\/vh\/vh-tr-01-1\/\">Weiterlesen <span class=\"meta-nav\">&rarr;<\/span><\/a><\/p>\n","protected":false},"author":1,"featured_media":0,"parent":131,"menu_order":0,"comment_status":"closed","ping_status":"closed","template":"","meta":{"footnotes":""},"class_list":["post-6487","page","type-page","status-publish","hentry"],"_links":{"self":[{"href":"https:\/\/www.topohvar.at\/topo\/wp-json\/wp\/v2\/pages\/6487","targetHints":{"allow":["GET"]}}],"collection":[{"href":"https:\/\/www.topohvar.at\/topo\/wp-json\/wp\/v2\/pages"}],"about":[{"href":"https:\/\/www.topohvar.at\/topo\/wp-json\/wp\/v2\/types\/page"}],"author":[{"embeddable":true,"href":"https:\/\/www.topohvar.at\/topo\/wp-json\/wp\/v2\/users\/1"}],"replies":[{"embeddable":true,"href":"https:\/\/www.topohvar.at\/topo\/wp-json\/wp\/v2\/comments?post=6487"}],"version-history":[{"count":13,"href":"https:\/\/www.topohvar.at\/topo\/wp-json\/wp\/v2\/pages\/6487\/revisions"}],"predecessor-version":[{"id":64181,"href":"https:\/\/www.topohvar.at\/topo\/wp-json\/wp\/v2\/pages\/6487\/revisions\/64181"}],"up":[{"embeddable":true,"href":"https:\/\/www.topohvar.at\/topo\/wp-json\/wp\/v2\/pages\/131"}],"wp:attachment":[{"href":"https:\/\/www.topohvar.at\/topo\/wp-json\/wp\/v2\/media?parent=6487"}],"curies":[{"name":"wp","href":"https:\/\/api.w.org\/{rel}","templated":true}]}}