{"id":65598,"date":"2024-03-24T15:42:59","date_gmt":"2024-03-24T14:42:59","guid":{"rendered":"https:\/\/www.topohvar.at\/topo\/?page_id=65598"},"modified":"2024-05-08T19:54:53","modified_gmt":"2024-05-08T17:54:53","slug":"gv-tr-83-1","status":"publish","type":"page","link":"https:\/\/www.topohvar.at\/topo\/orte\/gv\/gv-tr-83-1\/","title":{"rendered":"VELO GRABLJE &#8211; Trim \u00bbGV-TR-83\u00ab"},"content":{"rendered":"<p><a name=\"seite_oben\"><\/a><br \/>\n<strong><img loading=\"lazy\" decoding=\"async\" class=\"aligncenter wp-image-65599 size-full\" src=\"https:\/\/www.topohvar.at\/wp-content\/uploads\/2024\/03\/gv-tr-83-0.jpg\" alt=\"\" width=\"1080\" height=\"530\" srcset=\"https:\/\/www.topohvar.at\/wp-content\/uploads\/2024\/03\/gv-tr-83-0.jpg 1080w, https:\/\/www.topohvar.at\/wp-content\/uploads\/2024\/03\/gv-tr-83-0-300x147.jpg 300w, https:\/\/www.topohvar.at\/wp-content\/uploads\/2024\/03\/gv-tr-83-0-1024x503.jpg 1024w, https:\/\/www.topohvar.at\/wp-content\/uploads\/2024\/03\/gv-tr-83-0-768x377.jpg 768w\" sizes=\"auto, (max-width: 1080px) 100vw, 1080px\" \/><\/strong><\/p>\n<p><strong>Ime \/ Name<br \/>\n<\/strong>Trim \u00bbGV-TR-83\u00ab<\/p>\n<p><strong>Code: <\/strong>GV-TR-83\u00a0 \u00a0 \u00a0 \u00a0 \u00a0 \u00a0 \u00a0 \u00a0 \u00a0 \u00a0 \u00a0 \u00a0 \u00a0 \u00a0 \u00a0 \u00a0<strong><a href=\"https:\/\/www.topohvar.at\/orte\/gv\/gv-tr-00-1\/\"><img loading=\"lazy\" decoding=\"async\" class=\"alignnone wp-image-12300 size-full\" src=\"https:\/\/www.topohvar.at\/wp-content\/uploads\/2018\/09\/push-vor-30.jpg\" alt=\"\" width=\"61\" height=\"30\" \/><\/a> <a href=\"https:\/\/www.topohvar.at\/orte\/gv\/gv-tr-79-1\/\"><img loading=\"lazy\" decoding=\"async\" class=\"alignnone wp-image-533 size-full\" src=\"https:\/\/www.topohvar.at\/wp-content\/uploads\/2018\/07\/push-l-30.jpg\" alt=\"\" width=\"61\" height=\"30\" \/><\/a> <a href=\"https:\/\/www.topohvar.at\/orte\/gv\/\"><img loading=\"lazy\" decoding=\"async\" class=\"alignnone wp-image-535 size-full\" src=\"https:\/\/www.topohvar.at\/wp-content\/uploads\/2018\/07\/push-o-30.jpg\" alt=\"\" width=\"61\" height=\"30\" \/><\/a> <a href=\"https:\/\/www.topohvar.at\/orte\/gv\/gv-tr-84-1\/\"><img loading=\"lazy\" decoding=\"async\" class=\"alignnone wp-image-536 size-full\" src=\"https:\/\/www.topohvar.at\/wp-content\/uploads\/2018\/07\/push-r-30.jpg\" alt=\"\" width=\"61\" height=\"30\" \/><\/a><\/strong><\/p>\n<hr \/>\n<p><strong>Adresa \/ Adresse<br \/>\n<\/strong>Velo Grablje, Sv. Ante<\/p>\n<p><strong>Lokacija \/ Position<a href=\"https:\/\/maps.app.goo.gl\/vYcDVCYfDirepFTE6\"><img loading=\"lazy\" decoding=\"async\" class=\"alignright wp-image-65600\" src=\"https:\/\/www.topohvar.at\/wp-content\/uploads\/2024\/03\/3963.jpg\" alt=\"\" width=\"134\" height=\"100\" \/><\/a><br \/>\n<\/strong><a href=\"https:\/\/maps.app.goo.gl\/vYcDVCYfDirepFTE6\"><span style=\"color: #3366ff;\">Latitude: N 43,18711\u00b0\u00a0 \u00a0Longitude: E 16,54605\u00b0<\/span><\/a> <strong><br \/>\n<\/strong>Visina \/ H\u00f6he: 22 m<\/p>\n<p><strong>Katastarska \u010destica \/ Grundst\u00fccke<br \/>\n<\/strong>4800 <div class='content-column one_half'><div style=\"padding-right:6px;\"><p><strong>Datum snimanja \/ Erfassungsdatum<br \/>\n<\/strong>13.03.2024 12:00:00<\/p>\n<hr \/>\n<p><strong>Informacije<\/strong><\/p>\n<p>Na kraju puteva koji od doline Sv Ante du\u017eno prote\u017ee sjevernozapadno nalazi se jedana napu\u0161tena poljoprivredna gradjevina u \u010dijem okru\u017eenju su dva trima. Manji je na nagibu direktno zu ru\u0161evinu. Trim je vrlo o\u0161te\u010den i kupola je djelom sru\u0161ena.<\/p>\n<p>U nepravilnu unutra\u0161njost ulazi donje s tri stepenika.<\/p>\n<p>Trim se vu\u0161e ne koristi.<\/p><\/div><\/div><div class='content-column one_half last_column'><div style=\"padding-right:0px;padding-left:6px;\"><p><strong>Stupanj za\u0161tite \/ Schutzstellung<br \/>\n<\/strong>&#8211;<\/p>\n<hr \/>\n<p><strong>Info<\/strong><\/p>\n<p>Am Ende des Weges, der vom Weler Sv. Ante l\u00e4ngs der Bucht gegen Nordwesten f\u00fchrt, befindet sich ein verlassener landwirtschaftlicher Bau in dessen Umfeld sich zwei Trims befinden. Ein kleinerer steht im Abhang direkt vor dem Geb\u00e4ude. Der Trim ist ziemlich besch\u00e4digt, seine Kuppel ist zum Teil eingest\u00fcrzt. Hinunter in den unregelm\u00e4\u00dfigen Innenraum gelangt man \u00fcber drei Stufen.<br \/>\nDer Trim wird nicht mehr genutzt.<\/p><\/div><\/div><div class='clear_column'><\/div><div class='content-column one_half'><div style=\"padding-right:6px;\"><div id=\"attachment_66024\" style=\"width: 310px\" class=\"wp-caption aligncenter\"><img loading=\"lazy\" decoding=\"async\" aria-describedby=\"caption-attachment-66024\" class=\"size-medium wp-image-66024\" src=\"https:\/\/www.topohvar.at\/wp-content\/uploads\/2024\/03\/gv-tr-83-11-300x300.jpg\" alt=\"\" width=\"300\" height=\"300\" srcset=\"https:\/\/www.topohvar.at\/wp-content\/uploads\/2024\/03\/gv-tr-83-11-300x300.jpg 300w, https:\/\/www.topohvar.at\/wp-content\/uploads\/2024\/03\/gv-tr-83-11-150x150.jpg 150w, https:\/\/www.topohvar.at\/wp-content\/uploads\/2024\/03\/gv-tr-83-11.jpg 450w\" sizes=\"auto, (max-width: 300px) 100vw, 300px\" \/><p id=\"caption-attachment-66024\" class=\"wp-caption-text\">Ulaz \/ Eingang<\/p><\/div>\n<p>Dana 13.03.2024 trim GV-TR-83 je posje\u0107en i ustanovljeno je sljede\u0107e:<\/p>\n<p>Lokacija: poljoprivredni sklop<br \/>\nPodloga: nako\u0161ena<br \/>\nPovezan s: samostoje\u0107i, izoliran<br \/>\nUpotreba: ne koristi se<br \/>\nStanje: kupola se djelomi\u010dno sru\u0161ila<br \/>\nBroj stepenica trima: 1<br \/>\nDodatni kameni prsten: nema prstena<br \/>\nStepeni\u0161te: nema<br \/>\nOblik kamena: uglast<br \/>\nPodru\u010dje ispred ulaza: lako dostupno<br \/>\nOrijentacija ulaza: JZ (220\u00b0)<br \/>\nPromjer trima (cm): 430<br \/>\nVisina trima (cm): ?<br \/>\nVisina stepenica (cm): stepenica 1: 130<br \/>\nDebljina zida (cm): 90<br \/>\n\u0160irina vrata (cm): 70<br \/>\nVisina vrata (cm): 120<br \/>\n\u0160irina unutra (cm): 240 &#8211; 250<br \/>\nVisina unutra (cm): ?<br \/>\nVolumen iznutra (m3): ?<br \/>\nNema ni\u0161e<\/p><\/div><\/div><div class='content-column one_half last_column'><div style=\"padding-right:0px;padding-left:6px;\"><div id=\"attachment_66025\" style=\"width: 310px\" class=\"wp-caption aligncenter\"><img loading=\"lazy\" decoding=\"async\" aria-describedby=\"caption-attachment-66025\" class=\"size-medium wp-image-66025\" src=\"https:\/\/www.topohvar.at\/wp-content\/uploads\/2024\/03\/gv-tr-83-12-300x300.jpg\" alt=\"\" width=\"300\" height=\"300\" srcset=\"https:\/\/www.topohvar.at\/wp-content\/uploads\/2024\/03\/gv-tr-83-12-300x300.jpg 300w, https:\/\/www.topohvar.at\/wp-content\/uploads\/2024\/03\/gv-tr-83-12-150x150.jpg 150w, https:\/\/www.topohvar.at\/wp-content\/uploads\/2024\/03\/gv-tr-83-12.jpg 450w\" sizes=\"auto, (max-width: 300px) 100vw, 300px\" \/><p id=\"caption-attachment-66025\" class=\"wp-caption-text\">Stra\u017enja strana trima \/ R\u00fcckseite des Trims<\/p><\/div>\n<p>Am 13.03.2024 wurde der Trim GV-TR-83 besucht und n\u00e4her untersucht:<\/p>\n<p>Standort: landwirtsch. Gemenge<br \/>\nUntergrund: geneigt<br \/>\nVerbunden mit: freistehend<br \/>\nNutzung: ungenutzt<br \/>\nZustand: Kuppel teilweise eingest\u00fcrzt<br \/>\nAnzahl der Trimstufen: 1<br \/>\nZus\u00e4tzlicher Steinring: kein Steinring<br \/>\nStiege: keine<br \/>\nSteinform: kantig<br \/>\nEingangsbereich: frei<br \/>\nEingangsseite: SW (220\u00b0)<br \/>\nTrimdurchmesser (cm): 430<br \/>\nTrimh\u00f6he (cm): ?<br \/>\nH\u00f6he der Trimstufen (cm): Stufe 1: 130<br \/>\nWandst\u00e4rke (cm): 90<br \/>\nT\u00fcrbreite (cm): 70<br \/>\nT\u00fcrh\u00f6he (cm): 120<br \/>\nInnenraumbreite (cm): 240 &#8211; 250<br \/>\nInnenraumh\u00f6he (cm): ?<br \/>\nRaumvolumen (m3): ?<br \/>\nKeine Nische<\/p><\/div><\/div><div class='clear_column'><\/div><\/p>\n<p><img loading=\"lazy\" decoding=\"async\" class=\"aligncenter size-full wp-image-66113\" src=\"https:\/\/www.topohvar.at\/wp-content\/uploads\/2024\/04\/gv-tr-83-scan.jpg\" alt=\"\" width=\"900\" height=\"1350\" srcset=\"https:\/\/www.topohvar.at\/wp-content\/uploads\/2024\/04\/gv-tr-83-scan.jpg 900w, https:\/\/www.topohvar.at\/wp-content\/uploads\/2024\/04\/gv-tr-83-scan-200x300.jpg 200w, https:\/\/www.topohvar.at\/wp-content\/uploads\/2024\/04\/gv-tr-83-scan-683x1024.jpg 683w, https:\/\/www.topohvar.at\/wp-content\/uploads\/2024\/04\/gv-tr-83-scan-768x1152.jpg 768w\" sizes=\"auto, (max-width: 900px) 100vw, 900px\" \/><\/p>\n<p style=\"text-align: right;\"><a href=\"#seite_oben\">natrag na vrh \/ Seitenanfang<\/a><\/p>\n<hr \/>\n<p><strong>Linkovi \/ Links<\/strong><\/p>\n<p><span style=\"color: #3366ff;\"><a style=\"color: #3366ff;\" href=\"https:\/\/www.topohvar.at\/topo\/orte\/gv\/gv-tr-84-1\/\">Trim \u00bbGV-TR-84\u00ab<\/a><\/span><\/p>\n","protected":false},"excerpt":{"rendered":"<p>Ime \/ Name Trim \u00bbGV-TR-83\u00ab Code: GV-TR-83\u00a0 \u00a0 \u00a0 \u00a0 \u00a0 \u00a0 \u00a0 \u00a0 \u00a0 \u00a0 \u00a0 \u00a0 \u00a0 \u00a0 \u00a0 \u00a0 Adresa \/ Adresse Velo Grablje, Sv. Ante Lokacija \/ Position Latitude: N 43,18711\u00b0\u00a0 \u00a0Longitude: E 16,54605\u00b0 Visina \/ &hellip; <a href=\"https:\/\/www.topohvar.at\/topo\/orte\/gv\/gv-tr-83-1\/\">Weiterlesen <span class=\"meta-nav\">&rarr;<\/span><\/a><\/p>\n","protected":false},"author":1,"featured_media":0,"parent":76,"menu_order":0,"comment_status":"closed","ping_status":"closed","template":"","meta":{"footnotes":""},"class_list":["post-65598","page","type-page","status-publish","hentry"],"_links":{"self":[{"href":"https:\/\/www.topohvar.at\/topo\/wp-json\/wp\/v2\/pages\/65598","targetHints":{"allow":["GET"]}}],"collection":[{"href":"https:\/\/www.topohvar.at\/topo\/wp-json\/wp\/v2\/pages"}],"about":[{"href":"https:\/\/www.topohvar.at\/topo\/wp-json\/wp\/v2\/types\/page"}],"author":[{"embeddable":true,"href":"https:\/\/www.topohvar.at\/topo\/wp-json\/wp\/v2\/users\/1"}],"replies":[{"embeddable":true,"href":"https:\/\/www.topohvar.at\/topo\/wp-json\/wp\/v2\/comments?post=65598"}],"version-history":[{"count":12,"href":"https:\/\/www.topohvar.at\/topo\/wp-json\/wp\/v2\/pages\/65598\/revisions"}],"predecessor-version":[{"id":67030,"href":"https:\/\/www.topohvar.at\/topo\/wp-json\/wp\/v2\/pages\/65598\/revisions\/67030"}],"up":[{"embeddable":true,"href":"https:\/\/www.topohvar.at\/topo\/wp-json\/wp\/v2\/pages\/76"}],"wp:attachment":[{"href":"https:\/\/www.topohvar.at\/topo\/wp-json\/wp\/v2\/media?parent=65598"}],"curies":[{"name":"wp","href":"https:\/\/api.w.org\/{rel}","templated":true}]}}