{"id":65606,"date":"2024-03-24T15:58:31","date_gmt":"2024-03-24T14:58:31","guid":{"rendered":"https:\/\/www.topohvar.at\/topo\/?page_id=65606"},"modified":"2024-05-08T19:58:58","modified_gmt":"2024-05-08T17:58:58","slug":"gv-tr-84-1","status":"publish","type":"page","link":"https:\/\/www.topohvar.at\/topo\/orte\/gv\/gv-tr-84-1\/","title":{"rendered":"VELO GRABLJE &#8211; Trim \u00bbGV-TR-84\u00ab"},"content":{"rendered":"<p><a name=\"seite_oben\"><\/a><br \/>\n<strong><img loading=\"lazy\" decoding=\"async\" class=\"aligncenter wp-image-65607 size-full\" src=\"https:\/\/www.topohvar.at\/wp-content\/uploads\/2024\/03\/gv-tr-84-0.jpg\" alt=\"\" width=\"1080\" height=\"530\" srcset=\"https:\/\/www.topohvar.at\/wp-content\/uploads\/2024\/03\/gv-tr-84-0.jpg 1080w, https:\/\/www.topohvar.at\/wp-content\/uploads\/2024\/03\/gv-tr-84-0-300x147.jpg 300w, https:\/\/www.topohvar.at\/wp-content\/uploads\/2024\/03\/gv-tr-84-0-1024x503.jpg 1024w, https:\/\/www.topohvar.at\/wp-content\/uploads\/2024\/03\/gv-tr-84-0-768x377.jpg 768w\" sizes=\"auto, (max-width: 1080px) 100vw, 1080px\" \/><\/strong><\/p>\n<p><strong>Ime \/ Name<br \/>\n<\/strong>Trim \u00bbGV-TR-84\u00ab<\/p>\n<p><strong>Code: <\/strong>GV-TR-84\u00a0 \u00a0 \u00a0 \u00a0 \u00a0 \u00a0 \u00a0 \u00a0 \u00a0 \u00a0 \u00a0 \u00a0 \u00a0 \u00a0 \u00a0 \u00a0<strong><a href=\"https:\/\/www.topohvar.at\/orte\/gv\/gv-tr-00-1\/\"><img loading=\"lazy\" decoding=\"async\" class=\"alignnone wp-image-12300 size-full\" src=\"https:\/\/www.topohvar.at\/wp-content\/uploads\/2018\/09\/push-vor-30.jpg\" alt=\"\" width=\"61\" height=\"30\" \/><\/a> <a href=\"https:\/\/www.topohvar.at\/orte\/gv\/gv-tr-83-1\/\"><img loading=\"lazy\" decoding=\"async\" class=\"alignnone wp-image-533 size-full\" src=\"https:\/\/www.topohvar.at\/wp-content\/uploads\/2018\/07\/push-l-30.jpg\" alt=\"\" width=\"61\" height=\"30\" \/><\/a> <a href=\"https:\/\/www.topohvar.at\/orte\/gv\/\"><img loading=\"lazy\" decoding=\"async\" class=\"alignnone wp-image-535 size-full\" src=\"https:\/\/www.topohvar.at\/wp-content\/uploads\/2018\/07\/push-o-30.jpg\" alt=\"\" width=\"61\" height=\"30\" \/><\/a> <a href=\"https:\/\/www.topohvar.at\/orte\/gv\/gv-tr-01-1\/\"><img loading=\"lazy\" decoding=\"async\" class=\"alignnone wp-image-536 size-full\" src=\"https:\/\/www.topohvar.at\/wp-content\/uploads\/2018\/07\/push-r-30.jpg\" alt=\"\" width=\"61\" height=\"30\" \/><\/a><\/strong><\/p>\n<hr \/>\n<p><strong>Adresa \/ Adresse<br \/>\n<\/strong>Velo Grablje, Sv. Ante<\/p>\n<p><strong>Lokacija \/ Position<a href=\"https:\/\/maps.app.goo.gl\/b4wc3bZmr6oCZP6d6\"><img loading=\"lazy\" decoding=\"async\" class=\"alignright wp-image-65600\" src=\"https:\/\/www.topohvar.at\/wp-content\/uploads\/2024\/03\/3963.jpg\" alt=\"\" width=\"134\" height=\"100\" \/><\/a><br \/>\n<\/strong><a href=\"https:\/\/maps.app.goo.gl\/b4wc3bZmr6oCZP6d6\"><span style=\"color: #3366ff;\">Latitude: N 43,18724\u00b0\u00a0 \u00a0Longitude: E 16<\/span><span style=\"color: #3366ff;\">,<\/span><span style=\"color: #3366ff;\">54602\u00b0<\/span><\/a> <strong><br \/>\n<\/strong>Visina \/ H\u00f6he: 26 m<\/p>\n<p><strong>Katastarska \u010destica \/ Grundst\u00fccke<br \/>\n<\/strong>4800, 4802 <div class='content-column one_half'><div style=\"padding-right:6px;\"><p><strong>Datum snimanja \/ Erfassungsdatum<br \/>\n<\/strong>13.03.2024 13:00:00<\/p>\n<hr \/>\n<p><strong>Informacije<\/strong><\/p>\n<p>Na kraju puteva kojiod zaselka SV Antun, u du\u017eini uvale sjeverno zapadno nalazi se\u00a0 dva napu\u0161tena Trima. Oni su u okru\u017eenju poljoprivrednog zdanja.<\/p>\n<p>Ve\u0107i od njih stoji na stjenovitom temelju ne\u0161to sjeverno od zdanja. Jednostupni Trim okru\u017een je grmljem i s desne strane je o\u0161te\u010den. U ovalnoj unutra\u0161njosti na stropu nedostaje zavr\u0161na plo\u010da.<\/p>\n<p>I ovaj trim se vi\u0161e ne koristi.<\/p><\/div><\/div><div class='content-column one_half last_column'><div style=\"padding-right:0px;padding-left:6px;\"><p><strong>Stupanj za\u0161tite \/ Schutzstellung<br \/>\n<\/strong>&#8211;<\/p>\n<hr \/>\n<p><strong>Info<\/strong><\/p>\n<p>Am Ende des Weges, der vom Weiler Sv. Ante l\u00e4ngs der Bucht gegen Nordwesten f\u00fchrt, befindet sich ein verlassener landwirtschaftlicher Bau in dessen Umfeld sich zwei Trims befinden.<br \/>\nDer gr\u00f6\u00dfere der beiden steht auf felsigem Grund etwas n\u00f6rdlich des Hauses. Der einstufige Trim ist von Buschwerk umgeben und an seiner rechten Seite besch\u00e4digt. Im ovalen Innenraum fehlt oben die Abdeckplatte.<br \/>\nDer Trim wird nicht mehr genutzt.<\/p><\/div><\/div><div class='clear_column'><\/div><div class='content-column one_half'><div style=\"padding-right:6px;\"><div id=\"attachment_66027\" style=\"width: 310px\" class=\"wp-caption aligncenter\"><img loading=\"lazy\" decoding=\"async\" aria-describedby=\"caption-attachment-66027\" class=\"size-medium wp-image-66027\" src=\"https:\/\/www.topohvar.at\/wp-content\/uploads\/2024\/03\/gv-tr-84-21-300x300.jpg\" alt=\"\" width=\"300\" height=\"300\" srcset=\"https:\/\/www.topohvar.at\/wp-content\/uploads\/2024\/03\/gv-tr-84-21-300x300.jpg 300w, https:\/\/www.topohvar.at\/wp-content\/uploads\/2024\/03\/gv-tr-84-21-150x150.jpg 150w, https:\/\/www.topohvar.at\/wp-content\/uploads\/2024\/03\/gv-tr-84-21.jpg 450w\" sizes=\"auto, (max-width: 300px) 100vw, 300px\" \/><p id=\"caption-attachment-66027\" class=\"wp-caption-text\">Ulaz \/ Eingang<\/p><\/div>\n<p>Dana 13.03.2024 trim GV-TR-84 je posje\u0107en i ustanovljeno je sljede\u0107e:<\/p>\n<p>Lokacija: grmlje<br \/>\nPodloga: padina<br \/>\nPovezan s: samostoje\u0107i, izoliran<br \/>\nUpotreba: ne koristi se<br \/>\nStanje: dijelovi su se sru\u0161ili<br \/>\nBroj stepenica trima: 1<br \/>\nDodatni kameni prsten: nema prstena<br \/>\nStepeni\u0161te: nema<br \/>\nOblik kamena: uglast<br \/>\nPodru\u010dje ispred ulaza: zaraslo<br \/>\nOrijentacija ulaza: J (180\u00b0)<br \/>\nPromjer trima (cm): 540<br \/>\nVisina trima (cm): 320<br \/>\nVisina stepenica (cm): stepenica 1: 250<br \/>\nDebljina zida (cm): 100<br \/>\n\u0160irina vrata (cm): 80<br \/>\nVisina vrata (cm): 140<br \/>\n\u0160irina unutra (cm): 300 &#8211; 340<br \/>\nVisina unutra (cm): 300<br \/>\nVolumen iznutra (m3): 15,61<br \/>\nNema ni\u0161e<\/p><\/div><\/div><div class='content-column one_half last_column'><div style=\"padding-right:0px;padding-left:6px;\"><div id=\"attachment_66028\" style=\"width: 310px\" class=\"wp-caption aligncenter\"><img loading=\"lazy\" decoding=\"async\" aria-describedby=\"caption-attachment-66028\" class=\"size-medium wp-image-66028\" src=\"https:\/\/www.topohvar.at\/wp-content\/uploads\/2024\/03\/gv-tr-84-22-300x300.jpg\" alt=\"\" width=\"300\" height=\"300\" srcset=\"https:\/\/www.topohvar.at\/wp-content\/uploads\/2024\/03\/gv-tr-84-22-300x300.jpg 300w, https:\/\/www.topohvar.at\/wp-content\/uploads\/2024\/03\/gv-tr-84-22-150x150.jpg 150w, https:\/\/www.topohvar.at\/wp-content\/uploads\/2024\/03\/gv-tr-84-22.jpg 450w\" sizes=\"auto, (max-width: 300px) 100vw, 300px\" \/><p id=\"caption-attachment-66028\" class=\"wp-caption-text\">Unutra\u0161njost trima \/ der Innenraum des Trims<\/p><\/div>\n<p>Am 13.03.2024 wurde der Trim GV-TR-84 besucht und n\u00e4her untersucht:<\/p>\n<p>Standort: Buschwerk<br \/>\nUntergrund: Hanglage<br \/>\nVerbunden mit: freistehend<br \/>\nNutzung: ungenutzt<br \/>\nZustand: Teile abgest\u00fcrzt<br \/>\nAnzahl der Trimstufen: 1<br \/>\nZus\u00e4tzlicher Steinring: kein Steinring<br \/>\nStiege: keine<br \/>\nSteinform: kantig<br \/>\nEingangsbereich: verwachsen<br \/>\nEingangsseite: S (180\u00b0)<br \/>\nTrimdurchmesser (cm): 540<br \/>\nTrimh\u00f6he (cm): 320<br \/>\nH\u00f6he der Trimstufen (cm): Stufe 1: 250<br \/>\nWandst\u00e4rke (cm): 100<br \/>\nT\u00fcrbreite (cm): 80<br \/>\nT\u00fcrh\u00f6he (cm): 140<br \/>\nInnenraumbreite (cm): 300 &#8211; 340<br \/>\nInnenraumh\u00f6he (cm): 300<br \/>\nRaumvolumen (m3): 15,61<br \/>\nKeine Nische<\/p><\/div><\/div><div class='clear_column'><\/div><\/p>\n<p><img loading=\"lazy\" decoding=\"async\" class=\"aligncenter size-full wp-image-66115\" src=\"https:\/\/www.topohvar.at\/wp-content\/uploads\/2024\/04\/gv-tr-84-scan.jpg\" alt=\"\" width=\"900\" height=\"1373\" srcset=\"https:\/\/www.topohvar.at\/wp-content\/uploads\/2024\/04\/gv-tr-84-scan.jpg 900w, https:\/\/www.topohvar.at\/wp-content\/uploads\/2024\/04\/gv-tr-84-scan-197x300.jpg 197w, https:\/\/www.topohvar.at\/wp-content\/uploads\/2024\/04\/gv-tr-84-scan-671x1024.jpg 671w, https:\/\/www.topohvar.at\/wp-content\/uploads\/2024\/04\/gv-tr-84-scan-768x1172.jpg 768w\" sizes=\"auto, (max-width: 900px) 100vw, 900px\" \/><\/p>\n<p style=\"text-align: right;\"><a href=\"#seite_oben\">natrag na vrh \/ Seitenanfang<\/a><\/p>\n<hr \/>\n<p><strong>Linkovi \/ Links<\/strong><\/p>\n<p><span style=\"color: #3366ff;\"><a style=\"color: #3366ff;\" href=\"https:\/\/www.topohvar.at\/topo\/orte\/gv\/gv-tr-83-1\/\">Trim \u00bbGV-TR-83\u00ab<\/a><\/span><\/p>\n","protected":false},"excerpt":{"rendered":"<p>Ime \/ Name Trim \u00bbGV-TR-84\u00ab Code: GV-TR-84\u00a0 \u00a0 \u00a0 \u00a0 \u00a0 \u00a0 \u00a0 \u00a0 \u00a0 \u00a0 \u00a0 \u00a0 \u00a0 \u00a0 \u00a0 \u00a0 Adresa \/ Adresse Velo Grablje, Sv. Ante Lokacija \/ Position Latitude: N 43,18724\u00b0\u00a0 \u00a0Longitude: E 16,54602\u00b0 Visina \/ &hellip; <a href=\"https:\/\/www.topohvar.at\/topo\/orte\/gv\/gv-tr-84-1\/\">Weiterlesen <span class=\"meta-nav\">&rarr;<\/span><\/a><\/p>\n","protected":false},"author":1,"featured_media":0,"parent":76,"menu_order":0,"comment_status":"closed","ping_status":"closed","template":"","meta":{"footnotes":""},"class_list":["post-65606","page","type-page","status-publish","hentry"],"_links":{"self":[{"href":"https:\/\/www.topohvar.at\/topo\/wp-json\/wp\/v2\/pages\/65606","targetHints":{"allow":["GET"]}}],"collection":[{"href":"https:\/\/www.topohvar.at\/topo\/wp-json\/wp\/v2\/pages"}],"about":[{"href":"https:\/\/www.topohvar.at\/topo\/wp-json\/wp\/v2\/types\/page"}],"author":[{"embeddable":true,"href":"https:\/\/www.topohvar.at\/topo\/wp-json\/wp\/v2\/users\/1"}],"replies":[{"embeddable":true,"href":"https:\/\/www.topohvar.at\/topo\/wp-json\/wp\/v2\/comments?post=65606"}],"version-history":[{"count":11,"href":"https:\/\/www.topohvar.at\/topo\/wp-json\/wp\/v2\/pages\/65606\/revisions"}],"predecessor-version":[{"id":67033,"href":"https:\/\/www.topohvar.at\/topo\/wp-json\/wp\/v2\/pages\/65606\/revisions\/67033"}],"up":[{"embeddable":true,"href":"https:\/\/www.topohvar.at\/topo\/wp-json\/wp\/v2\/pages\/76"}],"wp:attachment":[{"href":"https:\/\/www.topohvar.at\/topo\/wp-json\/wp\/v2\/media?parent=65606"}],"curies":[{"name":"wp","href":"https:\/\/api.w.org\/{rel}","templated":true}]}}