{"id":666,"date":"2018-07-26T09:13:30","date_gmt":"2018-07-26T07:13:30","guid":{"rendered":"https:\/\/www.topohvar.at\/?page_id=666"},"modified":"2024-04-23T07:55:50","modified_gmt":"2024-04-23T05:55:50","slug":"bo-is-07-2","status":"publish","type":"page","link":"https:\/\/www.topohvar.at\/topo\/orte\/bo\/bo-is-07-2\/","title":{"rendered":"BOGOMOLJE &#8211; Spomen plo\u010da \u00bbformiranju Op\u0107inskog komiteta SKOJ-a\u00ab"},"content":{"rendered":"<p><a name=\"seite_oben\"><\/a><br \/>\n<strong><img loading=\"lazy\" decoding=\"async\" class=\"alignnone wp-image-387 size-full\" src=\"https:\/\/www.topohvar.at\/wp-content\/uploads\/2018\/07\/00-00-00-1.jpg\" alt=\"\" width=\"114\" height=\"56\" \/><\/strong><\/p>\n<p><strong>Ime \/ Name<br \/>\n<\/strong>Spomen plo\u010da \u00bbformiranju Op\u0107inskog komiteta SKOJ-a\u00ab \/ Gedenktafel\u00a0an die Formierung des Gemeindekomitees der kommunistischen Jugend<\/p>\n<p><strong>Code: <\/strong>BO-IS-07\u00a0 \u00a0 \u00a0 \u00a0 \u00a0 \u00a0 \u00a0 \u00a0 \u00a0 \u00a0 \u00a0 \u00a0 \u00a0 \u00a0 \u00a0 \u00a0<strong><a href=\"https:\/\/www.topohvar.at\/orte\/bo\/bo-is-04-2\/\"><img loading=\"lazy\" decoding=\"async\" class=\"alignnone wp-image-533 size-full\" src=\"https:\/\/www.topohvar.at\/wp-content\/uploads\/2018\/07\/push-l-30.jpg\" alt=\"\" width=\"61\" height=\"30\" \/><\/a> <a href=\"https:\/\/www.topohvar.at\/orte\/bo\/\"><img loading=\"lazy\" decoding=\"async\" class=\"alignnone wp-image-535 size-full\" src=\"https:\/\/www.topohvar.at\/wp-content\/uploads\/2018\/07\/push-o-30.jpg\" alt=\"\" width=\"61\" height=\"30\" \/><\/a> <a href=\"https:\/\/www.topohvar.at\/orte\/bo\/bo-is-01-2\/\"><img loading=\"lazy\" decoding=\"async\" class=\"alignnone wp-image-536 size-full\" src=\"https:\/\/www.topohvar.at\/wp-content\/uploads\/2018\/07\/push-r-30.jpg\" alt=\"\" width=\"61\" height=\"30\" \/><\/a><\/strong><\/p>\n<hr \/>\n<p><strong>Adresa \/ Adresse<br \/>\n<\/strong>Bogomolje, ku\u0107a Franje Radovan\u010di\u0107 \/ Bogomolje, Haus Franje Radovan\u010di\u0107<\/p>\n<p><strong>Lokacija \/ Position<img loading=\"lazy\" decoding=\"async\" class=\"wp-image-387 size-full alignright\" src=\"https:\/\/www.topohvar.at\/wp-content\/uploads\/2018\/07\/00-00-00-1.jpg\" alt=\"\" width=\"114\" height=\"56\" \/><br \/>\n<\/strong>Latitude: N 43,00000\u00b0\u00a0 \u00a0Longitude: E 16,00000\u00b0 <strong><br \/>\n<\/strong>Visina \/ H\u00f6he: 0 m<\/p>\n<p><strong>Katastarska \u010destica<\/strong><strong> \/ Grundst\u00fccke<br \/>\n<\/strong>&#8211;<div class='content-column one_half'><div style=\"padding-right:6px;\"><p><strong>Datum snimanja \/ Erfassungsdatum<br \/>\n<\/strong>10.05.2018 10:30:00<\/p>\n<hr \/>\n<p><strong>Informacije<\/strong><\/p>\n<p>Spomen plo\u010da od bijelog mramora, dimenzije 75 x 70, postavljena je na ku\u0107i prvoborca Franje Radovan\u010di\u0107a, u kojoj je u kolovozu 1941. godine formiran Op\u0107inski komitet SKOJ-a za gornji dio otoka Hvara.<\/p><\/div><\/div><div class='content-column one_half last_column'><div style=\"padding-right:0px;padding-left:6px;\"><p><strong>Stupanj za\u0161tite<\/strong><strong> \/ Schutzstellung<br \/>\n<\/strong>&#8211;<\/p>\n<hr \/>\n<p><strong>Info<\/strong><\/p>\n<p>Die Gedenktafel aus wei\u00dfem Marmor mit den Ma\u00dfen 75 x 70 cm ist am Geb\u00e4ude des K\u00e4mpfers Franje Radovan\u010di\u0107 befestigt, wo im August 1941 das Gemeindekomitee der Kommunistischen Jugend f\u00fcr den \u201eoberen\u201c Teil der Insel Hvar gegr\u00fcndet wurde.<\/p><\/div><\/div><div class='clear_column'><\/div><div class='content-column one_half'><div style=\"padding-right:6px;\"><p>Natpis:<\/p>\n<p style=\"text-align: center;\">U OVOJ KU\u0106I KOLOVOZA 1941.<br \/>\nFORMIRAN JE OP\u0106INSKI KOMITET SKOJ-a<br \/>\nZA POLJICA, ZASTRA\u017dI\u0160\u0106E, GDINJ,<br \/>\nBOGOMOLJE, SELCA I SU\u0106URAJ<br \/>\nOP\u0106INSKA KONFERENCIJA SOH<br \/>\nHVAR<br \/>\n22. VIII 1971.<\/p>\n<p>Spomen plo\u010du postavila je Op\u0107inska konferencija SOH-e, 22. VIII 1971. godine.<\/p><\/div><\/div><div class='content-column one_half last_column'><div style=\"padding-right:0px;padding-left:6px;\"><p>Inschrift:<\/p>\n<p style=\"text-align: center;\">In diesem Haus im August 1941<br \/>\nformierte sich\u00a0 das Gemeindekomitee<br \/>\nf\u00fcr Poljica, Zastra\u017ei\u0161\u0107e, Gdinj,<br \/>\nSelca und Su\u0107uraj<br \/>\nGemeindetagung der kommunistischen<br \/>\nJugend Kroatiens, Hvar<br \/>\n22. 8. 1971<\/p>\n<p>Die Gedenktafel wurde im Zuge der Gemeindetagung der kommunistischen Jugend Kroatiens am 22. August 1971 errichtet.<\/p><\/div><\/div><div class='clear_column'><\/div><\/p>\n<p style=\"text-align: right;\"><a href=\"#seite_oben\">natrag na vrh \/ Seitenanfang<\/a><\/p>\n<hr \/>\n<p><strong>Linkovi \/ Links<\/strong><\/p>\n<p>&#8211;<\/p>\n","protected":false},"excerpt":{"rendered":"<p>Ime \/ Name Spomen plo\u010da \u00bbformiranju Op\u0107inskog komiteta SKOJ-a\u00ab \/ Gedenktafel\u00a0an die Formierung des Gemeindekomitees der kommunistischen Jugend Code: BO-IS-07\u00a0 \u00a0 \u00a0 \u00a0 \u00a0 \u00a0 \u00a0 \u00a0 \u00a0 \u00a0 \u00a0 \u00a0 \u00a0 \u00a0 \u00a0 \u00a0 Adresa \/ Adresse Bogomolje, ku\u0107a &hellip; <a href=\"https:\/\/www.topohvar.at\/topo\/orte\/bo\/bo-is-07-2\/\">Weiterlesen <span class=\"meta-nav\">&rarr;<\/span><\/a><\/p>\n","protected":false},"author":1,"featured_media":0,"parent":63,"menu_order":0,"comment_status":"closed","ping_status":"closed","template":"","meta":{"footnotes":""},"class_list":["post-666","page","type-page","status-publish","hentry"],"_links":{"self":[{"href":"https:\/\/www.topohvar.at\/topo\/wp-json\/wp\/v2\/pages\/666","targetHints":{"allow":["GET"]}}],"collection":[{"href":"https:\/\/www.topohvar.at\/topo\/wp-json\/wp\/v2\/pages"}],"about":[{"href":"https:\/\/www.topohvar.at\/topo\/wp-json\/wp\/v2\/types\/page"}],"author":[{"embeddable":true,"href":"https:\/\/www.topohvar.at\/topo\/wp-json\/wp\/v2\/users\/1"}],"replies":[{"embeddable":true,"href":"https:\/\/www.topohvar.at\/topo\/wp-json\/wp\/v2\/comments?post=666"}],"version-history":[{"count":12,"href":"https:\/\/www.topohvar.at\/topo\/wp-json\/wp\/v2\/pages\/666\/revisions"}],"predecessor-version":[{"id":66720,"href":"https:\/\/www.topohvar.at\/topo\/wp-json\/wp\/v2\/pages\/666\/revisions\/66720"}],"up":[{"embeddable":true,"href":"https:\/\/www.topohvar.at\/topo\/wp-json\/wp\/v2\/pages\/63"}],"wp:attachment":[{"href":"https:\/\/www.topohvar.at\/topo\/wp-json\/wp\/v2\/media?parent=666"}],"curies":[{"name":"wp","href":"https:\/\/api.w.org\/{rel}","templated":true}]}}