{"id":6673,"date":"2018-08-21T14:21:56","date_gmt":"2018-08-21T12:21:56","guid":{"rendered":"https:\/\/www.topohvar.at\/?page_id=6673"},"modified":"2024-04-23T17:23:00","modified_gmt":"2024-04-23T15:23:00","slug":"vj-aa-01-1","status":"publish","type":"page","link":"https:\/\/www.topohvar.at\/topo\/orte\/vj\/vj-aa-01-1\/","title":{"rendered":"VRBANJ &#8211; Selo \u00bbVrbanj (Varbonj)\u00ab"},"content":{"rendered":"<p><strong><img loading=\"lazy\" decoding=\"async\" class=\"aligncenter wp-image-36932 size-full\" src=\"https:\/\/www.topohvar.at\/wp-content\/uploads\/2020\/05\/vj-aa-01-7.jpg\" alt=\"\" width=\"640\" height=\"314\" srcset=\"https:\/\/www.topohvar.at\/wp-content\/uploads\/2020\/05\/vj-aa-01-7.jpg 640w, https:\/\/www.topohvar.at\/wp-content\/uploads\/2020\/05\/vj-aa-01-7-300x147.jpg 300w\" sizes=\"auto, (max-width: 640px) 100vw, 640px\" \/><\/strong><\/p>\n<p><strong>Ime \/ Name<br \/>\n<\/strong> Selo \u00bbVrbanj (Varbonj)\u00ab<\/p>\n<p><strong>Code: <\/strong>VJ-AA-01\u00a0 \u00a0 \u00a0 \u00a0 \u00a0 \u00a0 \u00a0 \u00a0<strong>\u00a0 \u00a0 \u00a0 \u00a0 \u00a0 \u00a0 \u00a0 \u00a0 \u00a0 \u00a0<a href=\"https:\/\/www.topohvar.at\/orte\/vj\/vj-ai-01-1\/\"><img loading=\"lazy\" decoding=\"async\" class=\"alignnone wp-image-533 size-full\" src=\"https:\/\/www.topohvar.at\/wp-content\/uploads\/2018\/07\/push-l-30.jpg\" alt=\"\" width=\"61\" height=\"30\" \/><\/a>\u00a0<a href=\"https:\/\/www.topohvar.at\/orte\/vj\/\"><img loading=\"lazy\" decoding=\"async\" class=\"alignnone wp-image-535 size-full\" src=\"https:\/\/www.topohvar.at\/wp-content\/uploads\/2018\/07\/push-o-30.jpg\" alt=\"\" width=\"61\" height=\"30\" \/><\/a>\u00a0<a href=\"https:\/\/www.topohvar.at\/orte\/vj\/vj-aa-04-1\/\"><img loading=\"lazy\" decoding=\"async\" class=\"alignnone wp-image-536 size-full\" src=\"https:\/\/www.topohvar.at\/wp-content\/uploads\/2018\/07\/push-r-30.jpg\" alt=\"\" width=\"61\" height=\"30\" \/><\/a> <a href=\"https:\/\/www.topohvar.at\/orte\/vj\/vj-au-10-1\/\"><img loading=\"lazy\" decoding=\"async\" class=\"alignnone wp-image-12299 size-full\" src=\"https:\/\/www.topohvar.at\/wp-content\/uploads\/2018\/09\/push-next-30.jpg\" alt=\"\" width=\"61\" height=\"30\" \/><\/a><\/strong><\/p>\n<hr \/>\n<p><strong>Adresa \/ Adresse<br \/>\n<\/strong>Vrbanj<\/p>\n<p><strong>Lokalna polo\u017eaj \/ Position<a href=\"https:\/\/goo.gl\/maps\/viGMjGN2PzXhxp9RA\"><img loading=\"lazy\" decoding=\"async\" class=\"alignright wp-image-6876\" src=\"https:\/\/www.topohvar.at\/wp-content\/uploads\/2018\/08\/1637.jpg\" alt=\"\" width=\"134\" height=\"100\" \/><\/a><br \/>\n<\/strong><span style=\"color: #3366ff;\"><a style=\"color: #3366ff;\" href=\"https:\/\/goo.gl\/maps\/viGMjGN2PzXhxp9RA\">Latitude: N 43,16500\u00b0\u00a0 \u00a0 Longitude: E 16,64400\u00b0\u00a0<\/a><\/span><strong><br \/>\n<\/strong>Visina \/ H\u00f6he: 90 m<\/p>\n<p><strong>Zemlji\u0161te \/ Grundst\u00fccke<br \/>\n<\/strong>&#8211;<div class='content-column one_half'><div style=\"padding-right:6px;\"><p><strong>Datum snimanja \/ Erfassungsdatum<br \/>\n<\/strong>16.10.2018 12:00:00<\/p>\n<hr \/>\n<p><strong>Informacije<\/strong><\/p>\n<p>Vrbanj (Varbanj, Varbonj)<br \/>\nVrbanj potje\u010de iz zaseoka Krojev dvor, Vido\u0161ev dvor, Mihovil dvor i pastirsko naselje Priko Barda (na podru\u010dju dana\u0161njeg naselja Svir\u010de).<\/p><\/div><\/div><div class='content-column one_half last_column'><div style=\"padding-right:0px;padding-left:6px;\"><p><strong>Za\u0161titni polo\u017eaj \/ Schutzstellung<br \/>\n<\/strong>&#8211;<\/p>\n<hr \/>\n<p><strong>Info<\/strong><\/p>\n<p>Vrbanj (Varbanj, Varbonj)<br \/>\nVrbanj entstand aus den Weilern, Krojev dvor, Vido\u0161ev dvor, Mihovil dvor und der Hirtensiedlung Priko Barda (im Gebiet der heutigen Siedlung Svir\u010de).<\/p><\/div><\/div><div class='clear_column'><\/div><div class='content-column one_half'><div style=\"padding-right:6px;\"><p>Vrbanj (ime od = vrba) prvobitno slavensko naselje.Zbog izn imno povoljnog polo\u017eaja, mjesto je naseljeno jo\u0161 od prapovijesti. Iznad sela se nalazi prapovijesna gradina Gra\u010di\u0161\u0107e. Na mjestu samog sela na\u0111eni su rimski nalazi. U blizini naselja je i lokalitet Hum &#8211; Sveti Vid s ostacima prapovijesne kamene gomile i ru\u0161evinama predromani\u010dke crkvice sv. Vida. Kasnije je mjesto, uz Stari Grad i Pitve, sjedi\u0161te najstarijih plemi\u0107a i \u017eupana.<\/p><\/div><\/div><div class='content-column one_half last_column'><div style=\"padding-right:0px;padding-left:6px;\"><p>Vrbanj (Name = Weide) war urspr\u00fcnglich eine slawische Siedlung. Aufgrund seiner \u00e4u\u00dferst g\u00fcnstigen Lage ist der Ort seit pr\u00e4historischen Zeiten besiedelt. Oberhalb des Dorfes befindet sich die pr\u00e4historische Burg Gra\u010di\u0161\u0107e. An der Stelle des Dorfes selbst wurden r\u00f6mische Funde gefunden. In der N\u00e4he der Siedlung befindet sich die St\u00e4tte Hum &#8211; Sveti Vid mit den \u00dcberresten eines pr\u00e4historischen Steinhaufens und den Ruinen der vorromanischen Kirche Sv. Vida. Sp\u00e4ter, zusammen mit Stari Grad und Pitve, ist es der Sitz der \u00e4ltesten Adeligen und Pfarreien.<\/p><\/div><\/div><div class='clear_column'><\/div><div class='content-column one_half'><div style=\"padding-right:6px;\"><p>Najstarija ku\u0107a XII\/XIII. st. \u00bbkraljevi dvori\u00ab okru\u017eena jako starim kompleksima.<\/p><\/div><\/div><div class='content-column one_half last_column'><div style=\"padding-right:0px;padding-left:6px;\"><p>Das \u00e4lteste Haus aus dem 12. \/ 13. Jahrhundert &#8222;k\u00f6nigliche H\u00f6fe&#8220; ist von sehr alter Bauszubstanz umgeben.<\/p><\/div><\/div><div class='clear_column'><\/div><div class='content-column one_half'><div style=\"padding-right:6px;\"><p>Krajem 14. i u 15. st. stanovni\u0161tvo se bavi brodogradnjom \u0161to pogoduje ekonomskom razvoju mjesta. 1475. Vrbanj dobiva vlastitog \u017eupnika koji je i prvi lokalni \u017eupnik na otoku. Vrbanj je rodno mjesto pu\u010dkog vo\u0111e Matije Ivani\u0107a s po\u010detka 16. st. Njemu i ustanku pu\u010dana je posve\u0107en memorijalni park u centru sela. Ku\u0107e XVI.\/XVII. st s pu\u0161karnicama.<\/p><\/div><\/div><div class='content-column one_half last_column'><div style=\"padding-right:0px;padding-left:6px;\"><p>Am Ende des 14. und 15. Jahrhunderts besch\u00e4ftigte sich die Bev\u00f6lkerung mit dem Schiffbau, der die wirtschaftliche Entwicklung der Stadt beg\u00fcnstigte. 1475. Vrbanj bekommt einen eigenen Pfarrer, der auch der erste lokale Pfarrer auf der Insel ist. Vrbanj ist der Geburtsort des Nationalf\u00fchrers Matija Ivanic vom Beginn des 16. Jahrhunderts.\u00a0In H\u00e4user aus dem 16. \/ 17. Jahrhundert finden sich noch Schie\u00dfscharten.<\/p><\/div><\/div><div class='clear_column'><\/div><div class='content-column one_half'><div style=\"padding-right:6px;\"><p>Stanovnici Vrbanja su u 15. st., sa stanovnicima okolnih sela, po\u010deli naseljavati podru\u010dje Vrboske.<\/p><\/div><\/div><div class='content-column one_half last_column'><div style=\"padding-right:0px;padding-left:6px;\"><p>Im 15. Jahrhundert begannen die Bewohner von Vrbanj mit den Bewohnern der umliegenden D\u00f6rfer, das Gebiet von Vrboska zu bewohnen.<\/p><\/div><\/div><div class='clear_column'><\/div><div class='content-column one_half'><div style=\"padding-right:6px;\"><p>Neko\u0107 je selo imalo \u201elambik\u201d (kotao za destiliranje) i proizvodilo je znatne koli\u010dine ulja od lavande, a danas su tu moderna vinarija i restoran.<\/p><\/div><\/div><div class='content-column one_half last_column'><div style=\"padding-right:0px;padding-left:6px;\"><p>Einst hatte das Dorf eine &#8222;Lambik&#8220; (Destillationskessel) und produzierte erhebliche Mengen an Lavendel\u00f6l. Heute gibt es hier eine moderne Weinkellerei und ein Restaurant.<\/p><\/div><\/div><div class='clear_column'><\/div><\/p>\n<hr \/>\n<p><strong>Linkovi \/ Links<\/strong><br \/>\n<a style=\"color: #3366ff;\" href=\"https:\/\/perorozov.webs.com\/apps\/blog\/show\/5219736-o-povijesti-naselja-vrbanj-varbonj-\"><span class=\"fw_sanitized\">O povijesti naselja Vrbanj (Varbonj)<\/span><\/a><br \/>\n<span style=\"color: #3366ff;\"><a style=\"color: #3366ff;\" href=\"https:\/\/www.topohvar.at\/topo\/orte\/vj\/vj-po-01-1\/\">Povijesni lokalitet \/ Historische St\u00e4tte \u00bbGra\u010di\u0161\u0107e\u00ab<\/a><\/span><br \/>\n<a href=\"https:\/\/www.topohvar.at\/topo\/orte\/vj\/vj-ck-04-1\/\"><span style=\"color: #3366ff;\">Crkvica \u00bbSv. Vid na Humu\u00ab \/ Kirche des hl. Vitus auf Hum<\/span><\/a><br \/>\n<span style=\"color: #3366ff;\"><a style=\"color: #3366ff;\" href=\"https:\/\/www.topohvar.at\/topo\/orte\/vj\/vj-aa-04-1\/\">Ruralna cjelina \/ L\u00e4ndliche Einheit \u00bbKraljevi dvori\u00ab<\/a><\/span><\/p>\n","protected":false},"excerpt":{"rendered":"<p>Ime \/ Name Selo \u00bbVrbanj (Varbonj)\u00ab Code: VJ-AA-01\u00a0 \u00a0 \u00a0 \u00a0 \u00a0 \u00a0 \u00a0 \u00a0\u00a0 \u00a0 \u00a0 \u00a0 \u00a0 \u00a0 \u00a0 \u00a0 \u00a0 \u00a0\u00a0\u00a0 Adresa \/ Adresse Vrbanj Lokalna polo\u017eaj \/ Position Latitude: N 43,16500\u00b0\u00a0 \u00a0 Longitude: E 16,64400\u00b0\u00a0 Visina &hellip; <a href=\"https:\/\/www.topohvar.at\/topo\/orte\/vj\/vj-aa-01-1\/\">Weiterlesen <span class=\"meta-nav\">&rarr;<\/span><\/a><\/p>\n","protected":false},"author":1,"featured_media":0,"parent":111,"menu_order":0,"comment_status":"closed","ping_status":"closed","template":"","meta":{"footnotes":""},"class_list":["post-6673","page","type-page","status-publish","hentry"],"_links":{"self":[{"href":"https:\/\/www.topohvar.at\/topo\/wp-json\/wp\/v2\/pages\/6673","targetHints":{"allow":["GET"]}}],"collection":[{"href":"https:\/\/www.topohvar.at\/topo\/wp-json\/wp\/v2\/pages"}],"about":[{"href":"https:\/\/www.topohvar.at\/topo\/wp-json\/wp\/v2\/types\/page"}],"author":[{"embeddable":true,"href":"https:\/\/www.topohvar.at\/topo\/wp-json\/wp\/v2\/users\/1"}],"replies":[{"embeddable":true,"href":"https:\/\/www.topohvar.at\/topo\/wp-json\/wp\/v2\/comments?post=6673"}],"version-history":[{"count":22,"href":"https:\/\/www.topohvar.at\/topo\/wp-json\/wp\/v2\/pages\/6673\/revisions"}],"predecessor-version":[{"id":66785,"href":"https:\/\/www.topohvar.at\/topo\/wp-json\/wp\/v2\/pages\/6673\/revisions\/66785"}],"up":[{"embeddable":true,"href":"https:\/\/www.topohvar.at\/topo\/wp-json\/wp\/v2\/pages\/111"}],"wp:attachment":[{"href":"https:\/\/www.topohvar.at\/topo\/wp-json\/wp\/v2\/media?parent=6673"}],"curies":[{"name":"wp","href":"https:\/\/api.w.org\/{rel}","templated":true}]}}