{"id":6675,"date":"2018-08-21T14:24:27","date_gmt":"2018-08-21T12:24:27","guid":{"rendered":"https:\/\/www.topohvar.at\/?page_id=6675"},"modified":"2020-10-02T18:17:56","modified_gmt":"2020-10-02T16:17:56","slug":"vj-aa-04-1","status":"publish","type":"page","link":"https:\/\/www.topohvar.at\/topo\/orte\/vj\/vj-aa-04-1\/","title":{"rendered":"VRBANJ &#8211; Ruralna cjelina \u00bbKraljevi dvori\u00ab"},"content":{"rendered":"<p><strong><img loading=\"lazy\" decoding=\"async\" class=\"alignnone wp-image-6563 size-large\" src=\"https:\/\/www.topohvar.at\/wp-content\/uploads\/2018\/08\/VJ-TG-04-0-1024x503.jpg\" alt=\"\" width=\"640\" height=\"314\" srcset=\"https:\/\/www.topohvar.at\/wp-content\/uploads\/2018\/08\/VJ-TG-04-0-1024x503.jpg 1024w, https:\/\/www.topohvar.at\/wp-content\/uploads\/2018\/08\/VJ-TG-04-0-300x147.jpg 300w, https:\/\/www.topohvar.at\/wp-content\/uploads\/2018\/08\/VJ-TG-04-0-768x377.jpg 768w, https:\/\/www.topohvar.at\/wp-content\/uploads\/2018\/08\/VJ-TG-04-0.jpg 1080w\" sizes=\"auto, (max-width: 640px) 100vw, 640px\" \/><\/strong><\/p>\n<p><strong>Ime \/ Name<br \/>\n<\/strong>Ruralna cjelina \u00bbKraljevi dvori\u00ab \/ L\u00e4ndliche Einheit &#8222;K\u00f6nigsh\u00f6fe&#8220;<\/p>\n<p><strong>Code: <\/strong>VJ-AA-04\u00a0 \u00a0 \u00a0 \u00a0 \u00a0 \u00a0 \u00a0 \u00a0 \u00a0 \u00a0 \u00a0 \u00a0 \u00a0<strong>\u00a0 \u00a0 \u00a0 \u00a0 \u00a0<a href=\"https:\/\/www.topohvar.at\/orte\/vj\/vj-aa-01-1\/\"><img loading=\"lazy\" decoding=\"async\" class=\"alignnone wp-image-533 size-full\" src=\"https:\/\/www.topohvar.at\/wp-content\/uploads\/2018\/07\/push-l-30.jpg\" alt=\"\" width=\"61\" height=\"30\" \/><\/a>\u00a0<a href=\"https:\/\/www.topohvar.at\/orte\/vj\/\"><img loading=\"lazy\" decoding=\"async\" class=\"alignnone wp-image-535 size-full\" src=\"https:\/\/www.topohvar.at\/wp-content\/uploads\/2018\/07\/push-o-30.jpg\" alt=\"\" width=\"61\" height=\"30\" \/><\/a>\u00a0<a href=\"https:\/\/www.topohvar.at\/orte\/vj\/vj-aa-03-1\/\"><img loading=\"lazy\" decoding=\"async\" class=\"alignnone wp-image-536 size-full\" src=\"https:\/\/www.topohvar.at\/wp-content\/uploads\/2018\/07\/push-r-30.jpg\" alt=\"\" width=\"61\" height=\"30\" \/><\/a> <a href=\"https:\/\/www.topohvar.at\/orte\/vj\/vj-au-10-1\/\"><img loading=\"lazy\" decoding=\"async\" class=\"alignnone wp-image-12299 size-full\" src=\"https:\/\/www.topohvar.at\/wp-content\/uploads\/2018\/09\/push-next-30.jpg\" alt=\"\" width=\"61\" height=\"30\" \/><\/a><\/strong><\/p>\n<hr \/>\n<p><strong>Adresa \/ Adresse<br \/>\n<\/strong>Vrbanj, Kraljevi dvori<\/p>\n<p><strong>Lokalna polo\u017eaj \/ Position<a href=\"https:\/\/goo.gl\/maps\/toKoZDMaQ6n61cHB8\"><img loading=\"lazy\" decoding=\"async\" class=\"alignright wp-image-7028\" src=\"https:\/\/www.topohvar.at\/wp-content\/uploads\/2018\/08\/0888.jpg\" alt=\"\" width=\"134\" height=\"100\" \/><\/a><br \/>\n<\/strong><span style=\"color: #3366ff;\"><a style=\"color: #3366ff;\" href=\"https:\/\/goo.gl\/maps\/toKoZDMaQ6n61cHB8\">Latitude: N 43,16530\u00b0\u00a0 \u00a0 Longitude: E 16,64073\u00b0\u00a0<\/a><\/span><strong><br \/>\n<\/strong>Visina \/ H\u00f6he: 75 m<\/p>\n<p><strong>Zemlji\u0161te \/ Grundst\u00fccke<br \/>\n<\/strong>*509\/1<div class='content-column one_half'><div style=\"padding-right:6px;\"><p><strong>Datum snimanja \/ Erfassungsdatum<br \/>\n<\/strong>09.05.2016 16:23:00<\/p>\n<hr \/>\n<p><strong>Informacije<\/strong><\/p>\n<p>Kraljevi dvori nalaze se u selu Vrbanj. Niz uru\u0161enih prizemnica polo\u017eenih okomito na slojnice terena ulaznim je pro\u010deljima okrenuto jugu. Na sredini kraljevskih dvora nalazi se ku\u0107a koja se smatra rodnom ku\u0107om Matija Ivani\u0107a, vo\u0111e pu\u010dkog ustanka na Hvaru u 16. stolje\u0107u.<\/p><\/div><\/div><div class='content-column one_half last_column'><div style=\"padding-right:0px;padding-left:6px;\"><p><strong>Za\u0161titni polo\u017eaj \/ Schutzstellung<br \/>\n<\/strong>Z-5013<\/p>\n<hr \/>\n<p style=\"text-align: left;\"><strong>Info<\/strong><\/p>\n<p>Die &#8222;K\u00f6nigsh\u00f6fe&#8220; befinden sich im Dorf Vrbanj. Sie bestehen aus einer Reihe von eingest\u00fcrzten eingescho\u00dfigen Bauten die senkrecht zur Gel\u00e4ndeneigung ausgerichtet sind und nach S\u00fcden gerichtete Eing\u00e4nge haben. In der Mitte der k\u00f6niglichen Pal\u00e4ste befindet sich ein Haus, das als Geburtshaus von Matij Ivani\u0107 gilt, dem Anf\u00fchrer des Volksaufstands in Hvar im 16. Jahrhundert.<\/p><\/div><\/div><div class='clear_column'><\/div><div class='content-column one_third'><div style=\"padding-right:6px;\"><p>Najstariji spomenik su takozvani Krojevi dvori (Kraljevi dvori), ranosrednjovjekovni objekt za koji se pretpostavlja da je bio sjedi\u0161te pred-komunalnog kneza. Ovdje su najstarije vrbanske ku\u0107e, a kako se vezuju uz Matija Ivani\u0107a iznimno su va\u017ean topos u povijesti Hvara.<\/p><\/div><\/div><div class='content-column one_third'><div style=\"padding-right:6px;\"><div id=\"attachment_28527\" style=\"width: 200px\" class=\"wp-caption aligncenter\"><img loading=\"lazy\" decoding=\"async\" aria-describedby=\"caption-attachment-28527\" class=\"wp-image-28527\" src=\"https:\/\/www.topohvar.at\/wp-content\/uploads\/2020\/01\/vj-aa-04-11.jpg\" alt=\"\" width=\"190\" height=\"280\" srcset=\"https:\/\/www.topohvar.at\/wp-content\/uploads\/2020\/01\/vj-aa-04-11.jpg 205w, https:\/\/www.topohvar.at\/wp-content\/uploads\/2020\/01\/vj-aa-04-11-204x300.jpg 204w\" sizes=\"auto, (max-width: 190px) 100vw, 190px\" \/><p id=\"caption-attachment-28527\" class=\"wp-caption-text\">(Izvor \/ Quelle: OTOK HVAR \u2013 Miro A. Mihovilovi\u0107 i suradnici)<\/p><\/div><\/div><\/div><div class='content-column one_third last_column'><div style=\"padding-right:0px;padding-left:6px;\"><p>Die \u00e4ltesten Denkm\u00e4ler sind die sogenannten Krojevi dvori (K\u00f6nigsh\u00f6fe), fr\u00fchmittelalterliche Geb\u00e4ude, die angeblich Sitz von vorkommunalen F\u00fcrsten gewesen sein sollen. Hier sind die \u00e4ltesten H\u00e4user von Vrbanj, und da sie sich auf Matija Ivanic beziehen, sind sie ein \u00e4u\u00dferst wichtiger Platz in der Geschichte von Hvar.<\/p><\/div><\/div><div class='clear_column'><\/div><\/p>\n<hr \/>\n<div class='content-column one_half'><div style=\"padding-right:6px;\"><p>Za\u0161ti\u0107ena kulturna dobra. Registar kulturnih dobara Republike Hrvatske br. 03\/2011.<br \/>\nDatum tiskanog izdanja: 10. 02. 2011.<br \/>\nBroj registra: Z-5013.<\/p><\/div><\/div><div class='content-column one_half last_column'><div style=\"padding-right:0px;padding-left:6px;\"><p>Gesch\u00fctztes Kulturgut. Register der Kulturg\u00fcter der Republik Kroatien Nr. 03\/2011.<br \/>\nVer\u00f6ffentlichungsdatum: 10. 02. 2011.<br \/>\nRegistriernummer: Z-5013.<\/p><\/div><\/div><div class='clear_column'><\/div><\/p>\n<hr \/>\n<p><strong>Linkovi \/ Links<\/strong><\/p>\n<p><span style=\"color: #3366ff;\"><a style=\"color: #3366ff;\" href=\"https:\/\/www.topohvar.at\/topo\/orte\/vj\/vj-tg-08-1\/\">Ku\u0107a \/ Haus \u00bbMatij Ivani\u0107\u00ab<\/a><\/span><\/p>\n","protected":false},"excerpt":{"rendered":"<p>Ime \/ Name Ruralna cjelina \u00bbKraljevi dvori\u00ab \/ L\u00e4ndliche Einheit &#8222;K\u00f6nigsh\u00f6fe&#8220; Code: VJ-AA-04\u00a0 \u00a0 \u00a0 \u00a0 \u00a0 \u00a0 \u00a0 \u00a0 \u00a0 \u00a0 \u00a0 \u00a0 \u00a0\u00a0 \u00a0 \u00a0 \u00a0 \u00a0\u00a0\u00a0 Adresa \/ Adresse Vrbanj, Kraljevi dvori Lokalna polo\u017eaj \/ Position Latitude: &hellip; <a href=\"https:\/\/www.topohvar.at\/topo\/orte\/vj\/vj-aa-04-1\/\">Weiterlesen <span class=\"meta-nav\">&rarr;<\/span><\/a><\/p>\n","protected":false},"author":1,"featured_media":0,"parent":111,"menu_order":0,"comment_status":"closed","ping_status":"closed","template":"","meta":{"footnotes":""},"class_list":["post-6675","page","type-page","status-publish","hentry"],"_links":{"self":[{"href":"https:\/\/www.topohvar.at\/topo\/wp-json\/wp\/v2\/pages\/6675","targetHints":{"allow":["GET"]}}],"collection":[{"href":"https:\/\/www.topohvar.at\/topo\/wp-json\/wp\/v2\/pages"}],"about":[{"href":"https:\/\/www.topohvar.at\/topo\/wp-json\/wp\/v2\/types\/page"}],"author":[{"embeddable":true,"href":"https:\/\/www.topohvar.at\/topo\/wp-json\/wp\/v2\/users\/1"}],"replies":[{"embeddable":true,"href":"https:\/\/www.topohvar.at\/topo\/wp-json\/wp\/v2\/comments?post=6675"}],"version-history":[{"count":20,"href":"https:\/\/www.topohvar.at\/topo\/wp-json\/wp\/v2\/pages\/6675\/revisions"}],"predecessor-version":[{"id":41811,"href":"https:\/\/www.topohvar.at\/topo\/wp-json\/wp\/v2\/pages\/6675\/revisions\/41811"}],"up":[{"embeddable":true,"href":"https:\/\/www.topohvar.at\/topo\/wp-json\/wp\/v2\/pages\/111"}],"wp:attachment":[{"href":"https:\/\/www.topohvar.at\/topo\/wp-json\/wp\/v2\/media?parent=6675"}],"curies":[{"name":"wp","href":"https:\/\/api.w.org\/{rel}","templated":true}]}}