{"id":6677,"date":"2018-08-21T14:27:41","date_gmt":"2018-08-21T12:27:41","guid":{"rendered":"https:\/\/www.topohvar.at\/?page_id=6677"},"modified":"2020-10-02T18:18:17","modified_gmt":"2020-10-02T16:18:17","slug":"vj-aa-03-1","status":"publish","type":"page","link":"https:\/\/www.topohvar.at\/topo\/orte\/vj\/vj-aa-03-1\/","title":{"rendered":"VRBANJ &#8211; Sekundarno naselje \u00bbRa\u0161nik\u00ab"},"content":{"rendered":"<p><strong><img loading=\"lazy\" decoding=\"async\" class=\"alignnone wp-image-6560 size-large\" src=\"https:\/\/www.topohvar.at\/wp-content\/uploads\/2018\/08\/vj-aa-03-0-1024x503.jpg\" alt=\"\" width=\"640\" height=\"314\" srcset=\"https:\/\/www.topohvar.at\/wp-content\/uploads\/2018\/08\/vj-aa-03-0-1024x503.jpg 1024w, https:\/\/www.topohvar.at\/wp-content\/uploads\/2018\/08\/vj-aa-03-0-300x147.jpg 300w, https:\/\/www.topohvar.at\/wp-content\/uploads\/2018\/08\/vj-aa-03-0-768x377.jpg 768w, https:\/\/www.topohvar.at\/wp-content\/uploads\/2018\/08\/vj-aa-03-0.jpg 1080w\" sizes=\"auto, (max-width: 640px) 100vw, 640px\" \/><\/strong><\/p>\n<p><strong>Ime \/ Name<br \/>\n<\/strong>Sekundarno naselje \/ Sekund\u00e4rsiedlung \u00bbRa\u0161nik\u00ab<\/p>\n<p><strong>Code: <\/strong>VJ-AA-03\u00a0 \u00a0 \u00a0 \u00a0 \u00a0 \u00a0 \u00a0 \u00a0<strong>\u00a0 \u00a0 \u00a0 \u00a0 \u00a0 \u00a0 \u00a0 \u00a0 \u00a0 \u00a0<a href=\"https:\/\/www.topohvar.at\/orte\/vj\/vj-aa-04-1\/\"><img loading=\"lazy\" decoding=\"async\" class=\"alignnone wp-image-533 size-full\" src=\"https:\/\/www.topohvar.at\/wp-content\/uploads\/2018\/07\/push-l-30.jpg\" alt=\"\" width=\"61\" height=\"30\" \/><\/a>\u00a0<a href=\"https:\/\/www.topohvar.at\/orte\/vj\/\"><img loading=\"lazy\" decoding=\"async\" class=\"alignnone wp-image-535 size-full\" src=\"https:\/\/www.topohvar.at\/wp-content\/uploads\/2018\/07\/push-o-30.jpg\" alt=\"\" width=\"61\" height=\"30\" \/><\/a>\u00a0<a href=\"https:\/\/www.topohvar.at\/orte\/vj\/vj-aa-05-1\/\"><img loading=\"lazy\" decoding=\"async\" class=\"alignnone wp-image-536 size-full\" src=\"https:\/\/www.topohvar.at\/wp-content\/uploads\/2018\/07\/push-r-30.jpg\" alt=\"\" width=\"61\" height=\"30\" \/><\/a> <a href=\"https:\/\/www.topohvar.at\/orte\/vj\/vj-au-10-1\/\"><img loading=\"lazy\" decoding=\"async\" class=\"alignnone wp-image-12299 size-full\" src=\"https:\/\/www.topohvar.at\/wp-content\/uploads\/2018\/09\/push-next-30.jpg\" alt=\"\" width=\"61\" height=\"30\" \/><\/a><\/strong><\/p>\n<hr \/>\n<p><strong>Adresa \/ Adresse<br \/>\n<\/strong>Vrbanj, Polje,\u00a0Ra\u0161nik<\/p>\n<p><strong>Lokalna polo\u017eaj \/ Position<a href=\"https:\/\/goo.gl\/maps\/esbKAqk2Kn6W9xud6\"><img loading=\"lazy\" decoding=\"async\" class=\"alignright wp-image-6886\" src=\"https:\/\/www.topohvar.at\/wp-content\/uploads\/2018\/08\/0899.jpg\" alt=\"\" width=\"134\" height=\"100\" \/><\/a><br \/>\n<\/strong><span style=\"color: #3366ff;\"><a style=\"color: #3366ff;\" href=\"https:\/\/goo.gl\/maps\/esbKAqk2Kn6W9xud6\">Latitude: N 43,18692\u00b0\u00a0 \u00a0 Longitude: E 16,64307\u00b0\u00a0<\/a><\/span><strong><br \/>\n<\/strong>Visina \/ H\u00f6he: 25 m<\/p>\n<p><strong>Zemlji\u0161te \/ Grundst\u00fccke<br \/>\n<\/strong><\/p>\n<p>10, 11, 12, 13\/1, 20\/4, 18, 20\/3, 20\/2, 20\/1, 19, 14, 15\/1, 15\/2, 16\/1, 16\/2, 17, 35, 38\/7, 38\/6, 38\/5, 38\/3, 39, 38\/2<\/p>\n<div class='content-column one_half'><div style=\"padding-right:6px;\"><p><strong>Datum snimanja \/ Erfassungsdatum<br \/>\n<\/strong>22.05.2018 10:50:00<\/p>\n<hr \/>\n<p><strong>Informacije<\/strong><\/p>\n<p>Sekundarno naselje \u2013 \u201eRa\u0161nik\u201c<\/p>\n<p>Na sjevernim rubovima Starogradskog polja nekoliko je malih zaselaka. U njima se stanovalo samo\u00a0 povremeno, sezonski, a vezano uz proljetno okopavanje vinograda, ljetnu ispa\u0161u koza i ovaca ili jesensku berbu gro\u017e\u0111a i maslina.<\/p><\/div><\/div><div class='content-column one_half last_column'><div style=\"padding-right:0px;padding-left:6px;\"><p><strong>Za\u0161titni polo\u017eaj \/ Schutzstellung<br \/>\n<\/strong>P-2035<\/p>\n<hr \/>\n<p><strong>Info<\/strong><\/p>\n<p>Sekund\u00e4rsiedlung \u2013 \u201eRa\u0161nik\u201c<\/p>\n<p>Es gibt mehrere kleine Weiler am n\u00f6rdlichen Rand des Stari-Grader Feldes. Sie waren meist nur saisonal bewohnt, in Bezug auf Fr\u00fchlingsweing\u00e4rten, Sommerweiden Ziegen und Schafe oder Herbsternte von Trauben und Oliven.<\/p><\/div><\/div><div class='clear_column'><\/div><div class='content-column one_half'><div style=\"padding-right:6px;\"><p>Najve\u0107i zaseok\u00a0 je Humac iznad uvale Basine, a manji su Ra\u0161nik i Maslinovik. Ku\u0107e, naj\u010de\u0161\u0107e jednokatnice, gra\u0111ene su od lomljenog kamena, povezanog vapnenim mortom,\u00a0 s konobom u prizemlju, a sobama na katu. U stambeni dio ulazi se vanjskim stubi\u0161tem preko sulara, terase, a pod sularom je ulaz u konobu. Okolo su manje prizemnice. U jednoj je obi\u010dno kru\u0161na pe\u0107 koju je koristilo nekoliko doma\u0107instava. Druge su \u0161tale za magarce i koze.<\/p><\/div><\/div><div class='content-column one_half last_column'><div style=\"padding-right:0px;padding-left:6px;\"><p>Der gr\u00f6\u00dfte Ort ist Humac oberhalb der Basina-Bucht, kleinere sind Ra\u0161nik und Maslinik. Die H\u00e4user, meist einst\u00f6ckig, bestanden aus Bruchsteinen die mit Kalkm\u00f6rtel vermauert waren, einer Taverne im Erdgeschoss und den Zimmern dar\u00fcber. Den Wohnbereich betritt man \u00fcber eine Au\u00dfentreppe und den Sular, eine Terrasse und unter sich der Eingang zur Taverne befindet. Neben dem Hauptgeb\u00e4ude gibt weiter eingeschossige Geb\u00e4ude. In einem ist normalerweise ein Backofen, der von mehreren Haushalten benutzt wird. Andere dienen der Unterbringung von Esel und Ziegen.<\/p><\/div><\/div><div class='clear_column'><\/div><\/p>\n<hr \/>\n<p><strong>Linkovi \/ Links<\/strong><\/p>\n<p>Trima na podru\u010dju naselja \/ Trims im Bereich der Siedlung<\/p>\n<p><span style=\"color: #3366ff;\"><a style=\"color: #3366ff;\" href=\"https:\/\/www.topohvar.at\/orte\/vj\/vj-tr-35-1\/\">Trim \u00bbVJ-TR-35\u00ab<\/a>\u00a0 \u00a0 <a style=\"color: #3366ff;\" href=\"https:\/\/www.topohvar.at\/orte\/vj\/vj-tr-36-1\/\">Trim \u00bbVJ-TR-36\u00ab<\/a>\u00a0 \u00a0<a style=\"color: #3366ff;\" href=\"https:\/\/www.topohvar.at\/orte\/vj\/vj-tr-37-1\/\">Trim \u00bbVJ-TR-37\u00ab<\/a>\u00a0 \u00a0<a style=\"color: #3366ff;\" href=\"https:\/\/www.topohvar.at\/orte\/vj\/vj-tr-38-1\/\">Trim \u00bbVJ-TR-38\u00ab<\/a><\/span><\/p>\n","protected":false},"excerpt":{"rendered":"<p>Ime \/ Name Sekundarno naselje \/ Sekund\u00e4rsiedlung \u00bbRa\u0161nik\u00ab Code: VJ-AA-03\u00a0 \u00a0 \u00a0 \u00a0 \u00a0 \u00a0 \u00a0 \u00a0\u00a0 \u00a0 \u00a0 \u00a0 \u00a0 \u00a0 \u00a0 \u00a0 \u00a0 \u00a0\u00a0\u00a0 Adresa \/ Adresse Vrbanj, Polje,\u00a0Ra\u0161nik Lokalna polo\u017eaj \/ Position Latitude: N 43,18692\u00b0\u00a0 \u00a0 Longitude: &hellip; <a href=\"https:\/\/www.topohvar.at\/topo\/orte\/vj\/vj-aa-03-1\/\">Weiterlesen <span class=\"meta-nav\">&rarr;<\/span><\/a><\/p>\n","protected":false},"author":1,"featured_media":0,"parent":111,"menu_order":0,"comment_status":"closed","ping_status":"closed","template":"","meta":{"footnotes":""},"class_list":["post-6677","page","type-page","status-publish","hentry"],"_links":{"self":[{"href":"https:\/\/www.topohvar.at\/topo\/wp-json\/wp\/v2\/pages\/6677","targetHints":{"allow":["GET"]}}],"collection":[{"href":"https:\/\/www.topohvar.at\/topo\/wp-json\/wp\/v2\/pages"}],"about":[{"href":"https:\/\/www.topohvar.at\/topo\/wp-json\/wp\/v2\/types\/page"}],"author":[{"embeddable":true,"href":"https:\/\/www.topohvar.at\/topo\/wp-json\/wp\/v2\/users\/1"}],"replies":[{"embeddable":true,"href":"https:\/\/www.topohvar.at\/topo\/wp-json\/wp\/v2\/comments?post=6677"}],"version-history":[{"count":13,"href":"https:\/\/www.topohvar.at\/topo\/wp-json\/wp\/v2\/pages\/6677\/revisions"}],"predecessor-version":[{"id":41812,"href":"https:\/\/www.topohvar.at\/topo\/wp-json\/wp\/v2\/pages\/6677\/revisions\/41812"}],"up":[{"embeddable":true,"href":"https:\/\/www.topohvar.at\/topo\/wp-json\/wp\/v2\/pages\/111"}],"wp:attachment":[{"href":"https:\/\/www.topohvar.at\/topo\/wp-json\/wp\/v2\/media?parent=6677"}],"curies":[{"name":"wp","href":"https:\/\/api.w.org\/{rel}","templated":true}]}}