{"id":6685,"date":"2018-08-21T14:34:51","date_gmt":"2018-08-21T12:34:51","guid":{"rendered":"https:\/\/www.topohvar.at\/?page_id=6685"},"modified":"2020-12-18T06:49:16","modified_gmt":"2020-12-18T05:49:16","slug":"vj-ci-02-1","status":"publish","type":"page","link":"https:\/\/www.topohvar.at\/topo\/orte\/vj\/vj-ci-02-1\/","title":{"rendered":"VRBANJ &#8211; Crkva \u00bbSv. Kuzme i Damjana\u00ab"},"content":{"rendered":"<p><strong><img loading=\"lazy\" decoding=\"async\" class=\"alignnone wp-image-6566 size-large\" src=\"https:\/\/www.topohvar.at\/wp-content\/uploads\/2018\/08\/VJ-CI-02-0-1024x503.jpg\" alt=\"\" width=\"640\" height=\"314\" srcset=\"https:\/\/www.topohvar.at\/wp-content\/uploads\/2018\/08\/VJ-CI-02-0-1024x503.jpg 1024w, https:\/\/www.topohvar.at\/wp-content\/uploads\/2018\/08\/VJ-CI-02-0-300x147.jpg 300w, https:\/\/www.topohvar.at\/wp-content\/uploads\/2018\/08\/VJ-CI-02-0-768x377.jpg 768w, https:\/\/www.topohvar.at\/wp-content\/uploads\/2018\/08\/VJ-CI-02-0.jpg 1080w\" sizes=\"auto, (max-width: 640px) 100vw, 640px\" \/><\/strong><\/p>\n<p><strong>Ime \/ Name<br \/>\n<\/strong>Crkva \u00bbSv. Kuzme i Damjana\u00ab \/ Kirche der hl. Cosma und Damian<\/p>\n<p><strong>Code: <\/strong>VJ-CI-02 (E-E5-4) \u00a0 \u00a0 \u00a0 \u00a0 \u00a0 \u00a0 \u00a0 \u00a0 \u00a0 \u00a0 \u00a0 \u00a0 <strong>\u00a0 \u00a0 \u00a0 \u00a0 \u00a0<a href=\"https:\/\/www.topohvar.at\/orte\/vj\/vj-ci-01-1\/\"><img loading=\"lazy\" decoding=\"async\" class=\"alignnone wp-image-533 size-full\" src=\"https:\/\/www.topohvar.at\/wp-content\/uploads\/2018\/07\/push-l-30.jpg\" alt=\"\" width=\"61\" height=\"30\" \/><\/a>\u00a0<a href=\"https:\/\/www.topohvar.at\/orte\/vj\/\"><img loading=\"lazy\" decoding=\"async\" class=\"alignnone wp-image-535 size-full\" src=\"https:\/\/www.topohvar.at\/wp-content\/uploads\/2018\/07\/push-o-30.jpg\" alt=\"\" width=\"61\" height=\"30\" \/><\/a>\u00a0<a href=\"https:\/\/www.topohvar.at\/orte\/vj\/vj-ck-01-1\/\"><img loading=\"lazy\" decoding=\"async\" class=\"alignnone wp-image-536 size-full\" src=\"https:\/\/www.topohvar.at\/wp-content\/uploads\/2018\/07\/push-r-30.jpg\" alt=\"\" width=\"61\" height=\"30\" \/><\/a><\/strong><\/p>\n<hr \/>\n<p><strong>Adresa \/ Adresse<br \/>\n<\/strong>Vrbanj, Polje<\/p>\n<p><strong>Lokalna polo\u017eaj \/ Position<a href=\"https:\/\/goo.gl\/maps\/q4juuAVgbYPTc4ts9\"><img loading=\"lazy\" decoding=\"async\" class=\"alignright wp-image-6909\" src=\"https:\/\/www.topohvar.at\/wp-content\/uploads\/2018\/08\/0865.jpg\" alt=\"\" width=\"134\" height=\"100\" \/><\/a><br \/>\n<\/strong><span style=\"color: #3366ff;\"><a style=\"color: #3366ff;\" href=\"https:\/\/goo.gl\/maps\/q4juuAVgbYPTc4ts9\">Latitude: N 43,16986\u00b0\u00a0 \u00a0 Longitude: E 16,64612\u00b0\u00a0<\/a><\/span><strong><br \/>\n<\/strong>Visina \/ H\u00f6he: 53 m<\/p>\n<p><strong>Zemlji\u0161te \/ Grundst\u00fccke<br \/>\n<\/strong>*59\/4, 2416<div class='content-column one_half'><div style=\"padding-right:6px;\"><p><strong>Datum snimanja \/ Erfassungsdatum<br \/>\n<\/strong>16.05.2012 09:45:00<\/p>\n<hr \/>\n<p><strong>Informacije<\/strong><\/p>\n<p>Crkva sv. Kuzme i Damjana izgra\u0111ena je u polju, sjeverno od naselja te ispod novog mjesnog groblja Vrbanja. Utemeljena je 1403. godine oporukom Vrbanjanina Stipana Bilopopi\u0107a i bratov\u0161tina sv.Kuzme i Damjana. U XV. stolje\u0107u bila je u funkciji \u017eupne crkve Staroga Grada, Dola i Vrbanja. Po\u010detkom XIX. Stolje\u0107a, crkva je zapu\u0161tena, a 1888. godine je obnovljena i vra\u0107ena bogoslu\u017eju.<\/p><\/div><\/div><div class='content-column one_half last_column'><div style=\"padding-right:0px;padding-left:6px;\"><p><strong>Za\u0161titni polo\u017eaj \/ Schutzstellung<br \/>\n<\/strong>Z-5755, P-856<\/p>\n<hr \/>\n<p><strong>Info<\/strong><\/p>\n<p>Die Kirche der Heiligen Cosma und Damian wurden auf einem Feld n\u00f6rdlich des Dorfes und unterhalb des neuen \u00f6rtlichen Friedhofs von Vrbanj gebaut. Sie wurde 1403 nach dem letzten Willen des Vrbanjaner Stipan Bilopopi\u0107 durch die Bruderschaft der Heiligen Cosma und Damian errichtet. Im 15. Jahrhundert diente sie als Pfarrkirche f\u00fcr Stari Grad, Dol und Vrbanj. Zu Beginn von XIX. F\u00fcr Jahrhunderte wurde die Kirche verlassen, 1888 aber restauriert und wieder f\u00fcr Gottesdienste bereit gestellt.<\/p><\/div><\/div><div class='clear_column'><\/div><div class='content-column one_half'><div style=\"padding-right:6px;\"><p>Uz crkvu se nalazi i neistra\u017eeno srednjovjekovno groblje. Postupno napu\u0161tanje ove crkve i preseljenje te\u017ei\u0161ta vjerske prakse na crkvu sv. Duha vezano je uz osnivanje \u017eupe u Vrbanju sredinom 15. st., ja\u010danje pu\u010dkih bratov\u0161tina, te emancipaciju zajednica sredi\u0161njeg dijela otoka od vlasti (izme\u0111u ostalog i crkvene) u Hvaru, procesu koja je kulminirao pu\u010dkim ustankom po\u010detkom 16. st (Dubokovi\u0107-Nadalini, 1959.).<\/p><\/div><\/div><div class='content-column one_half last_column'><div style=\"padding-right:0px;padding-left:6px;\"><p>Neben der Kirche befindet sich ein unerforschter mittelalterlicher Friedhof. Die allm\u00e4hliche Aufgabe dieser Kirche und die Verlagerung des Schwerpunkts der religi\u00f6sen Praxis in die Kirche zum Heiligen Geist war verbunden mit der Gr\u00fcndung der Pfarre Vrbanj in der Mitte des 15. Jahrhunderts, einer St\u00e4rkung der Bruderschaften und der Emanzipation der Gemeinden im zentralen Teils der Insel von den Beh\u00f6rden (einschlie\u00dflich der Kirche) in Hvar, ein Prozess, der im fr\u00fchen 16. Jahrhundert im Volksaufstand gipfelte (Dubokovi\u0107-Nadalini, 1959).<\/p><\/div><\/div><div class='clear_column'><\/div><div class='content-column one_half'><div style=\"padding-right:6px;\"><p>Jednobrodna crkva zidana je priklesanim kamenom u horizontalnim redovima, brod crkve presvo\u0111en je prelomljenim svodom, a kvadrati\u010dna apsida ima ba\u010dvasti svod zidan nad jednostavnim vijencem kvadrati\u010dna presjeka. Krov je prekriven kamenim plo\u010dama. U osi glavnog pro\u010delja je jednostavan ulaz u kamenim pragovima i visoka zidana preslica. 2011.g. blagoslovljeno je novo zvono.<\/p><\/div><\/div><div class='content-column one_half last_column'><div style=\"padding-right:0px;padding-left:6px;\"><p>Die einschiffige Kirche hat W\u00e4nde aus behauenen Steinen in horizontalen Reihen. Das Kirchenschiff hat ein Gew\u00f6lbe mit Spitzb\u00f6gen,\u00a0 die quadratische Apsis ein Tonnengew\u00f6lbe \u00fcber einem einfachen Gesimse. Das Dach ist mit Steinplatten bedeckt. In der Achse der Hauptfassade befindet sich heute ein einfacher Eingang in Steinschwelle und ein hohes T\u00fcrmchen. Im Jahr 2011 wurde eine neue Glocke geweiht.<\/p><\/div><\/div><div class='clear_column'><\/div><div class='content-column one_half'><div style=\"padding-right:6px;\"><p>Smatra se da crkva je jedan od najljep\u0161ih primjera sakralne arhitekture razvijenog srednjeg vijeka na otoku Hvaru.<\/p><\/div><\/div><div class='content-column one_half last_column'><div style=\"padding-right:0px;padding-left:6px;\"><p>Die Kirche gilt als eines der sch\u00f6nsten Beispiele f\u00fcr die sakrale Architektur des entwickelten Mittelalters auf der Insel Hvar.<\/p><\/div><\/div><div class='clear_column'><\/div><div class='content-column one_half'><div style=\"padding-right:6px;\"><p>Registra kilzutnih dobara Republike Hrvartske br. 03\/2012, lista za\u0161ti\u0107enih kulturnih dobara:<br \/>\nBroj registra: Z-5755<br \/>\nRje\u0161enje: 30.8.2012<\/p><\/div><\/div><div class='content-column one_half last_column'><div style=\"padding-right:0px;padding-left:6px;\"><p>Register der Kulturg\u00fcter der Republik Kroatien Nr. 02\/2016, Liste der gesch\u00fctzten Kulturg\u00fcter:<br \/>\nRegistrierungsnummer: Z-5755<br \/>\nEntscheidung vom: 30.8.2012<\/p><\/div><\/div><div class='clear_column'><\/div><\/p>\n<hr \/>\n<p><strong>Linkovi \/ Links<\/strong><\/p>\n<p>&#8211;<\/p>\n","protected":false},"excerpt":{"rendered":"<p>Ime \/ Name Crkva \u00bbSv. Kuzme i Damjana\u00ab \/ Kirche der hl. Cosma und Damian Code: VJ-CI-02 (E-E5-4) \u00a0 \u00a0 \u00a0 \u00a0 \u00a0 \u00a0 \u00a0 \u00a0 \u00a0 \u00a0 \u00a0 \u00a0 \u00a0 \u00a0 \u00a0 \u00a0 \u00a0\u00a0\u00a0 Adresa \/ Adresse Vrbanj, Polje &hellip; <a href=\"https:\/\/www.topohvar.at\/topo\/orte\/vj\/vj-ci-02-1\/\">Weiterlesen <span class=\"meta-nav\">&rarr;<\/span><\/a><\/p>\n","protected":false},"author":1,"featured_media":0,"parent":111,"menu_order":0,"comment_status":"closed","ping_status":"closed","template":"","meta":{"footnotes":""},"class_list":["post-6685","page","type-page","status-publish","hentry"],"_links":{"self":[{"href":"https:\/\/www.topohvar.at\/topo\/wp-json\/wp\/v2\/pages\/6685","targetHints":{"allow":["GET"]}}],"collection":[{"href":"https:\/\/www.topohvar.at\/topo\/wp-json\/wp\/v2\/pages"}],"about":[{"href":"https:\/\/www.topohvar.at\/topo\/wp-json\/wp\/v2\/types\/page"}],"author":[{"embeddable":true,"href":"https:\/\/www.topohvar.at\/topo\/wp-json\/wp\/v2\/users\/1"}],"replies":[{"embeddable":true,"href":"https:\/\/www.topohvar.at\/topo\/wp-json\/wp\/v2\/comments?post=6685"}],"version-history":[{"count":14,"href":"https:\/\/www.topohvar.at\/topo\/wp-json\/wp\/v2\/pages\/6685\/revisions"}],"predecessor-version":[{"id":6908,"href":"https:\/\/www.topohvar.at\/topo\/wp-json\/wp\/v2\/pages\/6685\/revisions\/6908"}],"up":[{"embeddable":true,"href":"https:\/\/www.topohvar.at\/topo\/wp-json\/wp\/v2\/pages\/111"}],"wp:attachment":[{"href":"https:\/\/www.topohvar.at\/topo\/wp-json\/wp\/v2\/media?parent=6685"}],"curies":[{"name":"wp","href":"https:\/\/api.w.org\/{rel}","templated":true}]}}