{"id":6697,"date":"2018-08-21T14:46:01","date_gmt":"2018-08-21T12:46:01","guid":{"rendered":"https:\/\/www.topohvar.at\/?page_id=6697"},"modified":"2022-03-12T19:44:38","modified_gmt":"2022-03-12T18:44:38","slug":"vj-ck-04-1","status":"publish","type":"page","link":"https:\/\/www.topohvar.at\/topo\/orte\/vj\/vj-ck-04-1\/","title":{"rendered":"VRBANJ &#8211; Crkvica \u00bbSv. Vid na Humu\u00ab"},"content":{"rendered":"<p><strong><img loading=\"lazy\" decoding=\"async\" class=\"alignnone wp-image-6570 size-large\" src=\"https:\/\/www.topohvar.at\/wp-content\/uploads\/2018\/08\/VJ-CK-04-0-1024x503.jpg\" alt=\"\" width=\"640\" height=\"314\" srcset=\"https:\/\/www.topohvar.at\/wp-content\/uploads\/2018\/08\/VJ-CK-04-0-1024x503.jpg 1024w, https:\/\/www.topohvar.at\/wp-content\/uploads\/2018\/08\/VJ-CK-04-0-300x147.jpg 300w, https:\/\/www.topohvar.at\/wp-content\/uploads\/2018\/08\/VJ-CK-04-0-768x377.jpg 768w, https:\/\/www.topohvar.at\/wp-content\/uploads\/2018\/08\/VJ-CK-04-0.jpg 1080w\" sizes=\"auto, (max-width: 640px) 100vw, 640px\" \/><\/strong><\/p>\n<p><strong>Ime \/ Name<br \/>\n<\/strong>Crkvica \u00bbSv. Vid na Humu\u00ab \/ kleine Kirche des hl. Vitus am Berg Hum<\/p>\n<p><strong>Code: <\/strong>VJ-CK-04\u00a0 \u00a0 \u00a0 \u00a0 \u00a0 \u00a0 \u00a0 \u00a0<strong>\u00a0 \u00a0 \u00a0 \u00a0 \u00a0 \u00a0 \u00a0 \u00a0 \u00a0 \u00a0<a href=\"https:\/\/www.topohvar.at\/orte\/vj\/vj-ck-03-1\/\"><img loading=\"lazy\" decoding=\"async\" class=\"alignnone wp-image-533 size-full\" src=\"https:\/\/www.topohvar.at\/wp-content\/uploads\/2018\/07\/push-l-30.jpg\" alt=\"\" width=\"61\" height=\"30\" \/><\/a>\u00a0<a href=\"https:\/\/www.topohvar.at\/orte\/vj\/\"><img loading=\"lazy\" decoding=\"async\" class=\"alignnone wp-image-535 size-full\" src=\"https:\/\/www.topohvar.at\/wp-content\/uploads\/2018\/07\/push-o-30.jpg\" alt=\"\" width=\"61\" height=\"30\" \/><\/a>\u00a0<a href=\"https:\/\/www.topohvar.at\/orte\/vj\/vj-ci-01-1\/\"><img loading=\"lazy\" decoding=\"async\" class=\"alignnone wp-image-536 size-full\" src=\"https:\/\/www.topohvar.at\/wp-content\/uploads\/2018\/07\/push-r-30.jpg\" alt=\"\" width=\"61\" height=\"30\" \/><\/a><\/strong><\/p>\n<hr \/>\n<p><strong>Adresa \/ Adresse<br \/>\n<\/strong>Vrbanj, Hum<\/p>\n<p><strong>Lokalna polo\u017eaj \/ Position<a href=\"https:\/\/goo.gl\/maps\/ChVh6ifvdK3vju8q8\"><img loading=\"lazy\" decoding=\"async\" class=\"alignright wp-image-6926\" src=\"https:\/\/www.topohvar.at\/wp-content\/uploads\/2018\/08\/0869.jpg\" alt=\"\" width=\"134\" height=\"100\" \/><\/a><br \/>\n<\/strong><span style=\"color: #3366ff;\"><a style=\"color: #3366ff;\" href=\"https:\/\/goo.gl\/maps\/ChVh6ifvdK3vju8q8\">Latitude: N 43,16769\u00b0\u00a0 \u00a0 Longitude: E 16,63401\u00b0\u00a0<\/a><\/span><strong><br \/>\n<\/strong>Visina \/ H\u00f6he: 208 m<\/p>\n<p><strong>Zemlji\u0161te \/ Grundst\u00fccke<br \/>\n<\/strong>*552<div class='content-column one_half'><div style=\"padding-right:6px;\"><p><strong>Datum snimanja \/ Erfassungsdatum<br \/>\n<\/strong>17.05.2012 14:30:00<\/p>\n<hr \/>\n<p><strong>Informacije<\/strong><\/p>\n<p>Na vrhu planine Hum bio je nekad ilirsko naselje s kamenom gomilima (<span style=\"color: #000000;\">Pretpovijesna nalazi\u0161ta &#8211; gomila sv. Vid &#8211; <span style=\"color: #3366ff;\"><a style=\"color: #3366ff;\" href=\"https:\/\/www.topohvar.at\/topo\/orte\/vj\/vj-pg-00-1\/#pg-01\">VJ-PG-01<\/a><\/span>)\u00a0<\/span>i utvrde. S tog polo\u017eaja se izvanredno vidi \u010ditav hvarski kanal dok joj Ager le\u017ei kao na dlanu. Iz te to\u010dke proze\u017ee se anti\u010dki put- cardo u pravcu sjever-jug i ve\u017ee se za drugi lokalitet u polju Maslinovik sa njegove sjeverne strane.<\/p><\/div><\/div><div class='content-column one_half last_column'><div style=\"padding-right:0px;padding-left:6px;\"><p><strong>Za\u0161titni polo\u017eaj \/ Schutzstellung<br \/>\n<\/strong>Z-5158, RST 293<\/p>\n<hr \/>\n<p><strong>Info<\/strong><\/p>\n<p>Auf der Spitze des Berges Hum befand sich einst eine illyrische Ansiedlung mit Steinh\u00fcgeln (<span style=\"color: #000000;\">Pr\u00e4historische St\u00e4tte &#8211; H\u00fcgel Sv. Vid &#8211; <span style=\"color: #3366ff;\"><a style=\"color: #3366ff;\" href=\"https:\/\/www.topohvar.at\/topo\/orte\/vj\/vj-pg-00-1\/#pg-01\">VJ-PG-01<\/a><\/span>)\u00a0<\/span>und Befestigungsanlagen. Von hier aus hat man wie auf einer Trib\u00fcne einen au\u00dfergew\u00f6hnlichen Blick auf den gesamten Hvarer-Kanal und das Feld Ager. Von diesem Punkt aus l\u00e4sst sich die antike Stra\u00dfe &#8211; Hauptschlagader in Nord-S\u00fcd Richtung &#8211; die mit einem anderen Ort im Norden im Bereich \u201eMaslinovik\u201c verbunden ist, \u00fcberwachen.<\/p><\/div><\/div><div class='clear_column'><\/div><div class='content-column one_half'><div style=\"padding-right:6px;\"><p>Prvotno je to bilo Perunovo sveti\u0161te a potom. U 10.-12. stolje\u0107u na tom mjestu je sagra\u0111ena predromani\u010dka crkvica Sv. Vida. Mala jednobrodna crkva pravokutnog tlocrta s polukru\u017enom apsidom. Uzdu\u017eni zidovi crkve su iznutra ra\u0161\u010dlanjen sa po tri slijepe arkade. Crkva je ra\u0111ena u pravilnim kvaderima i u pravilnim slojevima. Uzdu\u017eni, ju\u017eni zid crkve poru\u0161en je do visine oko pola metra dok je sjeverni uzdu\u017eni zid poru\u0161en do lukova ni\u0161a.<\/p><\/div><\/div><div class='content-column one_half last_column'><div style=\"padding-right:0px;padding-left:6px;\"><p>Urspr\u00fcnglich war hier das Heiligtum von Perun. Im 10. &#8211; 12. Jahrhundert wurde an dieser Stelle die vorromanische Kirche des hl. Vitus errichtet. Die kleine einschiffige Kirche hat einen rechteckigen Grundriss und eine halbkreisf\u00f6rmiger Apsis. Die L\u00e4ngsw\u00e4nde der Kirche sind innen durch drei Blindarkaden gegliedert. Die Kirche wurde mit regelm\u00e4\u00dfigen Steinquadern in regelm\u00e4\u00dfigen Schichten errichtet. Die s\u00fcdliche L\u00e4ngswand der Kirche ist bis zu einer H\u00f6he von etwa einem halben Meter zerst\u00f6rt, w\u00e4hrend die n\u00f6rdliche L\u00e4ngswand noch bis zu den B\u00f6gen der Nischen erhalten ist.<\/p><\/div><\/div><div class='clear_column'><\/div><div class='content-column one_half'><div style=\"padding-right:6px;\"><p>Registar kulturnih dobara Republike Hrvatske br. 01\/2011.<br \/>\nDatum tiskanog izdanja: 04. 08. 2011.<br \/>\nBroj registra Z-5158<\/p><\/div><\/div><div class='content-column one_half last_column'><div style=\"padding-right:0px;padding-left:6px;\"><p>Register der Kulturg\u00fcter der Republik Kroatien Nr. 01\/2011.<br \/>\nVer\u00f6ffentlichungsdatum: 04. 08. 2011.<br \/>\nRegistriernummer Z-5158<\/p><\/div><\/div><div class='clear_column'><\/div><\/p>\n<hr \/>\n<p><strong>Linkovi \/ Links<\/strong><\/p>\n<p>&#8211;<\/p>\n","protected":false},"excerpt":{"rendered":"<p>Ime \/ Name Crkvica \u00bbSv. Vid na Humu\u00ab \/ kleine Kirche des hl. Vitus am Berg Hum Code: VJ-CK-04\u00a0 \u00a0 \u00a0 \u00a0 \u00a0 \u00a0 \u00a0 \u00a0\u00a0 \u00a0 \u00a0 \u00a0 \u00a0 \u00a0 \u00a0 \u00a0 \u00a0 \u00a0\u00a0\u00a0 Adresa \/ Adresse Vrbanj, Hum &hellip; <a href=\"https:\/\/www.topohvar.at\/topo\/orte\/vj\/vj-ck-04-1\/\">Weiterlesen <span class=\"meta-nav\">&rarr;<\/span><\/a><\/p>\n","protected":false},"author":1,"featured_media":0,"parent":111,"menu_order":0,"comment_status":"closed","ping_status":"closed","template":"","meta":{"footnotes":""},"class_list":["post-6697","page","type-page","status-publish","hentry"],"_links":{"self":[{"href":"https:\/\/www.topohvar.at\/topo\/wp-json\/wp\/v2\/pages\/6697","targetHints":{"allow":["GET"]}}],"collection":[{"href":"https:\/\/www.topohvar.at\/topo\/wp-json\/wp\/v2\/pages"}],"about":[{"href":"https:\/\/www.topohvar.at\/topo\/wp-json\/wp\/v2\/types\/page"}],"author":[{"embeddable":true,"href":"https:\/\/www.topohvar.at\/topo\/wp-json\/wp\/v2\/users\/1"}],"replies":[{"embeddable":true,"href":"https:\/\/www.topohvar.at\/topo\/wp-json\/wp\/v2\/comments?post=6697"}],"version-history":[{"count":12,"href":"https:\/\/www.topohvar.at\/topo\/wp-json\/wp\/v2\/pages\/6697\/revisions"}],"predecessor-version":[{"id":58040,"href":"https:\/\/www.topohvar.at\/topo\/wp-json\/wp\/v2\/pages\/6697\/revisions\/58040"}],"up":[{"embeddable":true,"href":"https:\/\/www.topohvar.at\/topo\/wp-json\/wp\/v2\/pages\/111"}],"wp:attachment":[{"href":"https:\/\/www.topohvar.at\/topo\/wp-json\/wp\/v2\/media?parent=6697"}],"curies":[{"name":"wp","href":"https:\/\/api.w.org\/{rel}","templated":true}]}}