{"id":67051,"date":"2024-05-14T09:35:58","date_gmt":"2024-05-14T07:35:58","guid":{"rendered":"https:\/\/www.topohvar.at\/topo\/?page_id=67051"},"modified":"2024-07-08T16:34:12","modified_gmt":"2024-07-08T14:34:12","slug":"vk-tr-08-1","status":"publish","type":"page","link":"https:\/\/www.topohvar.at\/topo\/orte\/vk\/vk-tr-08-1\/","title":{"rendered":"VRISNIK &#8211; Trim \u00bbVK-TR-08\u00ab"},"content":{"rendered":"<p><a name=\"seite_oben\"><\/a><strong><img loading=\"lazy\" decoding=\"async\" class=\"alignnone wp-image-67055 size-full\" src=\"https:\/\/www.topohvar.at\/wp-content\/uploads\/2024\/05\/vk-tr-08-10.jpg\" alt=\"\" width=\"1080\" height=\"530\" srcset=\"https:\/\/www.topohvar.at\/wp-content\/uploads\/2024\/05\/vk-tr-08-10.jpg 1080w, https:\/\/www.topohvar.at\/wp-content\/uploads\/2024\/05\/vk-tr-08-10-300x147.jpg 300w, https:\/\/www.topohvar.at\/wp-content\/uploads\/2024\/05\/vk-tr-08-10-1024x503.jpg 1024w, https:\/\/www.topohvar.at\/wp-content\/uploads\/2024\/05\/vk-tr-08-10-768x377.jpg 768w\" sizes=\"auto, (max-width: 1080px) 100vw, 1080px\" \/><\/strong><\/p>\n<p><strong>Ime \/ Name<br \/>\n<\/strong>Trim \u00bbVK-TR-08\u00ab<\/p>\n<p><strong>Code: <\/strong>VK-TR-08\u00a0 \u00a0 \u00a0 \u00a0 \u00a0 \u00a0 \u00a0 \u00a0<strong>\u00a0 \u00a0 \u00a0 \u00a0 \u00a0 \u00a0 \u00a0 \u00a0 \u00a0 <a href=\"https:\/\/www.topohvar.at\/orte\/vk\/vk-tr-00-1\/\"><img loading=\"lazy\" decoding=\"async\" class=\"alignnone wp-image-12300 size-full\" src=\"https:\/\/www.topohvar.at\/wp-content\/uploads\/2018\/09\/push-vor-30.jpg\" alt=\"\" width=\"61\" height=\"30\" \/><\/a> <a href=\"https:\/\/www.topohvar.at\/orte\/vk\/vk-tr-05-1\/\"><img loading=\"lazy\" decoding=\"async\" class=\"alignnone wp-image-533 size-full\" src=\"https:\/\/www.topohvar.at\/wp-content\/uploads\/2018\/07\/push-l-30.jpg\" alt=\"\" width=\"61\" height=\"30\" \/><\/a>\u00a0<a href=\"https:\/\/www.topohvar.at\/orte\/vk\/\"><img loading=\"lazy\" decoding=\"async\" class=\"alignnone wp-image-535 size-full\" src=\"https:\/\/www.topohvar.at\/wp-content\/uploads\/2018\/07\/push-o-30.jpg\" alt=\"\" width=\"61\" height=\"30\" \/><\/a>\u00a0<a href=\"https:\/\/www.topohvar.at\/orte\/vk\/vk-tr-09-1\/\"><img loading=\"lazy\" decoding=\"async\" class=\"alignnone wp-image-536 size-full\" src=\"https:\/\/www.topohvar.at\/wp-content\/uploads\/2018\/07\/push-r-30.jpg\" alt=\"\" width=\"61\" height=\"30\" \/><\/a><\/strong><\/p>\n<hr \/>\n<p><strong>Adresa \/ Adresse<br \/>\n<\/strong>Vrisnik, u blizini ceste Jelsa &#8211; Svir\u010de \/ nahe der Stra\u00dfe von Jelsa nach Svir\u010de<\/p>\n<p><strong>Lokacija<\/strong><strong> \/ Position<a href=\"https:\/\/maps.app.goo.gl\/DNpNimaghqQR1odN9\"><img loading=\"lazy\" decoding=\"async\" class=\"alignright wp-image-67053\" src=\"https:\/\/www.topohvar.at\/wp-content\/uploads\/2024\/05\/4105.jpg\" alt=\"\" width=\"134\" height=\"100\" \/><\/a><br \/>\n<\/strong><span style=\"color: #3366ff;\"><a style=\"color: #3366ff;\" href=\"https:\/\/maps.app.goo.gl\/DNpNimaghqQR1odN9\">Latitude: N 43,16177\u00b0\u00a0 \u00a0 Longitude: E 16,66598\u00b0<\/a>\u00a0<\/span><strong><br \/>\n<\/strong>Visina \/ H\u00f6he: 34 m<\/p>\n<p><strong>Katastarska \u010destica\u00a0<\/strong><strong> \/ Grundst\u00fccke<br \/>\n<\/strong>2113\/1<div class='content-column one_half'><div style=\"padding-right:6px;\"><p><strong>Datum snimanja \/ Erfassungsdatum<br \/>\n<\/strong>07.05.2024 10:53:29<\/p>\n<hr \/>\n<p><strong>Informacije<\/strong><\/p>\n<p>Trim se nalazi na podru\u010dju Polande, na rubu maslinika, ju\u017eno od ceste koja iz Svir\u010da vodi prema Jelsi. Vrlo mali Trim nalazi se u velikoj hrpi kamenja. Ulaz se sastoji od pojedina\u010dnih velikih kamenih blokova. Kamenje u ulaznom dijelu ote\u017eava pristup \u010detvrtastom, niskom interijeru. Trim se vi\u0161e ne koristi.<\/p><\/div><\/div><div class='content-column one_half last_column'><div style=\"padding-right:0px;padding-left:6px;\"><p><strong>Stupanj za\u0161tite\u00a0<\/strong><strong> \/ Schutzstellung<br \/>\n<\/strong>&#8211;<\/p>\n<hr \/>\n<p><strong>Info<\/strong><\/p>\n<p>Der Trim liegt in der Gegend Polanda, am Rande eines Olivengartens, s\u00fcdlich der Stra\u00dfe, die von Svir\u010de nach Jelsa f\u00fchrt. Der sehr kleine Trim befindet sich in einem gro\u00dfen Steinhaufen. Der Eingang besteht aus einzelnen gro\u00dfen Steinbl\u00f6cken. Steine im Eingangsbereich erschweren den Zugang in den viereckigen, niedrigen Innenraum. Der Trim wird nicht mehr genutzt.<\/p><\/div><\/div><div class='clear_column'><\/div><div class='content-column one_half'><div style=\"padding-right:6px;\"><div id=\"attachment_68934\" style=\"width: 310px\" class=\"wp-caption aligncenter\"><img loading=\"lazy\" decoding=\"async\" aria-describedby=\"caption-attachment-68934\" class=\"wp-image-68934 size-medium\" src=\"https:\/\/www.topohvar.at\/wp-content\/uploads\/2024\/06\/vk-tr-08-20-300x300.jpg\" alt=\"\" width=\"300\" height=\"300\" srcset=\"https:\/\/www.topohvar.at\/wp-content\/uploads\/2024\/06\/vk-tr-08-20-300x300.jpg 300w, https:\/\/www.topohvar.at\/wp-content\/uploads\/2024\/06\/vk-tr-08-20-150x150.jpg 150w, https:\/\/www.topohvar.at\/wp-content\/uploads\/2024\/06\/vk-tr-08-20.jpg 450w\" sizes=\"auto, (max-width: 300px) 100vw, 300px\" \/><p id=\"caption-attachment-68934\" class=\"wp-caption-text\">Ulaz \/ Eingang<\/p><\/div><\/div><\/div><div class='content-column one_half last_column'><div style=\"padding-right:0px;padding-left:6px;\"><div id=\"attachment_68935\" style=\"width: 310px\" class=\"wp-caption aligncenter\"><img loading=\"lazy\" decoding=\"async\" aria-describedby=\"caption-attachment-68935\" class=\"wp-image-68935 size-medium\" src=\"https:\/\/www.topohvar.at\/wp-content\/uploads\/2024\/06\/vk-tr-08-40-300x300.jpg\" alt=\"\" width=\"300\" height=\"300\" srcset=\"https:\/\/www.topohvar.at\/wp-content\/uploads\/2024\/06\/vk-tr-08-40-300x300.jpg 300w, https:\/\/www.topohvar.at\/wp-content\/uploads\/2024\/06\/vk-tr-08-40-150x150.jpg 150w, https:\/\/www.topohvar.at\/wp-content\/uploads\/2024\/06\/vk-tr-08-40.jpg 450w\" sizes=\"auto, (max-width: 300px) 100vw, 300px\" \/><p id=\"caption-attachment-68935\" class=\"wp-caption-text\">pogled prema sjeverozapadu \/ Blick nach Nordwest<\/p><\/div><\/div><\/div><div class='clear_column'><\/div><div class='content-column one_half'><div style=\"padding-right:6px;\"><p>Dana 08.05.2024 trim VK-TR-08 je posje\u0107en i ustanovljeno je sljede\u0107e:<\/p>\n<p>Lokacija: maslinik<br \/>\nPodloga: nako\u0161ena<br \/>\nPovezan s: nesre\u0111nom kamenom gomilom<br \/>\nUpotreba: ne koristi se<br \/>\nStanje: dijelovi su se sru\u0161ili<br \/>\nBroj stepenica trima: 1<br \/>\nDodatni kameni prsten: nema prstena<br \/>\nStepeni\u0161te: nema<br \/>\nOblik kamena: uglast<br \/>\nPodru\u010dje ispred ulaza: kamenito<br \/>\nOrijentacija ulaza: J (200\u00b0)<br \/>\nPromjer trima (cm): 260<br \/>\nVisina trima (cm): 100<br \/>\nVisina stepenica (cm): stepenica 1: 90<br \/>\nDebljina zida (cm): 70<br \/>\n\u0160irina vrata (cm): 50<br \/>\nVisina vrata (cm): 70<br \/>\n\u0160irina unutra (cm): 100 &#8211; 120<br \/>\nVisina unutra (cm): 90<br \/>\nVolumen iznutra (m3): 0,72<br \/>\nNema ni\u0161e<\/p><\/div><\/div><div class='content-column one_half last_column'><div style=\"padding-right:0px;padding-left:6px;\"><p>Am 08.05.2024 wurde der Trim VK-TR-08 besucht und n\u00e4her untersucht:<\/p>\n<p>Standort: Olivenhain<br \/>\nUntergrund: geneigt<br \/>\nVerbunden mit: Steinhaufen ungeordnet<br \/>\nNutzung: ungenutzt<br \/>\nZustand: Teile abgest\u00fcrzt<br \/>\nAnzahl der Trimstufen: 1<br \/>\nZus\u00e4tzlicher Steinring: kein Steinring<br \/>\nStiege: keine<br \/>\nSteinform: kantig<br \/>\nEingangsbereich: Steine<br \/>\nEingangsseite: S (200\u00b0)<br \/>\nTrimdurchmesser (cm): 260<br \/>\nTrimh\u00f6he (cm): 100<br \/>\nH\u00f6he der Trimstufen (cm): Stufe 1: 90<br \/>\nWandst\u00e4rke (cm): 70<br \/>\nT\u00fcrbreite (cm): 50<br \/>\nT\u00fcrh\u00f6he (cm): 70<br \/>\nInnenraumbreite (cm): 100 &#8211; 120<br \/>\nInnenraumh\u00f6he (cm): 90<br \/>\nRaumvolumen (m3): 0,72<br \/>\nKeine Nische<\/p><\/div><\/div><div class='clear_column'><\/div><\/p>\n<p><img loading=\"lazy\" decoding=\"async\" class=\"aligncenter size-full wp-image-69011\" src=\"https:\/\/www.topohvar.at\/wp-content\/uploads\/2024\/07\/vk-tr-08-scan.jpg\" alt=\"\" width=\"900\" height=\"1092\" srcset=\"https:\/\/www.topohvar.at\/wp-content\/uploads\/2024\/07\/vk-tr-08-scan.jpg 900w, https:\/\/www.topohvar.at\/wp-content\/uploads\/2024\/07\/vk-tr-08-scan-247x300.jpg 247w, https:\/\/www.topohvar.at\/wp-content\/uploads\/2024\/07\/vk-tr-08-scan-844x1024.jpg 844w, https:\/\/www.topohvar.at\/wp-content\/uploads\/2024\/07\/vk-tr-08-scan-768x932.jpg 768w\" sizes=\"auto, (max-width: 900px) 100vw, 900px\" \/><\/p>\n<p style=\"text-align: right;\"><span style=\"color: #3366ff;\"><a style=\"color: #3366ff;\" href=\"#seite_oben\">natrag na vrh \/ Seitenanfang<\/a><\/span><\/p>\n<hr \/>\n<p><strong>Linkovi \/ Links<\/strong><\/p>\n<p>&#8211;<\/p>\n","protected":false},"excerpt":{"rendered":"<p>Ime \/ Name Trim \u00bbVK-TR-08\u00ab Code: VK-TR-08\u00a0 \u00a0 \u00a0 \u00a0 \u00a0 \u00a0 \u00a0 \u00a0\u00a0 \u00a0 \u00a0 \u00a0 \u00a0 \u00a0 \u00a0 \u00a0 \u00a0 \u00a0\u00a0 Adresa \/ Adresse Vrisnik, u blizini ceste Jelsa &#8211; Svir\u010de \/ nahe der Stra\u00dfe von Jelsa nach &hellip; <a href=\"https:\/\/www.topohvar.at\/topo\/orte\/vk\/vk-tr-08-1\/\">Weiterlesen <span class=\"meta-nav\">&rarr;<\/span><\/a><\/p>\n","protected":false},"author":1,"featured_media":0,"parent":113,"menu_order":0,"comment_status":"closed","ping_status":"closed","template":"","meta":{"footnotes":""},"class_list":["post-67051","page","type-page","status-publish","hentry"],"_links":{"self":[{"href":"https:\/\/www.topohvar.at\/topo\/wp-json\/wp\/v2\/pages\/67051","targetHints":{"allow":["GET"]}}],"collection":[{"href":"https:\/\/www.topohvar.at\/topo\/wp-json\/wp\/v2\/pages"}],"about":[{"href":"https:\/\/www.topohvar.at\/topo\/wp-json\/wp\/v2\/types\/page"}],"author":[{"embeddable":true,"href":"https:\/\/www.topohvar.at\/topo\/wp-json\/wp\/v2\/users\/1"}],"replies":[{"embeddable":true,"href":"https:\/\/www.topohvar.at\/topo\/wp-json\/wp\/v2\/comments?post=67051"}],"version-history":[{"count":12,"href":"https:\/\/www.topohvar.at\/topo\/wp-json\/wp\/v2\/pages\/67051\/revisions"}],"predecessor-version":[{"id":69112,"href":"https:\/\/www.topohvar.at\/topo\/wp-json\/wp\/v2\/pages\/67051\/revisions\/69112"}],"up":[{"embeddable":true,"href":"https:\/\/www.topohvar.at\/topo\/wp-json\/wp\/v2\/pages\/113"}],"wp:attachment":[{"href":"https:\/\/www.topohvar.at\/topo\/wp-json\/wp\/v2\/media?parent=67051"}],"curies":[{"name":"wp","href":"https:\/\/api.w.org\/{rel}","templated":true}]}}