{"id":67057,"date":"2024-05-14T09:44:28","date_gmt":"2024-05-14T07:44:28","guid":{"rendered":"https:\/\/www.topohvar.at\/topo\/?page_id=67057"},"modified":"2024-07-08T16:37:51","modified_gmt":"2024-07-08T14:37:51","slug":"vk-tr-09-1","status":"publish","type":"page","link":"https:\/\/www.topohvar.at\/topo\/orte\/vk\/vk-tr-09-1\/","title":{"rendered":"VRISNIK &#8211; Trim \u00bbVK-TR-09\u00ab"},"content":{"rendered":"<p><a name=\"seite_oben\"><\/a><strong><img loading=\"lazy\" decoding=\"async\" class=\"alignnone wp-image-67061 size-full\" src=\"https:\/\/www.topohvar.at\/wp-content\/uploads\/2024\/05\/vk-tr-09-10.jpg\" alt=\"\" width=\"1080\" height=\"530\" srcset=\"https:\/\/www.topohvar.at\/wp-content\/uploads\/2024\/05\/vk-tr-09-10.jpg 1080w, https:\/\/www.topohvar.at\/wp-content\/uploads\/2024\/05\/vk-tr-09-10-300x147.jpg 300w, https:\/\/www.topohvar.at\/wp-content\/uploads\/2024\/05\/vk-tr-09-10-1024x503.jpg 1024w, https:\/\/www.topohvar.at\/wp-content\/uploads\/2024\/05\/vk-tr-09-10-768x377.jpg 768w\" sizes=\"auto, (max-width: 1080px) 100vw, 1080px\" \/><\/strong><\/p>\n<p><strong>Ime \/ Name<br \/>\n<\/strong>Trim \u00bbVK-TR-09\u00ab<\/p>\n<p><strong>Code: <\/strong>VK-TR-09\u00a0 \u00a0 \u00a0 \u00a0 \u00a0 \u00a0 \u00a0 \u00a0<strong>\u00a0 \u00a0 \u00a0 \u00a0 \u00a0 \u00a0 \u00a0 \u00a0 \u00a0 <a href=\"https:\/\/www.topohvar.at\/orte\/vk\/vk-tr-00-1\/\"><img loading=\"lazy\" decoding=\"async\" class=\"alignnone wp-image-12300 size-full\" src=\"https:\/\/www.topohvar.at\/wp-content\/uploads\/2018\/09\/push-vor-30.jpg\" alt=\"\" width=\"61\" height=\"30\" \/><\/a> <a href=\"https:\/\/www.topohvar.at\/orte\/vk\/vk-tr-08-1\/\"><img loading=\"lazy\" decoding=\"async\" class=\"alignnone wp-image-533 size-full\" src=\"https:\/\/www.topohvar.at\/wp-content\/uploads\/2018\/07\/push-l-30.jpg\" alt=\"\" width=\"61\" height=\"30\" \/><\/a>\u00a0<a href=\"https:\/\/www.topohvar.at\/orte\/vk\/\"><img loading=\"lazy\" decoding=\"async\" class=\"alignnone wp-image-535 size-full\" src=\"https:\/\/www.topohvar.at\/wp-content\/uploads\/2018\/07\/push-o-30.jpg\" alt=\"\" width=\"61\" height=\"30\" \/><\/a>\u00a0<a href=\"https:\/\/www.topohvar.at\/orte\/vk\/vk-tr-07-1\/\"><img loading=\"lazy\" decoding=\"async\" class=\"alignnone wp-image-536 size-full\" src=\"https:\/\/www.topohvar.at\/wp-content\/uploads\/2018\/07\/push-r-30.jpg\" alt=\"\" width=\"61\" height=\"30\" \/><\/a><\/strong><\/p>\n<hr \/>\n<p><strong>Adresa \/ Adresse<br \/>\n<\/strong>Vrisnik, Vrisnik, Polanda<\/p>\n<p><strong>Lokacija<\/strong><strong> \/ Position<a href=\"https:\/\/maps.app.goo.gl\/U5XEjuZacnp5nNg2A\"><img loading=\"lazy\" decoding=\"async\" class=\"alignright wp-image-67058\" src=\"https:\/\/www.topohvar.at\/wp-content\/uploads\/2024\/05\/4104.jpg\" alt=\"\" width=\"133\" height=\"100\" \/><\/a><br \/>\n<\/strong><span style=\"color: #3366ff;\"><a style=\"color: #3366ff;\" href=\"https:\/\/maps.app.goo.gl\/U5XEjuZacnp5nNg2A\">Latitude: N 43,16164\u00b0\u00a0 \u00a0 Longitude: E 16,66554\u00b0<\/a>\u00a0<\/span><strong><br \/>\n<\/strong>Visina \/ H\u00f6he: 38 m<\/p>\n<p><strong>Katastarska \u010destica\u00a0<\/strong><strong> \/ Grundst\u00fccke<br \/>\n<\/strong>2113\/1<div class='content-column one_half'><div style=\"padding-right:6px;\"><p><strong>Datum snimanja \/ Erfassungsdatum<br \/>\n<\/strong>07.05.2024 11:06:26<\/p>\n<hr \/>\n<p><strong>Informacije<\/strong><\/p>\n<p>Trim se nalazi na podru\u010dju Polande, na rubu maslinika, ju\u017eno od ceste koja iz Svir\u010da vodi prema Jelsi. Kameni zidovi grani\u010de s prednje lijeve i stra\u017enje desne strane. Stepenica ispred vodi u okruglu unutra\u0161njost. Ovdje je zidna ni\u0161a. Jednostupanjski trim je u dobrom stanju i jo\u0161 uvijek se koristi.<\/p><\/div><\/div><div class='content-column one_half last_column'><div style=\"padding-right:0px;padding-left:6px;\"><p><strong>Stupanj za\u0161tite\u00a0<\/strong><strong> \/ Schutzstellung<br \/>\n<\/strong>&#8211;<\/p>\n<hr \/>\n<p><strong>Info<\/strong><\/p>\n<p>Der Trim befindet sich in der Gegend Polanda, am Rande eines Olivengartens, s\u00fcdlich der Stra\u00dfe, die von Svir\u010de nach Jelsa f\u00fchrt. Links vorne und rechts hinten grenzen Steinmauern an. \u00dcber eine vorgelagerte Stufe gelangt man in den runden Innenraum. Hier findet sich eine Wandnische. Der einstufige Trim ist guterhalten und wird noch genutzt.<\/p><\/div><\/div><div class='clear_column'><\/div><div class='content-column one_half'><div style=\"padding-right:6px;\"><div id=\"attachment_68936\" style=\"width: 310px\" class=\"wp-caption aligncenter\"><img loading=\"lazy\" decoding=\"async\" aria-describedby=\"caption-attachment-68936\" class=\"wp-image-68936 size-medium\" src=\"https:\/\/www.topohvar.at\/wp-content\/uploads\/2024\/06\/vk-tr-09-20-300x300.jpg\" alt=\"\" width=\"300\" height=\"300\" srcset=\"https:\/\/www.topohvar.at\/wp-content\/uploads\/2024\/06\/vk-tr-09-20-300x300.jpg 300w, https:\/\/www.topohvar.at\/wp-content\/uploads\/2024\/06\/vk-tr-09-20-150x150.jpg 150w, https:\/\/www.topohvar.at\/wp-content\/uploads\/2024\/06\/vk-tr-09-20.jpg 450w\" sizes=\"auto, (max-width: 300px) 100vw, 300px\" \/><p id=\"caption-attachment-68936\" class=\"wp-caption-text\">Ulaz \/ Eingang<\/p><\/div><\/div><\/div><div class='content-column one_half last_column'><div style=\"padding-right:0px;padding-left:6px;\"><div id=\"attachment_68937\" style=\"width: 310px\" class=\"wp-caption aligncenter\"><img loading=\"lazy\" decoding=\"async\" aria-describedby=\"caption-attachment-68937\" class=\"wp-image-68937 size-medium\" src=\"https:\/\/www.topohvar.at\/wp-content\/uploads\/2024\/06\/vk-tr-09-40-300x300.jpg\" alt=\"\" width=\"300\" height=\"300\" srcset=\"https:\/\/www.topohvar.at\/wp-content\/uploads\/2024\/06\/vk-tr-09-40-300x300.jpg 300w, https:\/\/www.topohvar.at\/wp-content\/uploads\/2024\/06\/vk-tr-09-40-150x150.jpg 150w, https:\/\/www.topohvar.at\/wp-content\/uploads\/2024\/06\/vk-tr-09-40.jpg 450w\" sizes=\"auto, (max-width: 300px) 100vw, 300px\" \/><p id=\"caption-attachment-68937\" class=\"wp-caption-text\">Pogled prema zapadu \/ Blick nach Westen<\/p><\/div><\/div><\/div><div class='clear_column'><\/div><div class='content-column one_half'><div style=\"padding-right:6px;\"><p>Dana 08.05.2024 trim VK-TR-09 je posje\u0107en i ustanovljeno je sljede\u0107e:<\/p>\n<p>Lokacija: maslinik<br \/>\nPodloga: nako\u0161ena<br \/>\nPovezan s: kamenim zidom<br \/>\nUpotreba: u upotrebi<br \/>\nStanje: vrlo dobro uzdr\u017eati<br \/>\nBroj stepenica trima: 1<br \/>\nDodatni kameni prsten: nema prstena<br \/>\nStepeni\u0161te: nema<br \/>\nOblik kamena: uglast<br \/>\nPodru\u010dje ispred ulaza: lako dostupno<br \/>\nOrijentacija ulaza: J (170\u00b0)<br \/>\nPromjer trima (cm): 400<br \/>\nVisina trima (cm): 240<br \/>\nVisina stepenica (cm): stepenica 1: 180<br \/>\nDebljina zida (cm): 90<br \/>\n\u0160irina vrata (cm): 65<br \/>\nVisina vrata (cm): 115<br \/>\n\u0160irina unutra (cm): 210 &#8211; 220<br \/>\nVisina unutra (cm): 220<br \/>\nVolumen iznutra (m3): 5,41<br \/>\nNi\u0161a 1 (P\/\u0160\/V\/D) (cm): 80 \/ 25 \/ 25 \/ 50<\/p><\/div><\/div><div class='content-column one_half last_column'><div style=\"padding-right:0px;padding-left:6px;\"><p>Am 08.05.2024 wurde der Trim VK-TR-09 besucht und n\u00e4her untersucht:<\/p>\n<p>Standort: Olivenhain<br \/>\nUntergrund: geneigt<br \/>\nVerbunden mit: Steinmauer<br \/>\nNutzung: genutzt<br \/>\nZustand: sehr gut erhalten<br \/>\nAnzahl der Trimstufen: 1<br \/>\nZus\u00e4tzlicher Steinring: kein Steinring<br \/>\nStiege: keine<br \/>\nSteinform: kantig<br \/>\nEingangsbereich: frei<br \/>\nEingangsseite: S (170\u00b0)<br \/>\nTrimdurchmesser (cm): 400<br \/>\nTrimh\u00f6he (cm): 240<br \/>\nH\u00f6he der Trimstufen (cm): Stufe 1: 180<br \/>\nWandst\u00e4rke (cm): 90<br \/>\nT\u00fcrbreite (cm): 65<br \/>\nT\u00fcrh\u00f6he (cm): 115<br \/>\nInnenraumbreite (cm): 210 &#8211; 220<br \/>\nInnenraumh\u00f6he (cm): 220<br \/>\nRaumvolumen (m3): 5,41<br \/>\nNische 1 (P\/B\/H\/T) (cm): 80 \/ 25 \/ 25 \/ 50<\/p><\/div><\/div><div class='clear_column'><\/div><\/p>\n<p><img loading=\"lazy\" decoding=\"async\" class=\"aligncenter size-full wp-image-69014\" src=\"https:\/\/www.topohvar.at\/wp-content\/uploads\/2024\/07\/vk-tr-09-scan.jpg\" alt=\"\" width=\"900\" height=\"1223\" srcset=\"https:\/\/www.topohvar.at\/wp-content\/uploads\/2024\/07\/vk-tr-09-scan.jpg 900w, https:\/\/www.topohvar.at\/wp-content\/uploads\/2024\/07\/vk-tr-09-scan-221x300.jpg 221w, https:\/\/www.topohvar.at\/wp-content\/uploads\/2024\/07\/vk-tr-09-scan-754x1024.jpg 754w, https:\/\/www.topohvar.at\/wp-content\/uploads\/2024\/07\/vk-tr-09-scan-768x1044.jpg 768w\" sizes=\"auto, (max-width: 900px) 100vw, 900px\" \/><\/p>\n<p style=\"text-align: right;\"><span style=\"color: #3366ff;\"><a style=\"color: #3366ff;\" href=\"#seite_oben\">natrag na vrh \/ Seitenanfang<\/a><\/span><\/p>\n<hr \/>\n<p><strong>Linkovi \/ Links<\/strong><\/p>\n<p>&#8211;<\/p>\n","protected":false},"excerpt":{"rendered":"<p>Ime \/ Name Trim \u00bbVK-TR-09\u00ab Code: VK-TR-09\u00a0 \u00a0 \u00a0 \u00a0 \u00a0 \u00a0 \u00a0 \u00a0\u00a0 \u00a0 \u00a0 \u00a0 \u00a0 \u00a0 \u00a0 \u00a0 \u00a0 \u00a0\u00a0 Adresa \/ Adresse Vrisnik, Vrisnik, Polanda Lokacija \/ Position Latitude: N 43,16164\u00b0\u00a0 \u00a0 Longitude: E 16,66554\u00b0\u00a0 Visina &hellip; <a href=\"https:\/\/www.topohvar.at\/topo\/orte\/vk\/vk-tr-09-1\/\">Weiterlesen <span class=\"meta-nav\">&rarr;<\/span><\/a><\/p>\n","protected":false},"author":1,"featured_media":0,"parent":113,"menu_order":0,"comment_status":"closed","ping_status":"closed","template":"","meta":{"footnotes":""},"class_list":["post-67057","page","type-page","status-publish","hentry"],"_links":{"self":[{"href":"https:\/\/www.topohvar.at\/topo\/wp-json\/wp\/v2\/pages\/67057","targetHints":{"allow":["GET"]}}],"collection":[{"href":"https:\/\/www.topohvar.at\/topo\/wp-json\/wp\/v2\/pages"}],"about":[{"href":"https:\/\/www.topohvar.at\/topo\/wp-json\/wp\/v2\/types\/page"}],"author":[{"embeddable":true,"href":"https:\/\/www.topohvar.at\/topo\/wp-json\/wp\/v2\/users\/1"}],"replies":[{"embeddable":true,"href":"https:\/\/www.topohvar.at\/topo\/wp-json\/wp\/v2\/comments?post=67057"}],"version-history":[{"count":15,"href":"https:\/\/www.topohvar.at\/topo\/wp-json\/wp\/v2\/pages\/67057\/revisions"}],"predecessor-version":[{"id":69113,"href":"https:\/\/www.topohvar.at\/topo\/wp-json\/wp\/v2\/pages\/67057\/revisions\/69113"}],"up":[{"embeddable":true,"href":"https:\/\/www.topohvar.at\/topo\/wp-json\/wp\/v2\/pages\/113"}],"wp:attachment":[{"href":"https:\/\/www.topohvar.at\/topo\/wp-json\/wp\/v2\/media?parent=67057"}],"curies":[{"name":"wp","href":"https:\/\/api.w.org\/{rel}","templated":true}]}}