{"id":67154,"date":"2024-05-27T14:26:24","date_gmt":"2024-05-27T12:26:24","guid":{"rendered":"https:\/\/www.topohvar.at\/topo\/?page_id=67154"},"modified":"2024-05-27T14:32:42","modified_gmt":"2024-05-27T12:32:42","slug":"sg-is-59-1","status":"publish","type":"page","link":"https:\/\/www.topohvar.at\/topo\/orte\/sg\/sg-is-59-1\/","title":{"rendered":"STARI GRAD &#8211; Grobna plo\u010da \u00bbZaninivi\u0107 &#8211; Stan\u010di\u0107\u00ab"},"content":{"rendered":"<p><a name=\"seite_oben\"><\/a><br \/>\n<img loading=\"lazy\" decoding=\"async\" class=\"alignleft wp-image-67155 size-full\" src=\"https:\/\/www.topohvar.at\/wp-content\/uploads\/2024\/05\/sg-is-59-1.jpg\" alt=\"\" width=\"1080\" height=\"530\" srcset=\"https:\/\/www.topohvar.at\/wp-content\/uploads\/2024\/05\/sg-is-59-1.jpg 1080w, https:\/\/www.topohvar.at\/wp-content\/uploads\/2024\/05\/sg-is-59-1-300x147.jpg 300w, https:\/\/www.topohvar.at\/wp-content\/uploads\/2024\/05\/sg-is-59-1-1024x503.jpg 1024w, https:\/\/www.topohvar.at\/wp-content\/uploads\/2024\/05\/sg-is-59-1-768x377.jpg 768w\" sizes=\"auto, (max-width: 1080px) 100vw, 1080px\" \/><\/p>\n<p><strong>Ime \/ Name<br \/>\n<\/strong>Grobna plo\u010da \u00bbZaninivi\u0107 &#8211; Stan\u010di\u0107\u00ab \/ Grabplatte<\/p>\n<p><strong>Code: <\/strong>SG-IS-59\u00a0 \u00a0 \u00a0 \u00a0 \u00a0 \u00a0 \u00a0 \u00a0 \u00a0 \u00a0 \u00a0 \u00a0 \u00a0 \u00a0 \u00a0 \u00a0 \u00a0 \u00a0 <strong><a href=\"https:\/\/www.topohvar.at\/orte\/sg\/sg-ip-01-2\/\"><img loading=\"lazy\" decoding=\"async\" class=\"alignnone wp-image-12300 size-full\" src=\"https:\/\/www.topohvar.at\/wp-content\/uploads\/2018\/09\/push-vor-30.jpg\" alt=\"\" width=\"61\" height=\"30\" \/><\/a>\u00a0<\/strong><strong><a href=\"https:\/\/www.topohvar.at\/orte\/sg\/sg-is-52-2\/\"><img loading=\"lazy\" decoding=\"async\" class=\"alignnone wp-image-533 size-full\" src=\"https:\/\/www.topohvar.at\/wp-content\/uploads\/2018\/07\/push-l-30.jpg\" alt=\"\" width=\"61\" height=\"30\" \/><\/a> <a href=\"https:\/\/www.topohvar.at\/orte\/sg\/\"><img loading=\"lazy\" decoding=\"async\" class=\"alignnone wp-image-535 size-full\" src=\"https:\/\/www.topohvar.at\/wp-content\/uploads\/2018\/07\/push-o-30.jpg\" alt=\"\" width=\"61\" height=\"30\" \/><\/a> <a href=\"https:\/\/www.topohvar.at\/orte\/sg\/sg-is-20-2\/\"><img loading=\"lazy\" decoding=\"async\" class=\"alignnone wp-image-536 size-full\" src=\"https:\/\/www.topohvar.at\/wp-content\/uploads\/2018\/07\/push-r-30.jpg\" alt=\"\" width=\"61\" height=\"30\" \/><\/a><\/strong><\/p>\n<hr \/>\n<p><strong>Adresa \/ Adresse<br \/>\n<\/strong>Stari Grad, glavna cesta DC-116 \/ Hauptstra\u00dfe DC-116<\/p>\n<p><strong>Lokacija \/ Position<a href=\"https:\/\/maps.app.goo.gl\/mznWaHV3U1zMcnw68\"><img loading=\"lazy\" decoding=\"async\" class=\"alignright wp-image-67158\" src=\"https:\/\/www.topohvar.at\/wp-content\/uploads\/2024\/05\/4077.jpg\" alt=\"\" width=\"134\" height=\"100\" \/><\/a><br \/>\n<\/strong><span style=\"color: #3366ff;\">Latitude: N 43,17803\u00b0\u00a0 \u00a0Longitude: E 16,60039\u00b0 <\/span><strong><br \/>\n<\/strong>Visina \/ H\u00f6he: 30 m<\/p>\n<p><strong>Katastarska \u010destica \/ Grundst\u00fccke<br \/>\n<\/strong>3437\/2<div class='content-column one_half'><div style=\"padding-right:6px;\"><p><strong>Datum snimanja \/ Erfassungsdatum<br \/>\n<\/strong>30.04.2024 09:09:26<\/p>\n<hr \/>\n<p><strong>Informacije<\/strong><\/p>\n<p>Sa sjeverne strane na dr\u017eavnoj cesti DC-116 nalazi se nekada\u0161njia grobna plo\u010da sa sljede\u0107im natpisom:<\/p><\/div><\/div><div class='content-column one_half last_column'><div style=\"padding-right:0px;padding-left:6px;\"><p><strong>Stupanj za\u0161tite \/ Schutzstellung<br \/>\n<\/strong>&#8211;<\/p>\n<hr \/>\n<p><strong>Info<\/strong><\/p>\n<p>Am n\u00f6rdlichen Stra\u00dfenrand der Staatsstra\u00dfe DC-116 befindet sich eine ehemalige Grabplatte mit folgender Inschrift:<\/p><\/div><\/div><div class='clear_column'><\/div><div class='content-column one_half'><div style=\"padding-right:6px;\"><p style=\"text-align: center;\">+<br \/>\nOBITELJI<br \/>\nBARTUL ZANINOVI\u0106<br \/>\nI<br \/>\nVINKO STAN\u010cI\u0106<\/p><\/div><\/div><div class='content-column one_half last_column'><div style=\"padding-right:0px;padding-left:6px;\"><p style=\"text-align: center;\">+<br \/>\nFAMILIEN<br \/>\nBARTUL ZANINOVI\u0106<br \/>\nUND<br \/>\nVINKO STAN\u010cI\u0106<\/p><\/div><\/div><div class='clear_column'><\/div><\/p>\n<p style=\"text-align: right;\"><a href=\"#seite_oben\">natrag na vrh \/ Seitenanfang<\/a><\/p>\n<hr \/>\n<p><strong>Linkovi \/ Links<\/strong><\/p>\n<p>&#8211;<\/p>\n","protected":false},"excerpt":{"rendered":"<p>Ime \/ Name Grobna plo\u010da \u00bbZaninivi\u0107 &#8211; Stan\u010di\u0107\u00ab \/ Grabplatte Code: SG-IS-59\u00a0 \u00a0 \u00a0 \u00a0 \u00a0 \u00a0 \u00a0 \u00a0 \u00a0 \u00a0 \u00a0 \u00a0 \u00a0 \u00a0 \u00a0 \u00a0 \u00a0 \u00a0 \u00a0 Adresa \/ Adresse Stari Grad, glavna cesta DC-116 \/ Hauptstra\u00dfe &hellip; <a href=\"https:\/\/www.topohvar.at\/topo\/orte\/sg\/sg-is-59-1\/\">Weiterlesen <span class=\"meta-nav\">&rarr;<\/span><\/a><\/p>\n","protected":false},"author":1,"featured_media":0,"parent":99,"menu_order":0,"comment_status":"closed","ping_status":"closed","template":"","meta":{"footnotes":""},"class_list":["post-67154","page","type-page","status-publish","hentry"],"_links":{"self":[{"href":"https:\/\/www.topohvar.at\/topo\/wp-json\/wp\/v2\/pages\/67154","targetHints":{"allow":["GET"]}}],"collection":[{"href":"https:\/\/www.topohvar.at\/topo\/wp-json\/wp\/v2\/pages"}],"about":[{"href":"https:\/\/www.topohvar.at\/topo\/wp-json\/wp\/v2\/types\/page"}],"author":[{"embeddable":true,"href":"https:\/\/www.topohvar.at\/topo\/wp-json\/wp\/v2\/users\/1"}],"replies":[{"embeddable":true,"href":"https:\/\/www.topohvar.at\/topo\/wp-json\/wp\/v2\/comments?post=67154"}],"version-history":[{"count":4,"href":"https:\/\/www.topohvar.at\/topo\/wp-json\/wp\/v2\/pages\/67154\/revisions"}],"predecessor-version":[{"id":67160,"href":"https:\/\/www.topohvar.at\/topo\/wp-json\/wp\/v2\/pages\/67154\/revisions\/67160"}],"up":[{"embeddable":true,"href":"https:\/\/www.topohvar.at\/topo\/wp-json\/wp\/v2\/pages\/99"}],"wp:attachment":[{"href":"https:\/\/www.topohvar.at\/topo\/wp-json\/wp\/v2\/media?parent=67154"}],"curies":[{"name":"wp","href":"https:\/\/api.w.org\/{rel}","templated":true}]}}