{"id":67211,"date":"2024-05-28T06:33:29","date_gmt":"2024-05-28T04:33:29","guid":{"rendered":"https:\/\/www.topohvar.at\/topo\/?page_id=67211"},"modified":"2024-05-31T15:49:20","modified_gmt":"2024-05-31T13:49:20","slug":"vk-cs-02-1","status":"publish","type":"page","link":"https:\/\/www.topohvar.at\/topo\/orte\/vk\/vk-cs-02-1\/","title":{"rendered":"VRISNIK &#8211; Kapelica \u00bbGospe od Lurda\u00ab"},"content":{"rendered":"<p><a name=\"seite_oben\"><\/a><br \/>\n<strong><img loading=\"lazy\" decoding=\"async\" class=\"alignnone wp-image-67214 size-full\" src=\"https:\/\/www.topohvar.at\/wp-content\/uploads\/2024\/05\/vk-cs-02-1.jpg\" alt=\"\" width=\"1080\" height=\"530\" srcset=\"https:\/\/www.topohvar.at\/wp-content\/uploads\/2024\/05\/vk-cs-02-1.jpg 1080w, https:\/\/www.topohvar.at\/wp-content\/uploads\/2024\/05\/vk-cs-02-1-300x147.jpg 300w, https:\/\/www.topohvar.at\/wp-content\/uploads\/2024\/05\/vk-cs-02-1-1024x503.jpg 1024w, https:\/\/www.topohvar.at\/wp-content\/uploads\/2024\/05\/vk-cs-02-1-768x377.jpg 768w\" sizes=\"auto, (max-width: 1080px) 100vw, 1080px\" \/><\/strong><\/p>\n<p><strong>Ime \/ Name<br \/>\n<\/strong>Kapelica \u00bbGospe od Lurda\u00ab \/ Bildstock Maria von Lourdes<\/p>\n<p><strong>Code: <\/strong>VK-CS-02\u00a0 \u00a0 \u00a0 \u00a0 \u00a0 \u00a0 \u00a0 \u00a0<strong>\u00a0 \u00a0 \u00a0 \u00a0 \u00a0 \u00a0 \u00a0 \u00a0 \u00a0 \u00a0 \u00a0<a href=\"https:\/\/www.topohvar.at\/topo\/orte\/vk\/vk-cs-01-1\/ \"><img loading=\"lazy\" decoding=\"async\" class=\"alignnone wp-image-533 size-full\" src=\"https:\/\/www.topohvar.at\/wp-content\/uploads\/2018\/07\/push-l-30.jpg\" alt=\"\" width=\"61\" height=\"30\" \/><\/a> <a href=\"https:\/\/www.topohvar.at\/orte\/vk\/\"><img loading=\"lazy\" decoding=\"async\" class=\"alignnone wp-image-535 size-full\" src=\"https:\/\/www.topohvar.at\/wp-content\/uploads\/2018\/07\/push-o-30.jpg\" alt=\"\" width=\"61\" height=\"30\" \/><\/a> <a href=\"https:\/\/www.topohvar.at\/topo\/orte\/vk\/vk-cs-03-1\/\"><img loading=\"lazy\" decoding=\"async\" class=\"alignnone wp-image-536 size-full\" src=\"https:\/\/www.topohvar.at\/wp-content\/uploads\/2018\/07\/push-r-30.jpg\" alt=\"\" width=\"61\" height=\"30\" \/><\/a>\u00a0 \u00a0 \u00a0\u00a0<\/strong><\/p>\n<hr \/>\n<p><strong>Adresa \/ Adresse<br \/>\n<\/strong>Vrisnik, sjeverno od sela \/ n\u00f6rdlich des Ortes<\/p>\n<p><strong>Lokacija<\/strong><strong> \/ Position<a href=\"https:\/\/maps.app.goo.gl\/6MsKmweJSYzMKFos8\"><img loading=\"lazy\" decoding=\"async\" class=\"alignright wp-image-67215\" src=\"https:\/\/www.topohvar.at\/wp-content\/uploads\/2024\/05\/4008.jpg\" alt=\"\" width=\"134\" height=\"100\" \/><\/a><br \/>\n<\/strong><span style=\"color: #3366ff;\"><a style=\"color: #3366ff;\" href=\"https:\/\/maps.app.goo.gl\/6MsKmweJSYzMKFos8\">Latitude: N 43,15685\u00b0\u00a0 \u00a0 Longitude: E 16,65278\u00b0<\/a>\u00a0<\/span><strong><br \/>\n<\/strong>Visina \/ H\u00f6he: 104 m<\/p>\n<p><strong>Katastarska \u010destica<\/strong><strong> \/ Grundst\u00fccke<br \/>\n<\/strong>1305<div class='content-column one_half'><div style=\"padding-right:6px;\"><p><strong>Datum snimanja \/ Erfassungsdatum<br \/>\n<\/strong>01.05.2024 08:46:58<\/p>\n<hr \/>\n<p><strong>Informacije<\/strong><\/p>\n<p style=\"text-align: left;\">U kapelicu pokraj puta na raskri\u017eju nalazi se mali kip Djevice Marije &#8211; o\u010dito pobo\u017eni predmet iz hodo\u010dasni\u010dkog mjesta Lourdes.<\/p><\/div><\/div><div class='content-column one_half last_column'><div style=\"padding-right:0px;padding-left:6px;\"><p><strong>Stupanj za\u0161tite<\/strong><strong> \/ Schutzstellung<br \/>\n<\/strong>&#8211;<\/p>\n<hr \/>\n<p><strong>Info<\/strong><\/p>\n<p>Im Bildstock an der Wegkreuzung befindet sich eine kleine Marienstatue &#8211; offenbar eine Devotionalie aus dem Wallfahrtsort Lourdes.<\/p><\/div><\/div><div class='clear_column'><\/div><div class='content-column one_half'><div style=\"padding-right:6px;\"><p>Natpis iznad otvora:<\/p>\n<p style=\"text-align: center;\">GOSPE OD LURDA<br \/>\nMOLI ZA NAS<\/p><\/div><\/div><div class='content-column one_half last_column'><div style=\"padding-right:0px;padding-left:6px;\"><p>Inschrift oberhalb der \u00d6ffnung:<\/p>\n<p style=\"text-align: center;\">MADONNA VON LOURDES<br \/>\nBITTE F\u00dcR UNS<\/p><\/div><\/div><div class='clear_column'><\/div><div class='content-column one_half'><div style=\"padding-right:6px;\"><p>Natpis ispod otvora:<br \/>\n(te\u0161ko za \u010ditanje)<\/p>\n<p style=\"text-align: center;\">TAVIO (LV)KOV BOJANI\u0106<br \/>\nMDCCC(XC)IV<\/p><\/div><\/div><div class='content-column one_half last_column'><div style=\"padding-right:0px;padding-left:6px;\"><p>Inschrift unterhalb der \u00d6ffnung:<br \/>\n(schwer lesbar)<\/p>\n<p style=\"text-align: center;\">TAVIO (LV)KOV BOJANI\u0106<br \/>\n1894?<\/p><\/div><\/div><div class='clear_column'><\/div><\/p>\n<p style=\"text-align: right;\"><span style=\"color: #3366ff;\"><a style=\"color: #3366ff;\" href=\"#seite_oben\">natrag na vrh \/ Seitenanfang<\/a><\/span><\/p>\n<hr \/>\n<p><strong>Linkovi \/ Links<\/strong><\/p>\n<p>&#8211;<\/p>\n","protected":false},"excerpt":{"rendered":"<p>Ime \/ Name Kapelica \u00bbGospe od Lurda\u00ab \/ Bildstock Maria von Lourdes Code: VK-CS-02\u00a0 \u00a0 \u00a0 \u00a0 \u00a0 \u00a0 \u00a0 \u00a0\u00a0 \u00a0 \u00a0 \u00a0 \u00a0 \u00a0 \u00a0 \u00a0 \u00a0 \u00a0 \u00a0 \u00a0 \u00a0 \u00a0\u00a0 Adresa \/ Adresse Vrisnik, sjeverno od &hellip; <a href=\"https:\/\/www.topohvar.at\/topo\/orte\/vk\/vk-cs-02-1\/\">Weiterlesen <span class=\"meta-nav\">&rarr;<\/span><\/a><\/p>\n","protected":false},"author":1,"featured_media":0,"parent":113,"menu_order":0,"comment_status":"closed","ping_status":"closed","template":"","meta":{"footnotes":""},"class_list":["post-67211","page","type-page","status-publish","hentry"],"_links":{"self":[{"href":"https:\/\/www.topohvar.at\/topo\/wp-json\/wp\/v2\/pages\/67211","targetHints":{"allow":["GET"]}}],"collection":[{"href":"https:\/\/www.topohvar.at\/topo\/wp-json\/wp\/v2\/pages"}],"about":[{"href":"https:\/\/www.topohvar.at\/topo\/wp-json\/wp\/v2\/types\/page"}],"author":[{"embeddable":true,"href":"https:\/\/www.topohvar.at\/topo\/wp-json\/wp\/v2\/users\/1"}],"replies":[{"embeddable":true,"href":"https:\/\/www.topohvar.at\/topo\/wp-json\/wp\/v2\/comments?post=67211"}],"version-history":[{"count":5,"href":"https:\/\/www.topohvar.at\/topo\/wp-json\/wp\/v2\/pages\/67211\/revisions"}],"predecessor-version":[{"id":67567,"href":"https:\/\/www.topohvar.at\/topo\/wp-json\/wp\/v2\/pages\/67211\/revisions\/67567"}],"up":[{"embeddable":true,"href":"https:\/\/www.topohvar.at\/topo\/wp-json\/wp\/v2\/pages\/113"}],"wp:attachment":[{"href":"https:\/\/www.topohvar.at\/topo\/wp-json\/wp\/v2\/media?parent=67211"}],"curies":[{"name":"wp","href":"https:\/\/api.w.org\/{rel}","templated":true}]}}