{"id":6745,"date":"2018-08-21T15:24:34","date_gmt":"2018-08-21T13:24:34","guid":{"rendered":"https:\/\/www.topohvar.at\/?page_id=6745"},"modified":"2025-05-20T18:26:43","modified_gmt":"2025-05-20T16:26:43","slug":"vj-ip-02-1","status":"publish","type":"page","link":"https:\/\/www.topohvar.at\/topo\/orte\/vj\/vj-ip-02-1\/","title":{"rendered":"VRBANJ &#8211; Informativna plo\u010da \u00bbLucijev put\u00ab"},"content":{"rendered":"<p><a name=\"seite_oben\"><\/a><br \/>\n<strong><img loading=\"lazy\" decoding=\"async\" class=\"alignnone wp-image-6595 size-large\" src=\"https:\/\/www.topohvar.at\/wp-content\/uploads\/2018\/08\/VJ-IP-02-0-1024x503.jpg\" alt=\"\" width=\"640\" height=\"314\" srcset=\"https:\/\/www.topohvar.at\/wp-content\/uploads\/2018\/08\/VJ-IP-02-0-1024x503.jpg 1024w, https:\/\/www.topohvar.at\/wp-content\/uploads\/2018\/08\/VJ-IP-02-0-300x147.jpg 300w, https:\/\/www.topohvar.at\/wp-content\/uploads\/2018\/08\/VJ-IP-02-0-768x377.jpg 768w, https:\/\/www.topohvar.at\/wp-content\/uploads\/2018\/08\/VJ-IP-02-0.jpg 1080w\" sizes=\"auto, (max-width: 640px) 100vw, 640px\" \/><\/strong><\/p>\n<p><strong>Ime \/ Name<br \/>\n<\/strong>Informativna plo\u010da \u00bbLucijev put\u00ab \/ Infotafel Luzia-Weg<\/p>\n<p><strong>Code: <\/strong>VJ-IP-02\u00a0 \u00a0 \u00a0 \u00a0 \u00a0 \u00a0 \u00a0 \u00a0<strong>\u00a0 \u00a0 \u00a0 \u00a0 \u00a0 \u00a0 \u00a0 \u00a0 \u00a0 \u00a0<a href=\"https:\/\/www.topohvar.at\/orte\/vj\/vj-ip-01-1\/\"><img loading=\"lazy\" decoding=\"async\" class=\"alignnone wp-image-533 size-full\" src=\"https:\/\/www.topohvar.at\/wp-content\/uploads\/2018\/07\/push-l-30.jpg\" alt=\"\" width=\"61\" height=\"30\" \/><\/a>\u00a0<a href=\"https:\/\/www.topohvar.at\/orte\/vj\/\"><img loading=\"lazy\" decoding=\"async\" class=\"alignnone wp-image-535 size-full\" src=\"https:\/\/www.topohvar.at\/wp-content\/uploads\/2018\/07\/push-o-30.jpg\" alt=\"\" width=\"61\" height=\"30\" \/><\/a>\u00a0<a href=\"https:\/\/www.topohvar.at\/orte\/vj\/vj-ip-03-1\/\"><img loading=\"lazy\" decoding=\"async\" class=\"alignnone wp-image-536 size-full\" src=\"https:\/\/www.topohvar.at\/wp-content\/uploads\/2018\/07\/push-r-30.jpg\" alt=\"\" width=\"61\" height=\"30\" \/><\/a>\u00a0<a href=\"https:\/\/www.topohvar.at\/orte\/vj\/vj-is-11-1\/\"><img loading=\"lazy\" decoding=\"async\" class=\"alignnone wp-image-12299 size-full\" src=\"https:\/\/www.topohvar.at\/wp-content\/uploads\/2018\/09\/push-next-30.jpg\" alt=\"\" width=\"61\" height=\"30\" \/><\/a><\/strong><\/p>\n<hr \/>\n<p><strong>Adresa \/ Adresse<br \/>\n<\/strong>Polje, na ju\u017enom rubu \/ am s\u00fcdlichen Rand der Ebene<\/p>\n<p><strong>Lokalna polo\u017eaj \/ Position<a href=\"https:\/\/goo.gl\/maps\/pQDNwpYt5W6dHFS68\"><img loading=\"lazy\" decoding=\"async\" class=\"alignright wp-image-7007\" src=\"https:\/\/www.topohvar.at\/wp-content\/uploads\/2018\/08\/0882.jpg\" alt=\"\" width=\"134\" height=\"100\" \/><\/a><br \/>\n<\/strong><span style=\"color: #3366ff;\"><a style=\"color: #3366ff;\" href=\"https:\/\/goo.gl\/maps\/pQDNwpYt5W6dHFS68\">Latitude: N 43,17139\u00b0\u00a0 \u00a0 Longitude: E 16,63798\u00b0\u00a0<\/a><\/span><strong><br \/>\n<\/strong>Visina \/ H\u00f6he: 59 m<\/p>\n<p><strong>Zemlji\u0161te \/ Grundst\u00fccke<br \/>\n<\/strong>4105, 4118\/1<div class='content-column one_half'><div style=\"padding-right:6px;\"><p><strong>Datum snimanja \/ Erfassungsdatum<br \/>\n<\/strong>03.10.2013 15:24:39<\/p>\n<hr \/>\n<p><strong>Informacije<\/strong><\/p>\n<p>Na podru\u010dju Vrbanja prona\u0111en je nadgrobni spomenik Lucija Stacija Marcelina, datiran u vrijeme Rimskog Carstva, u II. st. Na spomeniku koji su mu podigli sin i supruga prikazan je Lucije kao lovac, ogrnut pla\u0161tom, s kopljem i no\u017eem u rukama, a ispod njega su prikazani pas i jelen. Na rusti\u010dnom latinskom natpisu ukljesano je: <em>Bogovima Manima. Lucije Stacije Marcel preblagome ocu Luciju Staciju Marcelinu<\/em>. Lelija Krizida vrijednom suprugu Luciju Staciju Marcelinu.<\/p><\/div><\/div><div class='content-column one_half last_column'><div style=\"padding-right:0px;padding-left:6px;\"><p><strong>Za\u0161titni polo\u017eaj \/ Schutzstellung<br \/>\n<\/strong>&#8211;<\/p>\n<hr \/>\n<p><strong>Info<\/strong><\/p>\n<p>In der Gegend von Vrbanj wurde ein Grabstein der Lucia Stacija Marcelina, datiert auf die R\u00f6merzeit des des 2. Jahrhunderts gefunden. Das Denkmal f\u00fcr ihn, seinen Sohn und seine Frau, zeigt Lucij als J\u00e4ger, in einen Mantel geh\u00fcllt, mit Speer und einem Messer in der Hand. Darunter sind ein Hund und ein Hirsch dargestellt. In rustikal-lateinischer Schrift ist eingraviert: <em>Durch der G\u00f6tter Hand.<\/em> <em>Lucije Stacije Marcel<\/em> <em>preblagome<\/em> <em>Vater Luciju Staciju Marcelinu<\/em>. Lelija Krizida wertvolle Ehefrau des Lucius Staci Marcelino.<\/p><\/div><\/div><div class='clear_column'><\/div><div class='content-column one_half'><div style=\"padding-right:6px;\"><p>Lucijev put se nalazi na pravcu gr\u010dke podjele zemlji\u0161ta Starogradskog polja, no poplo\u010dan je u cijelo du\u017eini o\u010duvanom kasnijom rimskom ili srednjovjekovnom kaldrmom. Polazi od crkvice Sv. Mihovila i prolazi uz crkvu Sv. Kuzme i Damjana.<\/p><\/div><\/div><div class='content-column one_half last_column'><div style=\"padding-right:0px;padding-left:6px;\"><p>Der Lucius-Weg befindet sich in dem von den Griechen aufgeteiltem Stari Grader Feldes. Auf der gesamten L\u00e4nge ist noch r\u00f6misches oder sp\u00e4tmittelalterliches Kopfsteinpflaster erhaltenen. Er beginnt bei der Kirche des Hl. Michael und f\u00fchrt zur Kirche der hl. Cosma und Damian.<\/p><\/div><\/div><div class='clear_column'><\/div><div class='content-column one_half'><div style=\"padding-right:6px;\"><p>Nadgrobni spomenik Lucija, II. st.<\/p><\/div><\/div><div class='content-column one_half last_column'><div style=\"padding-right:0px;padding-left:6px;\"><p>Grabstein des Lucius aus dem 2. Jh.<\/p><\/div><\/div><div class='clear_column'><\/div><div class='content-column one_half'><div style=\"padding-right:6px;\"><p>Informativna plo\u010da nije postojala od 2016. godine.<\/p><\/div><\/div><div class='content-column one_half last_column'><div style=\"padding-right:0px;padding-left:6px;\"><p>Die Informationstafel existiert seit dem Jahr 2016 nicht mehr.<\/p><\/div><\/div><div class='clear_column'><\/div><\/p>\n<p style=\"text-align: right;\"><span style=\"color: #3366ff;\"><a style=\"color: #3366ff;\" href=\"#seite_oben\">natrag na vrh \/ Seitenanfang<\/a><\/span><\/p>\n<hr \/>\n<p><strong>Linkovi \/ Links<\/strong><\/p>\n<p><span style=\"color: #3366ff;\"><a style=\"color: #3366ff;\" href=\"https:\/\/www.topohvar.at\/orte\/vj\/vj-pu-02-1\/\">Objekt \u00bbLucijev put (zapadni dio)\u00ab \/ Luzia-Weg (westlicher Teil)<\/a><br \/>\n<\/span><span style=\"color: #3366ff;\"><a style=\"color: #3366ff;\" href=\"https:\/\/www.topohvar.at\/orte\/vj\/vj-pu-03-1\/\">Objekt \u00bbLucijev put (zapadni dio)\u00ab \/ Luzia-Weg (\u00f6stlicher Teil)<\/a><\/span><\/p>\n","protected":false},"excerpt":{"rendered":"<p>Ime \/ Name Informativna plo\u010da \u00bbLucijev put\u00ab \/ Infotafel Luzia-Weg Code: VJ-IP-02\u00a0 \u00a0 \u00a0 \u00a0 \u00a0 \u00a0 \u00a0 \u00a0\u00a0 \u00a0 \u00a0 \u00a0 \u00a0 \u00a0 \u00a0 \u00a0 \u00a0 \u00a0\u00a0\u00a0\u00a0 Adresa \/ Adresse Polje, na ju\u017enom rubu \/ am s\u00fcdlichen Rand der &hellip; <a href=\"https:\/\/www.topohvar.at\/topo\/orte\/vj\/vj-ip-02-1\/\">Weiterlesen <span class=\"meta-nav\">&rarr;<\/span><\/a><\/p>\n","protected":false},"author":1,"featured_media":0,"parent":111,"menu_order":0,"comment_status":"closed","ping_status":"closed","template":"","meta":{"footnotes":""},"class_list":["post-6745","page","type-page","status-publish","hentry"],"_links":{"self":[{"href":"https:\/\/www.topohvar.at\/topo\/wp-json\/wp\/v2\/pages\/6745","targetHints":{"allow":["GET"]}}],"collection":[{"href":"https:\/\/www.topohvar.at\/topo\/wp-json\/wp\/v2\/pages"}],"about":[{"href":"https:\/\/www.topohvar.at\/topo\/wp-json\/wp\/v2\/types\/page"}],"author":[{"embeddable":true,"href":"https:\/\/www.topohvar.at\/topo\/wp-json\/wp\/v2\/users\/1"}],"replies":[{"embeddable":true,"href":"https:\/\/www.topohvar.at\/topo\/wp-json\/wp\/v2\/comments?post=6745"}],"version-history":[{"count":14,"href":"https:\/\/www.topohvar.at\/topo\/wp-json\/wp\/v2\/pages\/6745\/revisions"}],"predecessor-version":[{"id":72141,"href":"https:\/\/www.topohvar.at\/topo\/wp-json\/wp\/v2\/pages\/6745\/revisions\/72141"}],"up":[{"embeddable":true,"href":"https:\/\/www.topohvar.at\/topo\/wp-json\/wp\/v2\/pages\/111"}],"wp:attachment":[{"href":"https:\/\/www.topohvar.at\/topo\/wp-json\/wp\/v2\/media?parent=6745"}],"curies":[{"name":"wp","href":"https:\/\/api.w.org\/{rel}","templated":true}]}}