{"id":67477,"date":"2024-05-31T08:15:38","date_gmt":"2024-05-31T06:15:38","guid":{"rendered":"https:\/\/www.topohvar.at\/topo\/?page_id=67477"},"modified":"2025-05-20T12:32:12","modified_gmt":"2025-05-20T10:32:12","slug":"va-is-09-1","status":"publish","type":"page","link":"https:\/\/www.topohvar.at\/topo\/orte\/va\/va-is-09-1\/","title":{"rendered":"VRBOSKA &#8211; Spomen plo\u010da \u00bbNaradnog ustanka HRV\u00ab"},"content":{"rendered":"<p><strong><img loading=\"lazy\" decoding=\"async\" class=\"alignnone wp-image-67478 size-full\" src=\"https:\/\/www.topohvar.at\/wp-content\/uploads\/2024\/05\/va-is-09-1.jpg\" alt=\"\" width=\"1080\" height=\"530\" srcset=\"https:\/\/www.topohvar.at\/wp-content\/uploads\/2024\/05\/va-is-09-1.jpg 1080w, https:\/\/www.topohvar.at\/wp-content\/uploads\/2024\/05\/va-is-09-1-300x147.jpg 300w, https:\/\/www.topohvar.at\/wp-content\/uploads\/2024\/05\/va-is-09-1-1024x503.jpg 1024w, https:\/\/www.topohvar.at\/wp-content\/uploads\/2024\/05\/va-is-09-1-768x377.jpg 768w\" sizes=\"auto, (max-width: 1080px) 100vw, 1080px\" \/><\/strong><\/p>\n<p><strong>Ime \/ Name<br \/>\n<\/strong>Spomen plo\u010da \u00bbNaradnog ustanka HRV\u00ab \/ Gedenktafel &#8222;Nationalaufstand&#8220;<\/p>\n<p><strong>Code: <\/strong>VA-IS-09\u00a0 \u00a0 \u00a0 \u00a0 \u00a0 \u00a0 \u00a0 \u00a0<strong>\u00a0 \u00a0 \u00a0 \u00a0 \u00a0 \u00a0 \u00a0 \u00a0 \u00a0 <a href=\"https:\/\/www.topohvar.at\/orte\/va\/va-ih-00-0\/\"><img loading=\"lazy\" decoding=\"async\" class=\"alignnone wp-image-12300 size-full\" src=\"https:\/\/www.topohvar.at\/wp-content\/uploads\/2018\/09\/push-vor-30.jpg\" alt=\"\" width=\"61\" height=\"30\" \/><\/a>\u00a0<a href=\"https:\/\/www.topohvar.at\/orte\/va\/va-is-02-1\/\"><img loading=\"lazy\" decoding=\"async\" class=\"alignnone wp-image-533 size-full\" src=\"https:\/\/www.topohvar.at\/wp-content\/uploads\/2018\/07\/push-l-30.jpg\" alt=\"\" width=\"61\" height=\"30\" \/><\/a>\u00a0<a href=\"https:\/\/www.topohvar.at\/orte\/va\/\"><img loading=\"lazy\" decoding=\"async\" class=\"alignnone wp-image-535 size-full\" src=\"https:\/\/www.topohvar.at\/wp-content\/uploads\/2018\/07\/push-o-30.jpg\" alt=\"\" width=\"61\" height=\"30\" \/><\/a>\u00a0<a href=\"https:\/\/www.topohvar.at\/orte\/va\/va-is-06-1\/\"><img loading=\"lazy\" decoding=\"async\" class=\"alignnone wp-image-536 size-full\" src=\"https:\/\/www.topohvar.at\/wp-content\/uploads\/2018\/07\/push-r-30.jpg\" alt=\"\" width=\"61\" height=\"30\" \/><\/a><\/strong><\/p>\n<hr \/>\n<p><strong>Adresa \/ Adresse<br \/>\n<\/strong>Vrboska, Ulica Matija Ivani\u0107a 323<\/p>\n<p><strong>Lokalna polo\u017eaj \/ Position<img loading=\"lazy\" decoding=\"async\" class=\"alignright wp-image-67479 size-full\" src=\"https:\/\/www.topohvar.at\/wp-content\/uploads\/2024\/05\/4066.jpg\" alt=\"\" width=\"267\" height=\"200\" \/><br \/>\n<\/strong><span style=\"color: #3366ff;\">Latitude: N 43,18207\u00b0\u00a0 \u00a0 Longitude: E 16,66989\u00b0\u00a0<\/span><strong><br \/>\n<\/strong>Visina \/ H\u00f6he: 1 m<\/p>\n<p><strong>Zemlji\u0161te \/ Grundst\u00fccke<br \/>\n<\/strong>*130<div class='content-column one_half'><div style=\"padding-right:6px;\"><p><strong>Datum snimanja \/ Erfassungsdatum<br \/>\n<\/strong>05.05.2024 10:00:00<\/p>\n<hr \/>\n<p><strong>Informacije<\/strong><\/p>\n<p>U donjem dijelu uli\u010dne fasade nalazi se neupadljiva kamena plo\u010da sa sljede\u0107im natpisom:<\/p>\n<p style=\"text-align: center;\">NA USPOMENU<br \/>\nNARODNOG USTANKA HRV<br \/>\n27 &#8211; 7 &#8211; 1945<\/p><\/div><\/div><\/p>\n<div class='content-column one_half last_column'><div style=\"padding-right:0px;padding-left:6px;\"><p><strong>Za\u0161titni polo\u017eaj \/ Schutzstellung<br \/>\n<\/strong>&#8211;<\/p>\n<hr \/>\n<p><strong>Info<\/strong><\/p>\n<p>Im unteren Bereich der Stra\u00dfenfassade befindet sich eine unscheinbare Steintafel mit folgender Inschrift:<\/p>\n<p style=\"text-align: center;\">ZUM GEDENKEN<br \/>\nAN DEN KROATISCHEN NATIONALAUFSTAND<br \/>\n27.07.1945<\/p><\/div><\/div><div class='clear_column'><\/div>\n<hr \/>\n<p><strong>Linkovi \/ Links<\/strong><\/p>\n<p>&#8211;<\/p>\n","protected":false},"excerpt":{"rendered":"<p>Ime \/ Name Spomen plo\u010da \u00bbNaradnog ustanka HRV\u00ab \/ Gedenktafel &#8222;Nationalaufstand&#8220; Code: VA-IS-09\u00a0 \u00a0 \u00a0 \u00a0 \u00a0 \u00a0 \u00a0 \u00a0\u00a0 \u00a0 \u00a0 \u00a0 \u00a0 \u00a0 \u00a0 \u00a0 \u00a0 \u00a0\u00a0\u00a0 Adresa \/ Adresse Vrboska, Ulica Matija Ivani\u0107a 323 Lokalna polo\u017eaj \/ &hellip; <a href=\"https:\/\/www.topohvar.at\/topo\/orte\/va\/va-is-09-1\/\">Weiterlesen <span class=\"meta-nav\">&rarr;<\/span><\/a><\/p>\n","protected":false},"author":1,"featured_media":0,"parent":109,"menu_order":0,"comment_status":"closed","ping_status":"closed","template":"","meta":{"footnotes":""},"class_list":["post-67477","page","type-page","status-publish","hentry"],"_links":{"self":[{"href":"https:\/\/www.topohvar.at\/topo\/wp-json\/wp\/v2\/pages\/67477","targetHints":{"allow":["GET"]}}],"collection":[{"href":"https:\/\/www.topohvar.at\/topo\/wp-json\/wp\/v2\/pages"}],"about":[{"href":"https:\/\/www.topohvar.at\/topo\/wp-json\/wp\/v2\/types\/page"}],"author":[{"embeddable":true,"href":"https:\/\/www.topohvar.at\/topo\/wp-json\/wp\/v2\/users\/1"}],"replies":[{"embeddable":true,"href":"https:\/\/www.topohvar.at\/topo\/wp-json\/wp\/v2\/comments?post=67477"}],"version-history":[{"count":4,"href":"https:\/\/www.topohvar.at\/topo\/wp-json\/wp\/v2\/pages\/67477\/revisions"}],"predecessor-version":[{"id":72110,"href":"https:\/\/www.topohvar.at\/topo\/wp-json\/wp\/v2\/pages\/67477\/revisions\/72110"}],"up":[{"embeddable":true,"href":"https:\/\/www.topohvar.at\/topo\/wp-json\/wp\/v2\/pages\/109"}],"wp:attachment":[{"href":"https:\/\/www.topohvar.at\/topo\/wp-json\/wp\/v2\/media?parent=67477"}],"curies":[{"name":"wp","href":"https:\/\/api.w.org\/{rel}","templated":true}]}}