{"id":6749,"date":"2018-08-21T15:27:56","date_gmt":"2018-08-21T13:27:56","guid":{"rendered":"https:\/\/www.topohvar.at\/?page_id=6749"},"modified":"2025-05-20T18:23:58","modified_gmt":"2025-05-20T16:23:58","slug":"vj-ip-04-1","status":"publish","type":"page","link":"https:\/\/www.topohvar.at\/topo\/orte\/vj\/vj-ip-04-1\/","title":{"rendered":"VRBANJ &#8211; Informativna plo\u010da \u00bbGorgilin put\u00ab"},"content":{"rendered":"<p><a name=\"seite_oben\"><\/a><br \/>\n<strong><img loading=\"lazy\" decoding=\"async\" class=\"alignnone wp-image-6597 size-large\" src=\"https:\/\/www.topohvar.at\/wp-content\/uploads\/2018\/08\/VJ-IP-04-0-1024x503.jpg\" alt=\"\" width=\"640\" height=\"314\" srcset=\"https:\/\/www.topohvar.at\/wp-content\/uploads\/2018\/08\/VJ-IP-04-0-1024x503.jpg 1024w, https:\/\/www.topohvar.at\/wp-content\/uploads\/2018\/08\/VJ-IP-04-0-300x147.jpg 300w, https:\/\/www.topohvar.at\/wp-content\/uploads\/2018\/08\/VJ-IP-04-0-768x377.jpg 768w, https:\/\/www.topohvar.at\/wp-content\/uploads\/2018\/08\/VJ-IP-04-0.jpg 1080w\" sizes=\"auto, (max-width: 640px) 100vw, 640px\" \/><\/strong><\/p>\n<p><strong>Ime \/ Name<br \/>\n<\/strong>\u00a0Informativna plo\u010da \u00bbGorgilin put\u00ab \/ Infotafel Gorgilo-Weg<\/p>\n<p><strong>Code: <\/strong>VJ-IP-04\u00a0 \u00a0 \u00a0 \u00a0 \u00a0 \u00a0 \u00a0 \u00a0 \u00a0 \u00a0 \u00a0 \u00a0 \u00a0<strong>\u00a0 \u00a0 \u00a0 \u00a0 \u00a0<a href=\"https:\/\/www.topohvar.at\/orte\/vj\/vj-ip-06-1\/\"><img loading=\"lazy\" decoding=\"async\" class=\"alignnone wp-image-533 size-full\" src=\"https:\/\/www.topohvar.at\/wp-content\/uploads\/2018\/07\/push-l-30.jpg\" alt=\"\" width=\"61\" height=\"30\" \/><\/a>\u00a0<a href=\"https:\/\/www.topohvar.at\/orte\/vj\/\"><img loading=\"lazy\" decoding=\"async\" class=\"alignnone wp-image-535 size-full\" src=\"https:\/\/www.topohvar.at\/wp-content\/uploads\/2018\/07\/push-o-30.jpg\" alt=\"\" width=\"61\" height=\"30\" \/><\/a>\u00a0<a href=\"https:\/\/www.topohvar.at\/orte\/vj\/vj-ip-05-1\/\"><img loading=\"lazy\" decoding=\"async\" class=\"alignnone wp-image-536 size-full\" src=\"https:\/\/www.topohvar.at\/wp-content\/uploads\/2018\/07\/push-r-30.jpg\" alt=\"\" width=\"61\" height=\"30\" \/><\/a>\u00a0<a href=\"https:\/\/www.topohvar.at\/orte\/vj\/vj-is-11-1\/\"><img loading=\"lazy\" decoding=\"async\" class=\"alignnone wp-image-12299 size-full\" src=\"https:\/\/www.topohvar.at\/wp-content\/uploads\/2018\/09\/push-next-30.jpg\" alt=\"\" width=\"61\" height=\"30\" \/><\/a><\/strong><\/p>\n<hr \/>\n<p><strong>Adresa \/ Adresse<br \/>\n<\/strong>Vrbanj,\u00a0Polje, Pre\u0161ice<\/p>\n<p><strong>Lokacija \/ Position<a href=\"https:\/\/goo.gl\/maps\/57DYDza8XgEpKyoL9\"><img loading=\"lazy\" decoding=\"async\" class=\"alignright wp-image-7014\" src=\"https:\/\/www.topohvar.at\/wp-content\/uploads\/2018\/08\/0884.jpg\" alt=\"\" width=\"134\" height=\"100\" \/><\/a><br \/>\n<\/strong><span style=\"color: #3366ff;\"><a style=\"color: #3366ff;\" href=\"https:\/\/goo.gl\/maps\/57DYDza8XgEpKyoL9\">Latitude: N 43,18086\u00b0\u00a0 \u00a0 Longitude: E 16,63919\u00b0<\/a><\/span>\u00a0<strong><br \/>\n<\/strong>Visina \/ H\u00f6he: 25 m<\/p>\n<p><strong>Katastarska \u010destica \/ Grundst\u00fccke<br \/>\n<\/strong>1813<div class='content-column one_half'><div style=\"padding-right:6px;\"><p><strong>Datum snimanja \/ Erfassungsdatum<br \/>\n<\/strong>02.10.2013 12:18:24<\/p>\n<hr \/>\n<p><strong>Informacije<\/strong><\/p>\n<p>Ovaj put, koji \u010dini jednu od glavnih osi podoje zemlji\u0161ta Starogradskog polja, nazvan je po Grkinji Gorgilo \u010dije je ime uklesano na spomeniku iz III\/II. st. pr .Kr.<\/p><\/div><\/div><div class='content-column one_half last_column'><div style=\"padding-right:0px;padding-left:6px;\"><p><strong>Stupanj za\u0161tite \/ Schutzstellung<br \/>\n<\/strong>&#8211;<\/p>\n<hr \/>\n<p><strong>Info<\/strong><\/p>\n<p>Dieser Weg, der zu einer der Hauptachsen der Stari Grader Ebene f\u00fchrt, ist nach der Griechin Gorgilo benannt, deren Name auf einem Denkmal des 3. \/ 2. Jh. vor Chr. eingraviert ist.<\/p><\/div><\/div><div class='clear_column'><\/div><div class='content-column one_half'><div style=\"padding-right:6px;\"><p>Na mramornoj bazi, u koju je vjerojatno bio pri\u010dvr\u0161\u0107en kipi\u0107 Afrodite, uklesan je zavjetni natpis: <em>Gorgilo (kci) Demarhova<\/em> <em>(prinese) Afroditi desetinu<\/em>. Za nju su neki, kao i Kleuniku, smatrali da je bila hetera (obrazovana kurtizana), no vjerojatno je rije\u010d o osobi koja je prinijela dar za sre\u0107u u ljubavi.<\/p><\/div><\/div><div class='content-column one_half last_column'><div style=\"padding-right:0px;padding-left:6px;\"><p>Auf dem Marmorsockel, auf dem wahrscheinlich eine Statue der Aphrodite stand, ist eine Votivinschrift eingraviert: <em>Gorgilo (Tochter) des Demarhov (bringt) Aphrodite den Zehent.<\/em> Sie, ebenso wie Kleukin, dachten, dass sie als hetera (Kurtisane) erzogen wurden, aber wahrscheinlich ist das eine Person, die ihr ein Geschenk f\u00fcr Gl\u00fcck in der Liebe gebracht hat.<\/p><\/div><\/div><div class='clear_column'><\/div><div class='content-column one_half'><div style=\"padding-right:6px;\"><p>Spomenik je na\u0111en u Starome gradu, a odljev se mo\u017ee vidjeti u Muzeju Dominikanskog samostana.<\/p><\/div><\/div><div class='content-column one_half last_column'><div style=\"padding-right:0px;padding-left:6px;\"><p>Das Denkmal wurde in Stari Grad gefunden. Ein Abguss davon ist im Museum des Dominikanerklosters zu sehen.<\/p><\/div><\/div><div class='clear_column'><\/div><\/p>\n<p style=\"text-align: right;\"><span style=\"color: #3366ff;\"><a style=\"color: #3366ff;\" href=\"#seite_oben\">Natrag na vrh \/ Seitenanfang<\/a><\/span><\/p>\n<hr \/>\n<p><strong>Linkovi \/ Links<\/strong><\/p>\n<p><span style=\"color: #3366ff;\"><a style=\"color: #3366ff;\" href=\"https:\/\/www.topohvar.at\/topo\/orte\/sg\/sg-ca-01-2\/\">Stari Grad &#8211; Samostan \u00bbDominikanski samostan\u00ab \/ Dominikanerkloster<\/a>\u00a0<\/span><\/p>\n","protected":false},"excerpt":{"rendered":"<p>Ime \/ Name \u00a0Informativna plo\u010da \u00bbGorgilin put\u00ab \/ Infotafel Gorgilo-Weg Code: VJ-IP-04\u00a0 \u00a0 \u00a0 \u00a0 \u00a0 \u00a0 \u00a0 \u00a0 \u00a0 \u00a0 \u00a0 \u00a0 \u00a0\u00a0 \u00a0 \u00a0 \u00a0 \u00a0\u00a0\u00a0\u00a0 Adresa \/ Adresse Vrbanj,\u00a0Polje, Pre\u0161ice Lokacija \/ Position Latitude: N 43,18086\u00b0\u00a0 \u00a0 &hellip; <a href=\"https:\/\/www.topohvar.at\/topo\/orte\/vj\/vj-ip-04-1\/\">Weiterlesen <span class=\"meta-nav\">&rarr;<\/span><\/a><\/p>\n","protected":false},"author":1,"featured_media":0,"parent":111,"menu_order":0,"comment_status":"closed","ping_status":"closed","template":"","meta":{"footnotes":""},"class_list":["post-6749","page","type-page","status-publish","hentry"],"_links":{"self":[{"href":"https:\/\/www.topohvar.at\/topo\/wp-json\/wp\/v2\/pages\/6749","targetHints":{"allow":["GET"]}}],"collection":[{"href":"https:\/\/www.topohvar.at\/topo\/wp-json\/wp\/v2\/pages"}],"about":[{"href":"https:\/\/www.topohvar.at\/topo\/wp-json\/wp\/v2\/types\/page"}],"author":[{"embeddable":true,"href":"https:\/\/www.topohvar.at\/topo\/wp-json\/wp\/v2\/users\/1"}],"replies":[{"embeddable":true,"href":"https:\/\/www.topohvar.at\/topo\/wp-json\/wp\/v2\/comments?post=6749"}],"version-history":[{"count":15,"href":"https:\/\/www.topohvar.at\/topo\/wp-json\/wp\/v2\/pages\/6749\/revisions"}],"predecessor-version":[{"id":72139,"href":"https:\/\/www.topohvar.at\/topo\/wp-json\/wp\/v2\/pages\/6749\/revisions\/72139"}],"up":[{"embeddable":true,"href":"https:\/\/www.topohvar.at\/topo\/wp-json\/wp\/v2\/pages\/111"}],"wp:attachment":[{"href":"https:\/\/www.topohvar.at\/topo\/wp-json\/wp\/v2\/media?parent=6749"}],"curies":[{"name":"wp","href":"https:\/\/api.w.org\/{rel}","templated":true}]}}