{"id":6755,"date":"2018-08-21T15:33:15","date_gmt":"2018-08-21T13:33:15","guid":{"rendered":"https:\/\/www.topohvar.at\/?page_id=6755"},"modified":"2023-06-08T17:27:04","modified_gmt":"2023-06-08T15:27:04","slug":"vj-is-03-1","status":"publish","type":"page","link":"https:\/\/www.topohvar.at\/topo\/orte\/vj\/vj-is-03-1\/","title":{"rendered":"VRBANJ &#8211; Spomen plo\u010da \u00bbKu\u010da Matij Ivani\u0107a\u00ab"},"content":{"rendered":"<p><strong><img loading=\"lazy\" decoding=\"async\" class=\"alignnone wp-image-6600 size-large\" src=\"https:\/\/www.topohvar.at\/wp-content\/uploads\/2018\/08\/VJ-IS-03-0-1024x503.jpg\" alt=\"\" width=\"640\" height=\"314\" srcset=\"https:\/\/www.topohvar.at\/wp-content\/uploads\/2018\/08\/VJ-IS-03-0-1024x503.jpg 1024w, https:\/\/www.topohvar.at\/wp-content\/uploads\/2018\/08\/VJ-IS-03-0-300x147.jpg 300w, https:\/\/www.topohvar.at\/wp-content\/uploads\/2018\/08\/VJ-IS-03-0-768x377.jpg 768w, https:\/\/www.topohvar.at\/wp-content\/uploads\/2018\/08\/VJ-IS-03-0.jpg 1080w\" sizes=\"auto, (max-width: 640px) 100vw, 640px\" \/><\/strong><\/p>\n<p><strong>Ime \/ Name<br \/>\n<\/strong>Spomen plo\u010da \u00bbKu\u010da Matij Ivani\u0107a\u00ab \/ Gedenktafel Haus\u00a0Matij Ivani\u0107<\/p>\n<p><strong>Code: <\/strong>VJ-IS-03\u00a0 \u00a0 \u00a0 \u00a0 \u00a0 \u00a0 \u00a0 \u00a0<strong>\u00a0 \u00a0 \u00a0 \u00a0 \u00a0 \u00a0 \u00a0 \u00a0 \u00a0 <a href=\"https:\/\/www.topohvar.at\/orte\/vj\/vj-ip-01-1\/\"><img loading=\"lazy\" decoding=\"async\" class=\"alignnone wp-image-12300 size-full\" src=\"https:\/\/www.topohvar.at\/wp-content\/uploads\/2018\/09\/push-vor-30.jpg\" alt=\"\" width=\"61\" height=\"30\" \/><\/a>\u00a0<a href=\"https:\/\/www.topohvar.at\/orte\/vj\/vj-is-02-1\/\"><img loading=\"lazy\" decoding=\"async\" class=\"alignnone wp-image-533 size-full\" src=\"https:\/\/www.topohvar.at\/wp-content\/uploads\/2018\/07\/push-l-30.jpg\" alt=\"\" width=\"61\" height=\"30\" \/><\/a>\u00a0<a href=\"https:\/\/www.topohvar.at\/orte\/vj\/\"><img loading=\"lazy\" decoding=\"async\" class=\"alignnone wp-image-535 size-full\" src=\"https:\/\/www.topohvar.at\/wp-content\/uploads\/2018\/07\/push-o-30.jpg\" alt=\"\" width=\"61\" height=\"30\" \/><\/a>\u00a0<a href=\"https:\/\/www.topohvar.at\/orte\/vj\/vj-is-06-1\/\"><img loading=\"lazy\" decoding=\"async\" class=\"alignnone wp-image-536 size-full\" src=\"https:\/\/www.topohvar.at\/wp-content\/uploads\/2018\/07\/push-r-30.jpg\" alt=\"\" width=\"61\" height=\"30\" \/><\/a><\/strong><\/p>\n<hr \/>\n<p><strong>Adresa \/ Adresse<br \/>\n<\/strong>Vrbanj, ku\u010da Ivani\u0107a<\/p>\n<p><strong>Lokalna polo\u017eaj \/ Position<a href=\"https:\/\/goo.gl\/maps\/toKoZDMaQ6n61cHB8\"><img loading=\"lazy\" decoding=\"async\" class=\"alignright wp-image-7028\" src=\"https:\/\/www.topohvar.at\/wp-content\/uploads\/2018\/08\/0888.jpg\" alt=\"\" width=\"134\" height=\"100\" \/><\/a><br \/>\n<\/strong><span style=\"color: #3366ff;\"><a style=\"color: #3366ff;\" href=\"https:\/\/goo.gl\/maps\/toKoZDMaQ6n61cHB8\">Latitude: N 43,16530\u00b0\u00a0 \u00a0 Longitude: E 16,64073\u00b0<\/a>\u00a0<\/span><strong><br \/>\n<\/strong>Visina \/ H\u00f6he: 75 m<\/p>\n<p><strong>Zemlji\u0161te \/ Grundst\u00fccke<br \/>\n<\/strong>*506\/1?<div class='content-column one_half'><div style=\"padding-right:6px;\"><p><strong>Datum snimanja \/ Erfassungsdatum<br \/>\n<\/strong>17.05.2014 17:18:02<\/p>\n<hr \/>\n<p><strong>Informacije<\/strong><\/p>\n<p>Natpis:<\/p>\n<p style=\"text-align: center;\">OVDJE JE \u017dIVIO<br \/>\n<strong>MATIJ IVANI\u0106<\/strong><br \/>\nVELIKI SIN VRBANJA<br \/>\nORGANIZATOR I PREDVODNIK<br \/>\nPU\u010cKOG USTANKA<br \/>\n1510 \u2013 1514<\/p>\n<p style=\"text-align: center;\">ODBOR ZA PROSLAVU<br \/>\n460. GODI\u0160NJICE PU\u010cKOG USTANKA<br \/>\n1974<\/p><\/div><\/div><div class='content-column one_half last_column'><div style=\"padding-right:0px;padding-left:6px;\"><p><strong>Za\u0161titni polo\u017eaj \/ Schutzstellung<br \/>\n<\/strong>&#8211;<\/p>\n<hr \/>\n<p><strong>Info<\/strong><\/p>\n<p>Inschrift:<\/p>\n<p style=\"text-align: center;\">Hier lebte<br \/>\n<strong>Matij Ivani\u0107<\/strong><br \/>\nVrbanj\u00b4s gro\u00dfer Sohn<br \/>\nOrganisator und F\u00fchrer<br \/>\ndes Volksaufstandes<br \/>\nvon 1510 &#8211; 1514.<\/p>\n<p style=\"text-align: center;\">Ausschuss zur Feier<br \/>\ndes 460. Jubil\u00e4ums des Volksaufstandes<br \/>\n1974<\/p><\/div><\/div><div class='clear_column'><\/div><\/p>\n<hr \/>\n<div class='content-column one_half'><div style=\"padding-right:6px;\"><p><strong>Matij <\/strong><strong>Ivani\u0107<\/strong> (u nekim izvorima: Matija) Ivani\u0107 (Vrbanj, Hvar, oko 1445. &#8211; Rim, 1523.)<\/p><\/div><\/div><div class='content-column one_half last_column'><div style=\"padding-right:0px;padding-left:6px;\"><p><strong>Matij <\/strong><strong>Ivani\u0107<\/strong> (in einigen Quellen: Matija) Ivani\u0107 wurde in Vrbanj um das das Jahr 1445 geboren, gestorben 1523 in Rom.<\/p><\/div><\/div><div class='clear_column'><\/div><div class='content-column one_half'><div style=\"padding-right:6px;\"><p>Bio je ugledan gra\u0111anin hrvatskog gradi\u0107a Hvara iz 16. stolje\u0107a, vo\u0111a Hvarskog ustanka (1510.-1514.) protiv Mleta\u010dke Republike. Nakon poraza, Ivani\u0107 je postao simbolom slobode u okupiranim hrvatskim krajevima pod mleta\u010dkom vla\u0161\u0107u. Ustanak ozna\u010dava i borbu protiv Mleta\u010dka i borbu za radni\u010dki i selja\u010dki stale\u017e.<\/p><\/div><\/div><div class='content-column one_half last_column'><div style=\"padding-right:0px;padding-left:6px;\"><p>Er war prominenter B\u00fcrger der kroatischen Stadt Hvar im 16. Jh. und Anf\u00fchrer des kroatischen Aufstands (1510-1514) gegen die Republik Venedig. Nach der Niederlage wurde Ivani\u0107 zum Symbol der Freiheit in den von den Venezianern besetzten kroatischen Gebieten. Der Aufstand markiert neben dem Kampf gegen Venedig und den Kampf f\u00fcr die Anliegen von Arbeiter und Bauern.<\/p><\/div><\/div><div class='clear_column'><\/div><div class='content-column one_half'><div style=\"padding-right:6px;\"><p>Spomenut je i u poznatoj revolucionarnoj pjesmi &#8222;Padaj silo i nepravdo&#8220;. Poetski ga je do\u010darao Jure Frani\u010devi\u0107-Plo\u010dar u vi\u0161e pjesama posve\u0107enih Hvarskom ustanku.<\/p><\/div><\/div><div class='content-column one_half last_column'><div style=\"padding-right:0px;padding-left:6px;\"><p>Ihm wurde in dem ber\u00fchmten revolution\u00e4ren Gedicht &#8222;der heftige Fall und Ungerechtigkeit&#8220; gedacht. Er ispierierte den Dichter Jure Frani\u010devi\u0107-Plo\u010dar, der mehrere Gedichte \u00fcber den Aufstand in Hvar verfasste.<\/p><\/div><\/div><div class='clear_column'><\/div><div class='content-column one_half'><div style=\"padding-right:6px;\"><p>Najnovija otkri\u0107a Matija Ivani\u0107a predstavljaju kao pravog vizionara koji je kora\u010dao ispred svojega vremena i vodio borbu za budu\u0107nost koja se tijekom srednjovjekovlja tek nazirala.<\/p><\/div><\/div><div class='content-column one_half last_column'><div style=\"padding-right:0px;padding-left:6px;\"><p>Neueste Forschungen repr\u00e4sentieren Matija Ivani\u0107 als wahren Vision\u00e4r, der seiner Zeit voraus war und den Kampf f\u00fcr eine gerechte Zukunft bereits im Mittelalter anf\u00fchrte.<\/p><\/div><\/div><div class='clear_column'><\/div><\/p>\n<hr \/>\n<p><strong>Linkovi \/ Links<\/strong><\/p>\n<p><span style=\"color: #3366ff;\"><strong><a style=\"color: #3366ff;\" href=\"https:\/\/www.topohvar.at\/topo\/orte\/vj\/vj-tg-08-1\/\">Mehr \u00fcber <\/a><a style=\"color: #3366ff;\" href=\"https:\/\/www.topohvar.at\/topo\/orte\/vj\/vj-tg-08-1\/\">Matij Ivani\u0107<\/a><a style=\"color: #3366ff;\" href=\"https:\/\/www.topohvar.at\/topo\/orte\/vj\/vj-tg-08-1\/\">\u00a0\/ vi\u0161e o Matiji Ivani\u0107u<\/a><\/strong><\/span><\/p>\n<p><span style=\"color: #3366ff;\"><a style=\"color: #3366ff;\" href=\"https:\/\/www.topohvar.at\/topo\/orte\/vj\/vj-tg-08-1\/\">Vrbanj &#8211; ku<\/a><a style=\"color: #3366ff;\" href=\"https:\/\/www.topohvar.at\/topo\/orte\/vj\/vj-tg-08-1\/\">\u0107<\/a><a style=\"color: #3366ff;\" href=\"https:\/\/www.topohvar.at\/topo\/orte\/vj\/vj-tg-08-1\/\">a \/ Haus Matij Ivani\u0107<\/a><br \/>\n<a style=\"color: #3366ff;\" href=\"https:\/\/www.topohvar.at\/topo\/orte\/vj\/vj-tg-01-1\/\">Vrbanj &#8211; Ku\u0107a \u00bbDom Matij Ivani\u0107\u00ab \/ Kulturhaus Matij Ivani\u0107<\/a>\u00a0<\/span><br \/>\n<span style=\"color: #3366ff;\"><a style=\"color: #3366ff;\" href=\"https:\/\/www.topohvar.at\/topo\/orte\/vj\/vj-is-06-1\/\">Vrbanj &#8211; Spomen plo\u010da \u00bbMatij Ivani\u0107, na 444-tu godisnjicu pu\u010dana\u00ab \/ Gedenktafel Matij Ivani\u0107, zum 444. Jahrestag des Aufstandes<\/a>\u00a0<\/span><br \/>\n<span style=\"color: #3366ff;\"><a style=\"color: #3366ff;\" href=\"https:\/\/www.topohvar.at\/topo\/orte\/vj\/vj-is-05-1\/\">Vrbanj &#8211; Spomen plo\u010da \u00bbMatij Ivani\u0107, na 500-tu godisnjicu pu\u010dana\u00ab \/ Gedenktafel Matij Ivani\u0107, zum 500. Jahrestag des Aufstandes<\/a>\u00a0<\/span><br \/>\n<span style=\"color: #3366ff;\"><a style=\"color: #3366ff;\" href=\"https:\/\/www.topohvar.at\/topo\/orte\/vj\/vj-pu-01-1\/\">Vrbanj &#8211; Objekt \u00bbPut Matija Ivani\u0107a\u00ab \/ Ivani\u0107-Weg<\/a>\u00a0<\/span><br \/>\n<span style=\"color: #3366ff;\"><a style=\"color: #3366ff;\" href=\"https:\/\/www.topohvar.at\/topo\/orte\/vj\/vj-ip-01-1\/\">Vrbanj &#8211; Informativna plo\u010da \u00bbPut Matija Ivani\u0107a\u00ab \/ Infotafel Ivani\u0107-Weg<\/a><\/span><\/p>\n<p><a style=\"color: #3366ff;\" href=\"https:\/\/www.topohvar.at\/orte\/hv\/hv-ci-03-1\/\">Hvar &#8211; Pri\u010da o Hvarskom Svetom Kri\u017ei\u0107u \/\u00a0\u00a0die Geschichte vom Heiligen Kreuz in Hvar<\/a><br \/>\n<a href=\"https:\/\/www.topohvar.at\/topo\/orte\/hv\/hv-is-12-1\/\"><span style=\"color: #3366ff;\">Hvar &#8211; Spomen plo\u010da \u00bbMatij Ivani\u0107\u00ab \/ Gedenktafel \u00bbMatij Ivani\u0107\u00ab<\/span><\/a><span style=\"color: #3366ff;\">\u00a0<\/span><br \/>\n<span style=\"color: #3366ff;\"><a style=\"color: #3366ff;\" href=\"https:\/\/www.topohvar.at\/topo\/orte\/hv\/hv-ci-03\/\">Hvar &#8211; Crkva \u00bbGospa Anuncijata\u00ab \/ Kirche Maria Verk\u00fcndigung<\/a>\u00a0<\/span><\/p>\n<p><span style=\"color: #3366ff;\"><a style=\"color: #3366ff;\" href=\"https:\/\/www.topohvar.at\/topo\/orte\/je\/je-is-05-1\/\">Jelsa &#8211; Spomen plo\u010da \u00bb\u0106eta Matij Ivani\u0107\u00ab \/ Gedenktafel Partisaneneinheit Matij Ivani\u0107<\/a>\u00a0<\/span><\/p>\n<p><span style=\"color: #3366ff;\"><a style=\"color: #3366ff;\" href=\"https:\/\/www.topohvar.at\/topo\/orte\/sg\/sg-is-08-2\/\">Stari Grad &#8211; Spomen plo\u010da \u00bbMatij Ivani\u0107, napad 1510\u00ab\/ Gedenktafel an den Aufstand des\u00a0Matij Ivani\u0107 im Jahr 1510<\/a><\/span><\/p>\n<p><span style=\"color: #3366ff;\"><a style=\"color: #3366ff;\" href=\"https:\/\/www.topohvar.at\/topo\/orte\/sv\/sv-cp-07-1\/\">Svir\u010de &#8211; Kapela \u00bbSv. Nikole od Planine\u00ab \/ Kapelle des hl. Nikolaus am Berg<\/a><\/span><\/p>\n<p><span style=\"color: #3366ff;\"><a style=\"color: #3366ff;\" href=\"https:\/\/www.topohvar.at\/topo\/orte\/va\/va-tg-05-1\/\">Vrboska &#8211; Ku\u0107a \u00bbMatije Ivani\u0107a\u00ab \/ Haus des\u00a0Matij Ivani\u0107<\/a>\u00a0<\/span><br \/>\n<span style=\"color: #3366ff;\"><a style=\"color: #3366ff;\" href=\"https:\/\/www.topohvar.at\/topo\/orte\/va\/va-is-02-1\/\">Vrboska &#8211; Spomen plo\u010da \u00bbKu\u0107a Matije Ivani\u0107a\u00ab \/ Gedenktafel Haus des Matij Ivani\u0107<\/a><\/span><\/p>\n<p>&nbsp;<\/p>\n","protected":false},"excerpt":{"rendered":"<p>Ime \/ Name Spomen plo\u010da \u00bbKu\u010da Matij Ivani\u0107a\u00ab \/ Gedenktafel Haus\u00a0Matij Ivani\u0107 Code: VJ-IS-03\u00a0 \u00a0 \u00a0 \u00a0 \u00a0 \u00a0 \u00a0 \u00a0\u00a0 \u00a0 \u00a0 \u00a0 \u00a0 \u00a0 \u00a0 \u00a0 \u00a0 \u00a0\u00a0\u00a0 Adresa \/ Adresse Vrbanj, ku\u010da Ivani\u0107a Lokalna polo\u017eaj \/ Position &hellip; <a href=\"https:\/\/www.topohvar.at\/topo\/orte\/vj\/vj-is-03-1\/\">Weiterlesen <span class=\"meta-nav\">&rarr;<\/span><\/a><\/p>\n","protected":false},"author":1,"featured_media":0,"parent":111,"menu_order":0,"comment_status":"closed","ping_status":"closed","template":"","meta":{"footnotes":""},"class_list":["post-6755","page","type-page","status-publish","hentry"],"_links":{"self":[{"href":"https:\/\/www.topohvar.at\/topo\/wp-json\/wp\/v2\/pages\/6755","targetHints":{"allow":["GET"]}}],"collection":[{"href":"https:\/\/www.topohvar.at\/topo\/wp-json\/wp\/v2\/pages"}],"about":[{"href":"https:\/\/www.topohvar.at\/topo\/wp-json\/wp\/v2\/types\/page"}],"author":[{"embeddable":true,"href":"https:\/\/www.topohvar.at\/topo\/wp-json\/wp\/v2\/users\/1"}],"replies":[{"embeddable":true,"href":"https:\/\/www.topohvar.at\/topo\/wp-json\/wp\/v2\/comments?post=6755"}],"version-history":[{"count":19,"href":"https:\/\/www.topohvar.at\/topo\/wp-json\/wp\/v2\/pages\/6755\/revisions"}],"predecessor-version":[{"id":62909,"href":"https:\/\/www.topohvar.at\/topo\/wp-json\/wp\/v2\/pages\/6755\/revisions\/62909"}],"up":[{"embeddable":true,"href":"https:\/\/www.topohvar.at\/topo\/wp-json\/wp\/v2\/pages\/111"}],"wp:attachment":[{"href":"https:\/\/www.topohvar.at\/topo\/wp-json\/wp\/v2\/media?parent=6755"}],"curies":[{"name":"wp","href":"https:\/\/api.w.org\/{rel}","templated":true}]}}