{"id":6759,"date":"2018-08-21T15:36:25","date_gmt":"2018-08-21T13:36:25","guid":{"rendered":"https:\/\/www.topohvar.at\/?page_id=6759"},"modified":"2023-06-08T17:29:33","modified_gmt":"2023-06-08T15:29:33","slug":"vj-is-06-1","status":"publish","type":"page","link":"https:\/\/www.topohvar.at\/topo\/orte\/vj\/vj-is-06-1\/","title":{"rendered":"VRBANJ &#8211; Spomen plo\u010da \u00bbMatij Ivani\u0107, na 444-tu godisnjicu pu\u010dana\u00ab"},"content":{"rendered":"<p><strong><img loading=\"lazy\" decoding=\"async\" class=\"alignnone wp-image-6603 size-large\" src=\"https:\/\/www.topohvar.at\/wp-content\/uploads\/2018\/08\/VJ-IS-06-0-1024x503.jpg\" alt=\"\" width=\"640\" height=\"314\" srcset=\"https:\/\/www.topohvar.at\/wp-content\/uploads\/2018\/08\/VJ-IS-06-0-1024x503.jpg 1024w, https:\/\/www.topohvar.at\/wp-content\/uploads\/2018\/08\/VJ-IS-06-0-300x147.jpg 300w, https:\/\/www.topohvar.at\/wp-content\/uploads\/2018\/08\/VJ-IS-06-0-768x377.jpg 768w, https:\/\/www.topohvar.at\/wp-content\/uploads\/2018\/08\/VJ-IS-06-0.jpg 1080w\" sizes=\"auto, (max-width: 640px) 100vw, 640px\" \/><\/strong><\/p>\n<p><strong>Ime \/ Name<\/strong><br \/>\nSpomen plo\u010da \u00bbMatij Ivani\u0107, na 444-tu godisnjicu pu\u010dana\u00ab \/ Gedenktafel\u00a0Matij Ivani\u0107, zum 444. Jahrestag des Aufstandes<br \/>\n<strong><br \/>\nCode: <\/strong>VJ-IS-06\u00a0 \u00a0 \u00a0 \u00a0 \u00a0 \u00a0 \u00a0 \u00a0<strong>\u00a0 \u00a0 \u00a0 \u00a0 \u00a0 \u00a0 \u00a0\u00a0 \u00a0 <a href=\"https:\/\/www.topohvar.at\/orte\/vj\/vj-ip-01-1\/\"><img loading=\"lazy\" decoding=\"async\" class=\"alignnone wp-image-12300 size-full\" src=\"https:\/\/www.topohvar.at\/wp-content\/uploads\/2018\/09\/push-vor-30.jpg\" alt=\"\" width=\"61\" height=\"30\" \/><\/a>\u00a0<a href=\"https:\/\/www.topohvar.at\/orte\/vj\/vj-is-03-1\/\"><img loading=\"lazy\" decoding=\"async\" class=\"alignnone wp-image-533 size-full\" src=\"https:\/\/www.topohvar.at\/wp-content\/uploads\/2018\/07\/push-l-30.jpg\" alt=\"\" width=\"61\" height=\"30\" \/><\/a>\u00a0<a href=\"https:\/\/www.topohvar.at\/orte\/vj\/\"><img loading=\"lazy\" decoding=\"async\" class=\"alignnone wp-image-535 size-full\" src=\"https:\/\/www.topohvar.at\/wp-content\/uploads\/2018\/07\/push-o-30.jpg\" alt=\"\" width=\"61\" height=\"30\" \/><\/a>\u00a0<a href=\"https:\/\/www.topohvar.at\/orte\/vj\/vj-is-05-1\/\"><img loading=\"lazy\" decoding=\"async\" class=\"alignnone wp-image-536 size-full\" src=\"https:\/\/www.topohvar.at\/wp-content\/uploads\/2018\/07\/push-r-30.jpg\" alt=\"\" width=\"61\" height=\"30\" \/><\/a><\/strong><\/p>\n<hr \/>\n<p><strong>Adresa \/ Adresse<br \/>\n<\/strong>Vrbanj, Pjaca, Dom Matija Ivani\u0107a<\/p>\n<p><strong>Lokalna polo\u017eaj \/ Position<a href=\"https:\/\/goo.gl\/maps\/eBY1Kt9EqPE5QFn2A\"><img loading=\"lazy\" decoding=\"async\" class=\"alignright wp-image-7037\" src=\"https:\/\/www.topohvar.at\/wp-content\/uploads\/2018\/08\/0904.jpg\" alt=\"\" width=\"134\" height=\"100\" \/><\/a><br \/>\n<\/strong><span style=\"color: #3366ff;\"><a style=\"color: #3366ff;\" href=\"https:\/\/goo.gl\/maps\/eBY1Kt9EqPE5QFn2A\">Latitude: N 43,16573\u00b0\u00a0 \u00a0 Longitude: E 16,64341\u00b0\u00a0<\/a><\/span><strong><br \/>\n<\/strong>Visina \/ H\u00f6he: 89 m<\/p>\n<p><strong>Zemlji\u0161te \/ Grundst\u00fccke<br \/>\n<\/strong>*645<div class='content-column one_half'><div style=\"padding-right:6px;\"><p><strong>Datum snimanja \/ Erfassungsdatum<br \/>\n<\/strong>19.05.2014 17:10:00<\/p>\n<hr \/>\n<p><strong>Informacije<\/strong><\/p>\n<p>Spomen plo\u010da od bijelog mramora postavljena je na pro\u010delju doma Matije Ivani\u0107a. Postavljena je povodom proslave 444-godi\u0161njice borbe pu\u010dana pod vodstvom Matije Ivani\u0107a, a na spomen svim borcima palim za slobodu i pravdu naroda. Plo\u010da postavljena je 30. maja 1954. godine.<\/p><\/div><\/div><div class='content-column one_half last_column'><div style=\"padding-right:0px;padding-left:6px;\"><p><strong>Za\u0161titni polo\u017eaj \/ Schutzstellung<br \/>\n<\/strong>&#8211;<\/p>\n<hr \/>\n<p><strong>Info<\/strong><\/p>\n<p>Die Gedenktafel aus wei\u00dfem Marmor befindet sich an der Vorderseite des Hauses Mate Ivani\u0107. Sie wurde anl\u00e4sslich der Feier des 444 Jahrestages des Kampfes der von Mate Ivani\u0107 angef\u00fchrten B\u00fcrgerlichen, sowie zum Gedenken an all die Soldaten, die f\u00fcr Freiheit und Gerechtigkeit der Menschen gefallen sind, am 39.5.1954 errichtet.<\/p><\/div><\/div><div class='clear_column'><\/div><div class='content-column one_half'><div style=\"padding-right:6px;\"><p>Natpis:<\/p>\n<p style=\"text-align: center;\"><strong>PUK OTOKA HVARA<\/strong><br \/>\nOSLOBODJEN OKOVA ROPSTVA<br \/>\nNA 444. GODI\u0160NJICU<br \/>\n<strong>BUNE PROTIV GOSPODE<\/strong><br \/>\nU RODNOM MJESTU PU\u010cKOG VODJE<br \/>\n<strong>MATIJE IVANI\u0106A<\/strong><br \/>\nNA SPOMEN PALIMA<br \/>\nZA PRAVICU I SLOBODU RADNOG NARODA<br \/>\nPODI\u017dE OVU PLO\u0106U<br \/>\nMAJA 1954<\/p><\/div><\/div><div class='content-column one_half last_column'><div style=\"padding-right:0px;padding-left:6px;\"><p>Inschrift:<\/p>\n<p style=\"text-align: center;\"><strong>Das Volk der Insel Hvar<\/strong><br \/>\nwurde von den Fesseln der Knechtschaft befreit<br \/>\nZum 444. Jahrestag<br \/>\nder Revolte gegen die Herrschaft<br \/>\nIn seinem Heimatsort der Anf\u00fchrer des Volkes<br \/>\n<strong>Matija Ivani\u0107<\/strong><br \/>\nIn Gedenken an die Gefallenen<br \/>\ndie f\u00fcr Recht und Freiheit gefallen sind<br \/>\nwurde diese Gedenktafel von den Werkt\u00e4tigen errichtet.<br \/>\nMai 1954<\/p><\/div><\/div><div class='clear_column'><\/div><\/p>\n<hr \/>\n<p><strong>Linkovi \/ Links<\/strong><\/p>\n<p><span style=\"color: #3366ff;\"><strong><a style=\"color: #3366ff;\" href=\"https:\/\/www.topohvar.at\/topo\/orte\/vj\/vj-tg-08-1\/\">Mehr \u00fcber <\/a><a style=\"color: #3366ff;\" href=\"https:\/\/www.topohvar.at\/topo\/orte\/vj\/vj-tg-08-1\/\">Matij Ivani\u0107<\/a><a style=\"color: #3366ff;\" href=\"https:\/\/www.topohvar.at\/topo\/orte\/vj\/vj-tg-08-1\/\">\u00a0\/ vi\u0161e o Matiji Ivani\u0107u<\/a><\/strong><\/span><\/p>\n<p><a style=\"color: #3366ff;\" href=\"https:\/\/www.topohvar.at\/orte\/hv\/hv-ci-03-1\/\">Hvar &#8211; Pri\u010da o Hvarskom Svetom Kri\u017ei\u0107u \/\u00a0\u00a0die Geschichte vom Heiligen Kreuz in Hvar<\/a><br \/>\n<a href=\"https:\/\/www.topohvar.at\/topo\/orte\/hv\/hv-is-12-1\/\"><span style=\"color: #3366ff;\">Hvar &#8211; Spomen plo\u010da \u00bbMatij Ivani\u0107\u00ab \/ Gedenktafel \u00bbMatij Ivani\u0107\u00ab<\/span><\/a><span style=\"color: #3366ff;\">\u00a0<\/span><br \/>\n<span style=\"color: #3366ff;\"><a style=\"color: #3366ff;\" href=\"https:\/\/www.topohvar.at\/topo\/orte\/hv\/hv-ci-03\/\">Hvar &#8211; Crkva \u00bbGospa Anuncijata\u00ab \/ Kirche Maria Verk\u00fcndigung<\/a>\u00a0<\/span><\/p>\n<p><span style=\"color: #3366ff;\"><a style=\"color: #3366ff;\" href=\"https:\/\/www.topohvar.at\/topo\/orte\/je\/je-is-05-1\/\">Jelsa &#8211; Spomen plo\u010da \u00bb\u0106eta Matij Ivani\u0107\u00ab \/ Gedenktafel Partisaneneinheit Matij Ivani\u0107<\/a>\u00a0<\/span><\/p>\n<p><span style=\"color: #3366ff;\"><a style=\"color: #3366ff;\" href=\"https:\/\/www.topohvar.at\/topo\/orte\/sg\/sg-is-08-2\/\">Stari Grad &#8211; Spomen plo\u010da \u00bbMatij Ivani\u0107, napad 1510\u00ab\/ Gedenktafel an den Aufstand des\u00a0Matij Ivani\u0107 im Jahr 1510<\/a><\/span><\/p>\n<p><span style=\"color: #3366ff;\"><a style=\"color: #3366ff;\" href=\"https:\/\/www.topohvar.at\/topo\/orte\/sv\/sv-cp-07-1\/\">Svir\u010de &#8211; Kapela \u00bbSv. Nikole od Planine\u00ab \/ Kapelle des hl. Nikolaus am Berg<\/a><\/span><\/p>\n<p><span style=\"color: #3366ff;\"><a style=\"color: #3366ff;\" href=\"https:\/\/www.topohvar.at\/topo\/orte\/vj\/vj-is-03-1\/\">Vrbanj &#8211; Spomen plo\u010da \u00bbKu\u010da Matij Ivani\u0107a\u00ab \/ Gedenktafel Haus Matij Ivani\u0107<\/a>\u00a0<\/span><br \/>\n<span style=\"color: #3366ff;\"><a style=\"color: #3366ff;\" href=\"https:\/\/www.topohvar.at\/topo\/orte\/vj\/vj-tg-01-1\/\">Vrbanj &#8211; Ku\u0107a \u00bbDom Matij Ivani\u0107\u00ab \/ Kulturhaus Matij Ivani\u0107<\/a>\u00a0<\/span><br \/>\n<span style=\"color: #3366ff;\"><a style=\"color: #3366ff;\" href=\"https:\/\/www.topohvar.at\/topo\/orte\/vj\/vj-is-05-1\/\">Vrbanj &#8211; Spomen plo\u010da \u00bbMatij Ivani\u0107, na 500-tu godisnjicu pu\u010dana\u00ab \/ Gedenktafel Matij Ivani\u0107, zum 500. Jahrestag des Aufstandes<\/a>\u00a0<\/span><br \/>\n<span style=\"color: #3366ff;\"><a style=\"color: #3366ff;\" href=\"https:\/\/www.topohvar.at\/topo\/orte\/vj\/vj-pu-01-1\/\">Vrbanj &#8211; Objekt \u00bbPut Matija Ivani\u0107a\u00ab \/ Ivani\u0107-Weg<\/a>\u00a0<\/span><br \/>\n<span style=\"color: #3366ff;\"><a style=\"color: #3366ff;\" href=\"https:\/\/www.topohvar.at\/topo\/orte\/vj\/vj-ip-01-1\/\">Vrbanj &#8211; Informativna plo\u010da \u00bbPut Matija Ivani\u0107a\u00ab \/ Infotafel Ivani\u0107-Weg<\/a><\/span><\/p>\n<p><span style=\"color: #3366ff;\"><a style=\"color: #3366ff;\" href=\"https:\/\/www.topohvar.at\/topo\/orte\/va\/va-tg-05-1\/\">Vrboska &#8211; Ku\u0107a \u00bbMatije Ivani\u0107a\u00ab \/ Haus des\u00a0Matij Ivani\u0107<\/a>\u00a0<\/span><br \/>\n<span style=\"color: #3366ff;\"><a style=\"color: #3366ff;\" href=\"https:\/\/www.topohvar.at\/topo\/orte\/va\/va-is-02-1\/\">Vrboska &#8211; Spomen plo\u010da \u00bbKu\u0107a Matije Ivani\u0107a\u00ab \/ Gedenktafel Haus des Matij Ivani\u0107<\/a><\/span><\/p>\n<p>&nbsp;<\/p>\n","protected":false},"excerpt":{"rendered":"<p>Ime \/ Name Spomen plo\u010da \u00bbMatij Ivani\u0107, na 444-tu godisnjicu pu\u010dana\u00ab \/ Gedenktafel\u00a0Matij Ivani\u0107, zum 444. Jahrestag des Aufstandes Code: VJ-IS-06\u00a0 \u00a0 \u00a0 \u00a0 \u00a0 \u00a0 \u00a0 \u00a0\u00a0 \u00a0 \u00a0 \u00a0 \u00a0 \u00a0 \u00a0\u00a0 \u00a0 \u00a0\u00a0\u00a0 Adresa \/ Adresse Vrbanj, &hellip; <a href=\"https:\/\/www.topohvar.at\/topo\/orte\/vj\/vj-is-06-1\/\">Weiterlesen <span class=\"meta-nav\">&rarr;<\/span><\/a><\/p>\n","protected":false},"author":1,"featured_media":0,"parent":111,"menu_order":0,"comment_status":"closed","ping_status":"closed","template":"","meta":{"footnotes":""},"class_list":["post-6759","page","type-page","status-publish","hentry"],"_links":{"self":[{"href":"https:\/\/www.topohvar.at\/topo\/wp-json\/wp\/v2\/pages\/6759","targetHints":{"allow":["GET"]}}],"collection":[{"href":"https:\/\/www.topohvar.at\/topo\/wp-json\/wp\/v2\/pages"}],"about":[{"href":"https:\/\/www.topohvar.at\/topo\/wp-json\/wp\/v2\/types\/page"}],"author":[{"embeddable":true,"href":"https:\/\/www.topohvar.at\/topo\/wp-json\/wp\/v2\/users\/1"}],"replies":[{"embeddable":true,"href":"https:\/\/www.topohvar.at\/topo\/wp-json\/wp\/v2\/comments?post=6759"}],"version-history":[{"count":19,"href":"https:\/\/www.topohvar.at\/topo\/wp-json\/wp\/v2\/pages\/6759\/revisions"}],"predecessor-version":[{"id":62911,"href":"https:\/\/www.topohvar.at\/topo\/wp-json\/wp\/v2\/pages\/6759\/revisions\/62911"}],"up":[{"embeddable":true,"href":"https:\/\/www.topohvar.at\/topo\/wp-json\/wp\/v2\/pages\/111"}],"wp:attachment":[{"href":"https:\/\/www.topohvar.at\/topo\/wp-json\/wp\/v2\/media?parent=6759"}],"curies":[{"name":"wp","href":"https:\/\/api.w.org\/{rel}","templated":true}]}}