{"id":67799,"date":"2024-06-03T07:16:33","date_gmt":"2024-06-03T05:16:33","guid":{"rendered":"https:\/\/www.topohvar.at\/topo\/?page_id=67799"},"modified":"2024-07-08T16:10:50","modified_gmt":"2024-07-08T14:10:50","slug":"hu-tr-08-1","status":"publish","type":"page","link":"https:\/\/www.topohvar.at\/topo\/orte\/hu\/hu-tr-08-1\/","title":{"rendered":"HUMAC &#8211; Trim \u00bbHU-TR-08\u00ab"},"content":{"rendered":"<p><a name=\"seite_oben\"><\/a><strong><img loading=\"lazy\" decoding=\"async\" class=\"alignnone wp-image-67800 size-full\" src=\"https:\/\/www.topohvar.at\/wp-content\/uploads\/2024\/06\/hu-tr-08-1.jpg\" alt=\"\" width=\"1080\" height=\"530\" srcset=\"https:\/\/www.topohvar.at\/wp-content\/uploads\/2024\/06\/hu-tr-08-1.jpg 1080w, https:\/\/www.topohvar.at\/wp-content\/uploads\/2024\/06\/hu-tr-08-1-300x147.jpg 300w, https:\/\/www.topohvar.at\/wp-content\/uploads\/2024\/06\/hu-tr-08-1-1024x503.jpg 1024w, https:\/\/www.topohvar.at\/wp-content\/uploads\/2024\/06\/hu-tr-08-1-768x377.jpg 768w\" sizes=\"auto, (max-width: 1080px) 100vw, 1080px\" \/><\/strong><\/p>\n<p><strong>Ime \/ Name<br \/>\n<\/strong>Trim \u00bbHU-TR-08\u00ab<\/p>\n<p><strong>Code: <\/strong>HU-TR-08\u00a0 \u00a0 \u00a0 \u00a0 \u00a0 \u00a0 \u00a0 \u00a0 \u00a0 \u00a0 \u00a0 \u00a0 \u00a0 \u00a0 <a href=\"https:\/\/www.topohvar.at\/orte\/hu\/hu-tr-00-1\/\"><img loading=\"lazy\" decoding=\"async\" class=\"alignnone wp-image-12300 size-full\" src=\"https:\/\/www.topohvar.at\/wp-content\/uploads\/2018\/09\/push-vor-30.jpg\" alt=\"\" width=\"61\" height=\"30\" \/><\/a>\u00a0<strong><a href=\"https:\/\/www.topohvar.at\/orte\/hu\/hu-tr-04-1\/\"><img loading=\"lazy\" decoding=\"async\" class=\"alignnone wp-image-533 size-full\" src=\"https:\/\/www.topohvar.at\/wp-content\/uploads\/2018\/07\/push-l-30.jpg\" alt=\"\" width=\"61\" height=\"30\" \/><\/a> <a href=\"https:\/\/www.topohvar.at\/orte\/hu\/\"><img loading=\"lazy\" decoding=\"async\" class=\"alignnone wp-image-535 size-full\" src=\"https:\/\/www.topohvar.at\/wp-content\/uploads\/2018\/07\/push-o-30.jpg\" alt=\"\" width=\"61\" height=\"30\" \/><\/a> <a href=\"https:\/\/www.topohvar.at\/orte\/hu\/hu-tr-07-1\/\"><img loading=\"lazy\" decoding=\"async\" class=\"alignnone wp-image-536 size-full\" src=\"https:\/\/www.topohvar.at\/wp-content\/uploads\/2018\/07\/push-r-30.jpg\" alt=\"\" width=\"61\" height=\"30\" \/><\/a><\/strong><\/p>\n<hr \/>\n<p><strong>Adresa \/ Adresse<br \/>\n<\/strong>Humac, zapadno od sela<\/p>\n<p><strong>Lokacija \/ Position<a href=\"https:\/\/maps.app.goo.gl\/9hnQkamNb64uASHB7\"><img loading=\"lazy\" decoding=\"async\" class=\"alignright wp-image-67801\" src=\"https:\/\/www.topohvar.at\/wp-content\/uploads\/2024\/06\/4138.jpg\" alt=\"\" width=\"133\" height=\"100\" \/><\/a><br \/>\n<\/strong><a href=\"https:\/\/maps.app.goo.gl\/9hnQkamNb64uASHB7\"><span style=\"color: #3366ff;\">Latitude: N 43,14072\u00b0\u00a0 \u00a0Longitude: E 16,74636\u00b0<\/span><\/a> <strong><br \/>\n<\/strong>Visina \/ H\u00f6he: 335 m<\/p>\n<p><strong>Katastarska \u010destica \/ Grundst\u00fccke<br \/>\n<\/strong>3521 (Jelsa)<div class='content-column one_half'><div style=\"padding-right:6px;\"><p><strong>Datum snimanja \/ Erfassungsdatum<br \/>\n<\/strong>13.05.2024 11:35:00<\/p>\n<hr \/>\n<p><strong>Informacije<\/strong><\/p>\n<p>Veliki trim nalazi se ju\u017eno od staze koja vodi grebenom prema zapadu, oko 1,4 km od Humca. \u010cetverostupanjski trim je kru\u017enog oblika i s desne strane je okru\u017een niskim kamenim prstenom. O\u0161te\u0107ena mu je desna strana. Njenu kupolu kruni\u0161e <em>huhuri\u0107<\/em> (uspravni kamen).<\/p><\/div><\/div><div class='content-column one_half last_column'><div style=\"padding-right:0px;padding-left:6px;\"><p><strong>Stupanj za\u0161tite \/ Schutzstellung<br \/>\n<\/strong>&#8211;<\/p>\n<hr \/>\n<p><strong>Info<\/strong><\/p>\n<p>Der gro\u00dfe Trim befindet sich knapp s\u00fcdlich des Weges, der am Bergr\u00fccken Richtung Westen f\u00fchrt, etwa 1,4 km von Humac entfernt. \u00a0Der vierstufige Trim ist kreisrund gebaut und ist an seiner rechten Seite von einem niedrigen Steinring umgeben. Seine rechte Seite ist besch\u00e4digt. Seine Kuppel kr\u00f6nt ein <em>Huhuri\u0107 <\/em>(aufrecht gestellter Stein).<\/p><\/div><\/div><div class='clear_column'><\/div><div class='content-column one_half'><div style=\"padding-right:6px;\"><p>Prostor ispred ulaza u trim karakteriziraju stijenska rebra i ni\u017ei je od unutra\u0161njosti za cca 40 cm. Iznad visokog ulaza ure\u0111ena je ni\u0161a s tankim nadvratnikom. U kru\u017enom interijeru nalaze se dvije zidne ni\u0161e. Trim se vi\u0161e ne koristi.<\/p><\/div><\/div><div class='content-column one_half last_column'><div style=\"padding-right:0px;padding-left:6px;\"><p>Der Bereich vor dem Trimeingang ist von Felsrippen gepr\u00e4gt und liegt ca. 40 cm tiefer als der Innenraum. \u00dcber dem hohen Eingang mit d\u00fcnnem \u00dcberlager ist eine Nische angeordnet. Im kreisrunden Innenraum befinden sich zwei Wandnische. Der Trim wird nicht mehr genutzt.<\/p><\/div><\/div><div class='clear_column'><\/div><div class='content-column one_half'><div style=\"padding-right:6px;\"><div id=\"attachment_68909\" style=\"width: 310px\" class=\"wp-caption aligncenter\"><img loading=\"lazy\" decoding=\"async\" aria-describedby=\"caption-attachment-68909\" class=\"wp-image-68909 size-medium\" src=\"https:\/\/www.topohvar.at\/wp-content\/uploads\/2024\/06\/hu-tr-08-20-300x300.jpg\" alt=\"\" width=\"300\" height=\"300\" srcset=\"https:\/\/www.topohvar.at\/wp-content\/uploads\/2024\/06\/hu-tr-08-20-300x300.jpg 300w, https:\/\/www.topohvar.at\/wp-content\/uploads\/2024\/06\/hu-tr-08-20-150x150.jpg 150w, https:\/\/www.topohvar.at\/wp-content\/uploads\/2024\/06\/hu-tr-08-20.jpg 450w\" sizes=\"auto, (max-width: 300px) 100vw, 300px\" \/><p id=\"caption-attachment-68909\" class=\"wp-caption-text\">Ulaz \/ Eingang<\/p><\/div><\/div><\/div><div class='content-column one_half last_column'><div style=\"padding-right:0px;padding-left:6px;\"><div id=\"attachment_68910\" style=\"width: 310px\" class=\"wp-caption aligncenter\"><img loading=\"lazy\" decoding=\"async\" aria-describedby=\"caption-attachment-68910\" class=\"wp-image-68910 size-medium\" src=\"https:\/\/www.topohvar.at\/wp-content\/uploads\/2024\/06\/hu-tr-08-80-300x300.jpg\" alt=\"\" width=\"300\" height=\"300\" srcset=\"https:\/\/www.topohvar.at\/wp-content\/uploads\/2024\/06\/hu-tr-08-80-300x300.jpg 300w, https:\/\/www.topohvar.at\/wp-content\/uploads\/2024\/06\/hu-tr-08-80-150x150.jpg 150w, https:\/\/www.topohvar.at\/wp-content\/uploads\/2024\/06\/hu-tr-08-80.jpg 450w\" sizes=\"auto, (max-width: 300px) 100vw, 300px\" \/><p id=\"caption-attachment-68910\" class=\"wp-caption-text\">pogled prema zapadu \/ Blick nach Westen<\/p><\/div><\/div><\/div><div class='clear_column'><\/div><div class='content-column one_half'><div style=\"padding-right:6px;\"><p>Dana 13.05.2024 trim HU-TR-08 je posje\u0107en i ustanovljeno je sljede\u0107e:<\/p>\n<p>Lokacija: grmlje<br \/>\nPodloga: nako\u0161ena<br \/>\nPovezan s: kamenim zidom<br \/>\nUpotreba: ne koristi se<br \/>\nStanje: dijelovi su se sru\u0161ili<br \/>\nBroj stepenica trima: 4<br \/>\nDodatni kameni prsten: prsten djelomi\u010dno<br \/>\nStepeni\u0161te: nema<br \/>\nOblik kamena: uglast<br \/>\nPodru\u010dje ispred ulaza: lako dostupno<br \/>\nOrijentacija ulaza: Z (270\u00b0)<br \/>\nPromjer trima (cm): 520<br \/>\nVisina trima (cm): 360<br \/>\nVisina stepenica (cm): stepenica 1: 200 , stepenica 2: 270 , stepenica 3: 320<br \/>\nDebljina zida (cm): 110<br \/>\n\u0160irina vrata (cm): 75<br \/>\nVisina vrata (cm): 150<br \/>\n\u0160irina unutra (cm): 300<br \/>\nVisina unutra (cm): 300<br \/>\nVolumen iznutra (m3): 13,07<br \/>\nNi\u0161a 1 (P\/\u0160\/V\/D) (cm): 85 \/ 20 \/ 30 \/ 35<br \/>\nni\u0161a 2 (P\/\u0160\/V\/D) (cm): 75 \/ 25 \/ 25 \/ 30<\/p><\/div><\/div><div class='content-column one_half last_column'><div style=\"padding-right:0px;padding-left:6px;\"><p>Am 13.05.2024 wurde der Trim HU-TR-08 besucht und n\u00e4her untersucht:<\/p>\n<p>Standort: Buschwerk<br \/>\nUntergrund: geneigt<br \/>\nVerbunden mit: Steinmauer<br \/>\nNutzung: ungenutzt<br \/>\nZustand: Teile abgest\u00fcrzt<br \/>\nAnzahl der Trimstufen: 4<br \/>\nZus\u00e4tzlicher Steinring: Steinring teilweise<br \/>\nStiege: keine<br \/>\nSteinform: kantig<br \/>\nEingangsbereich: frei<br \/>\nEingangsseite: W (270\u00b0)<br \/>\nTrimdurchmesser (cm): 520<br \/>\nTrimh\u00f6he (cm): 360<br \/>\nH\u00f6he der Trimstufen (cm): Stufe 1: 200 , Stufe 2: 270 , Stufe 3: 320<br \/>\nWandst\u00e4rke (cm): 110<br \/>\nT\u00fcrbreite (cm): 75<br \/>\nT\u00fcrh\u00f6he (cm): 150<br \/>\nInnenraumbreite (cm): 300<br \/>\nInnenraumh\u00f6he (cm): 300<br \/>\nRaumvolumen (m3): 13,07<br \/>\nNische 1 (P\/B\/H\/T) (cm): 85 \/ 20 \/ 30 \/ 35<br \/>\nNische 2 (P\/B\/H\/T) (cm): 75 \/ 25 \/ 25 \/ 30<\/p><\/div><\/div><div class='clear_column'><\/div><\/p>\n<p><img loading=\"lazy\" decoding=\"async\" class=\"aligncenter size-full wp-image-68990\" src=\"https:\/\/www.topohvar.at\/wp-content\/uploads\/2024\/07\/hu-tr-08-scan.jpg\" alt=\"\" width=\"900\" height=\"1483\" srcset=\"https:\/\/www.topohvar.at\/wp-content\/uploads\/2024\/07\/hu-tr-08-scan.jpg 900w, https:\/\/www.topohvar.at\/wp-content\/uploads\/2024\/07\/hu-tr-08-scan-182x300.jpg 182w, https:\/\/www.topohvar.at\/wp-content\/uploads\/2024\/07\/hu-tr-08-scan-621x1024.jpg 621w, https:\/\/www.topohvar.at\/wp-content\/uploads\/2024\/07\/hu-tr-08-scan-768x1265.jpg 768w\" sizes=\"auto, (max-width: 900px) 100vw, 900px\" \/><\/p>\n<p style=\"text-align: right;\"><a href=\"#seite_oben\">natrag na vrh \/ Seitenanfang<\/a><\/p>\n<hr \/>\n<p><strong>Linkovi \/ Links<\/strong><\/p>\n<p>&#8211;<\/p>\n","protected":false},"excerpt":{"rendered":"<p>Ime \/ Name Trim \u00bbHU-TR-08\u00ab Code: HU-TR-08\u00a0 \u00a0 \u00a0 \u00a0 \u00a0 \u00a0 \u00a0 \u00a0 \u00a0 \u00a0 \u00a0 \u00a0 \u00a0 \u00a0 \u00a0 Adresa \/ Adresse Humac, zapadno od sela Lokacija \/ Position Latitude: N 43,14072\u00b0\u00a0 \u00a0Longitude: E 16,74636\u00b0 Visina \/ H\u00f6he: &hellip; <a href=\"https:\/\/www.topohvar.at\/topo\/orte\/hu\/hu-tr-08-1\/\">Weiterlesen <span class=\"meta-nav\">&rarr;<\/span><\/a><\/p>\n","protected":false},"author":1,"featured_media":0,"parent":78,"menu_order":0,"comment_status":"closed","ping_status":"closed","template":"","meta":{"footnotes":""},"class_list":["post-67799","page","type-page","status-publish","hentry"],"_links":{"self":[{"href":"https:\/\/www.topohvar.at\/topo\/wp-json\/wp\/v2\/pages\/67799","targetHints":{"allow":["GET"]}}],"collection":[{"href":"https:\/\/www.topohvar.at\/topo\/wp-json\/wp\/v2\/pages"}],"about":[{"href":"https:\/\/www.topohvar.at\/topo\/wp-json\/wp\/v2\/types\/page"}],"author":[{"embeddable":true,"href":"https:\/\/www.topohvar.at\/topo\/wp-json\/wp\/v2\/users\/1"}],"replies":[{"embeddable":true,"href":"https:\/\/www.topohvar.at\/topo\/wp-json\/wp\/v2\/comments?post=67799"}],"version-history":[{"count":9,"href":"https:\/\/www.topohvar.at\/topo\/wp-json\/wp\/v2\/pages\/67799\/revisions"}],"predecessor-version":[{"id":69108,"href":"https:\/\/www.topohvar.at\/topo\/wp-json\/wp\/v2\/pages\/67799\/revisions\/69108"}],"up":[{"embeddable":true,"href":"https:\/\/www.topohvar.at\/topo\/wp-json\/wp\/v2\/pages\/78"}],"wp:attachment":[{"href":"https:\/\/www.topohvar.at\/topo\/wp-json\/wp\/v2\/media?parent=67799"}],"curies":[{"name":"wp","href":"https:\/\/api.w.org\/{rel}","templated":true}]}}