{"id":67953,"date":"2024-06-04T11:25:18","date_gmt":"2024-06-04T09:25:18","guid":{"rendered":"https:\/\/www.topohvar.at\/topo\/?page_id=67953"},"modified":"2024-07-07T17:30:36","modified_gmt":"2024-07-07T15:30:36","slug":"pi-ob-04-1","status":"publish","type":"page","link":"https:\/\/www.topohvar.at\/topo\/orte\/pi\/pi-ob-04-1\/","title":{"rendered":"PITVE &#8211; Objekt \u00bbBunker ili mitraljesko gnijezdo 2\u00ab"},"content":{"rendered":"<p><a name=\"seite_oben\"><\/a><br \/>\n<img loading=\"lazy\" decoding=\"async\" class=\"alignnone wp-image-67954 size-full\" src=\"https:\/\/www.topohvar.at\/wp-content\/uploads\/2024\/06\/pi-ob-04-10.jpg\" alt=\"\" width=\"1080\" height=\"530\" srcset=\"https:\/\/www.topohvar.at\/wp-content\/uploads\/2024\/06\/pi-ob-04-10.jpg 1080w, https:\/\/www.topohvar.at\/wp-content\/uploads\/2024\/06\/pi-ob-04-10-300x147.jpg 300w, https:\/\/www.topohvar.at\/wp-content\/uploads\/2024\/06\/pi-ob-04-10-1024x503.jpg 1024w, https:\/\/www.topohvar.at\/wp-content\/uploads\/2024\/06\/pi-ob-04-10-768x377.jpg 768w\" sizes=\"auto, (max-width: 1080px) 100vw, 1080px\" \/><\/p>\n<p><strong>Ime \/ Name<br \/>\n<\/strong>Objekt \u00bbBunker ili mitraljesko gnijezdo 2\u00ab \/ Bunker oder Maschinengewehrstellung 2 (?)<\/p>\n<p><strong>Code: <\/strong>PI-OB-04\u00a0 \u00a0 \u00a0 \u00a0 \u00a0 \u00a0 \u00a0 \u00a0 \u00a0 \u00a0 \u00a0 \u00a0 \u00a0 \u00a0 \u00a0 \u00a0 \u00a0 \u00a0\u00a0<strong> <a href=\"https:\/\/www.topohvar.at\/topo\/orte\/pi\/pi-og-01-1\"><img loading=\"lazy\" decoding=\"async\" class=\"alignnone wp-image-12300 size-full\" src=\"https:\/\/www.topohvar.at\/wp-content\/uploads\/2018\/09\/push-vor-30.jpg\" alt=\"\" width=\"61\" height=\"30\" \/><\/a> <a href=\"https:\/\/www.topohvar.at\/orte\/pi\/pi-ob-03-1\/\"><img loading=\"lazy\" decoding=\"async\" class=\"alignnone wp-image-533 size-full\" src=\"https:\/\/www.topohvar.at\/wp-content\/uploads\/2018\/07\/push-l-30.jpg\" alt=\"\" width=\"61\" height=\"30\" \/><\/a> <a href=\"https:\/\/www.topohvar.at\/orte\/pi\/\"><img loading=\"lazy\" decoding=\"async\" class=\"alignnone wp-image-535 size-full\" src=\"https:\/\/www.topohvar.at\/wp-content\/uploads\/2018\/07\/push-o-30.jpg\" alt=\"\" width=\"61\" height=\"30\" \/><\/a> <a href=\"https:\/\/www.topohvar.at\/orte\/pi\/pi-ob-05-1\/\"><img loading=\"lazy\" decoding=\"async\" class=\"alignnone wp-image-536 size-full\" src=\"https:\/\/www.topohvar.at\/wp-content\/uploads\/2018\/07\/push-r-30.jpg\" alt=\"\" width=\"61\" height=\"30\" \/><\/a> <a href=\"https:\/\/www.topohvar.at\/orte\/pi\/pi-pu-01-1\/\"><img loading=\"lazy\" decoding=\"async\" class=\"alignnone wp-image-12299 size-full\" src=\"https:\/\/www.topohvar.at\/wp-content\/uploads\/2018\/09\/push-next-30.jpg\" alt=\"\" width=\"61\" height=\"30\" \/><\/a><\/strong><\/p>\n<hr \/>\n<p><strong>Adresa \/ Adresse<br \/>\n<\/strong>Pitve, na vrhu Borovik \/ am Gipfel des Borovik<\/p>\n<p><strong>Lokacija \/ Position<a href=\"https:\/\/maps.app.goo.gl\/d3dvahQnjyMgf1Av5\"><img loading=\"lazy\" decoding=\"async\" class=\"alignright wp-image-67937\" src=\"https:\/\/www.topohvar.at\/wp-content\/uploads\/2024\/06\/4154.jpg\" alt=\"\" width=\"134\" height=\"100\" \/><\/a><br \/>\n<\/strong><a href=\"https:\/\/maps.app.goo.gl\/d3dvahQnjyMgf1Av5\"><span style=\"color: #3366ff;\">Latitude: N 43,13468\u00b0\u00a0 \u00a0Longitude: E 16,68357\u00b0 <\/span><\/a><strong><br \/>\n<\/strong>Visina \/ H\u00f6he: 500 m<\/p>\n<p><strong>Katastarska \u010destica <\/strong><strong>\/ Grundst\u00fccke<br \/>\n<\/strong>2334\/1<div class='content-column one_half'><div style=\"padding-right:6px;\"><p><strong>Datum snimanja \/ Erfassungsdatum<br \/>\n<\/strong>17.05.2024 09:50:00<\/p>\n<hr \/>\n<p><strong>Informacije<\/strong><\/p>\n<p>Na vrhu planine Borovik nalaze se dvije jame uklesane u stijenu. To su vjerojatno bunkeri ili mitraljeski polo\u017eaji. Jame su duga\u010dke oko 2,2 m, \u0161iroke 1,4 m i duboke oko 1,35 m. Dijelom su isklesani u stijeni, a dijelom dopuniti kamenim zidovima<\/p><\/div><\/div><div class='content-column one_half last_column'><div style=\"padding-right:0px;padding-left:6px;\"><p><strong>Stupanj za\u0161tite<\/strong><strong> \/ Schutzstellung<br \/>\n<\/strong>&#8211;<\/p>\n<hr \/>\n<p><strong>Info<\/strong><\/p>\n<p>Auf dem Gipfel des Berges Borovik gibt es zwei in den Fels gehauene Gruben. Dabei handelt es sich vermutlich um Bunker oder Maschinengewehrstellungen. Die Gruben sind etwa 2,2 m lang, 1,4 m breit und etwa 1,35 m tief. Sie sind teilweise in den Fels gehauen und teilweise mit Steinmauern erg\u00e4nzt.<\/p><\/div><\/div><div class='clear_column'><\/div><div class='content-column one_half'><div style=\"padding-right:6px;\"><p>U publikaciji Sibe Kvesi\u0107a &#8222;Hvar za vrijeme NOB-a&#8220; u prolje\u0107e 1942. na Pitovskom vrhu, u predjelu Borovik neposredno, iznad isto\u010dnog grebena Vratnika, bilo je smje\u0161teno 200 vojnika s 2 haubice, 1 baca\u010dem i telefon (<em>info: Christian Pohl<\/em>).<\/p><\/div><\/div><div class='content-column one_half last_column'><div style=\"padding-right:0px;padding-left:6px;\"><p>In der Publikation von Sibe Kvesi\u0107 &#8222;Hvar za vrijeme NOB&#8220; waren im Fr\u00fchjahr 1942 auf dem Pitovski vrh, in der Gegend\u00a0 Borovik direkt, \u00fcber dem \u00f6stlichen Kamm des Vratnik, 200 Soldaten\u00a0 mit 2 Haubitzen, 1 Werfer und Telefon stationiert<br \/>\n(<em>Info: Christian Pohl<\/em>).<\/p><\/div><\/div><div class='clear_column'><\/div><div class='content-column one_half'><div style=\"padding-right:6px;\"><p>Ovo je sjeverna od dvije jame.<\/p><\/div><\/div><div class='content-column one_half last_column'><div style=\"padding-right:0px;padding-left:6px;\"><p>Das ist die n\u00f6rdliche der zwei Gruben.<\/p><\/div><\/div><div class='clear_column'><\/div><\/p>\n<p style=\"text-align: right;\"><span style=\"color: #3366ff;\"><a style=\"color: #3366ff;\" href=\"#seite_oben\">natrag na vrh \/ Seitenanfang<\/a><\/span><\/p>\n<hr \/>\n<p><strong>Linkovi \/ Links<\/strong><\/p>\n<p><span style=\"color: #3366ff;\"><a style=\"color: #3366ff;\" href=\"https:\/\/www.topohvar.at\/topo\/orte\/pi\/pi-ob-03-1\">Objekt \u00bbBunker ili mitraljesko gnijezdo 1\u00ab \/ Bunker oder Maschinengewehrstellung 1<\/a>\u00a0\u00a0<\/span><\/p>\n","protected":false},"excerpt":{"rendered":"<p>Ime \/ Name Objekt \u00bbBunker ili mitraljesko gnijezdo 2\u00ab \/ Bunker oder Maschinengewehrstellung 2 (?) Code: PI-OB-04\u00a0 \u00a0 \u00a0 \u00a0 \u00a0 \u00a0 \u00a0 \u00a0 \u00a0 \u00a0 \u00a0 \u00a0 \u00a0 \u00a0 \u00a0 \u00a0 \u00a0 \u00a0\u00a0 Adresa \/ Adresse Pitve, na vrhu &hellip; <a href=\"https:\/\/www.topohvar.at\/topo\/orte\/pi\/pi-ob-04-1\/\">Weiterlesen <span class=\"meta-nav\">&rarr;<\/span><\/a><\/p>\n","protected":false},"author":1,"featured_media":0,"parent":89,"menu_order":0,"comment_status":"closed","ping_status":"closed","template":"","meta":{"footnotes":""},"class_list":["post-67953","page","type-page","status-publish","hentry"],"_links":{"self":[{"href":"https:\/\/www.topohvar.at\/topo\/wp-json\/wp\/v2\/pages\/67953","targetHints":{"allow":["GET"]}}],"collection":[{"href":"https:\/\/www.topohvar.at\/topo\/wp-json\/wp\/v2\/pages"}],"about":[{"href":"https:\/\/www.topohvar.at\/topo\/wp-json\/wp\/v2\/types\/page"}],"author":[{"embeddable":true,"href":"https:\/\/www.topohvar.at\/topo\/wp-json\/wp\/v2\/users\/1"}],"replies":[{"embeddable":true,"href":"https:\/\/www.topohvar.at\/topo\/wp-json\/wp\/v2\/comments?post=67953"}],"version-history":[{"count":8,"href":"https:\/\/www.topohvar.at\/topo\/wp-json\/wp\/v2\/pages\/67953\/revisions"}],"predecessor-version":[{"id":69090,"href":"https:\/\/www.topohvar.at\/topo\/wp-json\/wp\/v2\/pages\/67953\/revisions\/69090"}],"up":[{"embeddable":true,"href":"https:\/\/www.topohvar.at\/topo\/wp-json\/wp\/v2\/pages\/89"}],"wp:attachment":[{"href":"https:\/\/www.topohvar.at\/topo\/wp-json\/wp\/v2\/media?parent=67953"}],"curies":[{"name":"wp","href":"https:\/\/api.w.org\/{rel}","templated":true}]}}