{"id":67979,"date":"2024-06-04T12:26:56","date_gmt":"2024-06-04T10:26:56","guid":{"rendered":"https:\/\/www.topohvar.at\/topo\/?page_id=67979"},"modified":"2024-06-04T12:36:27","modified_gmt":"2024-06-04T10:36:27","slug":"pi-pu-04-1","status":"publish","type":"page","link":"https:\/\/www.topohvar.at\/topo\/orte\/pi\/pi-pu-04-1\/","title":{"rendered":"PITVE &#8211; Objekt \u00bbStari put Pitve &#8211; Zavala\u00ab"},"content":{"rendered":"<p><a name=\"seite_oben\"><\/a><br \/>\n<img loading=\"lazy\" decoding=\"async\" class=\"alignnone wp-image-67980 size-full\" src=\"https:\/\/www.topohvar.at\/wp-content\/uploads\/2024\/06\/pi-pu-04-1.jpg\" alt=\"\" width=\"1080\" height=\"530\" srcset=\"https:\/\/www.topohvar.at\/wp-content\/uploads\/2024\/06\/pi-pu-04-1.jpg 1080w, https:\/\/www.topohvar.at\/wp-content\/uploads\/2024\/06\/pi-pu-04-1-300x147.jpg 300w, https:\/\/www.topohvar.at\/wp-content\/uploads\/2024\/06\/pi-pu-04-1-1024x503.jpg 1024w, https:\/\/www.topohvar.at\/wp-content\/uploads\/2024\/06\/pi-pu-04-1-768x377.jpg 768w\" sizes=\"auto, (max-width: 1080px) 100vw, 1080px\" \/><\/p>\n<p><strong>Ime \/ Name<br \/>\n<\/strong>Objekt \u00bbStari put Pitve &#8211; Zavala\u00ab \/ der alte Weg von Pitve nach Zavala<\/p>\n<p><strong>Code: <\/strong>PI-PU-04\u00a0 \u00a0 \u00a0 \u00a0 \u00a0 \u00a0 \u00a0 \u00a0 \u00a0 \u00a0 \u00a0 \u00a0 \u00a0 \u00a0 \u00a0 \u00a0 \u00a0 \u00a0\u00a0<strong> <a href=\"https:\/\/www.topohvar.at\/topo\/orte\/pi\/pi-ob-01-1\"><img loading=\"lazy\" decoding=\"async\" class=\"alignnone wp-image-12300 size-full\" src=\"https:\/\/www.topohvar.at\/wp-content\/uploads\/2018\/09\/push-vor-30.jpg\" alt=\"\" width=\"61\" height=\"30\" \/><\/a> <a href=\"https:\/\/www.topohvar.at\/orte\/pi\/pi-pu-03-1\/\"><img loading=\"lazy\" decoding=\"async\" class=\"alignnone wp-image-533 size-full\" src=\"https:\/\/www.topohvar.at\/wp-content\/uploads\/2018\/07\/push-l-30.jpg\" alt=\"\" width=\"61\" height=\"30\" \/><\/a> <a href=\"https:\/\/www.topohvar.at\/orte\/pi\/\"><img loading=\"lazy\" decoding=\"async\" class=\"alignnone wp-image-535 size-full\" src=\"https:\/\/www.topohvar.at\/wp-content\/uploads\/2018\/07\/push-o-30.jpg\" alt=\"\" width=\"61\" height=\"30\" \/><\/a> <a href=\"https:\/\/www.topohvar.at\/orte\/pi\/pi-pu-01-1\/\"><img loading=\"lazy\" decoding=\"async\" class=\"alignnone wp-image-536 size-full\" src=\"https:\/\/www.topohvar.at\/wp-content\/uploads\/2018\/07\/push-r-30.jpg\" alt=\"\" width=\"61\" height=\"30\" \/><\/a> <a href=\"https:\/\/www.topohvar.at\/orte\/pi\/pi-og-01-1\/\"><img loading=\"lazy\" decoding=\"async\" class=\"alignnone wp-image-12299 size-full\" src=\"https:\/\/www.topohvar.at\/wp-content\/uploads\/2018\/09\/push-next-30.jpg\" alt=\"\" width=\"61\" height=\"30\" \/><\/a><\/strong><\/p>\n<hr \/>\n<p><strong>Adresa \/ Adresse<br \/>\n<\/strong>Pitve, ulaz u tunel &#8211; Borovik \/ Tunneleingang &#8211; Borovik<\/p>\n<p><strong>Lokalna polo\u017eaj \/ Position<a href=\"https:\/\/maps.app.goo.gl\/WAYorEtkVUeaqcqv6\"><img loading=\"lazy\" decoding=\"async\" class=\"alignright wp-image-67981\" src=\"https:\/\/www.topohvar.at\/wp-content\/uploads\/2024\/06\/4158.jpg\" alt=\"\" width=\"134\" height=\"100\" \/><\/a><br \/>\n<\/strong><a href=\"https:\/\/maps.app.goo.gl\/WAYorEtkVUeaqcqv6\"><span style=\"color: #3366ff;\">Latitude: N 43,14238\u00b0\u00a0 \u00a0Longitude: E 16,68176\u00b0 <\/span><\/a><strong><br \/>\n<\/strong>Visina \/ H\u00f6he: 180 m &#8211; 375 m<\/p>\n<p><strong>Zemlji\u0161te \/ Grundst\u00fccke<br \/>\n<\/strong>4142<div class='content-column one_half'><div style=\"padding-right:6px;\"><p><strong>Datum snimanja \/ Erfassungsdatum<br \/>\n<\/strong>17.05.2024 11:00:00<\/p>\n<hr \/>\n<p><strong>Informacije<\/strong><\/p><\/div><\/div><div class='content-column one_half last_column'><div style=\"padding-right:0px;padding-left:6px;\"><p><strong>Za\u0161titni polo\u017eaj \/ Schutzstellung<br \/>\n<\/strong>&#8211;<\/p>\n<hr \/>\n<p style=\"text-align: center;\"><strong>Info<\/strong><\/p><\/div><\/div><div class='clear_column'><\/div><div class='content-column one_third'><div style=\"padding-right:6px;\"><p>Stara staza po\u010dinje oko 150 m ispod portala tunela, nastavlja on do Borovika i dalje do Zavale. \u0160iroka je najmanje 2 m u cijelosti, vrlo pa\u017eljivo izvedena i po njoj se lako hoda. Ali danas je ne\u0161to od toga ve\u0107 o\u0161te\u0107eno.<\/p><\/div><\/div><div class='content-column one_third'><div style=\"padding-right:6px;\"><p><img loading=\"lazy\" decoding=\"async\" class=\"size-medium wp-image-67982 aligncenter\" src=\"https:\/\/www.topohvar.at\/wp-content\/uploads\/2024\/06\/pi-op-04-4-300x247.jpg\" alt=\"\" width=\"300\" height=\"247\" srcset=\"https:\/\/www.topohvar.at\/wp-content\/uploads\/2024\/06\/pi-op-04-4-300x247.jpg 300w, https:\/\/www.topohvar.at\/wp-content\/uploads\/2024\/06\/pi-op-04-4.jpg 365w\" sizes=\"auto, (max-width: 300px) 100vw, 300px\" \/><\/p><\/div><\/div><div class='content-column one_third last_column'><div style=\"padding-right:0px;padding-left:6px;\"><p>Etwa 150 m unterhalb des Tunnelportales beginnt der alte Weg hinauf nach Borovik und dann weiter nach Zavala. Er ist durchgehend mindestens 2 m breit, sehr sorgf\u00e4ltig ausgef\u00fchrt und bequem begehbar. Heute zum Teil aber schon besch\u00e4digt.<\/p><\/div><\/div><div class='clear_column'><\/div><\/p>\n<p style=\"text-align: right;\"><span style=\"color: #3366ff;\"><a style=\"color: #3366ff;\" href=\"#seite_oben\">natrag na vrh \/ Seitenanfang<\/a><\/span><\/p>\n<hr \/>\n<p><strong>Linkovi \/ Links<\/strong><\/p>\n<p><span style=\"color: #3366ff;\">&#8211;<\/span><\/p>\n","protected":false},"excerpt":{"rendered":"<p>Ime \/ Name Objekt \u00bbStari put Pitve &#8211; Zavala\u00ab \/ der alte Weg von Pitve nach Zavala Code: PI-PU-04\u00a0 \u00a0 \u00a0 \u00a0 \u00a0 \u00a0 \u00a0 \u00a0 \u00a0 \u00a0 \u00a0 \u00a0 \u00a0 \u00a0 \u00a0 \u00a0 \u00a0 \u00a0\u00a0 Adresa \/ Adresse Pitve, &hellip; <a href=\"https:\/\/www.topohvar.at\/topo\/orte\/pi\/pi-pu-04-1\/\">Weiterlesen <span class=\"meta-nav\">&rarr;<\/span><\/a><\/p>\n","protected":false},"author":1,"featured_media":0,"parent":89,"menu_order":0,"comment_status":"closed","ping_status":"closed","template":"","meta":{"footnotes":""},"class_list":["post-67979","page","type-page","status-publish","hentry"],"_links":{"self":[{"href":"https:\/\/www.topohvar.at\/topo\/wp-json\/wp\/v2\/pages\/67979","targetHints":{"allow":["GET"]}}],"collection":[{"href":"https:\/\/www.topohvar.at\/topo\/wp-json\/wp\/v2\/pages"}],"about":[{"href":"https:\/\/www.topohvar.at\/topo\/wp-json\/wp\/v2\/types\/page"}],"author":[{"embeddable":true,"href":"https:\/\/www.topohvar.at\/topo\/wp-json\/wp\/v2\/users\/1"}],"replies":[{"embeddable":true,"href":"https:\/\/www.topohvar.at\/topo\/wp-json\/wp\/v2\/comments?post=67979"}],"version-history":[{"count":6,"href":"https:\/\/www.topohvar.at\/topo\/wp-json\/wp\/v2\/pages\/67979\/revisions"}],"predecessor-version":[{"id":67988,"href":"https:\/\/www.topohvar.at\/topo\/wp-json\/wp\/v2\/pages\/67979\/revisions\/67988"}],"up":[{"embeddable":true,"href":"https:\/\/www.topohvar.at\/topo\/wp-json\/wp\/v2\/pages\/89"}],"wp:attachment":[{"href":"https:\/\/www.topohvar.at\/topo\/wp-json\/wp\/v2\/media?parent=67979"}],"curies":[{"name":"wp","href":"https:\/\/api.w.org\/{rel}","templated":true}]}}