{"id":6812,"date":"2018-08-21T16:22:18","date_gmt":"2018-08-21T14:22:18","guid":{"rendered":"https:\/\/www.topohvar.at\/?page_id=6812"},"modified":"2020-03-17T16:12:53","modified_gmt":"2020-03-17T15:12:53","slug":"vj-tg-05-1","status":"publish","type":"page","link":"https:\/\/www.topohvar.at\/topo\/orte\/vj\/vj-tg-05-1\/","title":{"rendered":"VRBANJ &#8211; Ku\u0107a \u00bbHumac\u00ab"},"content":{"rendered":"<p><strong><img loading=\"lazy\" decoding=\"async\" class=\"alignnone wp-image-6632 size-large\" src=\"https:\/\/www.topohvar.at\/wp-content\/uploads\/2018\/08\/VJ-TG-05-0-1024x503.jpg\" alt=\"\" width=\"640\" height=\"314\" srcset=\"https:\/\/www.topohvar.at\/wp-content\/uploads\/2018\/08\/VJ-TG-05-0-1024x503.jpg 1024w, https:\/\/www.topohvar.at\/wp-content\/uploads\/2018\/08\/VJ-TG-05-0-300x147.jpg 300w, https:\/\/www.topohvar.at\/wp-content\/uploads\/2018\/08\/VJ-TG-05-0-768x377.jpg 768w, https:\/\/www.topohvar.at\/wp-content\/uploads\/2018\/08\/VJ-TG-05-0.jpg 1080w\" sizes=\"auto, (max-width: 640px) 100vw, 640px\" \/><\/strong><\/p>\n<p><strong>Ime \/ Name<br \/>\n<\/strong>Ku\u0107a \u00bbHumac\u00ab<\/p>\n<p><strong>Code: <\/strong>VJ-TG-05\u00a0 \u00a0 \u00a0 \u00a0 \u00a0 \u00a0 \u00a0 \u00a0<strong>\u00a0 \u00a0 \u00a0 \u00a0 \u00a0 \u00a0 \u00a0 \u00a0 \u00a0 \u00a0<a href=\"https:\/\/www.topohvar.at\/orte\/vj\/vj-tg-04-1\/\"><img loading=\"lazy\" decoding=\"async\" class=\"alignnone wp-image-533 size-full\" src=\"https:\/\/www.topohvar.at\/wp-content\/uploads\/2018\/07\/push-l-30.jpg\" alt=\"\" width=\"61\" height=\"30\" \/><\/a>\u00a0<a href=\"https:\/\/www.topohvar.at\/orte\/vj\/\"><img loading=\"lazy\" decoding=\"async\" class=\"alignnone wp-image-535 size-full\" src=\"https:\/\/www.topohvar.at\/wp-content\/uploads\/2018\/07\/push-o-30.jpg\" alt=\"\" width=\"61\" height=\"30\" \/><\/a>\u00a0<a href=\"https:\/\/www.topohvar.at\/orte\/vj\/vj-tg-01-1\/\"><img loading=\"lazy\" decoding=\"async\" class=\"alignnone wp-image-536 size-full\" src=\"https:\/\/www.topohvar.at\/wp-content\/uploads\/2018\/07\/push-r-30.jpg\" alt=\"\" width=\"61\" height=\"30\" \/><\/a><\/strong><\/p>\n<hr \/>\n<p><strong>Adresa \/ Adresse<br \/>\n<\/strong>Basina, Humac<\/p>\n<p><strong>Lokalna polo\u017eaj \/ Position<a href=\"https:\/\/goo.gl\/maps\/n3aywssEsWRh8u2M7\"><img loading=\"lazy\" decoding=\"async\" class=\"alignright wp-image-7178\" src=\"https:\/\/www.topohvar.at\/wp-content\/uploads\/2018\/08\/0907.jpg\" alt=\"\" width=\"134\" height=\"100\" \/><\/a><br \/>\n<\/strong><span style=\"color: #3366ff;\"><a style=\"color: #3366ff;\" href=\"https:\/\/goo.gl\/maps\/n3aywssEsWRh8u2M7\">Latitude: N 43,20371\u00b0\u00a0 \u00a0 Longitude: E 16,65782\u00b0\u00a0<\/a><\/span><strong><br \/>\n<\/strong>Visina \/ H\u00f6he: 70 m<\/p>\n<p><strong>Zemlji\u0161te \/ Grundst\u00fccke<br \/>\n<\/strong>*30\/1, *30\/2, *604\/1-5, 500, 501<div class='content-column one_half'><div style=\"padding-right:6px;\"><p><strong>Datum snimanja \/ Erfassungsdatum<br \/>\n<\/strong>17.05.2012 15:52:00<\/p>\n<hr \/>\n<p><strong>Informacije<\/strong><\/p>\n<p>Na sjevernim rubovima Starogradskog polja nekoliko je malih zaselaka. U njima se stanovalo samo povremeno, sezonski, a vezano uz proljetno okopavanje vinograda, ljetnu ispa\u0161u koza i ovaca ili jesensku berbu gro\u017e\u0111a i maslina. Najve\u0107i zaseok je Humac iznad uvale Basine, a manji su Ra\u0161nik i Maslinovik. Ku\u0107e, naj\u010de\u0161\u0107e jednokatnice, gra\u0111ene su od lomljenog kamena, povezanog vapnenim mortom, s konobom u prizemlju, a sobama na katu. U stambeni dio ulazi se vanjskim stubi\u0161tem preko sulara, terase, a pod sularom je ulaz u konobu. Okolo su manje prizemnice. U jednoj je obi\u010dno kru\u0161na pe\u0107 koju je koristilo nekoliko doma\u0107instava. Druge su \u0161tale za magarce i koze.<\/p><\/div><\/div><div class='content-column one_half last_column'><div style=\"padding-right:0px;padding-left:6px;\"><p><strong>Za\u0161titni polo\u017eaj \/ Schutzstellung<br \/>\n<\/strong>&#8211;<\/p>\n<hr \/>\n<p><strong>Info<\/strong><\/p>\n<p>Es gibt mehrere kleine Weiler am n\u00f6rdlichen Rand des Stari Grader Feldes. Sie wurden nur gelegentlich, saisonal, im Zusammenhang mit dem Pfl\u00fcgen von Weinbergen im Fr\u00fchling, dem Weiden von Ziegen und Schafen im Sommer oder dem Ernten von Trauben und Oliven im Herbst bewohnt. Der gr\u00f6\u00dfte Weiler ist Humac oberhalb der Bucht Basine, und kleinere sind Ra\u0161nik und Maslinovik. Die normalerweise einst\u00f6ckigen H\u00e4user sind aus gebrochenem Stein mit Kalkm\u00f6rtel gemauert, mit einem Keller im Erdgeschoss und R\u00e4umen im Obergeschoss. Der Wohnbereich ist \u00fcber eine Au\u00dfentreppe \u00fcber den Sular und die Terrasse zug\u00e4nglich. Unter dem Sular befindet sich ein Eingang zur Taverne. Es gibt kleinere Keller. In einem gibt es normalerweise einen Brotofen, der von mehreren Haushalten benutzt wird. Andere Scheunen sind f\u00fcr Esel und Ziegen.<\/p><\/div><\/div><div class='clear_column'><\/div><\/p>\n<hr \/>\n<p><strong>Linkovi \/ Links<\/strong><\/p>\n<p>&#8211;<\/p>\n","protected":false},"excerpt":{"rendered":"<p>Ime \/ Name Ku\u0107a \u00bbHumac\u00ab Code: VJ-TG-05\u00a0 \u00a0 \u00a0 \u00a0 \u00a0 \u00a0 \u00a0 \u00a0\u00a0 \u00a0 \u00a0 \u00a0 \u00a0 \u00a0 \u00a0 \u00a0 \u00a0 \u00a0\u00a0\u00a0 Adresa \/ Adresse Basina, Humac Lokalna polo\u017eaj \/ Position Latitude: N 43,20371\u00b0\u00a0 \u00a0 Longitude: E 16,65782\u00b0\u00a0 Visina &hellip; <a href=\"https:\/\/www.topohvar.at\/topo\/orte\/vj\/vj-tg-05-1\/\">Weiterlesen <span class=\"meta-nav\">&rarr;<\/span><\/a><\/p>\n","protected":false},"author":1,"featured_media":0,"parent":111,"menu_order":0,"comment_status":"closed","ping_status":"closed","template":"","meta":{"footnotes":""},"class_list":["post-6812","page","type-page","status-publish","hentry"],"_links":{"self":[{"href":"https:\/\/www.topohvar.at\/topo\/wp-json\/wp\/v2\/pages\/6812","targetHints":{"allow":["GET"]}}],"collection":[{"href":"https:\/\/www.topohvar.at\/topo\/wp-json\/wp\/v2\/pages"}],"about":[{"href":"https:\/\/www.topohvar.at\/topo\/wp-json\/wp\/v2\/types\/page"}],"author":[{"embeddable":true,"href":"https:\/\/www.topohvar.at\/topo\/wp-json\/wp\/v2\/users\/1"}],"replies":[{"embeddable":true,"href":"https:\/\/www.topohvar.at\/topo\/wp-json\/wp\/v2\/comments?post=6812"}],"version-history":[{"count":9,"href":"https:\/\/www.topohvar.at\/topo\/wp-json\/wp\/v2\/pages\/6812\/revisions"}],"predecessor-version":[{"id":33596,"href":"https:\/\/www.topohvar.at\/topo\/wp-json\/wp\/v2\/pages\/6812\/revisions\/33596"}],"up":[{"embeddable":true,"href":"https:\/\/www.topohvar.at\/topo\/wp-json\/wp\/v2\/pages\/111"}],"wp:attachment":[{"href":"https:\/\/www.topohvar.at\/topo\/wp-json\/wp\/v2\/media?parent=6812"}],"curies":[{"name":"wp","href":"https:\/\/api.w.org\/{rel}","templated":true}]}}