{"id":68131,"date":"2024-06-05T17:38:43","date_gmt":"2024-06-05T15:38:43","guid":{"rendered":"https:\/\/www.topohvar.at\/topo\/?page_id=68131"},"modified":"2024-07-08T15:15:45","modified_gmt":"2024-07-08T13:15:45","slug":"sv-tr-45-1","status":"publish","type":"page","link":"https:\/\/www.topohvar.at\/topo\/orte\/sv\/sv-tr-45-1\/","title":{"rendered":"SVIR\u010cE \u2013 Trim\u00bbSV-TR-45\u00ab"},"content":{"rendered":"<p><a name=\"seite_oben\"><\/a><strong><img loading=\"lazy\" decoding=\"async\" class=\"alignnone wp-image-68133 size-full\" src=\"https:\/\/www.topohvar.at\/wp-content\/uploads\/2024\/06\/sv-tr-45-1.jpg\" alt=\"\" width=\"1080\" height=\"530\" srcset=\"https:\/\/www.topohvar.at\/wp-content\/uploads\/2024\/06\/sv-tr-45-1.jpg 1080w, https:\/\/www.topohvar.at\/wp-content\/uploads\/2024\/06\/sv-tr-45-1-300x147.jpg 300w, https:\/\/www.topohvar.at\/wp-content\/uploads\/2024\/06\/sv-tr-45-1-1024x503.jpg 1024w, https:\/\/www.topohvar.at\/wp-content\/uploads\/2024\/06\/sv-tr-45-1-768x377.jpg 768w\" sizes=\"auto, (max-width: 1080px) 100vw, 1080px\" \/><\/strong><\/p>\n<p><strong>Ime \/ Name<br \/>\n<\/strong>Trim\u00bbSV-TR-45\u00ab<\/p>\n<p><strong>Code: <\/strong>SV-TR-45\u00a0 \u00a0 \u00a0 \u00a0 \u00a0 \u00a0 \u00a0 \u00a0<strong>\u00a0 \u00a0 \u00a0 \u00a0 \u00a0 \u00a0 \u00a0 \u00a0 \u00a0 \u00a0 <a href=\"https:\/\/www.topohvar.at\/orte\/sv\/sv-tr-00-1\/\"><img loading=\"lazy\" decoding=\"async\" class=\"alignnone wp-image-12300 size-full\" src=\"https:\/\/www.topohvar.at\/wp-content\/uploads\/2018\/09\/push-vor-30.jpg\" alt=\"\" width=\"61\" height=\"30\" \/><\/a> <a href=\"https:\/\/www.topohvar.at\/orte\/sv\/sv-tr-04-1\/\"><img loading=\"lazy\" decoding=\"async\" class=\"alignnone wp-image-533 size-full\" src=\"https:\/\/www.topohvar.at\/wp-content\/uploads\/2018\/07\/push-l-30.jpg\" alt=\"\" width=\"61\" height=\"30\" \/><\/a>\u00a0<a href=\"https:\/\/www.topohvar.at\/orte\/sv\/\"><img loading=\"lazy\" decoding=\"async\" class=\"alignnone wp-image-535 size-full\" src=\"https:\/\/www.topohvar.at\/wp-content\/uploads\/2018\/07\/push-o-30.jpg\" alt=\"\" width=\"61\" height=\"30\" \/><\/a>\u00a0<a href=\"https:\/\/www.topohvar.at\/orte\/sv\/sv-tr-05-1\/\"><img loading=\"lazy\" decoding=\"async\" class=\"alignnone wp-image-536 size-full\" src=\"https:\/\/www.topohvar.at\/wp-content\/uploads\/2018\/07\/push-r-30.jpg\" alt=\"\" width=\"61\" height=\"30\" \/><\/a><\/strong><\/p>\n<hr \/>\n<p><strong>Adresa \/ Adresse<br \/>\n<\/strong>Svir\u010de, ju\u017eno od staze za sv. Nikola<\/p>\n<p><strong>Lokacija \/ Position<a href=\"https:\/\/maps.app.goo.gl\/tE4Ycuzufs3ykwmz5\"><img loading=\"lazy\" decoding=\"async\" class=\"alignright wp-image-68134\" src=\"https:\/\/www.topohvar.at\/wp-content\/uploads\/2024\/06\/4172.jpg\" alt=\"\" width=\"133\" height=\"100\" \/><\/a><br \/>\n<\/strong><a href=\"https:\/\/maps.app.goo.gl\/tE4Ycuzufs3ykwmz5\">Latitude: N 43,14949\u00b0\u00a0 \u00a0 Longitude: E 16,63906\u00b0\u00a0<\/a><strong><br \/>\n<\/strong>Visina \/ H\u00f6he: 196 m<\/p>\n<p><strong>Katastarska \u010destica \/ Grundst\u00fccke<br \/>\n<\/strong>3296<div class='content-column one_half'><div style=\"padding-right:6px;\"><p><strong>Datum snimanja \/ Erfassungsdatum<br \/>\n<\/strong>22.05.2024 13:12:59<\/p>\n<hr \/>\n<p><strong>Informacije<\/strong><\/p>\n<p>Trim se nalazi na stjenovitom obronku, ju\u017eno od staze koja iz Svir\u010da vodi prema Poljicima. Djelomi\u010dno je ugra\u0111en u padinu, a na njegov oblik i unutarnje ure\u0111enje utje\u010du stjenovita stanja.<\/p><\/div><\/div><div class='content-column one_half last_column'><div style=\"padding-right:0px;padding-left:6px;\"><p><strong>Stupanj za\u0161tite \/ Schutzstellung<br \/>\n<\/strong>&#8211;<\/p>\n<hr \/>\n<p><strong>Info<\/strong><\/p>\n<p>Der Trim befindet sich am felsigen Berghang, s\u00fcdlich des Weges, der von Svir\u010de hinauf nach Poljica f\u00fchrt. Er ist zum Teil in den Hang gebaut und in seiner Form und Innenraumgestaltung durch die felsige Situation gepr\u00e4gt.<\/p><\/div><\/div><div class='clear_column'><\/div><div class='content-column one_half'><div style=\"padding-right:6px;\"><p>O\u0161te\u0107ena mu je desna strana i dijelovi le\u0111a. Lijeva strana ome\u0111ena je kamenim zidom. Zid je u donjem dijelu djelomi\u010dno injektiran. Kroz uski ulaz, \u010dija je lijeva strana od \u010dvrste stijene, ulazi se u malu, nepravilnu, ali vrlo visoku unutra\u0161njost s neravnim podom.<\/p><\/div><\/div><div class='content-column one_half last_column'><div style=\"padding-right:0px;padding-left:6px;\"><p>Seine rechte Seite sowie Teile der R\u00fcckseite sind besch\u00e4digt. Die linke Seite grenzt an eine Steinmauer. Die Trimwand ist im unteren Bereich zum Teil verfugt. Durch den schmalen Eingang, dessen linke Seite aus gewachsenem Fels besteht, gelangt man in den kleinen, unregelm\u00e4\u00dfigen, aber sehr hohen Innenraum mit unebenem Boden.<\/p><\/div><\/div><div class='clear_column'><\/div><div class='content-column one_half'><div style=\"padding-right:6px;\"><div id=\"attachment_68919\" style=\"width: 310px\" class=\"wp-caption aligncenter\"><img loading=\"lazy\" decoding=\"async\" aria-describedby=\"caption-attachment-68919\" class=\"wp-image-68919 size-medium\" src=\"https:\/\/www.topohvar.at\/wp-content\/uploads\/2024\/06\/sv-tr-45-20-300x300.jpg\" alt=\"\" width=\"300\" height=\"300\" srcset=\"https:\/\/www.topohvar.at\/wp-content\/uploads\/2024\/06\/sv-tr-45-20-300x300.jpg 300w, https:\/\/www.topohvar.at\/wp-content\/uploads\/2024\/06\/sv-tr-45-20-150x150.jpg 150w, https:\/\/www.topohvar.at\/wp-content\/uploads\/2024\/06\/sv-tr-45-20.jpg 450w\" sizes=\"auto, (max-width: 300px) 100vw, 300px\" \/><p id=\"caption-attachment-68919\" class=\"wp-caption-text\">Ulaz \/ Eingang<\/p><\/div><\/div><\/div><div class='content-column one_half last_column'><div style=\"padding-right:0px;padding-left:6px;\"><div id=\"attachment_68920\" style=\"width: 310px\" class=\"wp-caption aligncenter\"><img loading=\"lazy\" decoding=\"async\" aria-describedby=\"caption-attachment-68920\" class=\"wp-image-68920 size-medium\" src=\"https:\/\/www.topohvar.at\/wp-content\/uploads\/2024\/06\/sv-tr-45-60-300x300.jpg\" alt=\"\" width=\"300\" height=\"300\" srcset=\"https:\/\/www.topohvar.at\/wp-content\/uploads\/2024\/06\/sv-tr-45-60-300x300.jpg 300w, https:\/\/www.topohvar.at\/wp-content\/uploads\/2024\/06\/sv-tr-45-60-150x150.jpg 150w, https:\/\/www.topohvar.at\/wp-content\/uploads\/2024\/06\/sv-tr-45-60.jpg 450w\" sizes=\"auto, (max-width: 300px) 100vw, 300px\" \/><p id=\"caption-attachment-68920\" class=\"wp-caption-text\">le\u0111a trima \/ Trimr\u00fcckseite<\/p><\/div><\/div><\/div><div class='clear_column'><\/div><div class='content-column one_half'><div style=\"padding-right:6px;\"><p>Dana 22:05.2024 13;12:59 trim SV-TR-45 je posje\u0107en i ustanovljeno je sljede\u0107e:<\/p>\n<p>Lokacija: grmlje<br \/>\nPodloga: padina<br \/>\nPovezan s: kamenim zidom<br \/>\nUpotreba: ne koristi se<br \/>\nStanje: dijelovi su se sru\u0161ili<br \/>\nBroj stepenica trima: 1<br \/>\nDodatni kameni prsten: nema prstena<br \/>\nStepeni\u0161te: nema<br \/>\nOblik kamena: uglast<br \/>\nPodru\u010dje ispred ulaza: lako dostupno<br \/>\nOrijentacija ulaza: S (0\u00b0)<br \/>\nPromjer trima (cm): 360<br \/>\nVisina trima (cm): 360<br \/>\nVisina stepenica (cm): stepenica 1: 330<br \/>\nDebljina zida (cm): 100<br \/>\n\u0160irina vrata (cm): 45<br \/>\nVisina vrata (cm): 120<br \/>\n\u0160irina unutra (cm): 130 &#8211; 160<br \/>\nVisina unutra (cm): 340<br \/>\nVolumen iznutra (m3): 4,05<br \/>\nNema ni\u0161e<\/p><\/div><\/div><div class='content-column one_half last_column'><div style=\"padding-right:0px;padding-left:6px;\"><p>Am 22:05.2024 13;12:59 wurde der Trim SV-TR-45 besucht und n\u00e4her untersucht:<\/p>\n<p>Standort: Buschwerk<br \/>\nUntergrund: Hanglage<br \/>\nVerbunden mit: Steinmauer<br \/>\nNutzung: ungenutzt<br \/>\nZustand: Teile abgest\u00fcrzt<br \/>\nAnzahl der Trimstufen: 1<br \/>\nZus\u00e4tzlicher Steinring: kein Steinring<br \/>\nStiege: keine<br \/>\nSteinform: kantig<br \/>\nEingangsbereich: frei<br \/>\nEingangsseite: N (0\u00b0)<br \/>\nTrimdurchmesser (cm): 360<br \/>\nTrimh\u00f6he (cm): 360<br \/>\nH\u00f6he der Trimstufen (cm): Stufe 1: 330<br \/>\nWandst\u00e4rke (cm): 100<br \/>\nT\u00fcrbreite (cm): 45<br \/>\nT\u00fcrh\u00f6he (cm): 120<br \/>\nInnenraumbreite (cm): 130 &#8211; 160<br \/>\nInnenraumh\u00f6he (cm): 340<br \/>\nRaumvolumen (m3): 4,05<br \/>\nKeine Nische<\/p><\/div><\/div><div class='clear_column'><\/div><\/p>\n<p><img loading=\"lazy\" decoding=\"async\" class=\"aligncenter size-full wp-image-69001\" src=\"https:\/\/www.topohvar.at\/wp-content\/uploads\/2024\/07\/sv-tr-45-scan.jpg\" alt=\"\" width=\"900\" height=\"1374\" srcset=\"https:\/\/www.topohvar.at\/wp-content\/uploads\/2024\/07\/sv-tr-45-scan.jpg 900w, https:\/\/www.topohvar.at\/wp-content\/uploads\/2024\/07\/sv-tr-45-scan-197x300.jpg 197w, https:\/\/www.topohvar.at\/wp-content\/uploads\/2024\/07\/sv-tr-45-scan-671x1024.jpg 671w, https:\/\/www.topohvar.at\/wp-content\/uploads\/2024\/07\/sv-tr-45-scan-768x1172.jpg 768w\" sizes=\"auto, (max-width: 900px) 100vw, 900px\" \/><\/p>\n<p style=\"text-align: right;\"><a href=\"#seite_oben\">natrag na vrh \/ Seitenanfang<\/a><\/p>\n<hr \/>\n<p><strong>Linkovi \/ Links<\/strong><\/p>\n<p>&#8211;<\/p>\n","protected":false},"excerpt":{"rendered":"<p>Ime \/ Name Trim\u00bbSV-TR-45\u00ab Code: SV-TR-45\u00a0 \u00a0 \u00a0 \u00a0 \u00a0 \u00a0 \u00a0 \u00a0\u00a0 \u00a0 \u00a0 \u00a0 \u00a0 \u00a0 \u00a0 \u00a0 \u00a0 \u00a0 \u00a0\u00a0 Adresa \/ Adresse Svir\u010de, ju\u017eno od staze za sv. Nikola Lokacija \/ Position Latitude: N 43,14949\u00b0\u00a0 \u00a0 &hellip; <a href=\"https:\/\/www.topohvar.at\/topo\/orte\/sv\/sv-tr-45-1\/\">Weiterlesen <span class=\"meta-nav\">&rarr;<\/span><\/a><\/p>\n","protected":false},"author":1,"featured_media":0,"parent":106,"menu_order":0,"comment_status":"closed","ping_status":"closed","template":"","meta":{"footnotes":""},"class_list":["post-68131","page","type-page","status-publish","hentry"],"_links":{"self":[{"href":"https:\/\/www.topohvar.at\/topo\/wp-json\/wp\/v2\/pages\/68131","targetHints":{"allow":["GET"]}}],"collection":[{"href":"https:\/\/www.topohvar.at\/topo\/wp-json\/wp\/v2\/pages"}],"about":[{"href":"https:\/\/www.topohvar.at\/topo\/wp-json\/wp\/v2\/types\/page"}],"author":[{"embeddable":true,"href":"https:\/\/www.topohvar.at\/topo\/wp-json\/wp\/v2\/users\/1"}],"replies":[{"embeddable":true,"href":"https:\/\/www.topohvar.at\/topo\/wp-json\/wp\/v2\/comments?post=68131"}],"version-history":[{"count":12,"href":"https:\/\/www.topohvar.at\/topo\/wp-json\/wp\/v2\/pages\/68131\/revisions"}],"predecessor-version":[{"id":69099,"href":"https:\/\/www.topohvar.at\/topo\/wp-json\/wp\/v2\/pages\/68131\/revisions\/69099"}],"up":[{"embeddable":true,"href":"https:\/\/www.topohvar.at\/topo\/wp-json\/wp\/v2\/pages\/106"}],"wp:attachment":[{"href":"https:\/\/www.topohvar.at\/topo\/wp-json\/wp\/v2\/media?parent=68131"}],"curies":[{"name":"wp","href":"https:\/\/api.w.org\/{rel}","templated":true}]}}