{"id":6820,"date":"2018-08-21T16:28:29","date_gmt":"2018-08-21T14:28:29","guid":{"rendered":"https:\/\/www.topohvar.at\/?page_id=6820"},"modified":"2023-06-03T15:27:27","modified_gmt":"2023-06-03T13:27:27","slug":"vj-tr-34-1","status":"publish","type":"page","link":"https:\/\/www.topohvar.at\/topo\/orte\/vj\/vj-tr-34-1\/","title":{"rendered":"VRBANJ &#8211; Trim \u00bbVJ-TR-34\u00ab"},"content":{"rendered":"<p><a name=\"seite_oben\"><\/a><br \/>\n<strong><img loading=\"lazy\" decoding=\"async\" class=\"alignnone wp-image-6661 size-large\" src=\"https:\/\/www.topohvar.at\/wp-content\/uploads\/2018\/08\/vj-tr-34-0-1024x503.jpg\" alt=\"\" width=\"640\" height=\"314\" srcset=\"https:\/\/www.topohvar.at\/wp-content\/uploads\/2018\/08\/vj-tr-34-0-1024x503.jpg 1024w, https:\/\/www.topohvar.at\/wp-content\/uploads\/2018\/08\/vj-tr-34-0-300x147.jpg 300w, https:\/\/www.topohvar.at\/wp-content\/uploads\/2018\/08\/vj-tr-34-0-768x377.jpg 768w, https:\/\/www.topohvar.at\/wp-content\/uploads\/2018\/08\/vj-tr-34-0.jpg 1080w\" sizes=\"auto, (max-width: 640px) 100vw, 640px\" \/><\/strong><\/p>\n<p><strong>Ime \/ Name<br \/>\n<\/strong>Trim \u00bbVJ-TR-34\u00ab<\/p>\n<p><strong>Code: <\/strong>VJ-TR-34\u00a0 \u00a0 \u00a0 \u00a0 \u00a0 \u00a0 \u00a0 \u00a0 \u00a0 \u00a0 \u00a0 \u00a0 \u00a0<strong>\u00a0 \u00a0 \u00a0 \u00a0 <a href=\"https:\/\/www.topohvar.at\/orte\/vj\/vj-tr-00-1\/\"><img loading=\"lazy\" decoding=\"async\" class=\"alignnone wp-image-12300 size-full\" src=\"https:\/\/www.topohvar.at\/wp-content\/uploads\/2018\/09\/push-vor-30.jpg\" alt=\"\" width=\"61\" height=\"30\" \/><\/a> <a href=\"https:\/\/www.topohvar.at\/orte\/vj\/vj-tr-33-1\/\"><img loading=\"lazy\" decoding=\"async\" class=\"alignnone wp-image-533 size-full\" src=\"https:\/\/www.topohvar.at\/wp-content\/uploads\/2018\/07\/push-l-30.jpg\" alt=\"\" width=\"61\" height=\"30\" \/><\/a>\u00a0<a href=\"https:\/\/www.topohvar.at\/orte\/vj\/\"><img loading=\"lazy\" decoding=\"async\" class=\"alignnone wp-image-535 size-full\" src=\"https:\/\/www.topohvar.at\/wp-content\/uploads\/2018\/07\/push-o-30.jpg\" alt=\"\" width=\"61\" height=\"30\" \/><\/a>\u00a0<a href=\"https:\/\/www.topohvar.at\/orte\/vj\/vj-tr-27-1\/\"><img loading=\"lazy\" decoding=\"async\" class=\"alignnone wp-image-536 size-full\" src=\"https:\/\/www.topohvar.at\/wp-content\/uploads\/2018\/07\/push-r-30.jpg\" alt=\"\" width=\"61\" height=\"30\" \/><\/a><\/strong><\/p>\n<hr \/>\n<p><strong>Adresa \/ Adresse<br \/>\n<\/strong>Vrbanj,\u00a0Mudri Dolac<\/p>\n<p><strong>Lokalna polo\u017eaj \/ Position<a href=\"https:\/\/goo.gl\/maps\/5T7QX3CjHS5hQA6b9\"><img loading=\"lazy\" decoding=\"async\" class=\"alignright wp-image-7188\" src=\"https:\/\/www.topohvar.at\/wp-content\/uploads\/2018\/08\/1770.jpg\" alt=\"\" width=\"134\" height=\"100\" \/><\/a><br \/>\n<\/strong><span style=\"color: #3366ff;\"><a style=\"color: #3366ff;\" href=\"https:\/\/goo.gl\/maps\/5T7QX3CjHS5hQA6b9\">Latitude: N 43,20047\u00b0\u00a0 \u00a0 Longitude: E 16,65533\u00b0\u00a0<\/a><\/span><strong><br \/>\n<\/strong>Visina \/ H\u00f6he: 60 m<\/p>\n<p><strong>Zemlji\u0161te \/ Grundst\u00fccke<br \/>\n<\/strong>538<div class='content-column one_half'><div style=\"padding-right:6px;\"><p><strong>Datum snimanja \/ Erfassungsdatum<br \/>\n<\/strong>23.05.2018 10:02:41<\/p>\n<hr \/>\n<p><strong>Informacije<\/strong><\/p>\n<p>Trim se nalazi na rezidencijalnoj cesti u selu Mudri Dolac. Zbog izgradnje ceste, ulaz trima je sada znatno ni\u017ei od razine ulice. Ulaz se mo\u017ee zatvoriti drvenim vratima. Osim \u0161to ima mala o\u0161te\u0107enja na le\u0111ima, trim je dobro o\u010duvan, ali se vi\u0161e ne koristi.<\/p><\/div><\/div><div class='content-column one_half last_column'><div style=\"padding-right:0px;padding-left:6px;\"><p><strong>Za\u0161titni polo\u017eaj \/ Schutzstellung<br \/>\n<\/strong>&#8211;<\/p>\n<hr \/>\n<p><strong>Info<\/strong><\/p>\n<p>Der Trim befindet sich an einer Siedlungsstra\u00dfe in der Ortschaft Murdi Dolac. Durch den Stra\u00dfenausbau liegt der Trimeingang\u00a0 heute wesentlich tiefer als das Stra\u00dfenniveau. Der Eingang ist mit einer Holzt\u00fcre verschlie\u00dfbar. Abgesehen von einer keinen Besch\u00e4digung an seiner R\u00fcckseite ist der Trim gut erhalten, wird aber nicht mehr genutzt.<\/p><\/div><\/div><div class='clear_column'><\/div><\/p>\n<div id=\"attachment_22571\" style=\"width: 625px\" class=\"wp-caption aligncenter\"><img loading=\"lazy\" decoding=\"async\" aria-describedby=\"caption-attachment-22571\" class=\"wp-image-22571 size-full\" src=\"https:\/\/www.topohvar.at\/wp-content\/uploads\/2019\/05\/vj-tr-34-12.jpg\" alt=\"\" width=\"615\" height=\"302\" srcset=\"https:\/\/www.topohvar.at\/wp-content\/uploads\/2019\/05\/vj-tr-34-12.jpg 615w, https:\/\/www.topohvar.at\/wp-content\/uploads\/2019\/05\/vj-tr-34-12-300x147.jpg 300w\" sizes=\"auto, (max-width: 615px) 100vw, 615px\" \/><p id=\"caption-attachment-22571\" class=\"wp-caption-text\">Stra\u017enji dio trima \/ R\u00fcckseite des Trims<\/p><\/div>\n<div class='content-column one_half'><div style=\"padding-right:6px;\"><p>Dana 05.05.2019 trim je posje\u0107en i prona\u0111en je sljede\u0107i<\/p>\n<p>Lokacija: \u0161uma<br \/>\nPodzemlje: nasip<br \/>\nSklop: izoliran<br \/>\nUpotreba: ne koristi<br \/>\nStanje izgradnje: mali dijelovi su se sru\u0161ili<br \/>\nBroj prstenova trima: dva prstena<br \/>\nDodatni kameni prsten: nema kamenog prstena<br \/>\nStepeni\u0161te: nema stepenica<br \/>\nOblik kamena: uglast<br \/>\nPodru\u010dje ispred ulaza: kamena<br \/>\nVrata na stranicu: JZ (210\u00b0)<br \/>\nPromjer trima (cm): 550<br \/>\nVisina trima (cm): 290<br \/>\nVisina prstena (cm): prsten 1: 150 , prsten 2: 220<br \/>\nDebljina zida (cm): 100<br \/>\n\u0160irina vrata (cm): 75<br \/>\nVisina vrata (cm): 100<br \/>\n\u0160irina unutra (cm): 350<br \/>\nVisina unutra (cm): 260<br \/>\nVolumen iznutra (m3): 14,94<br \/>\nNema ni\u0161e<\/p><\/div><\/div><div class='content-column one_half last_column'><div style=\"padding-right:0px;padding-left:6px;\"><p>Am 05.05.2019 wurde der Trim besucht und untersucht<\/p>\n<p>Standort: Wald<br \/>\nUntergrund: B\u00f6schung<br \/>\nVerbunden mit: freistehend<br \/>\nNutzung: ungenutzt<br \/>\nZustand: kleine Teile abgest\u00fcrzt<br \/>\nRinge\/Stufen des Trim: zweistufig<br \/>\nZus\u00e4tzlicher Steinring: kein Steinring<br \/>\nStiege: keine Stufen<br \/>\nSteinform: kantig<br \/>\nEingangsbereich: Steine<br \/>\nEingangsseite: SW (210\u00b0)<br \/>\nTrimdurchmesser (cm): 550<br \/>\nTrimh\u00f6he (cm): 290<br \/>\nStufen\/Ringh\u00f6he (cm): Ring 1: 150 , Ring 2: 220<br \/>\nWandst\u00e4rke: 100<br \/>\nT\u00fcrbreite (cm): 75<br \/>\nT\u00fcrh\u00f6he (cm): 100<br \/>\nInnenraumbreite (cm): 350<br \/>\nInnenraumh\u00f6he (cm): 260<br \/>\nRaumvolumen (m3): 14,94<br \/>\nKeine Nische<\/p><\/div><\/div><div class='clear_column'><\/div><\/p>\n<p><img loading=\"lazy\" decoding=\"async\" class=\"aligncenter size-full wp-image-23286\" src=\"https:\/\/www.topohvar.at\/wp-content\/uploads\/2019\/07\/vj-tr-34-sca.jpg\" alt=\"\" width=\"640\" height=\"967\" srcset=\"https:\/\/www.topohvar.at\/wp-content\/uploads\/2019\/07\/vj-tr-34-sca.jpg 640w, https:\/\/www.topohvar.at\/wp-content\/uploads\/2019\/07\/vj-tr-34-sca-199x300.jpg 199w\" sizes=\"auto, (max-width: 640px) 100vw, 640px\" \/><\/p>\n<p style=\"text-align: right;\"><a href=\"#seite_oben\">gore \/ Seitenanfang<\/a><\/p>\n<hr \/>\n<p><strong>Linkovi \/ Links<\/strong><\/p>\n<p>&#8211;<\/p>\n","protected":false},"excerpt":{"rendered":"<p>Ime \/ Name Trim \u00bbVJ-TR-34\u00ab Code: VJ-TR-34\u00a0 \u00a0 \u00a0 \u00a0 \u00a0 \u00a0 \u00a0 \u00a0 \u00a0 \u00a0 \u00a0 \u00a0 \u00a0\u00a0 \u00a0 \u00a0 \u00a0 \u00a0\u00a0 Adresa \/ Adresse Vrbanj,\u00a0Mudri Dolac Lokalna polo\u017eaj \/ Position Latitude: N 43,20047\u00b0\u00a0 \u00a0 Longitude: E 16,65533\u00b0\u00a0 Visina &hellip; <a href=\"https:\/\/www.topohvar.at\/topo\/orte\/vj\/vj-tr-34-1\/\">Weiterlesen <span class=\"meta-nav\">&rarr;<\/span><\/a><\/p>\n","protected":false},"author":1,"featured_media":0,"parent":111,"menu_order":0,"comment_status":"closed","ping_status":"closed","template":"","meta":{"footnotes":""},"class_list":["post-6820","page","type-page","status-publish","hentry"],"_links":{"self":[{"href":"https:\/\/www.topohvar.at\/topo\/wp-json\/wp\/v2\/pages\/6820","targetHints":{"allow":["GET"]}}],"collection":[{"href":"https:\/\/www.topohvar.at\/topo\/wp-json\/wp\/v2\/pages"}],"about":[{"href":"https:\/\/www.topohvar.at\/topo\/wp-json\/wp\/v2\/types\/page"}],"author":[{"embeddable":true,"href":"https:\/\/www.topohvar.at\/topo\/wp-json\/wp\/v2\/users\/1"}],"replies":[{"embeddable":true,"href":"https:\/\/www.topohvar.at\/topo\/wp-json\/wp\/v2\/comments?post=6820"}],"version-history":[{"count":12,"href":"https:\/\/www.topohvar.at\/topo\/wp-json\/wp\/v2\/pages\/6820\/revisions"}],"predecessor-version":[{"id":62803,"href":"https:\/\/www.topohvar.at\/topo\/wp-json\/wp\/v2\/pages\/6820\/revisions\/62803"}],"up":[{"embeddable":true,"href":"https:\/\/www.topohvar.at\/topo\/wp-json\/wp\/v2\/pages\/111"}],"wp:attachment":[{"href":"https:\/\/www.topohvar.at\/topo\/wp-json\/wp\/v2\/media?parent=6820"}],"curies":[{"name":"wp","href":"https:\/\/api.w.org\/{rel}","templated":true}]}}