{"id":68202,"date":"2024-06-06T11:42:58","date_gmt":"2024-06-06T09:42:58","guid":{"rendered":"https:\/\/www.topohvar.at\/topo\/?page_id=68202"},"modified":"2025-10-28T14:00:59","modified_gmt":"2025-10-28T13:00:59","slug":"sg-ip-16-1","status":"publish","type":"page","link":"https:\/\/www.topohvar.at\/topo\/orte\/sg\/sg-ip-16-1\/","title":{"rendered":"STARI GRAD &#8211; Informativna plo\u010da \u00bbStarogradsko Polje\u00ab"},"content":{"rendered":"<p><a name=\"seite_oben\"><\/a><br \/>\n<img loading=\"lazy\" decoding=\"async\" class=\"alignnone wp-image-68204 size-full\" src=\"https:\/\/www.topohvar.at\/wp-content\/uploads\/2024\/06\/sg-ip-16-1.jpg\" alt=\"\" width=\"1080\" height=\"530\" srcset=\"https:\/\/www.topohvar.at\/wp-content\/uploads\/2024\/06\/sg-ip-16-1.jpg 1080w, https:\/\/www.topohvar.at\/wp-content\/uploads\/2024\/06\/sg-ip-16-1-300x147.jpg 300w, https:\/\/www.topohvar.at\/wp-content\/uploads\/2024\/06\/sg-ip-16-1-1024x503.jpg 1024w, https:\/\/www.topohvar.at\/wp-content\/uploads\/2024\/06\/sg-ip-16-1-768x377.jpg 768w\" sizes=\"auto, (max-width: 1080px) 100vw, 1080px\" \/><\/p>\n<p><strong>Ime \/ Name<br \/>\n<\/strong>Informativna plo\u010da \u00bbStarogradsko Polje\u00ab \/ Infotafel Starigrader Feld.<\/p>\n<p><strong>Code: <\/strong>SG-IP-16\u00a0 \u00a0 \u00a0 \u00a0 \u00a0 \u00a0 \u00a0 \u00a0 \u00a0 \u00a0 \u00a0 \u00a0 \u00a0 \u00a0 \u00a0 \u00a0 \u00a0 \u00a0 <strong><a href=\"https:\/\/www.topohvar.at\/orte\/sg\/sg-ip-15-1\/\"><img loading=\"lazy\" decoding=\"async\" class=\"alignnone wp-image-533 size-full\" src=\"https:\/\/www.topohvar.at\/wp-content\/uploads\/2018\/07\/push-l-30.jpg\" alt=\"\" width=\"61\" height=\"30\" \/><\/a> <a href=\"https:\/\/www.topohvar.at\/orte\/sg\/\"><img loading=\"lazy\" decoding=\"async\" class=\"alignnone wp-image-535 size-full\" src=\"https:\/\/www.topohvar.at\/wp-content\/uploads\/2018\/07\/push-o-30.jpg\" alt=\"\" width=\"61\" height=\"30\" \/><\/a> <a href=\"https:\/\/www.topohvar.at\/orte\/sg\/sg-ip-25-1\/\"><img loading=\"lazy\" decoding=\"async\" class=\"alignnone wp-image-536 size-full\" src=\"https:\/\/www.topohvar.at\/wp-content\/uploads\/2018\/07\/push-r-30.jpg\" alt=\"\" width=\"61\" height=\"30\" \/><\/a>\u00a0<a href=\"https:\/\/www.topohvar.at\/orte\/sg\/sg-is-19-2\/\"><img loading=\"lazy\" decoding=\"async\" class=\"alignnone wp-image-12299 size-full\" src=\"https:\/\/www.topohvar.at\/wp-content\/uploads\/2018\/09\/push-next-30.jpg\" alt=\"\" width=\"61\" height=\"30\" \/><\/a>\u00a0<\/strong><\/p>\n<hr \/>\n<p><strong>Adresa \/ Adresse<br \/>\n<\/strong>Stari Grad, Vukovarska Cesta 2<\/p>\n<p><strong>Lokacija \/ Position<a href=\"https:\/\/maps.app.goo.gl\/9aVH2xQhfVDBG8h69\"><img loading=\"lazy\" decoding=\"async\" class=\"alignright wp-image-68196\" src=\"https:\/\/www.topohvar.at\/wp-content\/uploads\/2024\/06\/4180.jpg\" alt=\"\" width=\"133\" height=\"100\" \/><\/a><br \/>\n<\/strong><a href=\"https:\/\/maps.app.goo.gl\/9aVH2xQhfVDBG8h69\"><span style=\"color: #3366ff;\">Latitude: N 43,18225\u00b0\u00a0 \u00a0Longitude: E 16,58977\u00b0 <\/span><\/a><strong><br \/>\n<\/strong>Visina \/ H\u00f6he: 4 m<\/p>\n<p><strong>Katastarska \u010destica \/ Grundst\u00fccke<br \/>\n<\/strong>10622\/1<div class='content-column one_half'><div style=\"padding-right:6px;\"><p><strong>Datum snimanja \/ Erfassungsdatum<br \/>\n<\/strong>24.05.2024 10:24:27<\/p>\n<hr \/>\n<p><strong>Informacije<\/strong><\/p>\n<p>Na plo\u010di je, osim na Brailleovom pismu, tekst napisan i na hrvatskom i engleskom jeziku.<\/p><\/div><\/div><div class='content-column one_half last_column'><div style=\"padding-right:0px;padding-left:6px;\"><p><strong>Stupanj za\u0161tite \/ Schutzstellung<br \/>\n<\/strong>&#8211;<\/p>\n<hr \/>\n<p><strong>Info<\/strong><\/p>\n<p>Auf der Tafel ist neben der Blindenschrift, der Text auch in kroatischer und englischer Sprache verfasst.<\/p><\/div><\/div><div class='clear_column'><\/div><\/p>\n<hr \/>\n<div class='content-column one_third'><div style=\"padding-right:6px;\"><p>STAROGRADSKO POLJE<\/p>\n<p>Starogradsko polje je kulturni krajolik koji se oblikovao kroz zadnih 2500 godina. Temele su mu udarili Grci podijeliv\u0161i ga pravile parcele, strige, duljine 1&#215;5 stadija (180x900m). Od tada taj spoj pravilnih putova, suhozida, nasada maslina, vinove loze, so\u010divica i agruma prehranjuje otok Hvar, tvore\u0107i kutivirani mediteranski krajolik. I drugi narodi i kulture ga oblikuju prema svojim potrebama i na\u010dinu \u017eivota. Me\u0111utim ono ostaje nepromijenjo i funkciji onoga \u0161to je polje ktoz \u010ditavu pro\u0161lost bilo, &#8222;trbuh otoka&#8220;. Kao takvog, ga je UNESCO uvristo na listu materijalne ba\u0161tine 2008. godine, kao sedmi lakalitet u Republici Hrvatskoj.<\/p><\/div><\/div><div class='content-column one_third'><div style=\"padding-right:6px;\"><p>STARI GRAD PLAIN<\/p>\n<p>Stari Grad Plain is a cultural landscape that has been formed over the last 2500 years. Its foundations were laid by the greeks who divided it into parcels measuring 1&#215;5 Greek stadia (180x900m) in length. Ever since this combination of straight roads, dry stone walls, olives, grapevine, lentils and citus fruit has been feeding the island of Hvar, creating a cultivated Mediterranean landscape. Other nations and culture shape it as well in accordance with their needs and the way of life. However it remains unaltered and functioning as &#8222;a pantry of the island&#8220; as it has always been. As such it has been inscribed on the UNESCO World Heritage List since 2008 as the seventh site in the Republik of Croatia.<\/p><\/div><\/div><div class='content-column one_third last_column'><div style=\"padding-right:0px;padding-left:6px;\"><p>DAS STRIGRADER FELD<\/p>\n<p>Das Starigrader Feld ist eine Kulturlandschaft, die im Laufe der letzten 2.500 Jahre geformt wurde. Die Fundamente wurden von den Griechen gelegt, die es in Parzellen, sogenannte Striga, mit den Ma\u00dfen 1 x 5 Stadien (180 x 900 m) aufteilten. Seitdem hat diese Kombination aus regelm\u00e4\u00dfigen Wegen, Trockenmauern, Olivenhainen, Weinreben, Linsen und Zitrusfr\u00fcchten die Insel Hvar gen\u00e4hrt und eine kultivierte mediterrane Landschaft geschaffen. Auch andere V\u00f6lker und Kulturen gestalten es entsprechend ihren Bed\u00fcrfnissen und ihrem Lebensstil. Seine Funktion als das, was das Feld in der Vergangenheit immer war, n\u00e4mlich der \u201eBauch der Insel\u201c, bleibt jedoch unver\u00e4ndert. Aus diesem Grund wurde es 2008 von der UNESCO als siebte St\u00e4tte der Republik Kroatien in die Liste des materiellen Kulturerbes aufgenommen.<\/p><\/div><\/div><div class='clear_column'><\/div><\/p>\n<hr \/>\n<div class='content-column one_half'><div style=\"padding-right:6px;\"><p>Taktilna plo\u010da Starogradskog polja na brajici, za slijepe, slabovidne i turiste s invaliditetom nastala kao rezultat odr\u017eivosti nagra\u0111enog projekta Hvar for all; Hvar za sve, Srednje \u0161kole Hvar i Ministarstva turizma i sporta RH.<\/p><\/div><\/div><div class='content-column one_half last_column'><div style=\"padding-right:0px;padding-left:6px;\"><p>Die taktile Karte des Starigrader Feldes in Brailleschrift, f\u00fcr Blinde, Sehbehinderte und Touristen mit Behinderung, entstand als Ergebnis der Nachhaltigkeit des preisgekr\u00f6nten Projekts \u201eHvar for All\u201c (Hvar f\u00fcr alle), umgesetzt von der Mittelschule Hvar und dem Ministerium f\u00fcr Tourismus und Sport der Republik Kroatien.<\/p><\/div><\/div><div class='clear_column'><\/div><div class='content-column one_half'><div style=\"padding-right:6px;\"><p>Hvala ravnatelju Agencije za upravljanje Starogradskim poljem Vinko Tarbu\u0161kovi\u0107 za postav ove plo\u010de na reprezentativno mjesto.<\/p><\/div><\/div><div class='content-column one_half last_column'><div style=\"padding-right:0px;padding-left:6px;\"><p>Ein besonderer Dank gilt dem Direktor der Agentur f\u00fcr das Management des Starogradsko Polje, Vinko Tarbu\u0161kovi\u0107, f\u00fcr die Platzierung dieser Karte an einer repr\u00e4sentativen Stelle.<\/p><\/div><\/div><div class='clear_column'><\/div><\/p>\n<p style=\"text-align: center;\"><em>Izvor\/Quelle: <a href=\"https:\/\/www.facebook.com\/permalink.php?story_fbid=pfbid031V4aYFVjq2xV4pghje2QaLzRMxJgeP4M1xa4XYqSLzKxmAwpjLpeRkbZkE5MupRnl&amp;id=100066917092251&amp;__cft__%5b0%5d=AZWvnMCULT51SuDcOwvDhZLKGBVmH8tD8aUsnpjxtOqRuSA-SsH82QA0E3oCXMRjXPnstSZtWpuG4O6k1MH0duSApjVAsqaNo3JR_o-l76kc0xcoPFoWkaTrZZuhLjgMnnelicGU0q_-Eld37mXGzsp3wa62esWyy942UmhXo98vwr3Hi_BkQt154FKGRiAi9UEMb-FA0ZJNBlTuQn_0O1oL&amp;__tn__=%2CO%2CP-y-R\">Agencije za upravljanje Starogradskim poljem<\/a><\/em><\/p>\n<p>&nbsp;<\/p>\n<p style=\"text-align: right;\"><a href=\"#seite_oben\">natrag na vrh \/ Seitenanfang<\/a><\/p>\n<hr \/>\n<p><strong>Linkovi \/ Links<\/strong><\/p>\n<p><span style=\"color: #3366ff;\"><a style=\"color: #3366ff;\" href=\"https:\/\/www.topohvar.at\/orte\/sg\/sg-tg-48-1\/\">Zgrada \u00bbAGER \u2013 Agencija za upravljarje Starigradskim poljem\u00ab \/ AGER \u2013 Verwaltungsagentur Starigrader Feld<\/a><\/span><\/p>\n","protected":false},"excerpt":{"rendered":"<p>Ime \/ Name Informativna plo\u010da \u00bbStarogradsko Polje\u00ab \/ Infotafel Starigrader Feld. Code: SG-IP-16\u00a0 \u00a0 \u00a0 \u00a0 \u00a0 \u00a0 \u00a0 \u00a0 \u00a0 \u00a0 \u00a0 \u00a0 \u00a0 \u00a0 \u00a0 \u00a0 \u00a0 \u00a0 \u00a0\u00a0 Adresa \/ Adresse Stari Grad, Vukovarska Cesta 2 Lokacija &hellip; <a href=\"https:\/\/www.topohvar.at\/topo\/orte\/sg\/sg-ip-16-1\/\">Weiterlesen <span class=\"meta-nav\">&rarr;<\/span><\/a><\/p>\n","protected":false},"author":1,"featured_media":0,"parent":99,"menu_order":0,"comment_status":"closed","ping_status":"closed","template":"","meta":{"footnotes":""},"class_list":["post-68202","page","type-page","status-publish","hentry"],"_links":{"self":[{"href":"https:\/\/www.topohvar.at\/topo\/wp-json\/wp\/v2\/pages\/68202","targetHints":{"allow":["GET"]}}],"collection":[{"href":"https:\/\/www.topohvar.at\/topo\/wp-json\/wp\/v2\/pages"}],"about":[{"href":"https:\/\/www.topohvar.at\/topo\/wp-json\/wp\/v2\/types\/page"}],"author":[{"embeddable":true,"href":"https:\/\/www.topohvar.at\/topo\/wp-json\/wp\/v2\/users\/1"}],"replies":[{"embeddable":true,"href":"https:\/\/www.topohvar.at\/topo\/wp-json\/wp\/v2\/comments?post=68202"}],"version-history":[{"count":13,"href":"https:\/\/www.topohvar.at\/topo\/wp-json\/wp\/v2\/pages\/68202\/revisions"}],"predecessor-version":[{"id":73071,"href":"https:\/\/www.topohvar.at\/topo\/wp-json\/wp\/v2\/pages\/68202\/revisions\/73071"}],"up":[{"embeddable":true,"href":"https:\/\/www.topohvar.at\/topo\/wp-json\/wp\/v2\/pages\/99"}],"wp:attachment":[{"href":"https:\/\/www.topohvar.at\/topo\/wp-json\/wp\/v2\/media?parent=68202"}],"curies":[{"name":"wp","href":"https:\/\/api.w.org\/{rel}","templated":true}]}}