{"id":68229,"date":"2024-06-06T14:21:44","date_gmt":"2024-06-06T12:21:44","guid":{"rendered":"https:\/\/www.topohvar.at\/topo\/?page_id=68229"},"modified":"2024-07-31T14:24:39","modified_gmt":"2024-07-31T12:24:39","slug":"sg-po-20-1","status":"publish","type":"page","link":"https:\/\/www.topohvar.at\/topo\/orte\/sg\/sg-po-20-1\/","title":{"rendered":"STARI GRAD &#8211; Povijesni objekt \u00bbkula (1) gr\u010dkog Pharosa\u00ab"},"content":{"rendered":"<p><a name=\"seite_oben\"><\/a><img loading=\"lazy\" decoding=\"async\" class=\"alignnone wp-image-69303 size-full\" src=\"https:\/\/www.topohvar.at\/wp-content\/uploads\/2024\/07\/sg.po-20-10.jpg\" alt=\"\" width=\"1080\" height=\"530\" srcset=\"https:\/\/www.topohvar.at\/wp-content\/uploads\/2024\/07\/sg.po-20-10.jpg 1080w, https:\/\/www.topohvar.at\/wp-content\/uploads\/2024\/07\/sg.po-20-10-300x147.jpg 300w, https:\/\/www.topohvar.at\/wp-content\/uploads\/2024\/07\/sg.po-20-10-1024x503.jpg 1024w, https:\/\/www.topohvar.at\/wp-content\/uploads\/2024\/07\/sg.po-20-10-768x377.jpg 768w\" sizes=\"auto, (max-width: 1080px) 100vw, 1080px\" \/><\/p>\n<p><strong>Ime \/ Name<br \/>\n<\/strong>Povijesni objekt \u00bbkula (1) gr\u010dkog Farosa\u00ab \/ Turm (1) des alten Pharos<\/p>\n<p><strong>Code: <\/strong>SG-PO-20\u00a0 \u00a0 \u00a0 \u00a0 \u00a0 \u00a0 \u00a0 \u00a0 \u00a0 \u00a0 \u00a0 \u00a0 \u00a0 \u00a0 \u00a0 \u00a0 \u00a0 \u00a0 <strong><a href=\"https:\/\/www.topohvar.at\/orte\/sg\/sg-po-16-2\/\"><img loading=\"lazy\" decoding=\"async\" class=\"alignnone wp-image-533 size-full\" src=\"https:\/\/www.topohvar.at\/wp-content\/uploads\/2018\/07\/push-l-30.jpg\" alt=\"\" width=\"61\" height=\"30\" \/><\/a> <a href=\"https:\/\/www.topohvar.at\/orte\/sg\/\"><img loading=\"lazy\" decoding=\"async\" class=\"alignnone wp-image-535 size-full\" src=\"https:\/\/www.topohvar.at\/wp-content\/uploads\/2018\/07\/push-o-30.jpg\" alt=\"\" width=\"61\" height=\"30\" \/><\/a> <a href=\"https:\/\/www.topohvar.at\/orte\/sg\/sg-po-21-1\/\"><img loading=\"lazy\" decoding=\"async\" class=\"alignnone wp-image-536 size-full\" src=\"https:\/\/www.topohvar.at\/wp-content\/uploads\/2018\/07\/push-r-30.jpg\" alt=\"\" width=\"61\" height=\"30\" \/><\/a><\/strong><\/p>\n<hr \/>\n<p><strong>Adresa \/ Adresse<br \/>\n<\/strong>Stari Grad, isto\u010dno od crkve sv. Nikole \/ \u00f6stlich der Kirche zum hl. Nikolaus<\/p>\n<p><strong>Lokacija \/ Position<a href=\"https:\/\/maps.app.goo.gl\/qjunqaRMaG8FEFHf6\"><img loading=\"lazy\" decoding=\"async\" class=\"alignright wp-image-68231\" src=\"https:\/\/www.topohvar.at\/wp-content\/uploads\/2024\/06\/4181.jpg\" alt=\"\" width=\"134\" height=\"100\" \/><\/a><br \/>\n<\/strong><a href=\"https:\/\/maps.app.goo.gl\/qjunqaRMaG8FEFHf6\"><span style=\"color: #3366ff;\">Latitude: N 43,18075\u00b0\u00a0 \u00a0Longitude: E 16,59901\u00b0<\/span><\/a> <strong><br \/>\n<\/strong>Visina \/ H\u00f6he: 6 m<\/p>\n<p><strong>Katastarska \u010destica \/ Grundst\u00fccke<br \/>\n<\/strong>3250<div class='content-column one_half'><div style=\"padding-right:6px;\"><p><strong>Datum snimanja \/ Erfassungsdatum<br \/>\n<\/strong>24.05.2024 10:35:32<\/p>\n<hr \/>\n<p><strong>Informacije<\/strong><\/p>\n<p>Na podru\u010dju Pe\u010da, u neposrednoj blizini crkve sv. Nikole i &#8222;Kamenog broda&#8220;, arheolozi su 2024. godine prona\u0161li ostatke monumentalne \u010detvrtaste strukture iz gr\u010dkog perioda, vjerojatno temelje gradske kule i bedema Farosa. Oni pru\u017eaju potpuno novu sliku o prostiranju gr\u010dkoga grada.<\/p><\/div><\/div><div class='content-column one_half last_column'><div style=\"padding-right:0px;padding-left:6px;\"><p><strong>Stupanj za\u0161tite \/ Schutzstellung<br \/>\n<\/strong>RST-0019<\/p>\n<hr \/>\n<p><strong>Info<\/strong><\/p>\n<p>In der Gegend von Pe\u010d, in unmittelbarer N\u00e4her der Kirche St. Nikolaus und des &#8222;Steinschiffes&#8220;, fanden Arch\u00e4ologen im Jahre 2024 die `\u00dcberreste eines monumentalen Bauwerkes aus griechischer Zeit, wahrscheinlich die Fundamente eines Stadtturmes der Stadtmauer von Pharos. Sie liefern ein v\u00f6llig neues Bild der Ausbreitung der griechischen Stadt.<\/div><\/div><div class='clear_column'><\/div><\/p>\n<p style=\"text-align: center;\">Izvor: \/ Quelle: Klaudija Gamulin<\/p>\n<p style=\"text-align: right;\"><a href=\"#seite_oben\">natrag na vrh \/ Seitenanfang<\/a><\/p>\n<hr \/>\n<p><strong>Linkovi \/ Links<\/strong><\/p>\n<p><span style=\"color: #3366ff;\"><a style=\"color: #3366ff;\" href=\"https:\/\/www.topohvar.at\/topo\/orte\/sg\/sg-po-15-3\/\">Povijesni objekt \u00bbOstaci gr\u010dkih gradskih zidina\u00ab \/ Reste der griechischen Stadtmauer<\/a><br \/>\n<a style=\"color: #3366ff;\" href=\"https:\/\/www.topohvar.at\/topo\/orte\/sg\/sg-po-21-1\/\">Povijesni objekt \u00bbkula (2) gr\u010dkog Pharosa\u00ab \/ Turm (2) des alten Pharos<\/a><br \/>\n<a style=\"color: #3366ff;\" href=\"https:\/\/www.topohvar.at\/orte\/sg\/sg-op-02-2\/\">Objekt \u00bbBunar (02), kameni brod\u00ab \/ Brunnen (02), steinernes Schiff<\/a><br \/>\n<\/span><\/p>\n","protected":false},"excerpt":{"rendered":"<p>Ime \/ Name Povijesni objekt \u00bbkula (1) gr\u010dkog Farosa\u00ab \/ Turm (1) des alten Pharos Code: SG-PO-20\u00a0 \u00a0 \u00a0 \u00a0 \u00a0 \u00a0 \u00a0 \u00a0 \u00a0 \u00a0 \u00a0 \u00a0 \u00a0 \u00a0 \u00a0 \u00a0 \u00a0 \u00a0 Adresa \/ Adresse Stari Grad, isto\u010dno &hellip; <a href=\"https:\/\/www.topohvar.at\/topo\/orte\/sg\/sg-po-20-1\/\">Weiterlesen <span class=\"meta-nav\">&rarr;<\/span><\/a><\/p>\n","protected":false},"author":1,"featured_media":0,"parent":99,"menu_order":0,"comment_status":"closed","ping_status":"closed","template":"","meta":{"footnotes":""},"class_list":["post-68229","page","type-page","status-publish","hentry"],"_links":{"self":[{"href":"https:\/\/www.topohvar.at\/topo\/wp-json\/wp\/v2\/pages\/68229","targetHints":{"allow":["GET"]}}],"collection":[{"href":"https:\/\/www.topohvar.at\/topo\/wp-json\/wp\/v2\/pages"}],"about":[{"href":"https:\/\/www.topohvar.at\/topo\/wp-json\/wp\/v2\/types\/page"}],"author":[{"embeddable":true,"href":"https:\/\/www.topohvar.at\/topo\/wp-json\/wp\/v2\/users\/1"}],"replies":[{"embeddable":true,"href":"https:\/\/www.topohvar.at\/topo\/wp-json\/wp\/v2\/comments?post=68229"}],"version-history":[{"count":10,"href":"https:\/\/www.topohvar.at\/topo\/wp-json\/wp\/v2\/pages\/68229\/revisions"}],"predecessor-version":[{"id":69304,"href":"https:\/\/www.topohvar.at\/topo\/wp-json\/wp\/v2\/pages\/68229\/revisions\/69304"}],"up":[{"embeddable":true,"href":"https:\/\/www.topohvar.at\/topo\/wp-json\/wp\/v2\/pages\/99"}],"wp:attachment":[{"href":"https:\/\/www.topohvar.at\/topo\/wp-json\/wp\/v2\/media?parent=68229"}],"curies":[{"name":"wp","href":"https:\/\/api.w.org\/{rel}","templated":true}]}}