{"id":6838,"date":"2018-08-21T16:44:29","date_gmt":"2018-08-21T14:44:29","guid":{"rendered":"https:\/\/www.topohvar.at\/?page_id=6838"},"modified":"2021-12-02T07:29:55","modified_gmt":"2021-12-02T06:29:55","slug":"vj-tr-05-1","status":"publish","type":"page","link":"https:\/\/www.topohvar.at\/topo\/orte\/vj\/vj-tr-05-1\/","title":{"rendered":"VRBANJ &#8211; Trim \u00bbVJ-TR-05\u00ab"},"content":{"rendered":"<p><a name=\"seite_oben\"><\/a><br \/>\n<strong><img loading=\"lazy\" decoding=\"async\" class=\"alignnone wp-image-22525 size-large\" src=\"https:\/\/www.topohvar.at\/wp-content\/uploads\/2019\/05\/vj-tr-05-12-1024x503.jpg\" alt=\"\" width=\"640\" height=\"314\" srcset=\"https:\/\/www.topohvar.at\/wp-content\/uploads\/2019\/05\/vj-tr-05-12-1024x503.jpg 1024w, https:\/\/www.topohvar.at\/wp-content\/uploads\/2019\/05\/vj-tr-05-12-300x147.jpg 300w, https:\/\/www.topohvar.at\/wp-content\/uploads\/2019\/05\/vj-tr-05-12-768x377.jpg 768w, https:\/\/www.topohvar.at\/wp-content\/uploads\/2019\/05\/vj-tr-05-12.jpg 1080w\" sizes=\"auto, (max-width: 640px) 100vw, 640px\" \/><\/strong><\/p>\n<p><strong>Ime \/ Name<br \/>\n<\/strong>Trim \u00bbVJ-TR-05\u00ab<\/p>\n<p><strong>Code: <\/strong>VJ-TR-05\u00a0 \u00a0 \u00a0 \u00a0 \u00a0 \u00a0 \u00a0 \u00a0 \u00a0 \u00a0 \u00a0 \u00a0 \u00a0<strong>\u00a0 \u00a0 \u00a0 \u00a0 <a href=\"https:\/\/www.topohvar.at\/orte\/vj\/vj-tr-00-1\/\"><img loading=\"lazy\" decoding=\"async\" class=\"alignnone wp-image-12300 size-full\" src=\"https:\/\/www.topohvar.at\/wp-content\/uploads\/2018\/09\/push-vor-30.jpg\" alt=\"\" width=\"61\" height=\"30\" \/><\/a> <a href=\"https:\/\/www.topohvar.at\/orte\/vj\/vj-tr-02-1\/\"><img loading=\"lazy\" decoding=\"async\" class=\"alignnone wp-image-533 size-full\" src=\"https:\/\/www.topohvar.at\/wp-content\/uploads\/2018\/07\/push-l-30.jpg\" alt=\"\" width=\"61\" height=\"30\" \/><\/a>\u00a0<a href=\"https:\/\/www.topohvar.at\/orte\/vj\/\"><img loading=\"lazy\" decoding=\"async\" class=\"alignnone wp-image-535 size-full\" src=\"https:\/\/www.topohvar.at\/wp-content\/uploads\/2018\/07\/push-o-30.jpg\" alt=\"\" width=\"61\" height=\"30\" \/><\/a>\u00a0<a href=\"https:\/\/www.topohvar.at\/orte\/vj\/vj-tr-14-1\/\"><img loading=\"lazy\" decoding=\"async\" class=\"alignnone wp-image-536 size-full\" src=\"https:\/\/www.topohvar.at\/wp-content\/uploads\/2018\/07\/push-r-30.jpg\" alt=\"\" width=\"61\" height=\"30\" \/><\/a><\/strong><\/p>\n<hr \/>\n<p><strong>Adresa \/ Adresse<br \/>\n<\/strong>Vrbanj,\u00a0Polje, Pod Skunjevac<\/p>\n<p><strong>Lokalna polo\u017eaj \/ Position<a href=\"https:\/\/goo.gl\/maps\/kkpgzDoeLDehCY8P6\"><img loading=\"lazy\" decoding=\"async\" class=\"alignright wp-image-7215\" src=\"https:\/\/www.topohvar.at\/wp-content\/uploads\/2018\/08\/0912.jpg\" alt=\"\" width=\"133\" height=\"100\" \/><\/a><br \/>\n<\/strong><span style=\"color: #3366ff;\"><a style=\"color: #3366ff;\" href=\"https:\/\/goo.gl\/maps\/kkpgzDoeLDehCY8P6\">Latitude: N 43,18686\u00b0\u00a0 \u00a0 Longitude: E 16,65207\u00b0\u00a0<\/a><\/span><strong><br \/>\n<\/strong>Visina \/ H\u00f6he: 24 m<\/p>\n<p><strong>Zemlji\u0161te \/ Grundst\u00fccke<br \/>\n<\/strong>877\/1<div class='content-column one_half'><div style=\"padding-right:6px;\"><p><strong>Datum snimanja \/ Erfassungsdatum<br \/>\n<\/strong>08.05.2014 14:59:23<\/p>\n<hr \/>\n<p><strong>Informacije<\/strong><\/p>\n<p>Trim u masliniku na putu za Basinu \/ Mudri Dolac je prili\u010dno o\u0161te\u0107en. Njegova je kupola djelomi\u010dno propala. Desna strana oja\u010dana je dodatnim kamenim prstenom. Unutarnji zid se dijelom sastoji od stijene i sadr\u017ei ni\u0161u.<\/p><\/div><\/div><div class='content-column one_half last_column'><div style=\"padding-right:0px;padding-left:6px;\"><p><strong>Za\u0161titni polo\u017eaj \/ Schutzstellung<br \/>\n<\/strong>&#8211;<\/p>\n<hr \/>\n<p><strong>Info<\/strong><\/p>\n<p>Der Trim in einem Olivengarten an der Stra\u00dfe nach Basina\/Mudri Dolac ist ziemlich besch\u00e4digt. Seine Kuppel ist zum Teil eingest\u00fcrzt. Seine rechte Seite wird durch einen zus\u00e4tzlichen Steinring verst\u00e4rkt. Im Inneren besteht die Trimwand zum Teil aus gewachsenem Fels und enth\u00e4lt eine Wandnische.<\/p><\/div><\/div><div class='clear_column'><\/div><div class='content-column one_half'><div style=\"padding-right:6px;\"><div id=\"attachment_23236\" style=\"width: 310px\" class=\"wp-caption aligncenter\"><img loading=\"lazy\" decoding=\"async\" aria-describedby=\"caption-attachment-23236\" class=\"size-medium wp-image-23236\" src=\"https:\/\/www.topohvar.at\/wp-content\/uploads\/2019\/07\/vj-tr-05-11-300x300.jpg\" alt=\"\" width=\"300\" height=\"300\" srcset=\"https:\/\/www.topohvar.at\/wp-content\/uploads\/2019\/07\/vj-tr-05-11-300x300.jpg 300w, https:\/\/www.topohvar.at\/wp-content\/uploads\/2019\/07\/vj-tr-05-11-150x150.jpg 150w, https:\/\/www.topohvar.at\/wp-content\/uploads\/2019\/07\/vj-tr-05-11.jpg 450w\" sizes=\"auto, (max-width: 300px) 100vw, 300px\" \/><p id=\"caption-attachment-23236\" class=\"wp-caption-text\">Ulaz \/ Eingang<\/p><\/div>\n<p>Dana 04.05.2019 trim VJ-TR-05 je posje\u0107en i prona\u0111en je sljede\u0107i<\/p>\n<p>Lokacija: maslinik<br \/>\nPodzemlje: ravan<br \/>\nSklop: kameni zid<br \/>\nUpotreba: ne koristi<br \/>\nStanje izgradnje: kupola se djelomi\u010dno sru\u0161ila<br \/>\nBroj prstenova trima: jedan prsten<br \/>\nDodatni kameni prsten: kameni prsten djelomi\u010dno<br \/>\nStepeni\u0161te: nema stepenica<br \/>\nOblik kamena: uglast<br \/>\nPodru\u010dje ispred ulaza: lako dostupni<br \/>\nVrata na stranicu: J (200\u00b0)<br \/>\nPromjer trima (cm): 390<br \/>\nVisina trima (cm): ?<br \/>\nVisina prstena (cm): 220<br \/>\nDebljina zida (cm): 80<br \/>\n\u0160irina vrata (cm): 65<br \/>\nVisina vrata (cm): 120<br \/>\n\u0160irina unutra (cm): 220 &#8211; 230<br \/>\nVisina unutra (cm): ?<br \/>\nVolumen iznutra (m3): ?<br \/>\nni\u0161a 1 (P\/\u0160\/V\/D) (cm): 85 \/ 30 \/ 30 \/ 40<\/p><\/div><\/div><div class='content-column one_half last_column'><div style=\"padding-right:0px;padding-left:6px;\"><div id=\"attachment_23237\" style=\"width: 310px\" class=\"wp-caption aligncenter\"><img loading=\"lazy\" decoding=\"async\" aria-describedby=\"caption-attachment-23237\" class=\"size-medium wp-image-23237\" src=\"https:\/\/www.topohvar.at\/wp-content\/uploads\/2019\/07\/vj-tr-05-16-300x300.jpg\" alt=\"\" width=\"300\" height=\"300\" srcset=\"https:\/\/www.topohvar.at\/wp-content\/uploads\/2019\/07\/vj-tr-05-16-300x300.jpg 300w, https:\/\/www.topohvar.at\/wp-content\/uploads\/2019\/07\/vj-tr-05-16-150x150.jpg 150w, https:\/\/www.topohvar.at\/wp-content\/uploads\/2019\/07\/vj-tr-05-16.jpg 450w\" sizes=\"auto, (max-width: 300px) 100vw, 300px\" \/><p id=\"caption-attachment-23237\" class=\"wp-caption-text\">Rupa u kupoli \/ Loch in der Kuppel<\/p><\/div>\n<p>Am 04.05.2019 wurde der Trim VJ-TR-05 besucht und untersucht<\/p>\n<p>Standort: Olivenhain<br \/>\nUntergrund: eben<br \/>\nVerbunden mit: Steinmauer<br \/>\nNutzung: ungenutzt<br \/>\nZustand: Kuppel teilweise eingest\u00fcrzt<br \/>\nRinge\/Stufen des Trim: einstufig<br \/>\nZus\u00e4tzlicher Steinring: Steinring teilweise<br \/>\nStiege: keine Stufen<br \/>\nSteinform: kantig<br \/>\nEingangsbereich: frei<br \/>\nEingangsseite: S (200\u00b0)<br \/>\nTrimdurchmesser (cm): 390<br \/>\nTrimh\u00f6he (cm): ?<br \/>\nStufen\/Ringh\u00f6he (cm): 220<br \/>\nWandst\u00e4rke: 80<br \/>\nT\u00fcrbreite (cm): 65<br \/>\nT\u00fcrh\u00f6he (cm): 120<br \/>\nInnenraumbreite (cm): 220 &#8211; 230<br \/>\nInnenraumh\u00f6he (cm): ?<br \/>\nRaumvolumen (m3): ?<br \/>\nNische 1 (P\/B\/H\/T) (cm): 85 \/ 30 \/ 30 \/ 40<\/p><\/div><\/div><div class='clear_column'><\/div><\/p>\n<p><img loading=\"lazy\" decoding=\"async\" class=\"aligncenter size-full wp-image-23238\" src=\"https:\/\/www.topohvar.at\/wp-content\/uploads\/2019\/07\/vj-tr-05-sca.jpg\" alt=\"\" width=\"640\" height=\"972\" srcset=\"https:\/\/www.topohvar.at\/wp-content\/uploads\/2019\/07\/vj-tr-05-sca.jpg 640w, https:\/\/www.topohvar.at\/wp-content\/uploads\/2019\/07\/vj-tr-05-sca-198x300.jpg 198w\" sizes=\"auto, (max-width: 640px) 100vw, 640px\" \/><\/p>\n<p style=\"text-align: right;\"><a href=\"#seite_oben\">gore \/ Seitenanfang<\/a><\/p>\n<hr \/>\n<p><strong>Linkovi \/ Links<\/strong><\/p>\n<p>&#8211;<\/p>\n","protected":false},"excerpt":{"rendered":"<p>Ime \/ Name Trim \u00bbVJ-TR-05\u00ab Code: VJ-TR-05\u00a0 \u00a0 \u00a0 \u00a0 \u00a0 \u00a0 \u00a0 \u00a0 \u00a0 \u00a0 \u00a0 \u00a0 \u00a0\u00a0 \u00a0 \u00a0 \u00a0 \u00a0\u00a0 Adresa \/ Adresse Vrbanj,\u00a0Polje, Pod Skunjevac Lokalna polo\u017eaj \/ Position Latitude: N 43,18686\u00b0\u00a0 \u00a0 Longitude: E 16,65207\u00b0\u00a0 &hellip; <a href=\"https:\/\/www.topohvar.at\/topo\/orte\/vj\/vj-tr-05-1\/\">Weiterlesen <span class=\"meta-nav\">&rarr;<\/span><\/a><\/p>\n","protected":false},"author":1,"featured_media":0,"parent":111,"menu_order":0,"comment_status":"closed","ping_status":"closed","template":"","meta":{"footnotes":""},"class_list":["post-6838","page","type-page","status-publish","hentry"],"_links":{"self":[{"href":"https:\/\/www.topohvar.at\/topo\/wp-json\/wp\/v2\/pages\/6838","targetHints":{"allow":["GET"]}}],"collection":[{"href":"https:\/\/www.topohvar.at\/topo\/wp-json\/wp\/v2\/pages"}],"about":[{"href":"https:\/\/www.topohvar.at\/topo\/wp-json\/wp\/v2\/types\/page"}],"author":[{"embeddable":true,"href":"https:\/\/www.topohvar.at\/topo\/wp-json\/wp\/v2\/users\/1"}],"replies":[{"embeddable":true,"href":"https:\/\/www.topohvar.at\/topo\/wp-json\/wp\/v2\/comments?post=6838"}],"version-history":[{"count":12,"href":"https:\/\/www.topohvar.at\/topo\/wp-json\/wp\/v2\/pages\/6838\/revisions"}],"predecessor-version":[{"id":54193,"href":"https:\/\/www.topohvar.at\/topo\/wp-json\/wp\/v2\/pages\/6838\/revisions\/54193"}],"up":[{"embeddable":true,"href":"https:\/\/www.topohvar.at\/topo\/wp-json\/wp\/v2\/pages\/111"}],"wp:attachment":[{"href":"https:\/\/www.topohvar.at\/topo\/wp-json\/wp\/v2\/media?parent=6838"}],"curies":[{"name":"wp","href":"https:\/\/api.w.org\/{rel}","templated":true}]}}