{"id":6852,"date":"2018-08-21T16:54:24","date_gmt":"2018-08-21T14:54:24","guid":{"rendered":"https:\/\/www.topohvar.at\/?page_id=6852"},"modified":"2020-11-21T20:03:33","modified_gmt":"2020-11-21T19:03:33","slug":"vj-tr-36-1","status":"publish","type":"page","link":"https:\/\/www.topohvar.at\/topo\/orte\/vj\/vj-tr-36-1\/","title":{"rendered":"VRBANJ &#8211; Trim \u00bbVJ-TR-36\u00ab"},"content":{"rendered":"<p><a name=\"seite_oben\"><\/a><br \/>\n<strong><img loading=\"lazy\" decoding=\"async\" class=\"alignnone wp-image-6663 size-large\" src=\"https:\/\/www.topohvar.at\/wp-content\/uploads\/2018\/08\/vj-tr-36-0-1024x503.jpg\" alt=\"\" width=\"640\" height=\"314\" srcset=\"https:\/\/www.topohvar.at\/wp-content\/uploads\/2018\/08\/vj-tr-36-0-1024x503.jpg 1024w, https:\/\/www.topohvar.at\/wp-content\/uploads\/2018\/08\/vj-tr-36-0-300x147.jpg 300w, https:\/\/www.topohvar.at\/wp-content\/uploads\/2018\/08\/vj-tr-36-0-768x377.jpg 768w, https:\/\/www.topohvar.at\/wp-content\/uploads\/2018\/08\/vj-tr-36-0.jpg 1080w\" sizes=\"auto, (max-width: 640px) 100vw, 640px\" \/><\/strong><\/p>\n<p><strong>Ime \/ Name<br \/>\n<\/strong>Trim \u00bbVJ-TR-36\u00ab<\/p>\n<p><strong>Code: <\/strong>VJ-TR-36\u00a0 \u00a0 \u00a0 \u00a0 \u00a0 \u00a0 \u00a0 \u00a0<strong>\u00a0 \u00a0 \u00a0 \u00a0 \u00a0 \u00a0 \u00a0 \u00a0 \u00a0 \u00a0 <a href=\"https:\/\/www.topohvar.at\/orte\/vj\/vj-tr-00-1\/\"><img loading=\"lazy\" decoding=\"async\" class=\"alignnone wp-image-12300 size-full\" src=\"https:\/\/www.topohvar.at\/wp-content\/uploads\/2018\/09\/push-vor-30.jpg\" alt=\"\" width=\"61\" height=\"30\" \/><\/a> <a href=\"https:\/\/www.topohvar.at\/orte\/vj\/vj-tr-35-1\/\"><img loading=\"lazy\" decoding=\"async\" class=\"alignnone wp-image-533 size-full\" src=\"https:\/\/www.topohvar.at\/wp-content\/uploads\/2018\/07\/push-l-30.jpg\" alt=\"\" width=\"61\" height=\"30\" \/><\/a>\u00a0<a href=\"https:\/\/www.topohvar.at\/orte\/vj\/\"><img loading=\"lazy\" decoding=\"async\" class=\"alignnone wp-image-535 size-full\" src=\"https:\/\/www.topohvar.at\/wp-content\/uploads\/2018\/07\/push-o-30.jpg\" alt=\"\" width=\"61\" height=\"30\" \/><\/a>\u00a0<a href=\"https:\/\/www.topohvar.at\/orte\/vj\/vj-tr-37-1\/\"><img loading=\"lazy\" decoding=\"async\" class=\"alignnone wp-image-536 size-full\" src=\"https:\/\/www.topohvar.at\/wp-content\/uploads\/2018\/07\/push-r-30.jpg\" alt=\"\" width=\"61\" height=\"30\" \/><\/a><\/strong><\/p>\n<hr \/>\n<p><strong>Adresa \/ Adresse<br \/>\n<\/strong>Vrbanj,\u00a0Polje, biv\u0161i zaseok Ra\u0161nik<\/p>\n<p><strong><a href=\"https:\/\/goo.gl\/maps\/GFWzfUZxc51ogxip8\"><img loading=\"lazy\" decoding=\"async\" class=\"alignright wp-image-7238\" src=\"https:\/\/www.topohvar.at\/wp-content\/uploads\/2018\/08\/1792.jpg\" alt=\"\" width=\"134\" height=\"100\" \/><\/a>Lokalna polo\u017eaj \/ Position<br \/>\n<\/strong><span style=\"color: #3366ff;\"><a style=\"color: #3366ff;\" href=\"https:\/\/goo.gl\/maps\/GFWzfUZxc51ogxip8\">Latitude: N 43,18649\u00b0\u00a0 \u00a0 Longitude: E 16,64319\u00b0\u00a0<\/a><\/span><strong><br \/>\n<\/strong>Visina \/ H\u00f6he: 27 m<\/p>\n<p><strong>Zemlji\u0161te \/ Grundst\u00fccke<br \/>\n<\/strong>20\/1, 20\/3<div class='content-column one_half'><div style=\"padding-right:6px;\"><p><strong>Datum snimanja \/ Erfassungsdatum<br \/>\n<\/strong>28.05.2018 10:24:06<\/p>\n<hr \/>\n<p><strong>Informacije<\/strong><\/p>\n<p>Trim u \u0161umi podru\u010dja Ra\u0161nik je prili\u010dno obrastao i ve\u0107 o\u0161te\u0107en na svojoj lijevoj strani.<\/p><\/div><\/div><div class='content-column one_half last_column'><div style=\"padding-right:0px;padding-left:6px;\"><p><strong>Za\u0161titni polo\u017eaj \/ Schutzstellung<br \/>\n<\/strong>&#8211;<\/p>\n<hr \/>\n<p><strong>Info<\/strong><\/p>\n<p>Der Trim Im Wald der Gegend\u00a0Ra\u0161nik ist ziemlich verwachsen und an seiner linken Seite schon besch\u00e4digt.<\/p><\/div><\/div><div class='clear_column'><\/div><div class='content-column one_half'><div style=\"padding-right:6px;\"><p>Dana 02.05.2019 trim je posje\u0107en i prona\u0111en je sljede\u0107i<\/p>\n<p>Lokacija: \u0161uma<br \/>\nPodzemlje: ravan<br \/>\nSklop: izoliran<br \/>\nUpotreba: ne koristi<br \/>\nStanje izgradnje: mali dijelovi su se sru\u0161ili<br \/>\nBroj prstenova trima: jedan prsten<br \/>\nDodatni kameni prsten: nema kamenog prstena<br \/>\nStepeni\u0161te: nema stepenica<br \/>\nOblik kamena: plosnat<br \/>\nPodru\u010dje ispred ulaza: kamena<br \/>\nVrata na stranicu: Z (260\u00b0)<br \/>\nPromjer trima (cm): 400<br \/>\nVisina trima (cm): 250<br \/>\nVisina prstena (cm): 135<br \/>\nDebljina zida (cm): 80<br \/>\n\u0160irina vrata (cm): 85<br \/>\nVisina vrata (cm): 100<br \/>\n\u0160irina unutra (cm): 230 &#8211; 240<br \/>\nVisina unutra (cm): 210<br \/>\nVolumen iznutra (m3): 6,07<br \/>\nNema ni\u0161e<\/p><\/div><\/div><div class='content-column one_half last_column'><div style=\"padding-right:0px;padding-left:6px;\"><p>Am 02.05.2019 wurde der Trim besucht und untersucht<\/p>\n<p>Standort: Wald<br \/>\nUntergrund: eben<br \/>\nVerbunden mit: freistehend<br \/>\nNutzung: ungenutzt<br \/>\nZustand: kleine Teile abgest\u00fcrzt<br \/>\nRinge\/Stufen des Trim: einstufig<br \/>\nZus\u00e4tzlicher Steinring: kein Steinring<br \/>\nStiege: keine Stufen<br \/>\nSteinform: plattig<br \/>\nEingangsbereich: Steine<br \/>\nEingangsseite: W (260\u00b0)<br \/>\nTrimdurchmesser (cm): 400<br \/>\nTrimh\u00f6he (cm): 250<br \/>\nStufen\/Ringh\u00f6he (cm): 135<br \/>\nWandst\u00e4rke: 80<br \/>\nT\u00fcrbreite (cm): 85<br \/>\nT\u00fcrh\u00f6he (cm): 100<br \/>\nInnenraumbreite (cm): 230 &#8211; 240<br \/>\nInnenraumh\u00f6he (cm): 210<br \/>\nRaumvolumen (m3): 6,07<br \/>\nKeine Nische<\/p><\/div><\/div><div class='clear_column'><\/div><\/p>\n<p><img loading=\"lazy\" decoding=\"async\" class=\"aligncenter size-full wp-image-23185\" src=\"https:\/\/www.topohvar.at\/wp-content\/uploads\/2019\/07\/vj-tr-36-sca.jpg\" alt=\"\" width=\"640\" height=\"969\" srcset=\"https:\/\/www.topohvar.at\/wp-content\/uploads\/2019\/07\/vj-tr-36-sca.jpg 640w, https:\/\/www.topohvar.at\/wp-content\/uploads\/2019\/07\/vj-tr-36-sca-198x300.jpg 198w\" sizes=\"auto, (max-width: 640px) 100vw, 640px\" \/><\/p>\n<p style=\"text-align: right;\"><a href=\"#seite_oben\">gore \/ Seitenanfang<\/a><\/p>\n<hr \/>\n<p><strong>Linkovi \/ Links<\/strong><\/p>\n<p><span style=\"color: #3366ff;\"><a style=\"color: #3366ff;\" href=\"https:\/\/www.topohvar.at\/orte\/vj\/vj-aa-03-1\/\">Sekundarno naselje \/ Sekund\u00e4rsiedlung \u00bbRa\u0161nik\u00ab<\/a><\/span><\/p>\n","protected":false},"excerpt":{"rendered":"<p>Ime \/ Name Trim \u00bbVJ-TR-36\u00ab Code: VJ-TR-36\u00a0 \u00a0 \u00a0 \u00a0 \u00a0 \u00a0 \u00a0 \u00a0\u00a0 \u00a0 \u00a0 \u00a0 \u00a0 \u00a0 \u00a0 \u00a0 \u00a0 \u00a0 \u00a0\u00a0 Adresa \/ Adresse Vrbanj,\u00a0Polje, biv\u0161i zaseok Ra\u0161nik Lokalna polo\u017eaj \/ Position Latitude: N 43,18649\u00b0\u00a0 \u00a0 Longitude: &hellip; <a href=\"https:\/\/www.topohvar.at\/topo\/orte\/vj\/vj-tr-36-1\/\">Weiterlesen <span class=\"meta-nav\">&rarr;<\/span><\/a><\/p>\n","protected":false},"author":1,"featured_media":0,"parent":111,"menu_order":0,"comment_status":"closed","ping_status":"closed","template":"","meta":{"footnotes":""},"class_list":["post-6852","page","type-page","status-publish","hentry"],"_links":{"self":[{"href":"https:\/\/www.topohvar.at\/topo\/wp-json\/wp\/v2\/pages\/6852","targetHints":{"allow":["GET"]}}],"collection":[{"href":"https:\/\/www.topohvar.at\/topo\/wp-json\/wp\/v2\/pages"}],"about":[{"href":"https:\/\/www.topohvar.at\/topo\/wp-json\/wp\/v2\/types\/page"}],"author":[{"embeddable":true,"href":"https:\/\/www.topohvar.at\/topo\/wp-json\/wp\/v2\/users\/1"}],"replies":[{"embeddable":true,"href":"https:\/\/www.topohvar.at\/topo\/wp-json\/wp\/v2\/comments?post=6852"}],"version-history":[{"count":13,"href":"https:\/\/www.topohvar.at\/topo\/wp-json\/wp\/v2\/pages\/6852\/revisions"}],"predecessor-version":[{"id":45276,"href":"https:\/\/www.topohvar.at\/topo\/wp-json\/wp\/v2\/pages\/6852\/revisions\/45276"}],"up":[{"embeddable":true,"href":"https:\/\/www.topohvar.at\/topo\/wp-json\/wp\/v2\/pages\/111"}],"wp:attachment":[{"href":"https:\/\/www.topohvar.at\/topo\/wp-json\/wp\/v2\/media?parent=6852"}],"curies":[{"name":"wp","href":"https:\/\/api.w.org\/{rel}","templated":true}]}}