{"id":6854,"date":"2018-08-21T16:55:48","date_gmt":"2018-08-21T14:55:48","guid":{"rendered":"https:\/\/www.topohvar.at\/?page_id=6854"},"modified":"2020-11-21T20:04:03","modified_gmt":"2020-11-21T19:04:03","slug":"vj-tr-37-1","status":"publish","type":"page","link":"https:\/\/www.topohvar.at\/topo\/orte\/vj\/vj-tr-37-1\/","title":{"rendered":"VRBANJ &#8211; Trim \u00bbVJ-TR-37\u00ab"},"content":{"rendered":"<p><a name=\"seite_oben\"><\/a><br \/>\n<strong><img loading=\"lazy\" decoding=\"async\" class=\"alignnone wp-image-22480 size-large\" src=\"https:\/\/www.topohvar.at\/wp-content\/uploads\/2019\/05\/vj-tr-37-12-1024x503.jpg\" alt=\"\" width=\"640\" height=\"314\" srcset=\"https:\/\/www.topohvar.at\/wp-content\/uploads\/2019\/05\/vj-tr-37-12-1024x503.jpg 1024w, https:\/\/www.topohvar.at\/wp-content\/uploads\/2019\/05\/vj-tr-37-12-300x147.jpg 300w, https:\/\/www.topohvar.at\/wp-content\/uploads\/2019\/05\/vj-tr-37-12-768x377.jpg 768w, https:\/\/www.topohvar.at\/wp-content\/uploads\/2019\/05\/vj-tr-37-12.jpg 1080w\" sizes=\"auto, (max-width: 640px) 100vw, 640px\" \/><\/strong><\/p>\n<p><strong>Ime \/ Name<br \/>\n<\/strong>Trim \u00bbVJ-TR-37\u00ab<\/p>\n<p><strong>Code: <\/strong>VJ-TR-37\u00a0 \u00a0 \u00a0 \u00a0 \u00a0 \u00a0 \u00a0 \u00a0 \u00a0 \u00a0 \u00a0 \u00a0 \u00a0<strong>\u00a0 \u00a0 \u00a0 \u00a0 <a href=\"https:\/\/www.topohvar.at\/orte\/vj\/vj-tr-00-1\/\"><img loading=\"lazy\" decoding=\"async\" class=\"alignnone wp-image-12300 size-full\" src=\"https:\/\/www.topohvar.at\/wp-content\/uploads\/2018\/09\/push-vor-30.jpg\" alt=\"\" width=\"61\" height=\"30\" \/><\/a> <a href=\"https:\/\/www.topohvar.at\/orte\/vj\/vj-tr-36-1\/\"><img loading=\"lazy\" decoding=\"async\" class=\"alignnone wp-image-533 size-full\" src=\"https:\/\/www.topohvar.at\/wp-content\/uploads\/2018\/07\/push-l-30.jpg\" alt=\"\" width=\"61\" height=\"30\" \/><\/a>\u00a0<a href=\"https:\/\/www.topohvar.at\/orte\/vj\/\"><img loading=\"lazy\" decoding=\"async\" class=\"alignnone wp-image-535 size-full\" src=\"https:\/\/www.topohvar.at\/wp-content\/uploads\/2018\/07\/push-o-30.jpg\" alt=\"\" width=\"61\" height=\"30\" \/><\/a>\u00a0<a href=\"https:\/\/www.topohvar.at\/orte\/vj\/vj-tr-38-1\/\"><img loading=\"lazy\" decoding=\"async\" class=\"alignnone wp-image-536 size-full\" src=\"https:\/\/www.topohvar.at\/wp-content\/uploads\/2018\/07\/push-r-30.jpg\" alt=\"\" width=\"61\" height=\"30\" \/><\/a><\/strong><\/p>\n<hr \/>\n<p><strong>Adresa \/ Adresse<br \/>\n<\/strong>Vrbanj,\u00a0Polje, biv\u0161i zaseok Ra\u0161nik<\/p>\n<p><strong>Lokalna polo\u017eaj \/ Position<a href=\"https:\/\/goo.gl\/maps\/PaxYGbDBLGjFcJpx5\"><img loading=\"lazy\" decoding=\"async\" class=\"alignright wp-image-7241\" src=\"https:\/\/www.topohvar.at\/wp-content\/uploads\/2018\/08\/1793.jpg\" alt=\"\" width=\"134\" height=\"100\" \/><\/a><br \/>\n<\/strong><span style=\"color: #3366ff;\"><a style=\"color: #3366ff;\" href=\"https:\/\/goo.gl\/maps\/PaxYGbDBLGjFcJpx5\">Latitude: N 43,18759\u00b0\u00a0 \u00a0 Longitude: E 16,64273\u00b0\u00a0<\/a><\/span><strong><br \/>\n<\/strong>Visina \/ H\u00f6he: 29 m<\/p>\n<p><strong>Zemlji\u0161te \/ Grundst\u00fccke<br \/>\n<\/strong>11<div class='content-column one_half'><div style=\"padding-right:6px;\"><p><strong>Datum snimanja \/ Erfassungsdatum<br \/>\n<\/strong>28.05.2018 10:33:42<\/p>\n<hr \/>\n<p><strong>Informacije<\/strong><\/p>\n<p>Trim je izgra\u0111en u konglomeratu poljoprivrednih zgrada, cisterni i rezervoara za vodu. Na njegovom pro\u010delju grani\u010di je zidom s otvor vrata. S desne strane je mala kamena ku\u0107a, koja je spojena zidom s trimom.<\/p><\/div><\/div><div class='content-column one_half last_column'><div style=\"padding-right:0px;padding-left:6px;\"><p><strong>Za\u0161titni polo\u017eaj \/ Schutzstellung<br \/>\n<\/strong>&#8211;<\/p>\n<hr \/>\n<p><strong>Info<\/strong><\/p>\n<p>Der Trim ist in einem Konglomerat landwirtschaftlicher Bauten, Zisternen und Wassersammelbecken errichtet. An seine Vorderseite grenzt eine Mauer mit T\u00fcr\u00f6ffnung. Rechts steht ein kleines Steinhaus, das mit einer Mauer mit dem Trim verbunden ist.<\/p><\/div><\/div><div class='clear_column'><\/div><div class='content-column one_half'><div style=\"padding-right:6px;\"><div id=\"attachment_23188\" style=\"width: 310px\" class=\"wp-caption aligncenter\"><img loading=\"lazy\" decoding=\"async\" aria-describedby=\"caption-attachment-23188\" class=\"size-medium wp-image-23188\" src=\"https:\/\/www.topohvar.at\/wp-content\/uploads\/2019\/07\/vj-tr-37-11-300x300.jpg\" alt=\"\" width=\"300\" height=\"300\" srcset=\"https:\/\/www.topohvar.at\/wp-content\/uploads\/2019\/07\/vj-tr-37-11-300x300.jpg 300w, https:\/\/www.topohvar.at\/wp-content\/uploads\/2019\/07\/vj-tr-37-11-150x150.jpg 150w, https:\/\/www.topohvar.at\/wp-content\/uploads\/2019\/07\/vj-tr-37-11.jpg 450w\" sizes=\"auto, (max-width: 300px) 100vw, 300px\" \/><p id=\"caption-attachment-23188\" class=\"wp-caption-text\">Ulaz \/ Eingang<\/p><\/div>\n<p>Dana 02.05.2019 trim je posje\u0107en i prona\u0111en je sljede\u0107i<\/p>\n<p>Lokacija: poljoprivredni sklop<br \/>\nPodzemlje: kamena gomila<br \/>\nSklop: zgrada , kameni zid<br \/>\nUpotreba: ne koristi<br \/>\nStanje izgradnje: dobro sa\u010duvan<br \/>\nBroj prstenova trima: dva prstena<br \/>\nDodatni kameni prsten: nema kamenog prstena<br \/>\nStepeni\u0161te: nema stepenica<br \/>\nOblik kamena: uglast<br \/>\nPodru\u010dje ispred ulaza: lako dostupni<br \/>\nVrata na stranicu: J (200\u00b0)<br \/>\nPromjer trima (cm): 470<br \/>\nVisina trima (cm): 290<br \/>\nVisina prstena (cm): prsten 1: 180 , prsten 2: 240<br \/>\nDebljina zida (cm): 75<br \/>\n\u0160irina vrata (cm): 70<br \/>\nVisina vrata (cm): 125<br \/>\n\u0160irina unutra (cm): 320<br \/>\nVisina unutra (cm): 250<br \/>\nVolumen iznutra (m3): 13,68<br \/>\nNema ni\u0161e<\/p><\/div><\/div><div class='content-column one_half last_column'><div style=\"padding-right:0px;padding-left:6px;\"><div id=\"attachment_23189\" style=\"width: 310px\" class=\"wp-caption aligncenter\"><img loading=\"lazy\" decoding=\"async\" aria-describedby=\"caption-attachment-23189\" class=\"size-medium wp-image-23189\" src=\"https:\/\/www.topohvar.at\/wp-content\/uploads\/2019\/07\/vj-tr-37-17-300x300.jpg\" alt=\"\" width=\"300\" height=\"300\" srcset=\"https:\/\/www.topohvar.at\/wp-content\/uploads\/2019\/07\/vj-tr-37-17-300x300.jpg 300w, https:\/\/www.topohvar.at\/wp-content\/uploads\/2019\/07\/vj-tr-37-17-150x150.jpg 150w, https:\/\/www.topohvar.at\/wp-content\/uploads\/2019\/07\/vj-tr-37-17.jpg 450w\" sizes=\"auto, (max-width: 300px) 100vw, 300px\" \/><p id=\"caption-attachment-23189\" class=\"wp-caption-text\">Pogled na sjeveroistok \/ Blick nach Nordosten<\/p><\/div>\n<p>Am 02.05.2019 wurde der Trim besucht und untersucht<\/p>\n<p>Standort: landwirtsch. Gemenge<br \/>\nUntergrund: Steinhaufen<br \/>\nVerbunden mit: Geb\u00e4ude , Steinmauer<br \/>\nNutzung: ungenutzt<br \/>\nZustand: gut erhalten<br \/>\nRinge\/Stufen des Trim: zweistufig<br \/>\nZus\u00e4tzlicher Steinring: kein Steinring<br \/>\nStiege: keine Stufen<br \/>\nSteinform: kantig<br \/>\nEingangsbereich: frei<br \/>\nEingangsseite: S (200\u00b0)<br \/>\nTrimdurchmesser (cm): 470<br \/>\nTrimh\u00f6he (cm): 290<br \/>\nStufen\/Ringh\u00f6he (cm): Ring 1: 180 , Ring 2: 240<br \/>\nWandst\u00e4rke: 75<br \/>\nT\u00fcrbreite (cm): 70<br \/>\nT\u00fcrh\u00f6he (cm): 125<br \/>\nInnenraumbreite (cm): 320<br \/>\nInnenraumh\u00f6he (cm): 250<br \/>\nRaumvolumen (m3): 13,68<br \/>\nKeine Nische<\/p><\/div><\/div><div class='clear_column'><\/div><\/p>\n<p><img loading=\"lazy\" decoding=\"async\" class=\"aligncenter size-full wp-image-23190\" src=\"https:\/\/www.topohvar.at\/wp-content\/uploads\/2019\/07\/vj-tr-37-sca.jpg\" alt=\"\" width=\"640\" height=\"975\" srcset=\"https:\/\/www.topohvar.at\/wp-content\/uploads\/2019\/07\/vj-tr-37-sca.jpg 640w, https:\/\/www.topohvar.at\/wp-content\/uploads\/2019\/07\/vj-tr-37-sca-197x300.jpg 197w\" sizes=\"auto, (max-width: 640px) 100vw, 640px\" \/><\/p>\n<p style=\"text-align: right;\"><a href=\"#seite_oben\">gore \/ Seitenanfang<\/a><\/p>\n<hr \/>\n<p><strong>Linkovi \/ Links<\/strong><\/p>\n<p><span style=\"color: #3366ff;\"><a style=\"color: #3366ff;\" href=\"https:\/\/www.topohvar.at\/orte\/vj\/vj-aa-03-1\/\">Sekundarno naselje \/ Sekund\u00e4rsiedlung \u00bbRa\u0161nik\u00ab<\/a><\/span><\/p>\n","protected":false},"excerpt":{"rendered":"<p>Ime \/ Name Trim \u00bbVJ-TR-37\u00ab Code: VJ-TR-37\u00a0 \u00a0 \u00a0 \u00a0 \u00a0 \u00a0 \u00a0 \u00a0 \u00a0 \u00a0 \u00a0 \u00a0 \u00a0\u00a0 \u00a0 \u00a0 \u00a0 \u00a0\u00a0 Adresa \/ Adresse Vrbanj,\u00a0Polje, biv\u0161i zaseok Ra\u0161nik Lokalna polo\u017eaj \/ Position Latitude: N 43,18759\u00b0\u00a0 \u00a0 Longitude: E &hellip; <a href=\"https:\/\/www.topohvar.at\/topo\/orte\/vj\/vj-tr-37-1\/\">Weiterlesen <span class=\"meta-nav\">&rarr;<\/span><\/a><\/p>\n","protected":false},"author":1,"featured_media":0,"parent":111,"menu_order":0,"comment_status":"closed","ping_status":"closed","template":"","meta":{"footnotes":""},"class_list":["post-6854","page","type-page","status-publish","hentry"],"_links":{"self":[{"href":"https:\/\/www.topohvar.at\/topo\/wp-json\/wp\/v2\/pages\/6854","targetHints":{"allow":["GET"]}}],"collection":[{"href":"https:\/\/www.topohvar.at\/topo\/wp-json\/wp\/v2\/pages"}],"about":[{"href":"https:\/\/www.topohvar.at\/topo\/wp-json\/wp\/v2\/types\/page"}],"author":[{"embeddable":true,"href":"https:\/\/www.topohvar.at\/topo\/wp-json\/wp\/v2\/users\/1"}],"replies":[{"embeddable":true,"href":"https:\/\/www.topohvar.at\/topo\/wp-json\/wp\/v2\/comments?post=6854"}],"version-history":[{"count":11,"href":"https:\/\/www.topohvar.at\/topo\/wp-json\/wp\/v2\/pages\/6854\/revisions"}],"predecessor-version":[{"id":45277,"href":"https:\/\/www.topohvar.at\/topo\/wp-json\/wp\/v2\/pages\/6854\/revisions\/45277"}],"up":[{"embeddable":true,"href":"https:\/\/www.topohvar.at\/topo\/wp-json\/wp\/v2\/pages\/111"}],"wp:attachment":[{"href":"https:\/\/www.topohvar.at\/topo\/wp-json\/wp\/v2\/media?parent=6854"}],"curies":[{"name":"wp","href":"https:\/\/api.w.org\/{rel}","templated":true}]}}