{"id":68574,"date":"2024-06-12T07:35:38","date_gmt":"2024-06-12T05:35:38","guid":{"rendered":"https:\/\/www.topohvar.at\/topo\/?page_id=68574"},"modified":"2024-06-14T18:20:29","modified_gmt":"2024-06-14T16:20:29","slug":"gm-op-00-0","status":"publish","type":"page","link":"https:\/\/www.topohvar.at\/topo\/orte\/gm\/gm-op-00-0\/","title":{"rendered":"MALO GRABLJE &#8211; Bunari, cisterne i to\u010dke za vodu &#8211; detaljno"},"content":{"rendered":"<p style=\"text-align: center;\"><a name=\"seite_oben\"><\/a><a href=\"https:\/\/www.topohvar.at\/wp-content\/uploads\/2024\/06\/gm-op-00-2024-06.jpg\"><img loading=\"lazy\" decoding=\"async\" class=\"alignnone wp-image-68758 size-full\" src=\"https:\/\/www.topohvar.at\/wp-content\/uploads\/2024\/06\/gm-op-00-2024-06.jpg\" alt=\"\" width=\"1397\" height=\"1220\" srcset=\"https:\/\/www.topohvar.at\/wp-content\/uploads\/2024\/06\/gm-op-00-2024-06.jpg 1397w, https:\/\/www.topohvar.at\/wp-content\/uploads\/2024\/06\/gm-op-00-2024-06-300x262.jpg 300w, https:\/\/www.topohvar.at\/wp-content\/uploads\/2024\/06\/gm-op-00-2024-06-1024x894.jpg 1024w, https:\/\/www.topohvar.at\/wp-content\/uploads\/2024\/06\/gm-op-00-2024-06-768x671.jpg 768w\" sizes=\"auto, (max-width: 1397px) 100vw, 1397px\" \/><\/a><br \/>\n<span style=\"color: #3366ff;\"><a style=\"color: #3366ff;\" href=\"https:\/\/www.topohvar.at\/wp-content\/uploads\/2024\/06\/gm-op-00-2024-06.jpg\">Pove\u0107aj sliku \u2013 klikni! \/ Bild vergr\u00f6\u00dfern \u2013 klicken!<\/a><\/span><\/p>\n<p><strong>Ime \/ Name<br \/>\n<\/strong>Bunari, cisterne i to\u010dke za vodu &#8211; detaljno<\/p>\n<p><strong>Code: <\/strong>GM-OP-01\/07\u00a0 \u00a0 \u00a0 \u00a0 \u00a0 \u00a0 \u00a0 \u00a0 \u00a0 \u00a0 \u00a0 \u00a0 \u00a0 \u00a0 \u00a0 \u00a0 \u00a0 \u00a0 <strong><a href=\"https:\/\/www.topohvar.at\/orte\/gm\/gm-op-00-1\/\"><img loading=\"lazy\" decoding=\"async\" class=\"alignnone wp-image-533 size-full\" src=\"https:\/\/www.topohvar.at\/wp-content\/uploads\/2018\/07\/push-l-30.jpg\" alt=\"\" width=\"61\" height=\"30\" \/><\/a> <a href=\"https:\/\/www.topohvar.at\/orte\/gm\/\"><img loading=\"lazy\" decoding=\"async\" class=\"alignnone wp-image-535 size-full\" src=\"https:\/\/www.topohvar.at\/wp-content\/uploads\/2018\/07\/push-o-30.jpg\" alt=\"\" width=\"61\" height=\"30\" \/><\/a> <\/strong><\/p>\n<hr \/>\n<div class='content-column one_half'><div style=\"padding-right:6px;\"><p><strong>Informacije<\/strong><\/p>\n<p>Na podru\u010dju Malog Grablja nalaze se brojni bunari, cisterne i lokve.<\/p><\/div><\/div><div class='content-column one_half last_column'><div style=\"padding-right:0px;padding-left:6px;\"><p><strong>Info<\/strong><\/p>\n<p>Im Gebiet Malo Grablje befinden sich zahlreiche Brunnen, Zisternen und Wasserstellen.<\/p><\/div><\/div><div class='clear_column'><\/div><\/p>\n<hr \/>\n<p><strong>Pojedina\u010dni objekti od \/ die einzelnen Objekte<\/strong><\/p>\n<p><strong>GM-OP-<br \/>\n<\/strong><span style=\"color: #ff0000;\"><span style=\"color: #000000;\"><a style=\"color: #000000;\" href=\"#op-01\">01<\/a>\u00a0<\/span> 02\u00a0 03\u00a0 04 05 \u00a006\u00a0 07\u00a0<\/span><a name=\"op-01\"><\/a><\/p>\n<hr \/>\n<h3><span style=\"color: #000000;\"><strong>Ime \/ Name<br \/>\n<\/strong>Objekt \u00bbGustirna \u2013 pjover\u00ab \/ Zisterne &#8211; Wassersammler<br \/>\n<\/span><\/h3>\n<p><strong><img loading=\"lazy\" decoding=\"async\" class=\"alignnone wp-image-9505 size-large\" src=\"https:\/\/www.topohvar.at\/wp-content\/uploads\/2018\/09\/gm-op-01-0-1024x503.jpg\" alt=\"\" width=\"640\" height=\"314\" srcset=\"https:\/\/www.topohvar.at\/wp-content\/uploads\/2018\/09\/gm-op-01-0-1024x503.jpg 1024w, https:\/\/www.topohvar.at\/wp-content\/uploads\/2018\/09\/gm-op-01-0-300x147.jpg 300w, https:\/\/www.topohvar.at\/wp-content\/uploads\/2018\/09\/gm-op-01-0-768x377.jpg 768w, https:\/\/www.topohvar.at\/wp-content\/uploads\/2018\/09\/gm-op-01-0.jpg 1080w\" sizes=\"auto, (max-width: 640px) 100vw, 640px\" \/><\/strong><\/p>\n<p><strong>Code: <\/strong>GM-OP-01<\/p>\n<p><strong>Adresa \/ Adresse<br \/>\n<\/strong>Malo Grablje<\/p>\n<p><strong>Lokacija \/ Position<a href=\"https:\/\/goo.gl\/maps\/RKoHNcQCPYi3P9PA8\"><img loading=\"lazy\" decoding=\"async\" class=\"alignright wp-image-9568\" src=\"https:\/\/www.topohvar.at\/wp-content\/uploads\/2018\/09\/1248.jpg\" alt=\"\" width=\"134\" height=\"100\" \/><\/a><br \/>\n<\/strong><span style=\"color: #3366ff;\"><a style=\"color: #3366ff;\" href=\"https:\/\/goo.gl\/maps\/RKoHNcQCPYi3P9PA8\">Latitude: N 43,16905\u00b0\u00a0 \u00a0 Longitude: E 16,50334\u00b0\u00a0<\/a><\/span><strong><br \/>\n<\/strong>Visina \/ H\u00f6he: 131 m<\/p>\n<p><strong>Katastarska \u010destica <\/strong><strong>\/ Grundst\u00fccke: <\/strong>554<br \/>\n<strong>Datum snimanja \/ Erfassungsdatum: <\/strong>24.09.2016 11:24:04<\/p>\n<div class='content-column one_half'><div style=\"padding-right:6px;\"><p><strong>Informacije<\/strong><\/p>\n<p>Uz stambeno \u2013 gospodarske ku\u0107e i u vrtovima izgra\u0111ene su brojne gustirne.<\/p><\/div><\/div><div class='content-column one_half last_column'><div style=\"padding-right:0px;padding-left:6px;\"><p><strong>Info<\/strong><\/p>\n<p>Bei Wohn- und Wirtschaftsgeb\u00e4uden sowie G\u00e4rten wurden zahlreiche Wassertanks gebaut.<\/p><\/div><\/div><div class='clear_column'><\/div><div class='content-column one_half'><div style=\"padding-right:6px;\"><p>Krajem 19. st. Izgra\u0111ena je seoska gustirna s velikom betoniranom naplavnom plohom bunera (pjovera) koja je obra\u0111ena cementnim mortom i ogra\u0111ena parapetnim zidom na prirodnoj kosini. Kruna gustirne obra\u0111ena je lomljenim kamenom te zidanim vapnenim mortom sa crljenicom. Djelomi\u010dno je ukopana i svo\u0111ena zidanom konstrukcijom i jo\u0161 uvijek u uporabi.<\/p><\/div><\/div><div class='content-column one_half last_column'><div style=\"padding-right:0px;padding-left:6px;\"><p>Ende des 19. Jh. wurde dieser Wasserbeh\u00e4lter auf einem nat\u00fcrlichen Hang errichtet. Er hat ein gro\u00dfes gepflastertes und mit Zementm\u00f6rtel verputztes Auffangbecken (Pjojer) und ist von einer Br\u00fcstung umgeben. Die Zisternenkrone besteht aus Bruchsteinmauerwerk das mit Kalkm\u00f6rtel verputzt ist. Der Tankraum ist teilweise unterirdisch, gew\u00f6lbt und ist heute noch in Verwendung.<\/p><\/div><\/div><div class='clear_column'><\/div><div class='content-column one_half'><div style=\"padding-right:6px;\"><p><img loading=\"lazy\" decoding=\"async\" class=\"aligncenter size-medium wp-image-36897\" src=\"https:\/\/www.topohvar.at\/wp-content\/uploads\/2020\/05\/gm-op-01-5-300x300.jpg\" alt=\"\" width=\"300\" height=\"300\" srcset=\"https:\/\/www.topohvar.at\/wp-content\/uploads\/2020\/05\/gm-op-01-5-300x300.jpg 300w, https:\/\/www.topohvar.at\/wp-content\/uploads\/2020\/05\/gm-op-01-5-150x150.jpg 150w, https:\/\/www.topohvar.at\/wp-content\/uploads\/2020\/05\/gm-op-01-5.jpg 450w\" sizes=\"auto, (max-width: 300px) 100vw, 300px\" \/><\/p><\/div><\/div><div class='content-column one_half last_column'><div style=\"padding-right:0px;padding-left:6px;\"><p><img loading=\"lazy\" decoding=\"async\" class=\"aligncenter size-medium wp-image-36898\" src=\"https:\/\/www.topohvar.at\/wp-content\/uploads\/2020\/05\/gm-op-01-6-300x300.jpg\" alt=\"\" width=\"300\" height=\"300\" srcset=\"https:\/\/www.topohvar.at\/wp-content\/uploads\/2020\/05\/gm-op-01-6-300x300.jpg 300w, https:\/\/www.topohvar.at\/wp-content\/uploads\/2020\/05\/gm-op-01-6-150x150.jpg 150w, https:\/\/www.topohvar.at\/wp-content\/uploads\/2020\/05\/gm-op-01-6.jpg 441w\" sizes=\"auto, (max-width: 300px) 100vw, 300px\" \/><\/p><\/div><\/div><div class='clear_column'><\/div><\/p>\n<hr \/>\n<div class='content-column one_half'><div style=\"padding-right:6px;\"><p>Daljnje cisterne na podru\u010dju Malog Grablja (ozna\u010dene plavom bojom)<\/p><\/div><\/div><div class='content-column one_half last_column'><div style=\"padding-right:0px;padding-left:6px;\"><p>Weitere Zisternen im Bereich der Ortschaft Malo Grablje (mit blauer Farbe gekennzeichnet)<\/p><\/div><\/div><div class='clear_column'><\/div><\/p>\n<p><img loading=\"lazy\" decoding=\"async\" class=\"alignnone size-full wp-image-40926\" src=\"https:\/\/www.topohvar.at\/wp-content\/uploads\/2020\/09\/gm-op-01-12.jpg\" alt=\"\" width=\"640\" height=\"620\" srcset=\"https:\/\/www.topohvar.at\/wp-content\/uploads\/2020\/09\/gm-op-01-12.jpg 640w, https:\/\/www.topohvar.at\/wp-content\/uploads\/2020\/09\/gm-op-01-12-300x291.jpg 300w\" sizes=\"auto, (max-width: 640px) 100vw, 640px\" \/><\/p>\n<p style=\"text-align: center;\">Izvor \/ Quelle: Sanja Buble, Anita Gamulin &#8211; Prostorne planiranje u ruralnim cjelinama<\/p>\n<p style=\"text-align: right;\"><span style=\"color: #3366ff;\"><a name=\"op-02\"><\/a><a style=\"color: #3366ff;\" href=\"#seite_oben\">natrag na vrh \/ Seitenanfang<\/a><\/span><\/p>\n<hr \/>\n<h3><strong>Linkovi \/ Links<\/strong><\/h3>\n<p><span style=\"color: #3366ff;\">\u00a0<\/span><\/p>\n","protected":false},"excerpt":{"rendered":"<p>Pove\u0107aj sliku \u2013 klikni! \/ Bild vergr\u00f6\u00dfern \u2013 klicken! Ime \/ Name Bunari, cisterne i to\u010dke za vodu &#8211; detaljno Code: GM-OP-01\/07\u00a0 \u00a0 \u00a0 \u00a0 \u00a0 \u00a0 \u00a0 \u00a0 \u00a0 \u00a0 \u00a0 \u00a0 \u00a0 \u00a0 \u00a0 \u00a0 \u00a0 \u00a0 Pojedina\u010dni &hellip; <a href=\"https:\/\/www.topohvar.at\/topo\/orte\/gm\/gm-op-00-0\/\">Weiterlesen <span class=\"meta-nav\">&rarr;<\/span><\/a><\/p>\n","protected":false},"author":1,"featured_media":0,"parent":74,"menu_order":0,"comment_status":"closed","ping_status":"closed","template":"","meta":{"footnotes":""},"class_list":["post-68574","page","type-page","status-publish","hentry"],"_links":{"self":[{"href":"https:\/\/www.topohvar.at\/topo\/wp-json\/wp\/v2\/pages\/68574","targetHints":{"allow":["GET"]}}],"collection":[{"href":"https:\/\/www.topohvar.at\/topo\/wp-json\/wp\/v2\/pages"}],"about":[{"href":"https:\/\/www.topohvar.at\/topo\/wp-json\/wp\/v2\/types\/page"}],"author":[{"embeddable":true,"href":"https:\/\/www.topohvar.at\/topo\/wp-json\/wp\/v2\/users\/1"}],"replies":[{"embeddable":true,"href":"https:\/\/www.topohvar.at\/topo\/wp-json\/wp\/v2\/comments?post=68574"}],"version-history":[{"count":9,"href":"https:\/\/www.topohvar.at\/topo\/wp-json\/wp\/v2\/pages\/68574\/revisions"}],"predecessor-version":[{"id":68759,"href":"https:\/\/www.topohvar.at\/topo\/wp-json\/wp\/v2\/pages\/68574\/revisions\/68759"}],"up":[{"embeddable":true,"href":"https:\/\/www.topohvar.at\/topo\/wp-json\/wp\/v2\/pages\/74"}],"wp:attachment":[{"href":"https:\/\/www.topohvar.at\/topo\/wp-json\/wp\/v2\/media?parent=68574"}],"curies":[{"name":"wp","href":"https:\/\/api.w.org\/{rel}","templated":true}]}}