{"id":68845,"date":"2024-06-16T09:27:05","date_gmt":"2024-06-16T07:27:05","guid":{"rendered":"https:\/\/www.topohvar.at\/topo\/?page_id=68845"},"modified":"2024-06-16T10:00:20","modified_gmt":"2024-06-16T08:00:20","slug":"zr-op-00-0","status":"publish","type":"page","link":"https:\/\/www.topohvar.at\/topo\/orte\/zr\/zr-op-00-0\/","title":{"rendered":"ZARA\u0106E \u2013 Bunari, cisterne i to\u010dke za vodu &#8211; detaljno"},"content":{"rendered":"<p style=\"text-align: center;\"><a name=\"seite_oben\"><\/a><a href=\"https:\/\/www.topohvar.at\/wp-content\/uploads\/2024\/06\/zr-op-00-2024-06.jpg\"><img loading=\"lazy\" decoding=\"async\" class=\"alignnone wp-image-68859 size-full\" src=\"https:\/\/www.topohvar.at\/wp-content\/uploads\/2024\/06\/zr-op-00-2024-06.jpg\" alt=\"\" width=\"1721\" height=\"1075\" srcset=\"https:\/\/www.topohvar.at\/wp-content\/uploads\/2024\/06\/zr-op-00-2024-06.jpg 1721w, https:\/\/www.topohvar.at\/wp-content\/uploads\/2024\/06\/zr-op-00-2024-06-300x187.jpg 300w, https:\/\/www.topohvar.at\/wp-content\/uploads\/2024\/06\/zr-op-00-2024-06-1024x640.jpg 1024w, https:\/\/www.topohvar.at\/wp-content\/uploads\/2024\/06\/zr-op-00-2024-06-768x480.jpg 768w, https:\/\/www.topohvar.at\/wp-content\/uploads\/2024\/06\/zr-op-00-2024-06-1536x959.jpg 1536w\" sizes=\"auto, (max-width: 1721px) 100vw, 1721px\" \/><\/a><br \/>\n<span style=\"color: #3366ff;\"><a style=\"color: #3366ff;\" href=\"https:\/\/www.topohvar.at\/wp-content\/uploads\/2024\/06\/zr-op-00-2024-06.jpg\">Pove\u0107aj sliku \u2013 klikni! \/ Bild vergr\u00f6\u00dfern \u2013 klicken!<\/a><\/span><\/p>\n<p><strong>Ime \/ Name<br \/>\n<\/strong>Bunari, cisterne i to\u010dke za vodu &#8211; detaljno<\/p>\n<p><strong>Code: <\/strong>ZR-OP-01\/04\u00a0 \u00a0 \u00a0 \u00a0 \u00a0 \u00a0 \u00a0 \u00a0 \u00a0 \u00a0 \u00a0 \u00a0 \u00a0 \u00a0 \u00a0 \u00a0 \u00a0 \u00a0 \u00a0<strong><a href=\"https:\/\/www.topohvar.at\/orte\/zr\/zr-op-00-1\/\"><img loading=\"lazy\" decoding=\"async\" class=\"alignnone wp-image-533 size-full\" src=\"https:\/\/www.topohvar.at\/wp-content\/uploads\/2018\/07\/push-l-30.jpg\" alt=\"\" width=\"61\" height=\"30\" \/><\/a> <a href=\"https:\/\/www.topohvar.at\/orte\/zr\/\"><img loading=\"lazy\" decoding=\"async\" class=\"alignnone wp-image-535 size-full\" src=\"https:\/\/www.topohvar.at\/wp-content\/uploads\/2018\/07\/push-o-30.jpg\" alt=\"\" width=\"61\" height=\"30\" \/><\/a> <\/strong><\/p>\n<hr \/>\n<div class='content-column one_half'><div style=\"padding-right:6px;\"><p><strong>Informacije<\/strong><\/p>\n<p>Na podru\u010dju Vrha nalaze se brojni bunari, cisterne i lokve.<\/p><\/div><\/div><div class='content-column one_half last_column'><div style=\"padding-right:0px;padding-left:6px;\"><p><strong>Info<\/strong><\/p>\n<p>Im Gebiet Vrh befinden sich zahlreiche Brunnen, Zisternen und Wasserstellen.<\/p><\/div><\/div><div class='clear_column'><\/div><\/p>\n<hr \/>\n<p><strong>Pojedina\u010dni objekti od \/ die einzelnen Objekte<\/strong><\/p>\n<p><strong>VH-OP-<br \/>\n<\/strong><span style=\"color: #ff0000;\"><span style=\"color: #000000;\"><a style=\"color: #000000;\" href=\"#op-01\">01<\/a>\u00a0 <span style=\"color: #ff0000;\">02\u00a0 03<\/span>\u00a0 <a style=\"color: #000000;\" href=\"#op-04\">04<\/a>\u00a0 <\/span><span style=\"color: #000000;\">\u00a0<\/span>\u00a0<\/span><a name=\"op-01\"><\/a><\/p>\n<hr \/>\n<h3><span style=\"color: #000000;\"><strong>Ime \/ Name<br \/>\n<\/strong>Objekt (01) \u00bbGustirna \u2013 pjover\u00ab \/ Zisterne und Sammelbecken<br \/>\n<\/span><\/h3>\n<p><strong><img loading=\"lazy\" decoding=\"async\" class=\"alignnone wp-image-12332 size-large\" src=\"https:\/\/www.topohvar.at\/wp-content\/uploads\/2018\/09\/ZR-OP-01-0-1024x503.jpg\" alt=\"\" width=\"640\" height=\"314\" srcset=\"https:\/\/www.topohvar.at\/wp-content\/uploads\/2018\/09\/ZR-OP-01-0-1024x503.jpg 1024w, https:\/\/www.topohvar.at\/wp-content\/uploads\/2018\/09\/ZR-OP-01-0-300x147.jpg 300w, https:\/\/www.topohvar.at\/wp-content\/uploads\/2018\/09\/ZR-OP-01-0-768x377.jpg 768w, https:\/\/www.topohvar.at\/wp-content\/uploads\/2018\/09\/ZR-OP-01-0.jpg 1080w\" sizes=\"auto, (max-width: 640px) 100vw, 640px\" \/><\/strong><\/p>\n<p><strong>Code: <\/strong>ZR-OP-01<\/p>\n<p><strong>Adresa \/ Adresse<br \/>\n<\/strong>Zara\u010de, pjover<\/p>\n<p><strong>Lokalna polo\u017eaj \/ Position<a href=\"https:\/\/goo.gl\/maps\/GtVBDPBQrNQiGERx5\"><img loading=\"lazy\" decoding=\"async\" class=\"alignright wp-image-12436\" src=\"https:\/\/www.topohvar.at\/wp-content\/uploads\/2018\/09\/0988.jpg\" alt=\"\" width=\"133\" height=\"100\" \/><\/a><br \/>\n<\/strong><span style=\"color: #3366ff;\"><a style=\"color: #3366ff;\" href=\"https:\/\/goo.gl\/maps\/GtVBDPBQrNQiGERx5\">Latitude: N 43,15414\u00b0\u00a0 \u00a0Longitude: E 16,51588\u00b0<\/a> <\/span><strong><br \/>\n<\/strong>Visina \/ H\u00f6he: 135 m<\/p>\n<p><strong>Katastarska \u010destica \/ Grundst\u00fccke:\u00a0<\/strong>1283, 1285\/1<br \/>\n<strong>Datum snimanja \/ Erfassungsdatum: <\/strong>23.10.2014 16:05:53<\/p>\n<div class='content-column one_half'><div style=\"padding-right:6px;\"><p><strong>Informacije<\/strong><\/p>\n<p>Sjeverno od naselja nalazi se terasa na kojoj je kruna gustirne koju koristi \u010ditavo nasalje, te se zu nju nalazi naplavna ploha koja sakuplja ki\u0161nicu za zajedni\u010dki komunalni bunar.<\/p><\/div><\/div><div class='content-column one_half last_column'><div style=\"padding-right:0px;padding-left:6px;\"><p><strong>Info<\/strong><\/p>\n<p>N\u00f6rdlich des Ortes befindet sich eine Terrasse, auf der sich der Brunnenkranz einer Wasserzisterne, die vom gesamten Ort genutzt wurde, befindet. Weiters befindet sich hier Auffangbecken, die das Regenwasser f\u00fcr den gemeinsamen kommunalen Brunnen sammelt.<\/p><\/div><\/div><div class='clear_column'><\/div><div class='content-column one_half'><div style=\"padding-right:6px;\"><p>Gustirna u Zara\u0107u sastoji se od dva dijela. Zidane krune gustirne kvadrati\u010dnog oblika koje postavljena na terasi i velike naplavne plohe koja skuplja ki\u0161nicu za bunar.<\/p><\/div><\/div><div class='content-column one_half last_column'><div style=\"padding-right:0px;padding-left:6px;\"><p>Das Sammelbecken in Zara\u0107e besteht aus zwei Teilen: aus dem Brunnenkranz des Wasserspeichers in quadratischer Form auf der Terrasse und der gro\u00dfen Fl\u00e4che, die das Regenwasser f\u00fcr den Brunnen sammelt.<\/p><\/div><\/div><div class='clear_column'><\/div><div class='content-column one_half'><div style=\"padding-right:6px;\"><p>Gustirna je sagre\u0111ena nakon 1871. godine. Naplavna ploha ima 100,13 metara u opsegu i povr\u0161inu od 728 m\u00b2, kruna bunara ima 30,76 m u opsegu i povr\u0161inu od 60 m\u00b2.<\/p><\/div><\/div><div class='content-column one_half last_column'><div style=\"padding-right:0px;padding-left:6px;\"><p>Das Sammelbecken wurde nach 1871 errichtet. Die Sammelfl\u00e4che hat 100,13 m Umfang und eine Fl\u00e4che von 728 m\u00b2, der Brunnenkranz hat 30,76 Umfang und eine Fl\u00e4che von 60 m\u00b2.<\/p><\/div><\/div><div class='clear_column'><\/div><\/p>\n<p style=\"text-align: right;\"><span style=\"color: #3366ff;\"><a name=\"op-04\"><\/a><a style=\"color: #3366ff;\" href=\"#seite_oben\">natrag na vrh \/ Seitenanfang<\/a><\/span><\/p>\n<hr \/>\n<h3><span style=\"color: #000000;\"><strong>Ime \/ Name<br \/>\n<\/strong>Objekt (04) \u00bbCisterna sa kamenom ku\u0107icom\u00ab \/ Zisterne mit Steinhaus<br \/>\n<\/span><\/h3>\n<p><strong><img loading=\"lazy\" decoding=\"async\" class=\"alignnone wp-image-64624 size-full\" src=\"https:\/\/www.topohvar.at\/wp-content\/uploads\/2023\/11\/zr-op-04-1.jpg\" alt=\"\" width=\"1080\" height=\"530\" srcset=\"https:\/\/www.topohvar.at\/wp-content\/uploads\/2023\/11\/zr-op-04-1.jpg 1080w, https:\/\/www.topohvar.at\/wp-content\/uploads\/2023\/11\/zr-op-04-1-300x147.jpg 300w, https:\/\/www.topohvar.at\/wp-content\/uploads\/2023\/11\/zr-op-04-1-1024x503.jpg 1024w, https:\/\/www.topohvar.at\/wp-content\/uploads\/2023\/11\/zr-op-04-1-768x377.jpg 768w\" sizes=\"auto, (max-width: 1080px) 100vw, 1080px\" \/><\/strong><\/p>\n<p><strong>Code: <\/strong>ZR-OP-04<\/p>\n<p><strong>Adresa \/ Adresse<br \/>\n<\/strong>Zara\u010de, izme\u0111u Velog Grablja i Zara\u0107a \/ zwischen Velo Grablje und Zara\u0107e<\/p>\n<p><strong>Lokalna polo\u017eaj \/ Position<a href=\"https:\/\/maps.app.goo.gl\/37BnEGVPiZDaA2Fd6\"><img loading=\"lazy\" decoding=\"async\" class=\"alignright wp-image-64627\" src=\"https:\/\/www.topohvar.at\/wp-content\/uploads\/2023\/11\/3941.jpg\" alt=\"\" width=\"134\" height=\"100\" \/><\/a><br \/>\n<\/strong><a href=\"https:\/\/maps.app.goo.gl\/37BnEGVPiZDaA2Fd6\"><span style=\"color: #3366ff;\">Latitude: N 43,16073\u00b0\u00a0 \u00a0Longitude: E 16,51611\u00b0 <\/span><\/a><strong><br \/>\n<\/strong>Visina \/ H\u00f6he: 271 m<\/p>\n<p><strong>Katastarska \u010destica \/ Grundst\u00fccke: <\/strong>2021\/8<br \/>\n<strong>Datum snimanja \/ Erfassungsdatum: <\/strong>05.10.2023 10:27:06<\/p>\n<div class='content-column one_half'><div style=\"padding-right:6px;\"><p><strong>Informacije<\/strong><\/p>\n<p>Gusterna se nalazi uz manju kamenu ku\u0107u u udolini izme\u0111u Velog Grablja i Zara\u0107a.<\/p><\/div><\/div><div class='content-column one_half last_column'><div style=\"padding-right:0px;padding-left:6px;\"><p><strong>Info<\/strong><\/p>\n<p>Die Zisterne befindet sich im Anschluss an ein kleines Steinhaus an einer talartigen Vertiefung zwischen Velo Grablje und Zara\u0107e.<\/p><\/div><\/div><div class='clear_column'><\/div><\/p>\n<p style=\"text-align: right;\"><span style=\"color: #3366ff;\"><a name=\"op-05\"><\/a><a style=\"color: #3366ff;\" href=\"#seite_oben\">natrag na vrh \/ Seitenanfang<\/a><\/span><\/p>\n<hr \/>\n<h3><strong>Linkovi \/ Links<br \/>\n<\/strong><\/h3>\n<h3>&#8211;<\/h3>\n","protected":false},"excerpt":{"rendered":"<p>Pove\u0107aj sliku \u2013 klikni! \/ Bild vergr\u00f6\u00dfern \u2013 klicken! Ime \/ Name Bunari, cisterne i to\u010dke za vodu &#8211; detaljno Code: ZR-OP-01\/04\u00a0 \u00a0 \u00a0 \u00a0 \u00a0 \u00a0 \u00a0 \u00a0 \u00a0 \u00a0 \u00a0 \u00a0 \u00a0 \u00a0 \u00a0 \u00a0 \u00a0 \u00a0 \u00a0 &hellip; <a href=\"https:\/\/www.topohvar.at\/topo\/orte\/zr\/zr-op-00-0\/\">Weiterlesen <span class=\"meta-nav\">&rarr;<\/span><\/a><\/p>\n","protected":false},"author":1,"featured_media":0,"parent":117,"menu_order":0,"comment_status":"closed","ping_status":"closed","template":"","meta":{"footnotes":""},"class_list":["post-68845","page","type-page","status-publish","hentry"],"_links":{"self":[{"href":"https:\/\/www.topohvar.at\/topo\/wp-json\/wp\/v2\/pages\/68845","targetHints":{"allow":["GET"]}}],"collection":[{"href":"https:\/\/www.topohvar.at\/topo\/wp-json\/wp\/v2\/pages"}],"about":[{"href":"https:\/\/www.topohvar.at\/topo\/wp-json\/wp\/v2\/types\/page"}],"author":[{"embeddable":true,"href":"https:\/\/www.topohvar.at\/topo\/wp-json\/wp\/v2\/users\/1"}],"replies":[{"embeddable":true,"href":"https:\/\/www.topohvar.at\/topo\/wp-json\/wp\/v2\/comments?post=68845"}],"version-history":[{"count":9,"href":"https:\/\/www.topohvar.at\/topo\/wp-json\/wp\/v2\/pages\/68845\/revisions"}],"predecessor-version":[{"id":68860,"href":"https:\/\/www.topohvar.at\/topo\/wp-json\/wp\/v2\/pages\/68845\/revisions\/68860"}],"up":[{"embeddable":true,"href":"https:\/\/www.topohvar.at\/topo\/wp-json\/wp\/v2\/pages\/117"}],"wp:attachment":[{"href":"https:\/\/www.topohvar.at\/topo\/wp-json\/wp\/v2\/media?parent=68845"}],"curies":[{"name":"wp","href":"https:\/\/api.w.org\/{rel}","templated":true}]}}