{"id":69025,"date":"2024-07-05T14:31:45","date_gmt":"2024-07-05T12:31:45","guid":{"rendered":"https:\/\/www.topohvar.at\/topo\/?page_id=69025"},"modified":"2024-11-23T14:35:55","modified_gmt":"2024-11-23T13:35:55","slug":"sg-tr-h7-1","status":"publish","type":"page","link":"https:\/\/www.topohvar.at\/topo\/orte\/sg\/sg-tr-h7-1\/","title":{"rendered":"STARI GRAD &#8211; Trim \u00bbSG-TR-H7\u00ab"},"content":{"rendered":"<p><a name=\"seite_oben\"><\/a><br \/>\n<img loading=\"lazy\" decoding=\"async\" class=\"aligncenter wp-image-70076 size-full\" src=\"https:\/\/www.topohvar.at\/wp-content\/uploads\/2024\/11\/sg-tr-h7-1.jpg\" alt=\"\" width=\"1080\" height=\"530\" srcset=\"https:\/\/www.topohvar.at\/wp-content\/uploads\/2024\/11\/sg-tr-h7-1.jpg 1080w, https:\/\/www.topohvar.at\/wp-content\/uploads\/2024\/11\/sg-tr-h7-1-300x147.jpg 300w, https:\/\/www.topohvar.at\/wp-content\/uploads\/2024\/11\/sg-tr-h7-1-1024x503.jpg 1024w, https:\/\/www.topohvar.at\/wp-content\/uploads\/2024\/11\/sg-tr-h7-1-768x377.jpg 768w\" sizes=\"auto, (max-width: 1080px) 100vw, 1080px\" \/><\/p>\n<p><strong>Ime \/ Name<br \/>\n<\/strong>Trim \u00bbSG-TR-H7\u00ab<br \/>\n<strong>Code: <\/strong>SG-TR-H7\u00a0 \u00a0 \u00a0 \u00a0 \u00a0 \u00a0 \u00a0 \u00a0 \u00a0 \u00a0 \u00a0 \u00a0 \u00a0 \u00a0 \u00a0 \u00a0 \u00a0 \u00a0 \u00a0 \u00a0 <strong><a href=\"https:\/\/www.topohvar.at\/orte\/sg\/sg-tr-00-1\/\"><img loading=\"lazy\" decoding=\"async\" class=\"alignnone wp-image-12300 size-full\" src=\"https:\/\/www.topohvar.at\/wp-content\/uploads\/2018\/09\/push-vor-30.jpg\" alt=\"\" width=\"61\" height=\"30\" \/><\/a> <a href=\"https:\/\/www.topohvar.at\/orte\/sg\/sg-tr-50-1\/\"><img loading=\"lazy\" decoding=\"async\" class=\"alignnone wp-image-533 size-full\" src=\"https:\/\/www.topohvar.at\/wp-content\/uploads\/2018\/07\/push-l-30.jpg\" alt=\"\" width=\"61\" height=\"30\" \/><\/a> <a href=\"https:\/\/www.topohvar.at\/orte\/sg\/\"><img loading=\"lazy\" decoding=\"async\" class=\"alignnone wp-image-535 size-full\" src=\"https:\/\/www.topohvar.at\/wp-content\/uploads\/2018\/07\/push-o-30.jpg\" alt=\"\" width=\"61\" height=\"30\" \/><\/a> <a href=\"https:\/\/www.topohvar.at\/orte\/sg\/sg-tr-d9-1\/\"><img loading=\"lazy\" decoding=\"async\" class=\"alignnone wp-image-536 size-full\" src=\"https:\/\/www.topohvar.at\/wp-content\/uploads\/2018\/07\/push-r-30.jpg\" alt=\"\" width=\"61\" height=\"30\" \/><\/a><\/strong><\/p>\n<hr \/>\n<p><strong>Adresa \/ Adresse<br \/>\n<\/strong>Stari Grad, Dra\u010devica<\/p>\n<p><strong>Lokacija \/ Position<a href=\"https:\/\/maps.app.goo.gl\/TwgHJMjUHKjxJJNQ7\"><img loading=\"lazy\" decoding=\"async\" class=\"alignright wp-image-69028\" src=\"https:\/\/www.topohvar.at\/wp-content\/uploads\/2024\/07\/4190.jpg\" alt=\"\" width=\"134\" height=\"100\" \/><\/a><br \/>\n<\/strong><a href=\"https:\/\/maps.app.goo.gl\/TwgHJMjUHKjxJJNQ7\"><span style=\"color: #3366ff;\">Latitude: N 43,19130\u00a0 \u00a0Longitude: E 16,62568\u00b0 <\/span><\/a><strong><br \/>\n<\/strong>Visina \/ H\u00f6he: 19 m<\/p>\n<p><strong>Katastarska \u010destica \/ Grundst\u00fccke<br \/>\n<\/strong>6016\/2<div class='content-column one_half'><div style=\"padding-right:6px;\"><p><strong>Datum snimanja \/ Erfassungsdatum<br \/>\n<\/strong>06.10.2024 15:20:00<\/p>\n<hr \/>\n<p><strong>Informacije<\/strong><\/p>\n<p>Trim je napravljen 2016\/17 i stoji u \u201ekrajoliku\u201c od suhozida. Ovdje su brojni pa\u017eljivo gra\u0111eni potporni zidovi, pjoveri za vodu, cisterne i bazene za vodu.<\/p><\/div><\/div><div class='content-column one_half last_column'><div style=\"padding-right:0px;padding-left:6px;\"><p><strong>Stupanj za\u0161tite \/ Schutzstellung<br \/>\n<\/strong>&#8211;<\/p>\n<hr \/>\n<p><strong>Info<\/strong><\/p>\n<p>Der Trim wurde im Jahre 2016 errichtet und steht in einer \u201eLandschaft\u201c aus Trockensteinbauten. So finden sich hier zahlreiche sorgf\u00e4ltig gebaute St\u00fctzmauern, Wassersammelfl\u00e4chen, Zisternen und Wasserbecken.<\/p><\/div><\/div><div class='clear_column'><\/div><div class='content-column one_half'><div style=\"padding-right:6px;\"><p>Izgled gra\u0111evine je inspiriran trimom, ali se razlikuje od povijesnih trime u svojim proporcijama (ulazni otvor, &#8222;kupola&#8220;). Zgrada vjerojatno nije \u010dista suhozidna konstrukcija. Unutra\u0161njost, na\u017ealost, nije mogla biti posje\u0107ena, pa se pretpostavlja da visoki unutarnji prostor tako\u0111er nije pokriven konzolnom kupolom.<\/p><\/div><\/div><div class='content-column one_half last_column'><div style=\"padding-right:0px;padding-left:6px;\"><p>Das Erscheinungsbild des Bauwerks wurde einem Trim nachempfunden, weicht jedoch von historischen Trims in seinen Proportionen ab (Eingangs\u00f6ffnung, &#8222;Kuppel&#8220;). Das Geb\u00e4ude ist vermutlich kein reiner Trockensteinbau. Das Innere konnte leider nicht besucht werden und so wird vermutet, dass der hohe Innenraum auch nicht mit einer Kragkuppel gedeckt ist.<\/p><\/div><\/div><div class='clear_column'><\/div><div class='content-column one_half'><div style=\"padding-right:6px;\"><p>Natpis na nadvratniku: 11. 3. 2016. \/ MR<\/p><\/div><\/div><div class='content-column one_half last_column'><div style=\"padding-right:0px;padding-left:6px;\"><p>Inschrift am T\u00fcrsturz: 11.3.2016 \/ MR<\/p><\/div><\/div><div class='clear_column'><\/div><img loading=\"lazy\" decoding=\"async\" class=\"aligncenter size-full wp-image-70079\" src=\"https:\/\/www.topohvar.at\/wp-content\/uploads\/2024\/11\/sg-tr-h7-2.jpg\" alt=\"\" width=\"640\" height=\"187\" srcset=\"https:\/\/www.topohvar.at\/wp-content\/uploads\/2024\/11\/sg-tr-h7-2.jpg 640w, https:\/\/www.topohvar.at\/wp-content\/uploads\/2024\/11\/sg-tr-h7-2-300x88.jpg 300w\" sizes=\"auto, (max-width: 640px) 100vw, 640px\" \/><div class='content-column one_half'><div style=\"padding-right:6px;\"><\/div><\/div><div class='content-column one_half last_column'><div style=\"padding-right:0px;padding-left:6px;\"><\/div><\/div><div class='clear_column'><\/div><\/p>\n<p><img loading=\"lazy\" decoding=\"async\" class=\"alignleft size-full wp-image-69247\" src=\"https:\/\/www.topohvar.at\/wp-content\/uploads\/2024\/07\/sg-tr-50-h7-op-62.jpg\" alt=\"\" width=\"640\" height=\"358\" srcset=\"https:\/\/www.topohvar.at\/wp-content\/uploads\/2024\/07\/sg-tr-50-h7-op-62.jpg 640w, https:\/\/www.topohvar.at\/wp-content\/uploads\/2024\/07\/sg-tr-50-h7-op-62-300x168.jpg 300w\" sizes=\"auto, (max-width: 640px) 100vw, 640px\" \/><\/p>\n<hr \/>\n<div class='content-column one_half'><div style=\"padding-right:6px;\"><p>Dana 05.07.2024 trim SG-TR-H7 je posje\u0107en i ustanovljeno je sljede\u0107e:<\/p>\n<p>Lokacija:<br \/>\nPodloga:<br \/>\nPovezan s:<br \/>\nUpotreba:<br \/>\nStanje:<br \/>\nBroj stepenica trima:<br \/>\nDodatni kameni prsten:<br \/>\nStepeni\u0161te:<br \/>\nOblik kamena:<br \/>\nPodru\u010dje ispred ulaza:<br \/>\nOrijentacija ulaza: JZ (220\u00b0)<br \/>\nPromjer trima (cm): 300<br \/>\nVisina trima (cm): 220<br \/>\nVisina stepenica (cm): stepenica 1: 190<br \/>\nDebljina zida (cm): 40<br \/>\n\u0160irina vrata (cm): 65<br \/>\nVisina vrata (cm): 140<br \/>\n\u0160irina unutra (cm): 220<br \/>\nVisina unutra (cm): ?<br \/>\nVolumen iznutra (m3): ?<br \/>\nNi\u0161a: ?<\/p><\/div><\/div><div class='content-column one_half last_column'><div style=\"padding-right:0px;padding-left:6px;\"><p>Am 05.07.2024 wurde der Trim SG-TR-H7 besucht und n\u00e4her untersucht:<\/p>\n<p>Standort: landwirtsch. Gemenge<br \/>\nUntergrund: eben<br \/>\nVerbunden mit: freistehend<br \/>\nNutzung: genutzt, verschlie\u00dfbar<br \/>\nZustand: sehr gut erhalten<br \/>\nAnzahl der Trimstufen: 1<br \/>\nZus\u00e4tzlicher Steinring: kein Steinring<br \/>\nStiege: keine<br \/>\nSteinform: plattig<br \/>\nEingangsbereich: frei<br \/>\nEingangsseite: SW (220\u00b0)<br \/>\nTrimdurchmesser (cm): 300<br \/>\nTrimh\u00f6he (cm): 220<br \/>\nH\u00f6he der Trimstufen (cm): Stufe 1: 190<br \/>\nWandst\u00e4rke (cm): 40<br \/>\nT\u00fcrbreite (cm): 65<br \/>\nT\u00fcrh\u00f6he (cm): 140<br \/>\nInnenraumbreite (cm): 220<br \/>\nInnenraumh\u00f6he (cm): ?<br \/>\nRaumvolumen (m3): ?<br \/>\nNische: ?<\/p><\/div><\/div><div class='clear_column'><\/div><img loading=\"lazy\" decoding=\"async\" class=\"aligncenter size-full wp-image-70474\" src=\"https:\/\/www.topohvar.at\/wp-content\/uploads\/2024\/11\/sg-tr-h7-sca.jpg\" alt=\"\" width=\"900\" height=\"1272\" srcset=\"https:\/\/www.topohvar.at\/wp-content\/uploads\/2024\/11\/sg-tr-h7-sca.jpg 900w, https:\/\/www.topohvar.at\/wp-content\/uploads\/2024\/11\/sg-tr-h7-sca-212x300.jpg 212w, https:\/\/www.topohvar.at\/wp-content\/uploads\/2024\/11\/sg-tr-h7-sca-725x1024.jpg 725w, https:\/\/www.topohvar.at\/wp-content\/uploads\/2024\/11\/sg-tr-h7-sca-768x1085.jpg 768w\" sizes=\"auto, (max-width: 900px) 100vw, 900px\" \/><\/p>\n<p style=\"text-align: right;\"><a href=\"#seite_oben\">natrag na vrh \/ Seitenanfang<\/a><\/p>\n<hr \/>\n<p><strong>Linkovi \/ Links<\/strong><\/p>\n<p><span style=\"color: #3366ff;\"><a style=\"color: #3366ff;\" href=\"https:\/\/www.topohvar.at\/topo\/orte\/sg\/sg-tr-50-1\/\">Trim \u00bbSG-TR-50\u00ab<\/a><\/span><br \/>\n<span style=\"color: #3366ff;\"><a style=\"color: #3366ff;\" href=\"https:\/\/www.topohvar.at\/topo\/orte\/sg\/sg-op-62-1\/\">Objekt \u00bbGustirna uz trim SG-TR-50\u00ab \/ Zisterne beim Trim SG-TR-50<\/a><\/span><\/p>\n","protected":false},"excerpt":{"rendered":"<p>Ime \/ Name Trim \u00bbSG-TR-H7\u00ab Code: SG-TR-H7\u00a0 \u00a0 \u00a0 \u00a0 \u00a0 \u00a0 \u00a0 \u00a0 \u00a0 \u00a0 \u00a0 \u00a0 \u00a0 \u00a0 \u00a0 \u00a0 \u00a0 \u00a0 \u00a0 \u00a0 Adresa \/ Adresse Stari Grad, Dra\u010devica Lokacija \/ Position Latitude: N 43,19130\u00a0 \u00a0Longitude: E &hellip; <a href=\"https:\/\/www.topohvar.at\/topo\/orte\/sg\/sg-tr-h7-1\/\">Weiterlesen <span class=\"meta-nav\">&rarr;<\/span><\/a><\/p>\n","protected":false},"author":1,"featured_media":0,"parent":99,"menu_order":0,"comment_status":"closed","ping_status":"closed","template":"","meta":{"footnotes":""},"class_list":["post-69025","page","type-page","status-publish","hentry"],"_links":{"self":[{"href":"https:\/\/www.topohvar.at\/topo\/wp-json\/wp\/v2\/pages\/69025","targetHints":{"allow":["GET"]}}],"collection":[{"href":"https:\/\/www.topohvar.at\/topo\/wp-json\/wp\/v2\/pages"}],"about":[{"href":"https:\/\/www.topohvar.at\/topo\/wp-json\/wp\/v2\/types\/page"}],"author":[{"embeddable":true,"href":"https:\/\/www.topohvar.at\/topo\/wp-json\/wp\/v2\/users\/1"}],"replies":[{"embeddable":true,"href":"https:\/\/www.topohvar.at\/topo\/wp-json\/wp\/v2\/comments?post=69025"}],"version-history":[{"count":19,"href":"https:\/\/www.topohvar.at\/topo\/wp-json\/wp\/v2\/pages\/69025\/revisions"}],"predecessor-version":[{"id":70497,"href":"https:\/\/www.topohvar.at\/topo\/wp-json\/wp\/v2\/pages\/69025\/revisions\/70497"}],"up":[{"embeddable":true,"href":"https:\/\/www.topohvar.at\/topo\/wp-json\/wp\/v2\/pages\/99"}],"wp:attachment":[{"href":"https:\/\/www.topohvar.at\/topo\/wp-json\/wp\/v2\/media?parent=69025"}],"curies":[{"name":"wp","href":"https:\/\/api.w.org\/{rel}","templated":true}]}}