{"id":69318,"date":"2024-07-31T15:25:33","date_gmt":"2024-07-31T13:25:33","guid":{"rendered":"https:\/\/www.topohvar.at\/topo\/?page_id=69318"},"modified":"2024-11-01T15:47:34","modified_gmt":"2024-11-01T14:47:34","slug":"va-ob-06-1","status":"publish","type":"page","link":"https:\/\/www.topohvar.at\/topo\/orte\/va\/va-ob-06-1\/","title":{"rendered":"VRBOSKA &#8211; Objekt \u00bbMost kod slatine\u00ab"},"content":{"rendered":"<p><a name=\"seite_oben\"><\/a><strong><img loading=\"lazy\" decoding=\"async\" class=\"aligncenter wp-image-69319 size-full\" src=\"https:\/\/www.topohvar.at\/wp-content\/uploads\/2024\/07\/va-ob-06-1.jpg\" alt=\"\" width=\"900\" height=\"443\" srcset=\"https:\/\/www.topohvar.at\/wp-content\/uploads\/2024\/07\/va-ob-06-1.jpg 900w, https:\/\/www.topohvar.at\/wp-content\/uploads\/2024\/07\/va-ob-06-1-300x148.jpg 300w, https:\/\/www.topohvar.at\/wp-content\/uploads\/2024\/07\/va-ob-06-1-768x378.jpg 768w\" sizes=\"auto, (max-width: 900px) 100vw, 900px\" \/><\/strong><\/p>\n<p><strong>Ime \/ Name<br \/>\n<\/strong>Objekt \u00bbMost kod slatine\u00ab \/ Br\u00fccke bei der Schwemme<\/p>\n<p><strong>Code: <\/strong>VA-OB-06\u00a0 \u00a0 \u00a0 \u00a0 \u00a0 \u00a0 \u00a0 \u00a0 \u00a0 \u00a0 \u00a0 \u00a0 \u00a0 \u00a0 \u00a0 \u00a0 \u00a0 \u00a0 <a href=\"https:\/\/www.topohvar.at\/orte\/va\/va-og-01-1\/\"><img loading=\"lazy\" decoding=\"async\" class=\"alignnone wp-image-12300 size-full\" src=\"https:\/\/www.topohvar.at\/wp-content\/uploads\/2018\/09\/push-vor-30.jpg\" alt=\"\" width=\"61\" height=\"30\" \/><\/a>\u00a0<strong><a href=\"https:\/\/www.topohvar.at\/orte\/va\/va-ob-01-1\/\"><img loading=\"lazy\" decoding=\"async\" class=\"alignnone wp-image-533 size-full\" src=\"https:\/\/www.topohvar.at\/wp-content\/uploads\/2018\/07\/push-l-30.jpg\" alt=\"\" width=\"61\" height=\"30\" \/><\/a> <a href=\"https:\/\/www.topohvar.at\/orte\/va\/\"><img loading=\"lazy\" decoding=\"async\" class=\"alignnone wp-image-535 size-full\" src=\"https:\/\/www.topohvar.at\/wp-content\/uploads\/2018\/07\/push-o-30.jpg\" alt=\"\" width=\"61\" height=\"30\" \/><\/a> <a href=\"https:\/\/www.topohvar.at\/orte\/va\/va-ob-04-1\/\"><img loading=\"lazy\" decoding=\"async\" class=\"alignnone wp-image-536 size-full\" src=\"https:\/\/www.topohvar.at\/wp-content\/uploads\/2018\/07\/push-r-30.jpg\" alt=\"\" width=\"61\" height=\"30\" \/><\/a>\u00a0<a href=\"https:\/\/www.topohvar.at\/orte\/va\/va-os-01-1\/\"><img loading=\"lazy\" decoding=\"async\" class=\"alignnone wp-image-12299 size-full\" src=\"https:\/\/www.topohvar.at\/wp-content\/uploads\/2018\/09\/push-next-30.jpg\" alt=\"\" width=\"61\" height=\"30\" \/><\/a><\/strong><\/p>\n<hr \/>\n<p><strong>Adresa <\/strong><strong>\/ Adresse<br \/>\n<\/strong>Vrboska,\u00a0 Podva<\/p>\n<p><strong>Lokacija \/ Position<a href=\"https:\/\/goo.gl\/maps\/GzYC8ZfsvCDbVmx2A\"><img loading=\"lazy\" decoding=\"async\" class=\"alignright wp-image-24087\" src=\"https:\/\/www.topohvar.at\/wp-content\/uploads\/2019\/08\/2075.jpg\" alt=\"\" width=\"134\" height=\"100\" \/><\/a><br \/>\n<\/strong><span style=\"color: #3366ff;\"><a style=\"color: #3366ff;\" href=\"https:\/\/goo.gl\/maps\/GzYC8ZfsvCDbVmx2A\">Latitude: N 43,18169\u00b0\u00a0 \u00a0 Longitude: E 16,66832\u00b0\u00a0<\/a><\/span><strong><br \/>\n<\/strong>Visina \/ H\u00f6he: 0 m<\/p>\n<p><strong>Katastarska \u010destica \/ Grundst\u00fccke<br \/>\n<\/strong>&#8211; (more)<div class='content-column one_half'><div style=\"padding-right:6px;\"><p><strong>Datum snimanja \/ Erfassungsdatum<br \/>\n<\/strong>02.08.2019 11:30:00<\/p>\n<hr \/>\n<p><strong>Informacije<\/strong><\/p>\n<p>U najzapadniji dio mjestu, Podva, dvije \u00abbonde\u00bb (sjeverni i ju\u017eni dio naselja) povezuju 4 mosta. Jedan od njih je pored slatine.<\/p><\/div><\/div><div class='content-column one_half last_column'><div style=\"padding-right:0px;padding-left:6px;\"><p><strong>Stupanj za\u0161tite \/ Schutzstellung<br \/>\n<\/strong>&#8211;<\/p>\n<hr \/>\n<p><strong>Info<\/strong><\/p>\n<p>Im westlichsten Teil des Ortes, Podva genannt, werden die zwei \u201eBonde\u201c (n\u00f6rdlicher und s\u00fcdlicher Ortsteil) durch 4 Br\u00fccken verbunden. Eine davon befindet sich neben der Schwemme.<\/p><\/div><\/div><div class='clear_column'><\/div><div class='content-column one_third'><div style=\"padding-right:6px;\"><p>Godine 2005. most je obnovljen te je, poput mnogih obnovljenih prometnih povr\u0161ina u Vrboskoj, poplo\u010dan \u017eivim kamenom.<\/p><\/div><\/div><div class='content-column one_third'><div style=\"padding-right:6px;padding-left:6px;\"><p><img loading=\"lazy\" decoding=\"async\" class=\"aligncenter size-full wp-image-69765\" src=\"https:\/\/www.topohvar.at\/wp-content\/uploads\/2024\/11\/va-ob-06-24.jpg\" alt=\"\" width=\"210\" height=\"213\" \/><\/p><\/div><\/div><div class='content-column one_third last_column'><div style=\"padding-right:6px;padding-left:6px;\"><p>Im Jahre 2005 wurde die Br\u00fccke renoviert und wie viele renovierte Verkehrsfl\u00e4chen in Vrboska mit lebendigem Steinpflaster versehen.<\/p><\/div><\/div><div class='clear_column'><\/div><\/p>\n<p style=\"text-align: right;\"><span style=\"color: #3366ff;\"><a style=\"color: #3366ff;\" href=\"#seite_oben\">natrag na vrh \/ Seitenanfang<\/a><\/span><\/p>\n<hr \/>\n<p style=\"text-align: left;\"><div class='content-column one_half'><div style=\"padding-right:6px;\"><p>Slikoviti mosti\u0107i Vrboske<\/p>\n<p>\u010covjek je tijekom povijesti podizao mostove: gradio je drvene i kamene, pro\u0161irivao stare, obnavljao poru\u0161ene. Neki mostovi i dan danas svojom slojevitom strukturom svjedo\u010de o tome. \u201eMala Venecija\u201d u Hrvatskoj dobila je nadimak upravo zbog svojih malih mostova.<\/p><\/div><\/div><div class='content-column one_half last_column'><div style=\"padding-right:0px;padding-left:6px;\"><p>Die malerischen Br\u00fccken von Vrboska<\/p>\n<p>Im Laufe der Geschichte hat der Mensch Br\u00fccken gebaut: aus Holz und Stein, alte erweitert, zerst\u00f6rt und wieder aufgebaut. Davon zeugen heute noch einige Br\u00fccken mit historischen Hintergrund. \u201eKlein-Venedig\u201c in Kroatien hat seinen Spitznamen gerade wegen dieser kleinen Br\u00fccken bekommen.<\/p><\/div><\/div><div class='clear_column'><\/div><\/p>\n<p style=\"text-align: right;\"><span style=\"color: #3366ff;\"><a style=\"color: #3366ff;\" href=\"#seite_oben\">natrag na vrh \/ Seitenanfang<\/a><\/span><\/p>\n<hr \/>\n<p><strong>Linkovi \/ Links<\/strong><\/p>\n<p><span style=\"color: #3366ff;\"><a style=\"color: #3366ff;\" href=\"https:\/\/www.topohvar.at\/orte\/va\/va-ob-03-1\/\">Objekt \u00bbSlatina\u00ab \/ Schwemme<\/a><br \/>\n<a href=\"https:\/\/www.topohvar.at\/topo\/orte\/va\/va-ob-01-1\/\"><span style=\"color: #3366ff;\">Objekt \u00bbMost s tri volta\u00ab \/ Dreibogenbr\u00fccke<\/span><\/a><br \/>\n<\/span><\/p>\n","protected":false},"excerpt":{"rendered":"<p>Ime \/ Name Objekt \u00bbMost kod slatine\u00ab \/ Br\u00fccke bei der Schwemme Code: VA-OB-06\u00a0 \u00a0 \u00a0 \u00a0 \u00a0 \u00a0 \u00a0 \u00a0 \u00a0 \u00a0 \u00a0 \u00a0 \u00a0 \u00a0 \u00a0 \u00a0 \u00a0 \u00a0 \u00a0 \u00a0 Adresa \/ Adresse Vrboska,\u00a0 Podva Lokacija \/ &hellip; <a href=\"https:\/\/www.topohvar.at\/topo\/orte\/va\/va-ob-06-1\/\">Weiterlesen <span class=\"meta-nav\">&rarr;<\/span><\/a><\/p>\n","protected":false},"author":1,"featured_media":0,"parent":109,"menu_order":0,"comment_status":"closed","ping_status":"closed","template":"","meta":{"footnotes":""},"class_list":["post-69318","page","type-page","status-publish","hentry"],"_links":{"self":[{"href":"https:\/\/www.topohvar.at\/topo\/wp-json\/wp\/v2\/pages\/69318","targetHints":{"allow":["GET"]}}],"collection":[{"href":"https:\/\/www.topohvar.at\/topo\/wp-json\/wp\/v2\/pages"}],"about":[{"href":"https:\/\/www.topohvar.at\/topo\/wp-json\/wp\/v2\/types\/page"}],"author":[{"embeddable":true,"href":"https:\/\/www.topohvar.at\/topo\/wp-json\/wp\/v2\/users\/1"}],"replies":[{"embeddable":true,"href":"https:\/\/www.topohvar.at\/topo\/wp-json\/wp\/v2\/comments?post=69318"}],"version-history":[{"count":13,"href":"https:\/\/www.topohvar.at\/topo\/wp-json\/wp\/v2\/pages\/69318\/revisions"}],"predecessor-version":[{"id":69773,"href":"https:\/\/www.topohvar.at\/topo\/wp-json\/wp\/v2\/pages\/69318\/revisions\/69773"}],"up":[{"embeddable":true,"href":"https:\/\/www.topohvar.at\/topo\/wp-json\/wp\/v2\/pages\/109"}],"wp:attachment":[{"href":"https:\/\/www.topohvar.at\/topo\/wp-json\/wp\/v2\/media?parent=69318"}],"curies":[{"name":"wp","href":"https:\/\/api.w.org\/{rel}","templated":true}]}}