{"id":69371,"date":"2024-08-03T12:07:54","date_gmt":"2024-08-03T10:07:54","guid":{"rendered":"https:\/\/www.topohvar.at\/topo\/?page_id=69371"},"modified":"2024-08-04T09:19:49","modified_gmt":"2024-08-04T07:19:49","slug":"bo-tg-06-1","status":"publish","type":"page","link":"https:\/\/www.topohvar.at\/topo\/orte\/bo\/bo-tg-06-1\/","title":{"rendered":"BOGOMOLJE &#8211; Ku\u0107a \u00bbPetra Radi\u0107a\u00ab"},"content":{"rendered":"<p><a name=\"seite_oben\"><\/a><strong><img loading=\"lazy\" decoding=\"async\" class=\"alignnone wp-image-69374 size-full\" src=\"https:\/\/www.topohvar.at\/wp-content\/uploads\/2024\/08\/bo-tg-06-1.jpg\" alt=\"\" width=\"640\" height=\"315\" srcset=\"https:\/\/www.topohvar.at\/wp-content\/uploads\/2024\/08\/bo-tg-06-1.jpg 640w, https:\/\/www.topohvar.at\/wp-content\/uploads\/2024\/08\/bo-tg-06-1-300x148.jpg 300w\" sizes=\"auto, (max-width: 640px) 100vw, 640px\" \/><\/strong><\/p>\n<p><strong>Ime \/ Name<br \/>\n<\/strong>Ku\u0107a \u00bbPetra Radi\u0107a\u00ab \/ Haus des Peter Radi\u0107<\/p>\n<p><strong>Code: <\/strong>BO-TG-06\u00a0 \u00a0 \u00a0 \u00a0 \u00a0 \u00a0 \u00a0 \u00a0 \u00a0 \u00a0 \u00a0 \u00a0 \u00a0 \u00a0 \u00a0 \u00a0<strong> <a href=\"https:\/\/www.topohvar.at\/orte\/bo\/bo-tg-03-2\/\"><img loading=\"lazy\" decoding=\"async\" class=\"alignnone wp-image-533 size-full\" src=\"https:\/\/www.topohvar.at\/wp-content\/uploads\/2018\/07\/push-l-30.jpg\" alt=\"\" width=\"61\" height=\"30\" \/><\/a> <a href=\"https:\/\/www.topohvar.at\/orte\/bo\/\"><img loading=\"lazy\" decoding=\"async\" class=\"alignnone wp-image-535 size-full\" src=\"https:\/\/www.topohvar.at\/wp-content\/uploads\/2018\/07\/push-o-30.jpg\" alt=\"\" width=\"61\" height=\"30\" \/><\/a> <a href=\"https:\/\/www.topohvar.at\/orte\/bo\/bo-tg-02-2\/\"><img loading=\"lazy\" decoding=\"async\" class=\"alignnone wp-image-536 size-full\" src=\"https:\/\/www.topohvar.at\/wp-content\/uploads\/2018\/07\/push-r-30.jpg\" alt=\"\" width=\"61\" height=\"30\" \/><\/a><\/strong><\/p>\n<hr \/>\n<p><strong>Adresa \/ Adresse<br \/>\n<\/strong>Bogomolje 4, Selo<\/p>\n<p><strong>Lokacija \/ Position<a href=\"https:\/\/maps.app.goo.gl\/9MybT6Qiy9BrFX4g6\"><img loading=\"lazy\" decoding=\"async\" class=\"alignright wp-image-56684\" src=\"https:\/\/www.topohvar.at\/wp-content\/uploads\/2022\/01\/3382.jpg\" alt=\"\" width=\"134\" height=\"100\" \/><\/a><br \/>\n<\/strong><a href=\"https:\/\/maps.app.goo.gl\/9MybT6Qiy9BrFX4g6\"><span style=\"color: #3366ff;\">Latitude: N 43,13044\u00b0\u00a0 \u00a0Longitude: E 16,99703\u00b0<\/span><\/a> <strong><br \/>\n<\/strong>Visina \/ H\u00f6he: 229 m<\/p>\n<p><strong>Katastarska \u010destica<\/strong><strong> \/ Grundst\u00fccke<br \/>\n<\/strong>2285<div class='content-column one_half'><div style=\"padding-right:6px;\"><p><strong>Datum snimanja \/ Erfassungsdatum<br \/>\n<\/strong>01.08.2024 12:00:00<\/p>\n<hr \/>\n<p><strong>Informacije<\/strong><\/p>\n<p>Ku\u0107a Petra Radi\u0107a u Bogomolji na po\u010detku ceste koja s Pjace vodi u Jerkov dvor. S isto\u010dne strane nalazi se dvori\u0161te s zahodom za ugodan boravak u \u201chladi\u0161tu\u201d u vrijeme vru\u0107ih ljetnih dana. Plo\u010da to pokazuje.<\/p><\/div><\/div><div class='content-column one_half last_column'><div style=\"padding-right:0px;padding-left:6px;\"><p><strong>Stupanj za\u0161tite<\/strong><strong> \/ Schutzstellung<br \/>\n<\/strong>&#8211;<\/p>\n<hr \/>\n<p><strong>Info<\/strong><\/p>\n<p>Das Haus von Petar Radi\u0107 in Bogomolja am Anfang der Stra\u00dfe, die von Pjaca nach Jerkov dvor f\u00fchrt. Auf der Ostseite befindet sich ein Innenhof mit Toilette f\u00fcr einen angenehmen Aufenthalt im \u201eK\u00fchler\u201c an hei\u00dfen Sommertagen. Eine Tafel weist darauf hin.<\/p><\/div><\/div><div class='clear_column'><\/div><\/p>\n<p style=\"text-align: center;\"><em>(Izvor: \/ Quelle: Nik\u0161a Vujnovi\u0107, Facebook)<\/em><\/p>\n<p style=\"text-align: right;\"><a href=\"#seite_oben\">natrag na vrh \/ Seitenanfang<\/a><\/p>\n<hr \/>\n<p><strong>Linkovi \/ Links<\/strong><\/p>\n<p><span style=\"color: #3366ff;\"><a style=\"color: #3366ff;\" href=\"https:\/\/www.topohvar.at\/topo\/orte\/bo\/bo-is-10-1\/\">Spomen plo\u010da \/ Gedenktafel \u00bbHladi\u0161te\u00ab<\/a><\/span><\/p>\n","protected":false},"excerpt":{"rendered":"<p>Ime \/ Name Ku\u0107a \u00bbPetra Radi\u0107a\u00ab \/ Haus des Peter Radi\u0107 Code: BO-TG-06\u00a0 \u00a0 \u00a0 \u00a0 \u00a0 \u00a0 \u00a0 \u00a0 \u00a0 \u00a0 \u00a0 \u00a0 \u00a0 \u00a0 \u00a0 \u00a0 Adresa \/ Adresse Bogomolje 4, Selo Lokacija \/ Position Latitude: N 43,13044\u00b0\u00a0 &hellip; <a href=\"https:\/\/www.topohvar.at\/topo\/orte\/bo\/bo-tg-06-1\/\">Weiterlesen <span class=\"meta-nav\">&rarr;<\/span><\/a><\/p>\n","protected":false},"author":1,"featured_media":0,"parent":63,"menu_order":0,"comment_status":"closed","ping_status":"closed","template":"","meta":{"footnotes":""},"class_list":["post-69371","page","type-page","status-publish","hentry"],"_links":{"self":[{"href":"https:\/\/www.topohvar.at\/topo\/wp-json\/wp\/v2\/pages\/69371","targetHints":{"allow":["GET"]}}],"collection":[{"href":"https:\/\/www.topohvar.at\/topo\/wp-json\/wp\/v2\/pages"}],"about":[{"href":"https:\/\/www.topohvar.at\/topo\/wp-json\/wp\/v2\/types\/page"}],"author":[{"embeddable":true,"href":"https:\/\/www.topohvar.at\/topo\/wp-json\/wp\/v2\/users\/1"}],"replies":[{"embeddable":true,"href":"https:\/\/www.topohvar.at\/topo\/wp-json\/wp\/v2\/comments?post=69371"}],"version-history":[{"count":7,"href":"https:\/\/www.topohvar.at\/topo\/wp-json\/wp\/v2\/pages\/69371\/revisions"}],"predecessor-version":[{"id":69396,"href":"https:\/\/www.topohvar.at\/topo\/wp-json\/wp\/v2\/pages\/69371\/revisions\/69396"}],"up":[{"embeddable":true,"href":"https:\/\/www.topohvar.at\/topo\/wp-json\/wp\/v2\/pages\/63"}],"wp:attachment":[{"href":"https:\/\/www.topohvar.at\/topo\/wp-json\/wp\/v2\/media?parent=69371"}],"curies":[{"name":"wp","href":"https:\/\/api.w.org\/{rel}","templated":true}]}}