{"id":69593,"date":"2024-09-05T17:15:47","date_gmt":"2024-09-05T15:15:47","guid":{"rendered":"https:\/\/www.topohvar.at\/topo\/?page_id=69593"},"modified":"2024-09-05T17:16:24","modified_gmt":"2024-09-05T15:16:24","slug":"va-tg-14-1","status":"publish","type":"page","link":"https:\/\/www.topohvar.at\/topo\/orte\/va\/va-tg-14-1\/","title":{"rendered":"VA-TG-14 &#8211; Vila \u00bbNovak\u00ab"},"content":{"rendered":"<p><a name=\"seite_oben\"><\/a><br \/>\n<strong><img loading=\"lazy\" decoding=\"async\" class=\"alignnone wp-image-387 size-full\" src=\"https:\/\/www.topohvar.at\/wp-content\/uploads\/2018\/07\/00-00-00-1.jpg\" alt=\"\" width=\"114\" height=\"56\" \/><\/strong><\/p>\n<p><strong>Ime \/ Name<br \/>\n<\/strong>Vila \u00bbNovak\u00ab \/ Villa Nivak<\/p>\n<p><strong>Code: <\/strong>VA-TG-14\u00a0 \u00a0 \u00a0 \u00a0 \u00a0 \u00a0 \u00a0 \u00a0<strong>\u00a0 \u00a0 \u00a0 \u00a0 \u00a0 \u00a0 \u00a0 \u00a0 \u00a0 \u00a0<a href=\"https:\/\/www.topohvar.at\/orte\/va\/va-tg-06-1\/\"><img loading=\"lazy\" decoding=\"async\" class=\"alignnone wp-image-533 size-full\" src=\"https:\/\/www.topohvar.at\/wp-content\/uploads\/2018\/07\/push-l-30.jpg\" alt=\"\" width=\"61\" height=\"30\" \/><\/a>\u00a0<a href=\"https:\/\/www.topohvar.at\/orte\/va\/\"><img loading=\"lazy\" decoding=\"async\" class=\"alignnone wp-image-535 size-full\" src=\"https:\/\/www.topohvar.at\/wp-content\/uploads\/2018\/07\/push-o-30.jpg\" alt=\"\" width=\"61\" height=\"30\" \/><\/a>\u00a0<a href=\"https:\/\/www.topohvar.at\/orte\/va\/va-tg-01-1\/\"><img loading=\"lazy\" decoding=\"async\" class=\"alignnone wp-image-536 size-full\" src=\"https:\/\/www.topohvar.at\/wp-content\/uploads\/2018\/07\/push-r-30.jpg\" alt=\"\" width=\"61\" height=\"30\" \/><\/a><\/strong><\/p>\n<hr \/>\n<p><strong>Adresa \/ Adresse<br \/>\n<\/strong>Vrboska<\/p>\n<p><strong>Lokalna polo\u017eaj \/ Position<img loading=\"lazy\" decoding=\"async\" class=\"wp-image-387 size-full alignright\" src=\"https:\/\/www.topohvar.at\/wp-content\/uploads\/2018\/07\/00-00-00-1.jpg\" alt=\"\" width=\"114\" height=\"56\" \/><br \/>\n<\/strong><span style=\"color: #3366ff;\">Latitude: N 43,18\u00b0\u00a0 \u00a0 Longitude: E 16,67\u00b0\u00a0<\/span><strong><br \/>\n<\/strong>Visina \/ H\u00f6he: &#8211; m<\/p>\n<p><strong>Zemlji\u0161te \/ Grundst\u00fccke<br \/>\n<\/strong>&#8211;<div class='content-column one_half'><div style=\"padding-right:6px;\"><p><strong>Datum snimanja \/ Erfassungsdatum<br \/>\n<\/strong>01-01-2000 00:00:00<\/p>\n<hr \/>\n<p><strong>Informacije<\/strong><\/p>\n<p>Vila Mihovila Novaka (1890.-1958.), hvarskog arhitekta sa splitskom adresom, na predjelu Parve Majerovice.\u00a0 Izgra\u0111ena je 1929.g. i za onda\u0161nje hvarske prilike bila je neobi\u010dna &#8211; ima ravni zavr\u0161etak krova, staklene povr\u0161ine, kori\u0161ten je armirani beton, te je, prema rije\u010dima Nire Burmas Doman\u010di\u0107, prvi primjer potpuno suvremenog pristupa arhitekturi na podru\u010dju na\u0161ega grada., s te\u017enjom stvaranja novih oblika i odnosa u prostoru kontrastnim materijalima i volumenima.<\/p><\/div><\/div><div class='content-column one_half last_column'><div style=\"padding-right:0px;padding-left:6px;\"><p><strong>Za\u0161titni polo\u017eaj \/ Schutzstellung<br \/>\n<\/strong>&#8211;<\/p>\n<hr \/>\n<p><strong>Info<\/strong><\/p>\n<p>Die Villa von Mihovil Novak (1890-1958), einem Architekten aus Hvar mit Sitz in Split, in der Gegend von Parva Majerovica. Es wurde 1929 erbaut. Es war auch f\u00fcr die damaligen Verh\u00e4ltnisse in Hvar ungew\u00f6hnlich \u2013 es verf\u00fcgt \u00fcber ein Flachdach, Glasoberfl\u00e4chen, es wurde Stahlbeton verwendet und laut Nira Burmas Doman\u010di\u0107 ist es das erste Beispiel f\u00fcr einen v\u00f6llig modernen Architekturansatz im Bereich \u200b\u200bunserer Stadt, mit dem Ziel, mit kontrastierenden Materialien und Volumina neue Formen und Beziehungen im Raum zu schaffen.<\/p><\/div><\/div><div class='clear_column'><\/div><div class='content-column one_half'><div style=\"padding-right:6px;\"><p>Mihovil Novak projektant je i vile Chamorel, izgra\u0111ene 1934., danas u sklopu hotela Croatia, pardon, Moessy ili kako se ve\u0107 zove.<\/p><\/div><\/div><div class='content-column one_half last_column'><div style=\"padding-right:0px;padding-left:6px;\"><p>Mihovil Novak ist auch der Designer der Villa Chamorel, die 1934 erbaut wurde und heute Teil des Hotel Croatia ist, sorry, Moessy oder wie auch immer es hei\u00dft.<\/p><\/div><\/div><div class='clear_column'><\/div><div class='content-column one_half'><div style=\"padding-right:6px;\"><p>U \u0161etnji vidi se da je okoli\u0161 vile Novak o\u010di\u0161\u0107en i uredan, a sa desne strane vidi se i malena kapelica, oblikom vrlo sli\u010dna onima gradskog kri\u017enog puta. Unutra se nalazi(lo) djelo \u0160imeta Dujmovi\u0107a.<\/p><\/div><\/div><div class='content-column one_half last_column'><div style=\"padding-right:0px;padding-left:6px;\"><p>Bei einem Spaziergang kann man sehen, dass die Umgebung der Villa Novak sauber und ordentlich ist, und auf der rechten Seite k\u00f6nnen Sie eine kleine Kapelle sehen, deren Form denen der Kreuzwegstationen der Stadt sehr \u00e4hnelt. Im Inneren befindet sich ein Werk von \u0160imeto Dujmovi\u0107.<\/p><\/div><\/div><div class='clear_column'><\/div><\/p>\n<p style=\"text-align: center;\"><em>Izvor: \/ Quelle: Facebook,\u00a0Zorka Bibi\u0107, Admin<\/em><\/p>\n<p style=\"text-align: right;\"><a href=\"#seite_oben\">natrag na vrh \/ Seitenanfang<\/a><\/p>\n<hr \/>\n<p><strong>Linkovi \/ Links<\/strong><\/p>\n<p><span style=\"color: #3366ff;\">&#8211;<\/span><\/p>\n","protected":false},"excerpt":{"rendered":"<p>Ime \/ Name Vila \u00bbNovak\u00ab \/ Villa Nivak Code: VA-TG-14\u00a0 \u00a0 \u00a0 \u00a0 \u00a0 \u00a0 \u00a0 \u00a0\u00a0 \u00a0 \u00a0 \u00a0 \u00a0 \u00a0 \u00a0 \u00a0 \u00a0 \u00a0\u00a0\u00a0 Adresa \/ Adresse Vrboska Lokalna polo\u017eaj \/ Position Latitude: N 43,18\u00b0\u00a0 \u00a0 Longitude: E &hellip; <a href=\"https:\/\/www.topohvar.at\/topo\/orte\/va\/va-tg-14-1\/\">Weiterlesen <span class=\"meta-nav\">&rarr;<\/span><\/a><\/p>\n","protected":false},"author":1,"featured_media":0,"parent":109,"menu_order":0,"comment_status":"closed","ping_status":"closed","template":"","meta":{"footnotes":""},"class_list":["post-69593","page","type-page","status-publish","hentry"],"_links":{"self":[{"href":"https:\/\/www.topohvar.at\/topo\/wp-json\/wp\/v2\/pages\/69593","targetHints":{"allow":["GET"]}}],"collection":[{"href":"https:\/\/www.topohvar.at\/topo\/wp-json\/wp\/v2\/pages"}],"about":[{"href":"https:\/\/www.topohvar.at\/topo\/wp-json\/wp\/v2\/types\/page"}],"author":[{"embeddable":true,"href":"https:\/\/www.topohvar.at\/topo\/wp-json\/wp\/v2\/users\/1"}],"replies":[{"embeddable":true,"href":"https:\/\/www.topohvar.at\/topo\/wp-json\/wp\/v2\/comments?post=69593"}],"version-history":[{"count":2,"href":"https:\/\/www.topohvar.at\/topo\/wp-json\/wp\/v2\/pages\/69593\/revisions"}],"predecessor-version":[{"id":69595,"href":"https:\/\/www.topohvar.at\/topo\/wp-json\/wp\/v2\/pages\/69593\/revisions\/69595"}],"up":[{"embeddable":true,"href":"https:\/\/www.topohvar.at\/topo\/wp-json\/wp\/v2\/pages\/109"}],"wp:attachment":[{"href":"https:\/\/www.topohvar.at\/topo\/wp-json\/wp\/v2\/media?parent=69593"}],"curies":[{"name":"wp","href":"https:\/\/api.w.org\/{rel}","templated":true}]}}