{"id":69848,"date":"2024-11-03T10:20:28","date_gmt":"2024-11-03T09:20:28","guid":{"rendered":"https:\/\/www.topohvar.at\/topo\/?page_id=69848"},"modified":"2024-11-05T12:35:16","modified_gmt":"2024-11-05T11:35:16","slug":"ru-ip-12-1","status":"publish","type":"page","link":"https:\/\/www.topohvar.at\/topo\/orte\/ru\/ru-ip-12-1\/","title":{"rendered":"RUDINA &#8211; Informativna plo\u0107a \u00bbKabal (3)\u00ab"},"content":{"rendered":"<p><a name=\"seite_oben\"><\/a><br \/>\n<strong><img loading=\"lazy\" decoding=\"async\" class=\"alignnone wp-image-69850 size-full\" src=\"https:\/\/www.topohvar.at\/wp-content\/uploads\/2024\/11\/RU-IP-12-0.jpg\" alt=\"\" width=\"1080\" height=\"530\" srcset=\"https:\/\/www.topohvar.at\/wp-content\/uploads\/2024\/11\/RU-IP-12-0.jpg 1080w, https:\/\/www.topohvar.at\/wp-content\/uploads\/2024\/11\/RU-IP-12-0-300x147.jpg 300w, https:\/\/www.topohvar.at\/wp-content\/uploads\/2024\/11\/RU-IP-12-0-1024x503.jpg 1024w, https:\/\/www.topohvar.at\/wp-content\/uploads\/2024\/11\/RU-IP-12-0-768x377.jpg 768w\" sizes=\"auto, (max-width: 1080px) 100vw, 1080px\" \/><\/strong><\/p>\n<p><strong>Ime \/ Name<br \/>\n<\/strong>Informativna plo\u0107a \u00bbKabal (3)\u00ab<\/p>\n<p><strong>Code: <\/strong>RU-IP-12\u00a0 \u00a0 \u00a0 \u00a0 \u00a0 \u00a0 \u00a0 \u00a0 \u00a0 \u00a0 \u00a0 \u00a0<strong>\u00a0 \u00a0 \u00a0 \u00a0 \u00a0<a href=\"https:\/\/www.topohvar.at\/orte\/ru\/ru-ip-03-1\/\"><img loading=\"lazy\" decoding=\"async\" class=\"alignnone wp-image-533 size-full\" src=\"https:\/\/www.topohvar.at\/wp-content\/uploads\/2018\/07\/push-l-30.jpg\" alt=\"\" width=\"61\" height=\"30\" \/><\/a>\u00a0<a href=\"https:\/\/www.topohvar.at\/orte\/ru\/\"><img loading=\"lazy\" decoding=\"async\" class=\"alignnone wp-image-535 size-full\" src=\"https:\/\/www.topohvar.at\/wp-content\/uploads\/2018\/07\/push-o-30.jpg\" alt=\"\" width=\"61\" height=\"30\" \/><\/a>\u00a0<a href=\"https:\/\/www.topohvar.at\/orte\/ru\/ru-ip-13-1\/\"><img loading=\"lazy\" decoding=\"async\" class=\"alignnone wp-image-536 size-full\" src=\"https:\/\/www.topohvar.at\/wp-content\/uploads\/2018\/07\/push-r-30.jpg\" alt=\"\" width=\"61\" height=\"30\" \/><\/a><\/strong><\/p>\n<hr \/>\n<p><strong>Adresa \/ Adresse<br \/>\n<\/strong>Rudina, Poluotok \/ Halbinsel Kabal<\/p>\n<p><strong>Lokacija \/ Position<a href=\"https:\/\/maps.app.goo.gl\/ivKacL6REk2YTmkm6\"><img loading=\"lazy\" decoding=\"async\" class=\"alignright wp-image-69849\" src=\"https:\/\/www.topohvar.at\/wp-content\/uploads\/2024\/11\/4198.jpg\" alt=\"\" width=\"134\" height=\"100\" \/><\/a><br \/>\n<\/strong><span style=\"color: #3366ff;\"><a style=\"color: #3366ff;\" href=\"https:\/\/maps.app.goo.gl\/ivKacL6REk2YTmkm6\">Latitude: N 43,21812\u00b0\u00a0 \u00a0 Longitude: E 16,56423\u00b0<\/a>\u00a0<\/span><strong><br \/>\n<\/strong>Visina \/ H\u00f6he: 52 m<\/p>\n<p><strong>Katastarska \u010destica \/ Grundst\u00fccke<br \/>\n<\/strong>10416\/883 (Stari Grad, Rudine)<div class='content-column one_half'><div style=\"padding-right:6px;\"><p><strong>Datum snimanja \/ Erfassungsdatum<br \/>\n<\/strong>12.10.2024 11:08:04<\/p>\n<hr \/>\n<p><strong>Informacije<\/strong><\/p>\n<p>Godine 2023.\/2024. na poluotoku Kabal uz potporu EU postavljeno je 13 plo\u010da. Daju informacije na engleskom i hrvatskom jeziku o topografiji poluotoka<\/p><\/div><\/div><div class='content-column one_half last_column'><div style=\"padding-right:0px;padding-left:6px;\"><p><strong>Stupanj za\u0161tite \/ Schutzstellung<br \/>\n<\/strong>&#8211;<\/p>\n<hr \/>\n<p><strong>Info<\/strong><\/p>\n<p>In den Jahren 2023\/2024 wurden mit Unterst\u00fctzung der EU auf der Halbinsel Kabal 13 Tafeln aufgestellt. Sie Informieren in englischer und kroatischer Sprache \u00fcber Topographie, Flora und Fauna der Halbinsel<\/p><\/div><\/div><div class='clear_column'><\/div><\/p>\n<hr \/>\n<div class='content-column one_half'><div style=\"padding-right:6px;\"><p><img loading=\"lazy\" decoding=\"async\" class=\"aligncenter size-large wp-image-69851\" src=\"https:\/\/www.topohvar.at\/wp-content\/uploads\/2024\/11\/RU-IP-12-10-253x1024.jpg\" alt=\"\" width=\"253\" height=\"1024\" srcset=\"https:\/\/www.topohvar.at\/wp-content\/uploads\/2024\/11\/RU-IP-12-10-253x1024.jpg 253w, https:\/\/www.topohvar.at\/wp-content\/uploads\/2024\/11\/RU-IP-12-10-74x300.jpg 74w, https:\/\/www.topohvar.at\/wp-content\/uploads\/2024\/11\/RU-IP-12-10.jpg 315w\" sizes=\"auto, (max-width: 253px) 100vw, 253px\" \/><\/p><\/div><\/div><div class='content-column one_half last_column'><div style=\"padding-right:0px;padding-left:6px;\"><p>By turning north (north-east), you will rech the bay of Travna. Learn more about the coastral area immediately above the sea and the rare species that inhabit it, about the shore and sea sponges.<\/p>\n<p style=\"text-align: center;\">-\/-<\/p>\n<p>Skretanjem prema sjeveru (sjeveroistoku) do\u0107i \u0107ete do uvale Travna.Saznajte u njoj vi\u0161e o podru\u010dju obale neposredno iznad mora i rijetkim vrstama koje ga naseljavaju, o \u017ealu i morskim spu\u017evama.<\/p>\n<p style=\"text-align: center;\">-\/-<\/p>\n<p>Wenn Sie nach Norden (Nordosten) abbiegen, gelangen Sie zur Bucht Travna. Erfahren Sie mehr \u00fcber den K\u00fcstenbereich direkt \u00fcber dem Meer und die dort lebenden seltenen Arten, \u00fcber die K\u00fcsten- und Meeresschw\u00e4mme.<\/p>\n<hr \/>\n<p>Use our interactive \u00b4storymap\u00b4 application for further exploration of the Kabal peninsula through a media portrayal of its history, flora and fauna.<\/p>\n<p>-\/-<\/p>\n<p>Koristite na\u0161u interaktivnu \u00b4storymap\u00b4aplikaciju za daljnje otkrivanje poluotoka Kabal kroz medijsku sliku njegove povijest, flore i faune.<\/p>\n<p>-\/-<\/p>\n<p>Nutzen Sie unsere interaktive \u00b4storymap\u00b4-Anwendung, um die Kabal-Halbinsel anhand einer medialen Darstellung ihrer Geschichte, Flora und Fauna weiter zu erkunden.<\/p><\/div><\/div><div class='clear_column'><\/div><\/p>\n<p style=\"text-align: right;\"><span style=\"color: #3366ff;\"><a style=\"color: #3366ff;\" href=\"#seite_oben\">natrag na vrh \/ Seitenanfang<\/a><\/span><\/p>\n<hr \/>\n<p><strong>Linkovi \/ Links<\/strong><\/p>\n<p>&#8211;<\/p>\n","protected":false},"excerpt":{"rendered":"<p>Ime \/ Name Informativna plo\u0107a \u00bbKabal (3)\u00ab Code: RU-IP-12\u00a0 \u00a0 \u00a0 \u00a0 \u00a0 \u00a0 \u00a0 \u00a0 \u00a0 \u00a0 \u00a0 \u00a0\u00a0 \u00a0 \u00a0 \u00a0 \u00a0\u00a0\u00a0 Adresa \/ Adresse Rudina, Poluotok \/ Halbinsel Kabal Lokacija \/ Position Latitude: N 43,21812\u00b0\u00a0 \u00a0 Longitude: &hellip; <a href=\"https:\/\/www.topohvar.at\/topo\/orte\/ru\/ru-ip-12-1\/\">Weiterlesen <span class=\"meta-nav\">&rarr;<\/span><\/a><\/p>\n","protected":false},"author":1,"featured_media":0,"parent":93,"menu_order":0,"comment_status":"closed","ping_status":"closed","template":"","meta":{"footnotes":""},"class_list":["post-69848","page","type-page","status-publish","hentry"],"_links":{"self":[{"href":"https:\/\/www.topohvar.at\/topo\/wp-json\/wp\/v2\/pages\/69848","targetHints":{"allow":["GET"]}}],"collection":[{"href":"https:\/\/www.topohvar.at\/topo\/wp-json\/wp\/v2\/pages"}],"about":[{"href":"https:\/\/www.topohvar.at\/topo\/wp-json\/wp\/v2\/types\/page"}],"author":[{"embeddable":true,"href":"https:\/\/www.topohvar.at\/topo\/wp-json\/wp\/v2\/users\/1"}],"replies":[{"embeddable":true,"href":"https:\/\/www.topohvar.at\/topo\/wp-json\/wp\/v2\/comments?post=69848"}],"version-history":[{"count":7,"href":"https:\/\/www.topohvar.at\/topo\/wp-json\/wp\/v2\/pages\/69848\/revisions"}],"predecessor-version":[{"id":69955,"href":"https:\/\/www.topohvar.at\/topo\/wp-json\/wp\/v2\/pages\/69848\/revisions\/69955"}],"up":[{"embeddable":true,"href":"https:\/\/www.topohvar.at\/topo\/wp-json\/wp\/v2\/pages\/93"}],"wp:attachment":[{"href":"https:\/\/www.topohvar.at\/topo\/wp-json\/wp\/v2\/media?parent=69848"}],"curies":[{"name":"wp","href":"https:\/\/api.w.org\/{rel}","templated":true}]}}