{"id":69865,"date":"2024-11-03T11:08:05","date_gmt":"2024-11-03T10:08:05","guid":{"rendered":"https:\/\/www.topohvar.at\/topo\/?page_id=69865"},"modified":"2024-11-03T19:37:28","modified_gmt":"2024-11-03T18:37:28","slug":"ru-ip-07-1","status":"publish","type":"page","link":"https:\/\/www.topohvar.at\/topo\/orte\/ru\/ru-ip-07-1\/","title":{"rendered":"RUDINA &#8211; Informativna plo\u0107a \u00bbUgro\u017eenost biolo\u0161ke raznolikosti\u00ab"},"content":{"rendered":"<p><a name=\"seite_oben\"><\/a><br \/>\n<strong><img loading=\"lazy\" decoding=\"async\" class=\"aligncenter wp-image-69869 size-full\" src=\"https:\/\/www.topohvar.at\/wp-content\/uploads\/2024\/11\/ru-ip-07-0.jpg\" alt=\"\" width=\"1080\" height=\"530\" srcset=\"https:\/\/www.topohvar.at\/wp-content\/uploads\/2024\/11\/ru-ip-07-0.jpg 1080w, https:\/\/www.topohvar.at\/wp-content\/uploads\/2024\/11\/ru-ip-07-0-300x147.jpg 300w, https:\/\/www.topohvar.at\/wp-content\/uploads\/2024\/11\/ru-ip-07-0-1024x503.jpg 1024w, https:\/\/www.topohvar.at\/wp-content\/uploads\/2024\/11\/ru-ip-07-0-768x377.jpg 768w\" sizes=\"auto, (max-width: 1080px) 100vw, 1080px\" \/><\/strong><\/p>\n<p><strong>Ime \/ Name<br \/>\n<\/strong>Informativna plo\u0107a \u00bbUgro\u017eenost biolo\u0161ke raznolikosti\u00ab\/\u00bbGef\u00e4hrdung der biologischen Vielfalt\u00ab<\/p>\n<p><strong>Code: <\/strong>RU-IP-07\u00a0 \u00a0 \u00a0 \u00a0 \u00a0 \u00a0 \u00a0 \u00a0 \u00a0 \u00a0 \u00a0 \u00a0<strong>\u00a0 \u00a0 \u00a0 \u00a0 \u00a0<a href=\"https:\/\/www.topohvar.at\/orte\/ru\/ru-ip-13-1\/\"><img loading=\"lazy\" decoding=\"async\" class=\"alignnone wp-image-533 size-full\" src=\"https:\/\/www.topohvar.at\/wp-content\/uploads\/2018\/07\/push-l-30.jpg\" alt=\"\" width=\"61\" height=\"30\" \/><\/a>\u00a0<a href=\"https:\/\/www.topohvar.at\/orte\/ru\/\"><img loading=\"lazy\" decoding=\"async\" class=\"alignnone wp-image-535 size-full\" src=\"https:\/\/www.topohvar.at\/wp-content\/uploads\/2018\/07\/push-o-30.jpg\" alt=\"\" width=\"61\" height=\"30\" \/><\/a>\u00a0<a href=\"https:\/\/www.topohvar.at\/orte\/ru\/ru-ip-14-1\/\"><img loading=\"lazy\" decoding=\"async\" class=\"alignnone wp-image-536 size-full\" src=\"https:\/\/www.topohvar.at\/wp-content\/uploads\/2018\/07\/push-r-30.jpg\" alt=\"\" width=\"61\" height=\"30\" \/><\/a><\/strong><\/p>\n<hr \/>\n<p><strong>Adresa \/ Adresse<br \/>\n<\/strong>Rudina, Poluotok \/ Halbinsel Kabal<\/p>\n<p><strong>Lokacija \/ Position<a href=\"https:\/\/maps.app.goo.gl\/WLPo5dQXwHhKe8tKA\"><img loading=\"lazy\" decoding=\"async\" class=\"alignright wp-image-69857\" src=\"https:\/\/www.topohvar.at\/wp-content\/uploads\/2024\/11\/4199.jpg\" alt=\"\" width=\"134\" height=\"100\" \/><\/a><br \/>\n<\/strong><span style=\"color: #3366ff;\"><a style=\"color: #3366ff;\" href=\"https:\/\/maps.app.goo.gl\/WLPo5dQXwHhKe8tKA\">Latitude: N 43,22072\u00b0\u00a0 \u00a0 Longitude: E 16,56277\u00b0<\/a>\u00a0<\/span><strong><br \/>\n<\/strong>Visina \/ H\u00f6he: 61 m<\/p>\n<p><strong>Katastarska \u010destica \/ Grundst\u00fccke<br \/>\n<\/strong>10416\/673 (Stari Grad, Rudine)<div class='content-column one_half'><div style=\"padding-right:6px;\"><p><strong>Datum snimanja \/ Erfassungsdatum<br \/>\n<\/strong>12.10.2024 11:12:24<\/p>\n<hr \/>\n<p><strong>Informacije<\/strong><\/p>\n<p>Godine 2023.\/2024. na poluotoku Kabal uz potporu EU postavljeno je 13 plo\u010da. Daju informacije na engleskom i hrvatskom jeziku o topografiji poluotoka.<\/p><\/div><\/div><div class='content-column one_half last_column'><div style=\"padding-right:0px;padding-left:6px;\"><p><strong>Stupanj za\u0161tite \/ Schutzstellung<br \/>\n<\/strong>&#8211;<\/p>\n<hr \/>\n<p><strong>Info<\/strong><\/p>\n<p>In den Jahren 2023\/2024 wurden mit Unterst\u00fctzung der EU auf der Halbinsel Kabal 13 Tafeln aufgestellt. Sie Informieren in englischer und kroatischer Sprache \u00fcber Topographie, Flora und Fauna der Halbinsel.<\/p><\/div><\/div><div class='clear_column'><\/div><div class='content-column one_half'><div style=\"padding-right:6px;\"><p>Nedaleko od ove plo\u010de je tabla RU-IP-13 &#8222;Kabal (2)&#8220;<\/p><\/div><\/div><div class='content-column one_half last_column'><div style=\"padding-right:0px;padding-left:6px;\"><p>Unweit dieser Tafel steht die Tafel RU-IP-13 &#8222;Kabal (2)&#8220;<\/p><\/div><\/div><div class='clear_column'><\/div><\/p>\n<hr \/>\n<div class='content-column one_half'><div style=\"padding-right:6px;\"><p>Ugro\u017eenost biolo\u0161ke raznolikosti<\/p>\n<p>\u010covjek na mnoge na\u010dine negativno utje\u010de na biolo\u0161ku razlinost podmorja. To je vidljivo i na poluotoku Kabal. Najve\u0107e ugroze su nauti\u010dki turizam, pretjerani ribolov i skupljanje morskih organizama, morski otpad te \u0161irenje stranih vrsta. Razli\u010dite bolesti tako\u0111er drasti\u010dno utje\u010du na podmorski svijet. Npr. \u0161koljka\u0161 plemenita periska, <em>Pinna nobilis<\/em>, dizivio je drasti\u010dan pomor koji je zahviato cijelo Sredozemlje.<\/p><\/div><\/div><div class='content-column one_half last_column'><div style=\"padding-right:0px;padding-left:6px;\"><p>Gef\u00e4hrdung der biologischen Vielfalt<\/p>\n<p>Der Mensch hat in vielerlei Hinsicht einen negativen Einfluss auf die biologische Vielfalt des Meeres. Dies ist auch auf der Kabal-Halbinsel sichtbar. Die gr\u00f6\u00dften Bedrohungen sind der Wassertourismus, die \u00fcberm\u00e4\u00dfige Fischerei und das Sammeln von Meeresorganismen, Meeresabf\u00e4llen und die Ausbreitung fremder Arten. Auch verschiedene Krankheiten beeintr\u00e4chtigen die Unterwasserwelt drastisch. Zum Beispiel Das Edel-Immergr\u00fcn, Pinna nobilis, verursachte eine drastische Plage, die das gesamte Mittelmeer befiel.<\/p><\/div><\/div><div class='clear_column'><\/div><div class='content-column one_half'><div style=\"padding-right:6px;\"><p><img loading=\"lazy\" decoding=\"async\" class=\"aligncenter wp-image-69872 size-full\" src=\"https:\/\/www.topohvar.at\/wp-content\/uploads\/2024\/11\/RU-IP-07-10.jpg\" alt=\"\" width=\"315\" height=\"1037\" srcset=\"https:\/\/www.topohvar.at\/wp-content\/uploads\/2024\/11\/RU-IP-07-10.jpg 315w, https:\/\/www.topohvar.at\/wp-content\/uploads\/2024\/11\/RU-IP-07-10-91x300.jpg 91w, https:\/\/www.topohvar.at\/wp-content\/uploads\/2024\/11\/RU-IP-07-10-311x1024.jpg 311w\" sizes=\"auto, (max-width: 315px) 100vw, 315px\" \/><\/p><\/div><\/div><div class='content-column one_half last_column'><div style=\"padding-right:0px;padding-left:6px;\"><p>&nbsp;<\/p>\n<p>PRETJERANI RIBOLOV I SAKUPLJANJE MORSKIH ORGANIZAMA<br \/>\nPrije pedesetak godina podmorje poluotoka Kabal izgledalo je potpuno druga\u010dije. Bilo je bogatije ribama, \u0161koljka\u0161ima, glavono\u0161cima i algama. \u010cesta vrsta bila je riba kavala; danas je gotovo istrijebljena, ba\u0161 kao i kirnje i kova\u010di. Desetije\u0107ima je komercijalni, sportski, ali ilegalni ribolov ubrzano smanjivao biolo\u0161ku raznolikost podmorja. Tisu\u0107e \u0161koljaka, zvjezda\u010da i rakova turisti su odnijeli kao suvenire. Skupljanje prstaca promijenilo je izgled obale, uni\u0161tilo slge i pove\u0107alo brojnost je\u017einaca.<\/p>\n<p style=\"text-align: center;\">-\/-<\/p>\n<p>\u00dcBERFISCHUNG UND SAMMLUNG VON MEERESORGANISMEN<br \/>\nVor etwa f\u00fcnfzig Jahren sah die Unterwasserwelt der Halbinsel Kabal v\u00f6llig anders aus. Sie war reicher an Fischen, Schalentieren, Kopff\u00fc\u00dfern und Algen. Eine h\u00e4ufige Art war der Kavala-Fisch; Heute ist er fast ausgerottet, genau wie Zackenbarsche und Kova\u010de. Jahrzehntelang hat kommerzieller, sportlicher und illegaler Fischfang die biologische Vielfalt der Unterwasserwelt rapide verringert. Tausende Muscheln, Seesterne und Krabben wurden von Touristen als Souvenirs mitgenommen. Das Sammeln von Jungfischen ver\u00e4nderte das Erscheinungsbild der K\u00fcste, vernichtete die Schnecken und erh\u00f6hte die Zahl der Seeigel.<\/p><\/div><\/div><div class='clear_column'><\/div><div class='content-column one_half'><div style=\"padding-right:6px;\"><p>MORSKI OTPAD<br \/>\nSlu\u010dajno ili namjerno, goleme koli\u010dine otpada nekontrolirano zavr\u0161avaju u moru. Najvi\u0161e zabrinjava plasti\u010dni otpad, koji se u moru raspada u manje fragmente (mikroplastiku) te ulazi u planktonske organizme, a hranidbenim mre\u017eama\u00a0 i konzumiranjem organizama iz mora dospijeva i u tijelo \u010dovjeka. Smjer struja u Jadranu je od juga prema sjeveru. Struje uz ju\u017ene vjetrove donose do hrvatske obale i otpad inozemnog porijekla, \u0161to slikovito pokazuje kako odlaganje otpada nadilazi nacionalne granice.<\/p><\/div><\/div><div class='content-column one_half last_column'><div style=\"padding-right:0px;padding-left:6px;\"><p>MEERESM\u00dcLL<br \/>\nUnabsichtlich oder absichtlich landen riesige Mengen M\u00fcll unkontrolliert im Meer. Am besorgniserregendsten ist Plastikm\u00fcll, der im Meer in kleinere Fragmente (Mikroplastik) zerf\u00e4llt, in Planktonorganismen gelangt und \u00fcber Nahrungsnetze und den Verzehr von Organismen aus dem Meer auch in den menschlichen K\u00f6rper gelangt. Die Str\u00f6mungsrichtung der Adria verl\u00e4uft von S\u00fcden nach Norden. Str\u00f6mungen mit S\u00fcdwind bringen auch Abf\u00e4lle ausl\u00e4ndischer Herkunft an die kroatische K\u00fcste, was anschaulich zeigt, wie die Abfallentsorgung \u00fcber die Landesgrenzen hinausgeht.<\/p><\/div><\/div><div class='clear_column'><\/div><div class='content-column one_half'><div style=\"padding-right:6px;\"><p>STRANE VRSTE<br \/>\nBrojne strane vrste \u0161ire se Sredozemnim morem, pa tako i Jadranom. Unesene su balastnim vodama, obra\u0161tajem brodova, ispu\u0161tanjem iz akvarija, bijegom iz marikulturnih uzgajali\u0161ta ili prolaskom kroz Sueski kanal iz Crvenoga mora. Mnoge su otkrivene i oko poluotoka Kabla, kao \u0161to je zelena alga <em>Caulerpa taxifolia<\/em>, jedna od najpoznatijih stranih vrsta u cijelom svijetu. U na\u0161e je more vjerojatno dospjela na sidrima brodova.<\/p><\/div><\/div><div class='content-column one_half last_column'><div style=\"padding-right:0px;padding-left:6px;\"><p>AUSL\u00c4NDISCHE ARTEN<br \/>\nZahlreiche gebietsfremde Arten verbreiten sich im Mittelmeer, darunter auch in der Adria. Sie wurden durch Ballastwasser, Schiffsverschmutzung, Einleitungen aus Aquarien, Flucht aus Marikulturfarmen oder die Passage aus dem Roten Meer durch den Suezkanal eingeschleppt. Viele wurden auch rund um die Halbinsel Kabal entdeckt, wie zum Beispiel die Gr\u00fcnalge <em>Caulerpa taxifolia<\/em>, eine der ber\u00fchmtesten gebietsfremden Arten auf der ganzen Welt. Vermutlich gelangte es \u00fcber die Anker von Schiffen in unser Meer.<\/p><\/div><\/div><div class='clear_column'><\/div><div class='content-column one_half'><div style=\"padding-right:6px;\"><p>Sidrenje<br \/>\nDanas je sidrenje nesumnjivo najve\u0107a opasnost za naselja posidonje. Svako sidrenje u posidoniji zasigurno \u0107e uni\u0161titi desetke, mo\u017eda i stotine biljaka te \u0107e napraviti o\u017eiljak u njezinu naselju koji se ne\u0107e obnoviti ni nekoliko desetaka godina. Biljke kojima prijeti uni\u0161tenje sidrenjem mogu biti stare nekoliko stotina, pa i vi\u0161e od tisu\u0107u godina.<\/p><\/div><\/div><div class='content-column one_half last_column'><div style=\"padding-right:0px;padding-left:6px;\"><p>Ankern<br \/>\nHeutzutage ist das Ankern zweifellos die gr\u00f6\u00dfte Gefahr f\u00fcr den Meeresboden. Jedes Ankern am Meeresgrund wird mit Sicherheit Dutzende, vielleicht sogar Hunderte von Pflanzen zerst\u00f6ren und eine Narbe in ihrer Besiedlung hinterlassen, die mehrere Dutzend Jahre lang nicht wiederhergestellt werden kann. Pflanzen, denen durch das Ankern die Zerst\u00f6rung droht, k\u00f6nnen mehrere hundert oder sogar mehr als tausend Jahre alt sein.<\/p><\/div><\/div><div class='clear_column'><\/div><\/p>\n<p style=\"text-align: right;\"><span style=\"color: #3366ff;\"><a style=\"color: #3366ff;\" href=\"#seite_oben\">natrag na vrh \/ Seitenanfang<\/a><\/span><\/p>\n<hr \/>\n<p><strong>Linkovi \/ Links<\/strong><\/p>\n<p><span style=\"color: #3366ff;\"><a style=\"color: #3366ff;\" href=\"https:\/\/www.topohvar.at\/topo\/orte\/ru\/ru-ip-13-1\/\">Informativna plo\u0107a RU-IP-13 &#8222;Kabal (2)&#8220;<\/a><\/span><\/p>\n","protected":false},"excerpt":{"rendered":"<p>Ime \/ Name Informativna plo\u0107a \u00bbUgro\u017eenost biolo\u0161ke raznolikosti\u00ab\/\u00bbGef\u00e4hrdung der biologischen Vielfalt\u00ab Code: RU-IP-07\u00a0 \u00a0 \u00a0 \u00a0 \u00a0 \u00a0 \u00a0 \u00a0 \u00a0 \u00a0 \u00a0 \u00a0\u00a0 \u00a0 \u00a0 \u00a0 \u00a0\u00a0\u00a0 Adresa \/ Adresse Rudina, Poluotok \/ Halbinsel Kabal Lokacija \/ Position Latitude: &hellip; <a href=\"https:\/\/www.topohvar.at\/topo\/orte\/ru\/ru-ip-07-1\/\">Weiterlesen <span class=\"meta-nav\">&rarr;<\/span><\/a><\/p>\n","protected":false},"author":1,"featured_media":0,"parent":93,"menu_order":0,"comment_status":"closed","ping_status":"closed","template":"","meta":{"footnotes":""},"class_list":["post-69865","page","type-page","status-publish","hentry"],"_links":{"self":[{"href":"https:\/\/www.topohvar.at\/topo\/wp-json\/wp\/v2\/pages\/69865","targetHints":{"allow":["GET"]}}],"collection":[{"href":"https:\/\/www.topohvar.at\/topo\/wp-json\/wp\/v2\/pages"}],"about":[{"href":"https:\/\/www.topohvar.at\/topo\/wp-json\/wp\/v2\/types\/page"}],"author":[{"embeddable":true,"href":"https:\/\/www.topohvar.at\/topo\/wp-json\/wp\/v2\/users\/1"}],"replies":[{"embeddable":true,"href":"https:\/\/www.topohvar.at\/topo\/wp-json\/wp\/v2\/comments?post=69865"}],"version-history":[{"count":9,"href":"https:\/\/www.topohvar.at\/topo\/wp-json\/wp\/v2\/pages\/69865\/revisions"}],"predecessor-version":[{"id":69910,"href":"https:\/\/www.topohvar.at\/topo\/wp-json\/wp\/v2\/pages\/69865\/revisions\/69910"}],"up":[{"embeddable":true,"href":"https:\/\/www.topohvar.at\/topo\/wp-json\/wp\/v2\/pages\/93"}],"wp:attachment":[{"href":"https:\/\/www.topohvar.at\/topo\/wp-json\/wp\/v2\/media?parent=69865"}],"curies":[{"name":"wp","href":"https:\/\/api.w.org\/{rel}","templated":true}]}}