{"id":69897,"date":"2024-11-03T19:25:08","date_gmt":"2024-11-03T18:25:08","guid":{"rendered":"https:\/\/www.topohvar.at\/topo\/?page_id=69897"},"modified":"2024-11-04T17:31:33","modified_gmt":"2024-11-04T16:31:33","slug":"ru-ip10-1","status":"publish","type":"page","link":"https:\/\/www.topohvar.at\/topo\/orte\/ru\/ru-ip10-1\/","title":{"rendered":"RUDINA &#8211; Informativna plo\u0107a \u00bbKabal (1)\u00ab"},"content":{"rendered":"<p><a name=\"seite_oben\"><\/a><br \/>\n<strong><img loading=\"lazy\" decoding=\"async\" class=\"aligncenter wp-image-69899 size-full\" src=\"https:\/\/www.topohvar.at\/wp-content\/uploads\/2024\/11\/ru-ip-10-0.jpg\" alt=\"\" width=\"1080\" height=\"530\" srcset=\"https:\/\/www.topohvar.at\/wp-content\/uploads\/2024\/11\/ru-ip-10-0.jpg 1080w, https:\/\/www.topohvar.at\/wp-content\/uploads\/2024\/11\/ru-ip-10-0-300x147.jpg 300w, https:\/\/www.topohvar.at\/wp-content\/uploads\/2024\/11\/ru-ip-10-0-1024x503.jpg 1024w, https:\/\/www.topohvar.at\/wp-content\/uploads\/2024\/11\/ru-ip-10-0-768x377.jpg 768w\" sizes=\"auto, (max-width: 1080px) 100vw, 1080px\" \/><\/strong><\/p>\n<p><strong>Ime \/ Name<br \/>\n<\/strong>Informativna plo\u0107a \u00bbKabal (1)\u00ab<\/p>\n<p><strong>Code: <\/strong>RU-IP-10\u00a0 \u00a0 \u00a0 \u00a0 \u00a0 \u00a0 \u00a0 \u00a0 \u00a0 \u00a0 \u00a0 \u00a0<strong>\u00a0 \u00a0 \u00a0 \u00a0 \u00a0<a href=\"https:\/\/www.topohvar.at\/orte\/ru\/ru-ip-02-1\/\"><img loading=\"lazy\" decoding=\"async\" class=\"alignnone wp-image-533 size-full\" src=\"https:\/\/www.topohvar.at\/wp-content\/uploads\/2018\/07\/push-l-30.jpg\" alt=\"\" width=\"61\" height=\"30\" \/><\/a>\u00a0<a href=\"https:\/\/www.topohvar.at\/orte\/ru\/\"><img loading=\"lazy\" decoding=\"async\" class=\"alignnone wp-image-535 size-full\" src=\"https:\/\/www.topohvar.at\/wp-content\/uploads\/2018\/07\/push-o-30.jpg\" alt=\"\" width=\"61\" height=\"30\" \/><\/a>\u00a0<a href=\"https:\/\/www.topohvar.at\/orte\/ru\/ru-ip-11-1\/\"><img loading=\"lazy\" decoding=\"async\" class=\"alignnone wp-image-536 size-full\" src=\"https:\/\/www.topohvar.at\/wp-content\/uploads\/2018\/07\/push-r-30.jpg\" alt=\"\" width=\"61\" height=\"30\" \/><\/a><\/strong><\/p>\n<hr \/>\n<p><strong>Adresa \/ Adresse<br \/>\n<\/strong>Rudina, Poluotok \/ Halbinsel Kabal<\/p>\n<p><strong>Lokacija \/ Position<img loading=\"lazy\" decoding=\"async\" class=\"alignright wp-image-69923 size-full\" src=\"https:\/\/www.topohvar.at\/wp-content\/uploads\/2024\/11\/4206-1.jpg\" alt=\"\" width=\"267\" height=\"200\" \/><br \/>\n<\/strong><span style=\"color: #3366ff;\"><a style=\"color: #3366ff;\" href=\"https:\/\/maps.app.goo.gl\/vUtP8dXq4abEx16x5\">Latitude: N 43,20261\u00b0\u00a0 \u00a0 Longitude: E 16,57881\u00b0<\/a>\u00a0<\/span><strong><br \/>\n<\/strong>Visina \/ H\u00f6he: 44 m<\/p>\n<p><strong>Katastarska \u010destica \/ Grundst\u00fccke<br \/>\n<\/strong>10375\/5 (Stari Grad, Rudine)<div class='content-column one_half'><div style=\"padding-right:6px;\"><p><strong>Datum snimanja \/ Erfassungsdatum<br \/>\n<\/strong>12.10.2024 12:25:47<\/p>\n<hr \/>\n<p><strong>Informacije<\/strong><\/p>\n<p>Godine 2023.\/2024. na poluotoku Kabal uz potporu EU postavljeno je 13 plo\u010da. Daju informacije na engleskom i hrvatskom jeziku o topografiji poluotoka<\/p><\/div><\/div><div class='content-column one_half last_column'><div style=\"padding-right:0px;padding-left:6px;\"><p><strong>Stupanj za\u0161tite \/ Schutzstellung<br \/>\n<\/strong>&#8211;<\/p>\n<hr \/>\n<p><strong>Info<\/strong><\/p>\n<p>In den Jahren 2023\/2024 wurden mit Unterst\u00fctzung der EU auf der Halbinsel Kabal 13 Tafeln aufgestellt. Sie Informieren in englischer und kroatischer Sprache \u00fcber Topographie, Flora und Fauna der Halbinsel<\/p><\/div><\/div><div class='clear_column'><\/div><\/p>\n<hr \/>\n<div class='content-column one_half'><div style=\"padding-right:6px;\"><p><img loading=\"lazy\" decoding=\"async\" class=\"aligncenter size-full wp-image-69906\" src=\"https:\/\/www.topohvar.at\/wp-content\/uploads\/2024\/11\/RU-IP-10-10.jpg\" alt=\"\" width=\"315\" height=\"1124\" srcset=\"https:\/\/www.topohvar.at\/wp-content\/uploads\/2024\/11\/RU-IP-10-10.jpg 315w, https:\/\/www.topohvar.at\/wp-content\/uploads\/2024\/11\/RU-IP-10-10-84x300.jpg 84w, https:\/\/www.topohvar.at\/wp-content\/uploads\/2024\/11\/RU-IP-10-10-287x1024.jpg 287w\" sizes=\"auto, (max-width: 315px) 100vw, 315px\" \/><\/p><\/div><\/div><div class='content-column one_half last_column'><div style=\"padding-right:0px;padding-left:6px;\"><p>Welcome to our interpretive walkscape on the beautiful Kabal peninsula. this stunning zone is home to a rich variety of marine and coastal plant and animal life. As you explore the peninsula, keep an eye out for some of the many fascinating species that call this place home. You might spot fish species gliding elegantly underneath the surface, or even playful dolphins frolicking in the crystal-clear warters. The rocky shores are also home to a diverse array of plant life, including colorful wild flowers and fragrant herbs. We will alert you to the threats to the preservation of species and underwater habitats of this peninsula, protected as part of the<em> Natura 2000 Ecological Network<\/em>. On one side there is the deep, open sea, and on the other, secluded, calm, andshallow bays; it is an ideal place for the diverse marine organisms that live here. There\u00b4s so much to see and discover on our interpretive walkskape, so let\u00b4s get started.<\/p>\n<p style=\"text-align: center;\">-\/-<\/p>\n<p>Willkommen auf unserem Lehrpfad auf der wundersch\u00f6nen Halbinsel Kabal. Dieses atemberaubende Gebiet ist die Heimat einer reichen Vielfalt an Meeres- und K\u00fcstenpflanzen und -tieren. Halten Sie bei Ihrer Erkundung der Halbinsel Ausschau nach einigen der vielen faszinierenden Arten, die diesen Ort ihr Zuhause nennen. Vielleicht sehen Sie Fischarten, die elegant unter der Oberfl\u00e4che dahingleiten, oder sogar verspielte Delfine, die in den kristallklaren Warzen herumtollen. Die felsigen K\u00fcsten sind auch die Heimat einer vielf\u00e4ltigen Pflanzenwelt, darunter farbenfrohe Wildblumen und duftende Kr\u00e4uter. Wir machen Sie auf die Bedrohungen f\u00fcr den Artenerhalt und die Unterwasserlebensr\u00e4ume dieser Halbinsel aufmerksam, die als Teil des <em>\u00f6kologischen Netzwerks Natura 2000<\/em> gesch\u00fctzt sind. Auf der einen Seite gibt es das tiefe, offene Meer und auf der anderen abgeschiedene, ruhige und flache Buchten; es ist ein idealer Ort f\u00fcr die vielf\u00e4ltigen Meeresorganismen, die hier leben. Auf unserem Lehrpfad gibt es so viel zu sehen und zu entdecken, also fangen wir an.<\/p><\/div><\/div><div class='clear_column'><\/div><div class='content-column one_half'><div style=\"padding-right:6px;\"><p>(Hrvatski tekst malo se razlikuje od engleskog:)<br \/>\nDobro do\u0161li na interpretativnu stazu po prekrasnom poluotoku Kablu. Njome mo\u017eete po\u0107i u istra\u017eivanje njegovih uvala i rtova te upoznati izuzetnu biolo\u0161ku raznolikost obale i podmorja. Mo\u017eda \u0107ete ispred rta Kabal uo\u010diti peraje dupina, u Zavali plivati iznad tisu\u0107ljetnih naselja posidonije, a u \u017dukovi nau\u010diti loviti komar\u010de te ugaziti u goleme stope sauropodnih dinosaura. Saznat \u0107ete kako \u017eive morski organizmi, ali i to kako su \u010dovjeku na ovom podru\u010dju koristili stolje\u0107ima. Upozorit \u0107emo vas na prijetnje o\u010duvanju vrsta i stani\u0161ta podmorja ovoga poluotoka, za\u0161ti\u0107enoga kao dio <em>Ecolo\u0161ke mre\u017ee Natura 2000<\/em>. S jedne strane duboko, otvoreno more, a s druge skrovite, mirne i plitke uvale; to je idealno mjesto za raznovrsne morske organizme koji ovdje \u017eive. Po\u0111imo!<\/p>\n<p style=\"text-align: left;\"><\/div><\/div><div class='content-column one_half last_column'><div style=\"padding-right:0px;padding-left:6px;\"><p>(Der kroatische Text weicht etwas vom englischen ab:)<br \/>\nWillkommen auf dem Lehrpfad rund um die wundersch\u00f6ne Halbinsel Kabal. Damit k\u00f6nnen Sie seine Buchten und Kaps erkunden und die au\u00dfergew\u00f6hnliche biologische Vielfalt der K\u00fcste und des Meeres kennenlernen. Vielleicht entdecken Sie Delfinflossen vor Kap Kabal, schwimmen \u00fcber tausend Jahre alten Posidonia-Siedlungen in Zavala, lernen in \u017dukova, wie man Komar\u010de jagt, und treten in die riesigen Fu\u00dfabdr\u00fccke von Sauropoden Dinosauriern. Sie erfahren, wie Meeresorganismen leben, aber auch, wie sie den Menschen in dieser Gegend seit Jahrhunderten von Nutzen sind. Wir warnen Sie vor der St\u00f6rung der Arten und Lebensr\u00e4ume des Unterwasserteils dieser Halbinsel, der im Rahmen des <em>\u00d6kologischen Netzwerks Natura 2000<\/em> gesch\u00fctzt ist. Auf einer Seite ein tiefes, offenes Meer, auf der anderen Seite verborgene, ruhige und flache Buchten; Es ist ein idealer Ort f\u00fcr die Vielfalt der hier lebenden Meeresorganismen. Lass uns gehen!<\/p><\/div><\/div><div class='clear_column'><\/div><\/p>\n<hr \/>\n<div class='content-column one_half'><div style=\"padding-right:6px;\"><\/div><\/div>\n<p>Use our interactive \u00b4storymap\u00b4 application for further exploration of the Kabal peninsula through a media portrayal of its history, flora and fauna.<\/p>\n<p>-\/-<\/p>\n<p>Koristite na\u0161u interaktivnu \u00b4storymap\u00b4aplikaciju za daljnje otkrivanje poluotoka Kabal kroz medijsku sliku njegove povijest, flore i faune.<\/p>\n<p>-\/-<\/p>\n<p>Nutzen Sie unsere interaktive \u00b4storymap\u00b4-Anwendung, um die Kabal-Halbinsel anhand einer medialen Darstellung ihrer Geschichte, Flora und Fauna weiter zu erkunden.<\/p>\n<p>[\/one_half_last]<\/p>\n<p style=\"text-align: right;\"><span style=\"color: #3366ff;\"><a style=\"color: #3366ff;\" href=\"#seite_oben\">natrag na vrh \/ Seitenanfang<\/a><\/span><\/p>\n<hr \/>\n<p><strong>Linkovi \/ Links<\/strong><\/p>\n<p>&#8211;<\/p>\n","protected":false},"excerpt":{"rendered":"<p>Ime \/ Name Informativna plo\u0107a \u00bbKabal (1)\u00ab Code: RU-IP-10\u00a0 \u00a0 \u00a0 \u00a0 \u00a0 \u00a0 \u00a0 \u00a0 \u00a0 \u00a0 \u00a0 \u00a0\u00a0 \u00a0 \u00a0 \u00a0 \u00a0\u00a0\u00a0 Adresa \/ Adresse Rudina, Poluotok \/ Halbinsel Kabal Lokacija \/ Position Latitude: N 43,20261\u00b0\u00a0 \u00a0 Longitude: &hellip; <a href=\"https:\/\/www.topohvar.at\/topo\/orte\/ru\/ru-ip10-1\/\">Weiterlesen <span class=\"meta-nav\">&rarr;<\/span><\/a><\/p>\n","protected":false},"author":1,"featured_media":0,"parent":93,"menu_order":0,"comment_status":"closed","ping_status":"closed","template":"","meta":{"footnotes":""},"class_list":["post-69897","page","type-page","status-publish","hentry"],"_links":{"self":[{"href":"https:\/\/www.topohvar.at\/topo\/wp-json\/wp\/v2\/pages\/69897","targetHints":{"allow":["GET"]}}],"collection":[{"href":"https:\/\/www.topohvar.at\/topo\/wp-json\/wp\/v2\/pages"}],"about":[{"href":"https:\/\/www.topohvar.at\/topo\/wp-json\/wp\/v2\/types\/page"}],"author":[{"embeddable":true,"href":"https:\/\/www.topohvar.at\/topo\/wp-json\/wp\/v2\/users\/1"}],"replies":[{"embeddable":true,"href":"https:\/\/www.topohvar.at\/topo\/wp-json\/wp\/v2\/comments?post=69897"}],"version-history":[{"count":12,"href":"https:\/\/www.topohvar.at\/topo\/wp-json\/wp\/v2\/pages\/69897\/revisions"}],"predecessor-version":[{"id":69934,"href":"https:\/\/www.topohvar.at\/topo\/wp-json\/wp\/v2\/pages\/69897\/revisions\/69934"}],"up":[{"embeddable":true,"href":"https:\/\/www.topohvar.at\/topo\/wp-json\/wp\/v2\/pages\/93"}],"wp:attachment":[{"href":"https:\/\/www.topohvar.at\/topo\/wp-json\/wp\/v2\/media?parent=69897"}],"curies":[{"name":"wp","href":"https:\/\/api.w.org\/{rel}","templated":true}]}}