{"id":69917,"date":"2024-11-04T16:37:10","date_gmt":"2024-11-04T15:37:10","guid":{"rendered":"https:\/\/www.topohvar.at\/topo\/?page_id=69917"},"modified":"2024-11-05T12:24:18","modified_gmt":"2024-11-05T11:24:18","slug":"ru-ip-11-1","status":"publish","type":"page","link":"https:\/\/www.topohvar.at\/topo\/orte\/ru\/ru-ip-11-1\/","title":{"rendered":"RUDINA &#8211; Informativna plo\u0107a \u00bbKabal (2)\u00ab"},"content":{"rendered":"<p><a name=\"seite_oben\"><\/a><br \/>\n<strong><img loading=\"lazy\" decoding=\"async\" class=\"aligncenter wp-image-69928 size-full\" src=\"https:\/\/www.topohvar.at\/wp-content\/uploads\/2024\/11\/ru-ip-11-0.jpg\" alt=\"\" width=\"1080\" height=\"530\" srcset=\"https:\/\/www.topohvar.at\/wp-content\/uploads\/2024\/11\/ru-ip-11-0.jpg 1080w, https:\/\/www.topohvar.at\/wp-content\/uploads\/2024\/11\/ru-ip-11-0-300x147.jpg 300w, https:\/\/www.topohvar.at\/wp-content\/uploads\/2024\/11\/ru-ip-11-0-1024x503.jpg 1024w, https:\/\/www.topohvar.at\/wp-content\/uploads\/2024\/11\/ru-ip-11-0-768x377.jpg 768w\" sizes=\"auto, (max-width: 1080px) 100vw, 1080px\" \/><\/strong><\/p>\n<p><strong>Ime \/ Name<br \/>\n<\/strong>Informativna plo\u0107a \u00bbKabal (2)\u00ab<\/p>\n<p><strong>Code: <\/strong>RU-IP-11\u00a0 \u00a0 \u00a0 \u00a0 \u00a0 \u00a0 \u00a0 \u00a0 \u00a0 \u00a0 \u00a0 \u00a0<strong>\u00a0 \u00a0 \u00a0 \u00a0 \u00a0<a href=\"https:\/\/www.topohvar.at\/topo\/orte\/ru\/ru-ip10-1\/\"><img loading=\"lazy\" decoding=\"async\" class=\"alignnone wp-image-533 size-full\" src=\"https:\/\/www.topohvar.at\/wp-content\/uploads\/2018\/07\/push-l-30.jpg\" alt=\"\" width=\"61\" height=\"30\" \/><\/a>\u00a0<a href=\"https:\/\/www.topohvar.at\/orte\/ru\/\"><img loading=\"lazy\" decoding=\"async\" class=\"alignnone wp-image-535 size-full\" src=\"https:\/\/www.topohvar.at\/wp-content\/uploads\/2018\/07\/push-o-30.jpg\" alt=\"\" width=\"61\" height=\"30\" \/><\/a>\u00a0<a href=\"https:\/\/www.topohvar.at\/orte\/ru\/ru-ip-03-1\/\"><img loading=\"lazy\" decoding=\"async\" class=\"alignnone wp-image-536 size-full\" src=\"https:\/\/www.topohvar.at\/wp-content\/uploads\/2018\/07\/push-r-30.jpg\" alt=\"\" width=\"61\" height=\"30\" \/><\/a><\/strong><\/p>\n<hr \/>\n<p><strong>Adresa \/ Adresse<br \/>\n<\/strong>Rudina, Poluotok \/ Halbinsel Kabal<\/p>\n<p><strong>Lokacija \/ Position<a href=\"https:\/\/maps.app.goo.gl\/cUEqSv2rXjr6YdqQ7\"><img loading=\"lazy\" decoding=\"async\" class=\"alignright wp-image-69921\" src=\"https:\/\/www.topohvar.at\/wp-content\/uploads\/2024\/11\/4205-1.jpg\" alt=\"\" width=\"134\" height=\"100\" \/><\/a><br \/>\n<\/strong><a href=\"https:\/\/maps.app.goo.gl\/cUEqSv2rXjr6YdqQ7\"><span style=\"color: #3366ff;\">Latitude: N 43,20323\u00b0\u00a0 \u00a0 Longitude: E 16,57749\u00b0\u00a0<\/span><\/a><strong><br \/>\n<\/strong>Visina \/ H\u00f6he: 43 m<\/p>\n<p><strong>Katastarska \u010destica \/ Grundst\u00fccke<br \/>\n<\/strong>10416\/866(Stari Grad, Rudine)<div class='content-column one_half'><div style=\"padding-right:6px;\"><p><strong>Datum snimanja \/ Erfassungsdatum<br \/>\n<\/strong>12.10.2024 12:23:31<\/p>\n<hr \/>\n<p><strong>Informacije<\/strong><\/p>\n<p>Godine 2023.\/2024. na poluotoku Kabal uz potporu EU postavljeno je 13 plo\u010da. Daju informacije na engleskom i hrvatskom jeziku o topografiji poluotoka<\/p><\/div><\/div><div class='content-column one_half last_column'><div style=\"padding-right:0px;padding-left:6px;\"><p><strong>Stupanj za\u0161tite \/ Schutzstellung<br \/>\n<\/strong>&#8211;<\/p>\n<hr \/>\n<p><strong>Info<\/strong><\/p>\n<p>In den Jahren 2023\/2024 wurden mit Unterst\u00fctzung der EU auf der Halbinsel Kabal 13 Tafeln aufgestellt. Sie Informieren in englischer und kroatischer Sprache \u00fcber Topographie, Flora und Fauna der Halbinsel<\/p><\/div><\/div><div class='clear_column'><\/div><\/p>\n<hr \/>\n<div class='content-column one_half'><div style=\"padding-right:6px;\"><p><img loading=\"lazy\" decoding=\"async\" class=\"aligncenter wp-image-69929 size-full\" src=\"https:\/\/www.topohvar.at\/wp-content\/uploads\/2024\/11\/RU-IP-11-10.jpg\" alt=\"\" width=\"315\" height=\"1088\" srcset=\"https:\/\/www.topohvar.at\/wp-content\/uploads\/2024\/11\/RU-IP-11-10.jpg 315w, https:\/\/www.topohvar.at\/wp-content\/uploads\/2024\/11\/RU-IP-11-10-87x300.jpg 87w\" sizes=\"auto, (max-width: 315px) 100vw, 315px\" \/><\/p><\/div><\/div><div class='content-column one_half last_column'><div style=\"padding-right:0px;padding-left:6px;\"><p>Descent into the Zavala bay towards the southwest, and into the \u017dukova bay towards the northeast. in Zavala, learn more anbout the settlements of the sea flower posidonia, and in \u017dukova about the fish komar\u010da and the baits used for it, as well as dinosaur footprints preserved in it.<\/p>\n<p style=\"text-align: center;\">-\/-<\/p>\n<p>Spustite se u uvalu Zavala prema jugozapadu, a uvalu \u017dukova prema sjeveroistoku. U Zavali saznajte vi\u0161e o naseljima morske cvjetnice posidonije, a u \u017dukovi o ribi komar\u010di i mamcima koji se za nju koriste, te stopama dinosaura koje su u njoj sa\u010duvanje.<\/p>\n<p style=\"text-align: center;\">-\/-<\/p>\n<p>Gehen Sie hinunter zur Bucht Zavala im S\u00fcdwesten und zur Bucht \u017dukova im Nordosten. In Zavala erfahren Sie mehr \u00fcber die Amsiedlungen der Posidonia-Meeresblume und in \u017dukova \u00fcber den Komar\u010da (M\u00fcckenfisch ?) und die daf\u00fcr verwendeten K\u00f6der sowie die dort erhaltenen Dinosaurier-Fu\u00dfabdr\u00fccke.<\/p>\n<hr \/>\n<p>Use our interactive \u00b4storymap\u00b4 application for further exploration of the Kabal peninsula through a media portrayal of its history, flora and fauna.<\/p>\n<p>-\/-<\/p>\n<p>Koristite na\u0161u interaktivnu \u00b4storymap\u00b4aplikaciju za daljnje otkrivanje poluotoka Kabal kroz medijsku sliku njegove povijest, flore i faune.<\/p>\n<p>-\/-<\/p>\n<p>Nutzen Sie unsere interaktive \u00b4storymap\u00b4-Anwendung, um die Kabal-Halbinsel anhand einer medialen Darstellung ihrer Geschichte, Flora und Fauna weiter zu erkunden.<\/p><\/div><\/div><div class='clear_column'><\/div><\/p>\n<hr \/>\n<div class='content-column one_half'><div style=\"padding-right:6px;\"><p>U blizini je informativna plo\u010da \u00bbNaselja morska cvjetnica posidonija\u00ab<\/p><\/div><\/div><div class='content-column one_half last_column'><div style=\"padding-right:0px;padding-left:6px;\"><p>In der N\u00e4he befindet sich die Infotafel \u00bbPopulation der Meeresblume Posidonia\u00ab<\/p><\/div><\/div><div class='clear_column'><\/div><\/p>\n<p style=\"text-align: right;\"><span style=\"color: #3366ff;\"><a style=\"color: #3366ff;\" href=\"#seite_oben\">natrag na vrh \/ Seitenanfang<\/a><\/span><\/p>\n<hr \/>\n<p><strong>Linkovi \/ Links<\/strong><\/p>\n<p><span style=\"color: #3366ff;\"><a style=\"color: #3366ff;\" href=\"https:\/\/www.topohvar.at\/topo\/orte\/ru\/ru-ip-03-1\/\">Informativna plo\u0107a \u00bbNaselja morska cvjetnica posidonija\u00ab \/ Population der Meeresblume Posidonia<\/a><\/span><\/p>\n","protected":false},"excerpt":{"rendered":"<p>Ime \/ Name Informativna plo\u0107a \u00bbKabal (2)\u00ab Code: RU-IP-11\u00a0 \u00a0 \u00a0 \u00a0 \u00a0 \u00a0 \u00a0 \u00a0 \u00a0 \u00a0 \u00a0 \u00a0\u00a0 \u00a0 \u00a0 \u00a0 \u00a0\u00a0\u00a0 Adresa \/ Adresse Rudina, Poluotok \/ Halbinsel Kabal Lokacija \/ Position Latitude: N 43,20323\u00b0\u00a0 \u00a0 Longitude: &hellip; <a href=\"https:\/\/www.topohvar.at\/topo\/orte\/ru\/ru-ip-11-1\/\">Weiterlesen <span class=\"meta-nav\">&rarr;<\/span><\/a><\/p>\n","protected":false},"author":1,"featured_media":0,"parent":93,"menu_order":0,"comment_status":"closed","ping_status":"closed","template":"","meta":{"footnotes":""},"class_list":["post-69917","page","type-page","status-publish","hentry"],"_links":{"self":[{"href":"https:\/\/www.topohvar.at\/topo\/wp-json\/wp\/v2\/pages\/69917","targetHints":{"allow":["GET"]}}],"collection":[{"href":"https:\/\/www.topohvar.at\/topo\/wp-json\/wp\/v2\/pages"}],"about":[{"href":"https:\/\/www.topohvar.at\/topo\/wp-json\/wp\/v2\/types\/page"}],"author":[{"embeddable":true,"href":"https:\/\/www.topohvar.at\/topo\/wp-json\/wp\/v2\/users\/1"}],"replies":[{"embeddable":true,"href":"https:\/\/www.topohvar.at\/topo\/wp-json\/wp\/v2\/comments?post=69917"}],"version-history":[{"count":13,"href":"https:\/\/www.topohvar.at\/topo\/wp-json\/wp\/v2\/pages\/69917\/revisions"}],"predecessor-version":[{"id":69951,"href":"https:\/\/www.topohvar.at\/topo\/wp-json\/wp\/v2\/pages\/69917\/revisions\/69951"}],"up":[{"embeddable":true,"href":"https:\/\/www.topohvar.at\/topo\/wp-json\/wp\/v2\/pages\/93"}],"wp:attachment":[{"href":"https:\/\/www.topohvar.at\/topo\/wp-json\/wp\/v2\/media?parent=69917"}],"curies":[{"name":"wp","href":"https:\/\/api.w.org\/{rel}","templated":true}]}}