{"id":69952,"date":"2024-11-05T12:43:46","date_gmt":"2024-11-05T11:43:46","guid":{"rendered":"https:\/\/www.topohvar.at\/topo\/?page_id=69952"},"modified":"2024-11-05T18:20:41","modified_gmt":"2024-11-05T17:20:41","slug":"ru-ip-16-1","status":"publish","type":"page","link":"https:\/\/www.topohvar.at\/topo\/orte\/ru\/ru-ip-16-1\/","title":{"rendered":"RUDINA &#8211; Informativna plo\u0107a \u00bbKabal (7)\u00ab"},"content":{"rendered":"<p><a name=\"seite_oben\"><\/a><br \/>\n<strong><img loading=\"lazy\" decoding=\"async\" class=\"aligncenter wp-image-69962 size-full\" src=\"https:\/\/www.topohvar.at\/wp-content\/uploads\/2024\/11\/ru-ip-16-0.jpg\" alt=\"\" width=\"1080\" height=\"530\" srcset=\"https:\/\/www.topohvar.at\/wp-content\/uploads\/2024\/11\/ru-ip-16-0.jpg 1080w, https:\/\/www.topohvar.at\/wp-content\/uploads\/2024\/11\/ru-ip-16-0-300x147.jpg 300w, https:\/\/www.topohvar.at\/wp-content\/uploads\/2024\/11\/ru-ip-16-0-1024x503.jpg 1024w, https:\/\/www.topohvar.at\/wp-content\/uploads\/2024\/11\/ru-ip-16-0-768x377.jpg 768w\" sizes=\"auto, (max-width: 1080px) 100vw, 1080px\" \/><\/strong><\/p>\n<p><strong>Ime \/ Name<br \/>\n<\/strong>Informativna plo\u0107a \u00bbKabal (7)\u00ab<\/p>\n<p><strong>Code: <\/strong>RU-IP-16\u00a0 \u00a0 \u00a0 \u00a0 \u00a0 \u00a0 \u00a0 \u00a0 \u00a0 \u00a0 \u00a0 \u00a0<strong>\u00a0 \u00a0 \u00a0 \u00a0 \u00a0<a href=\"https:\/\/www.topohvar.at\/orte\/ru\/ru-ip-15-1\/\"><img loading=\"lazy\" decoding=\"async\" class=\"alignnone wp-image-533 size-full\" src=\"https:\/\/www.topohvar.at\/wp-content\/uploads\/2018\/07\/push-l-30.jpg\" alt=\"\" width=\"61\" height=\"30\" \/><\/a>\u00a0<a href=\"https:\/\/www.topohvar.at\/orte\/ru\/\"><img loading=\"lazy\" decoding=\"async\" class=\"alignnone wp-image-535 size-full\" src=\"https:\/\/www.topohvar.at\/wp-content\/uploads\/2018\/07\/push-o-30.jpg\" alt=\"\" width=\"61\" height=\"30\" \/><\/a>\u00a0<a href=\"https:\/\/www.topohvar.at\/orte\/ru\/ru-ip-05-1\/\"><img loading=\"lazy\" decoding=\"async\" class=\"alignnone wp-image-536 size-full\" src=\"https:\/\/www.topohvar.at\/wp-content\/uploads\/2018\/07\/push-r-30.jpg\" alt=\"\" width=\"61\" height=\"30\" \/><\/a><\/strong><\/p>\n<hr \/>\n<p><strong>Adresa \/ Adresse<br \/>\n<\/strong>Rudina, Poluotok \/ Halbinsel Kabal<\/p>\n<p><strong>Lokacija \/ Position<a href=\"https:\/\/maps.app.goo.gl\/n6bhqK124cDHSi4V9\"><img loading=\"lazy\" decoding=\"async\" class=\"alignright wp-image-69959\" src=\"https:\/\/www.topohvar.at\/wp-content\/uploads\/2024\/11\/4202.jpg\" alt=\"\" width=\"134\" height=\"100\" \/><\/a><br \/>\n<\/strong><span style=\"color: #3366ff;\"><a style=\"color: #3366ff;\" href=\"https:\/\/maps.app.goo.gl\/n6bhqK124cDHSi4V9\">Latitude: N 43,21973\u00b0\u00a0 \u00a0 Longitude: E 16,53816\u00b0\u00a0<\/a><\/span><strong><br \/>\n<\/strong>Visina \/ H\u00f6he: 75 m<\/p>\n<p><strong>Katastarska \u010destica \/ Grundst\u00fccke<br \/>\n<\/strong>10416\/171 (Stari Grad, Rudine)<div class='content-column one_half'><div style=\"padding-right:6px;\"><p><strong>Datum snimanja \/ Erfassungsdatum<br \/>\n<\/strong>12.10.2024 11:28:25<\/p>\n<hr \/>\n<p><strong>Informacije<\/strong><\/p>\n<p>Godine 2023.\/2024. na poluotoku Kabal uz potporu EU postavljeno je 13 plo\u010da. Daju informacije na engleskom i hrvatskom jeziku o topografiji poluotoka.<\/p><\/div><\/div><div class='content-column one_half last_column'><div style=\"padding-right:0px;padding-left:6px;\"><p><strong>Stupanj za\u0161tite \/ Schutzstellung<br \/>\n<\/strong>&#8211;<\/p>\n<hr \/>\n<p><strong>Info<\/strong><\/p>\n<p>In den Jahren 2023\/2024 wurden mit Unterst\u00fctzung der EU auf der Halbinsel Kabal 13 Tafeln aufgestellt. Sie Informieren in englischer und kroatischer Sprache \u00fcber Topographie, Flora und Fauna der Halbinsel.<\/p><\/div><\/div><div class='clear_column'><\/div><\/p>\n<hr \/>\n<div class='content-column one_half'><div style=\"padding-right:6px;\"><p><img loading=\"lazy\" decoding=\"async\" class=\"aligncenter wp-image-69963 size-full\" src=\"https:\/\/www.topohvar.at\/wp-content\/uploads\/2024\/11\/RU-IP-16-10.jpg\" alt=\"\" width=\"315\" height=\"1110\" srcset=\"https:\/\/www.topohvar.at\/wp-content\/uploads\/2024\/11\/RU-IP-16-10.jpg 315w, https:\/\/www.topohvar.at\/wp-content\/uploads\/2024\/11\/RU-IP-16-10-85x300.jpg 85w, https:\/\/www.topohvar.at\/wp-content\/uploads\/2024\/11\/RU-IP-16-10-291x1024.jpg 291w\" sizes=\"auto, (max-width: 315px) 100vw, 315px\" \/><\/p><\/div><\/div><div class='content-column one_half last_column'><div style=\"padding-right:0px;padding-left:6px;\"><p>To the north is the bay of Glavna, and continuing westward leads you to the bay of Lozna. in Glavna, learn more about the plants along the seashore, and in Lozna about the coralligenous community and the inhabitants of the open sea.<br \/>\nTo the south lies the bay of Stupi\u0161\u0107e. Learn more\u00a0 the there about legally protected species: date shells, bivalves whose method of reproduction was discovered right here on Kabal, and sea cucumbers, which play an important role in maintaining the ecological balance of the seabed.<\/p>\n<p style=\"text-align: center;\">-\/-<\/p>\n<p>Prema sjeveru se nalazi uvala Glavna, a nastavak puta prema zapadu vodi vas do uvale Lozna. U Glavnoj saznajte vi\u0161e o biljkama uz morsku obalu, a u Lozni o koraligenskoj zajednici i stanovnicima otvorenog mora.<br \/>\nJu\u017eno se nalazi uvala Stupi\u0161\u0107e. Saznajte u njoj vi\u0161e o zakonom za\u0161ti\u0107enim vrstama: prstacima, \u0161koljka\u0161ima \u010diji je na\u010din razmno\u017eavanja otkriven upravo na poluotoku Kablu, i trpovima, koji imaju va\u017enu ulogu u odr\u017eavanju ekolo\u0161ke ravnote\u017ee morskog dna.<\/p>\n<p style=\"text-align: center;\">-\/-<\/p>\n<p>Im Norden liegt die Bucht Glavna, und weiter nach Westen gelangen Sie zur Bucht Lozna. In Glavna erfahren Sie mehr \u00fcber die Pflanzen entlang der K\u00fcste und in Lozna \u00fcber die Korallengemeinschaft und die Bewohner des offenen Meeres.<br \/>\nIm S\u00fcden liegt die Bucht Stupi\u0161\u0107e. Erfahren Sie dort mehr \u00fcber gesetzlich gesch\u00fctzte Arten: Jungfische, Muscheln, deren Fortpflanzungsmethode die genau hier auf Kabal entdeckt wurde, und Seegurken, die eine wichtige Rolle bei der Aufrechterhaltung des \u00f6kologischen Gleichgewichts des Meeresbodens spielen.<\/p><\/div><\/div><div class='clear_column'><\/div><\/p>\n<hr \/>\n<p>Use our interactive \u00b4storymap\u00b4 application for further exploration of the Kabal peninsula through a media portrayal of its history, flora and fauna.<\/p>\n<p style=\"text-align: center;\">-\/-<\/p>\n<p>Koristite na\u0161u interaktivnu \u00b4storymap\u00b4aplikaciju za daljnje otkrivanje poluotoka Kabal kroz medijsku sliku njegove povijest, flore i faune.<\/p>\n<p style=\"text-align: center;\">-\/-<\/p>\n<p>Nutzen Sie unsere interaktive \u00b4storymap\u00b4-Anwendung, um die Halbinsel Kabal anhand einer medialen Darstellung ihrer Geschichte, Flora und Fauna weiter zu erkunden.<\/p>\n<hr \/>\n<div class='content-column one_half'><div style=\"padding-right:6px;\"><p>U blizini se nalaze informativne table &#8222;Prstaci&#8220; i &#8222;Biljke uz morsku obalu&#8220;.<\/p><\/div><\/div><div class='content-column one_half last_column'><div style=\"padding-right:0px;padding-left:6px;\"><p>In der N\u00e4he befinden sich die Infotafeln &#8222;Steindatteln, Dattelmuscheln&#8220; und &#8222;Pflanzen entlang der K\u00fcste&#8220;.<\/p><\/div><\/div><div class='clear_column'><\/div><\/p>\n<p style=\"text-align: right;\"><span style=\"color: #3366ff;\"><a style=\"color: #3366ff;\" href=\"#seite_oben\">natrag na vrh \/ Seitenanfang<\/a><\/span><\/p>\n<hr \/>\n<p><strong>Linkovi \/ Links<\/strong><\/p>\n<p><span style=\"color: #3366ff;\"><a style=\"color: #3366ff;\" href=\"https:\/\/www.topohvar.at\/topo\/orte\/ru\/ru-ip-05-1\/\">Informativna plo\u0107a \u00bbPrstaci\u00ab \/ Steindatteln, Dattelmuscheln<\/a><br \/>\n<a style=\"color: #3366ff;\" href=\"https:\/\/www.topohvar.at\/topo\/orte\/ru\/ru-ip-06-1\/\">Informativna plo\u0107a \u00bbBiljke uz morsku obalu\u00ab \/ Pflanzen entlang der K\u00fcste<\/a><br \/>\n<\/span><\/p>\n","protected":false},"excerpt":{"rendered":"<p>Ime \/ Name Informativna plo\u0107a \u00bbKabal (7)\u00ab Code: RU-IP-16\u00a0 \u00a0 \u00a0 \u00a0 \u00a0 \u00a0 \u00a0 \u00a0 \u00a0 \u00a0 \u00a0 \u00a0\u00a0 \u00a0 \u00a0 \u00a0 \u00a0\u00a0\u00a0 Adresa \/ Adresse Rudina, Poluotok \/ Halbinsel Kabal Lokacija \/ Position Latitude: N 43,21973\u00b0\u00a0 \u00a0 Longitude: &hellip; <a href=\"https:\/\/www.topohvar.at\/topo\/orte\/ru\/ru-ip-16-1\/\">Weiterlesen <span class=\"meta-nav\">&rarr;<\/span><\/a><\/p>\n","protected":false},"author":1,"featured_media":0,"parent":93,"menu_order":0,"comment_status":"closed","ping_status":"closed","template":"","meta":{"footnotes":""},"class_list":["post-69952","page","type-page","status-publish","hentry"],"_links":{"self":[{"href":"https:\/\/www.topohvar.at\/topo\/wp-json\/wp\/v2\/pages\/69952","targetHints":{"allow":["GET"]}}],"collection":[{"href":"https:\/\/www.topohvar.at\/topo\/wp-json\/wp\/v2\/pages"}],"about":[{"href":"https:\/\/www.topohvar.at\/topo\/wp-json\/wp\/v2\/types\/page"}],"author":[{"embeddable":true,"href":"https:\/\/www.topohvar.at\/topo\/wp-json\/wp\/v2\/users\/1"}],"replies":[{"embeddable":true,"href":"https:\/\/www.topohvar.at\/topo\/wp-json\/wp\/v2\/comments?post=69952"}],"version-history":[{"count":10,"href":"https:\/\/www.topohvar.at\/topo\/wp-json\/wp\/v2\/pages\/69952\/revisions"}],"predecessor-version":[{"id":69981,"href":"https:\/\/www.topohvar.at\/topo\/wp-json\/wp\/v2\/pages\/69952\/revisions\/69981"}],"up":[{"embeddable":true,"href":"https:\/\/www.topohvar.at\/topo\/wp-json\/wp\/v2\/pages\/93"}],"wp:attachment":[{"href":"https:\/\/www.topohvar.at\/topo\/wp-json\/wp\/v2\/media?parent=69952"}],"curies":[{"name":"wp","href":"https:\/\/api.w.org\/{rel}","templated":true}]}}