{"id":70006,"date":"2024-11-06T16:00:48","date_gmt":"2024-11-06T15:00:48","guid":{"rendered":"https:\/\/www.topohvar.at\/topo\/?page_id=70006"},"modified":"2024-11-06T18:16:37","modified_gmt":"2024-11-06T17:16:37","slug":"ru-ip-04-1","status":"publish","type":"page","link":"https:\/\/www.topohvar.at\/topo\/orte\/ru\/ru-ip-04-1\/","title":{"rendered":"RUDINA &#8211; Informativna plo\u0107a \u00bbOtrvoreno more i duboka dna\u00ab"},"content":{"rendered":"<p><a name=\"seite_oben\"><\/a><br \/>\n<strong><img loading=\"lazy\" decoding=\"async\" class=\"aligncenter wp-image-70010 size-full\" src=\"https:\/\/www.topohvar.at\/wp-content\/uploads\/2024\/11\/ru-ip-04-0.jpg\" alt=\"\" width=\"1080\" height=\"530\" srcset=\"https:\/\/www.topohvar.at\/wp-content\/uploads\/2024\/11\/ru-ip-04-0.jpg 1080w, https:\/\/www.topohvar.at\/wp-content\/uploads\/2024\/11\/ru-ip-04-0-300x147.jpg 300w, https:\/\/www.topohvar.at\/wp-content\/uploads\/2024\/11\/ru-ip-04-0-1024x503.jpg 1024w, https:\/\/www.topohvar.at\/wp-content\/uploads\/2024\/11\/ru-ip-04-0-768x377.jpg 768w\" sizes=\"auto, (max-width: 1080px) 100vw, 1080px\" \/><\/strong><\/p>\n<p><strong>Ime \/ Name<br \/>\n<\/strong>Informativna plo\u0107a \u00bbOtrvoreno more i duboka dna\u00ab \/ Offenes Meer und tiefe B\u00f6den<\/p>\n<p><strong>Code: <\/strong>RU-IP-04\u00a0 \u00a0 \u00a0 \u00a0 \u00a0 \u00a0 \u00a0 \u00a0 \u00a0 \u00a0 \u00a0 \u00a0<strong>\u00a0 \u00a0 \u00a0 \u00a0 \u00a0<a href=\"https:\/\/www.topohvar.at\/orte\/ru\/ru-ip-17-1\/\"><img loading=\"lazy\" decoding=\"async\" class=\"alignnone wp-image-533 size-full\" src=\"https:\/\/www.topohvar.at\/wp-content\/uploads\/2018\/07\/push-l-30.jpg\" alt=\"\" width=\"61\" height=\"30\" \/><\/a>\u00a0<a href=\"https:\/\/www.topohvar.at\/orte\/ru\/\"><img loading=\"lazy\" decoding=\"async\" class=\"alignnone wp-image-535 size-full\" src=\"https:\/\/www.topohvar.at\/wp-content\/uploads\/2018\/07\/push-o-30.jpg\" alt=\"\" width=\"61\" height=\"30\" \/><\/a>\u00a0<a href=\"https:\/\/www.topohvar.at\/orte\/ru\/ru-is-01-1\/\"><img loading=\"lazy\" decoding=\"async\" class=\"alignnone wp-image-536 size-full\" src=\"https:\/\/www.topohvar.at\/wp-content\/uploads\/2018\/07\/push-r-30.jpg\" alt=\"\" width=\"61\" height=\"30\" \/><\/a><\/strong><\/p>\n<hr \/>\n<p><strong>Adresa \/ Adresse<br \/>\n<\/strong>Rudina, Poluotok \/ Halbinsel Kabal<\/p>\n<p><strong>Lokacija \/ Position<a href=\"https:\/\/maps.app.goo.gl\/MLaVCDMN87HiY9b98\"><img loading=\"lazy\" decoding=\"async\" class=\"alignright wp-image-70007\" src=\"https:\/\/www.topohvar.at\/wp-content\/uploads\/2024\/11\/4204.jpg\" alt=\"\" width=\"134\" height=\"100\" \/><\/a><br \/>\n<\/strong><span style=\"color: #3366ff;\"><a style=\"color: #3366ff;\" href=\"https:\/\/maps.app.goo.gl\/MLaVCDMN87HiY9b98\">Latitude: N 43,22263\u00b0\u00a0 \u00a0 Longitude: E 16,52883\u00b0<\/a>\u00a0<\/span><strong><br \/>\n<\/strong>Visina \/ H\u00f6he: 117 m<\/p>\n<p><strong>Katastarska \u010destica \/ Grundst\u00fccke<br \/>\n<\/strong>10416\/817 (Stari Grad, Rudine)<div class='content-column one_half'><div style=\"padding-right:6px;\"><p><strong>Datum snimanja \/ Erfassungsdatum<br \/>\n<\/strong>12.10.2024 11:40:16<\/p>\n<hr \/>\n<p><strong>Informacije<\/strong><\/p>\n<p>Godine 2023.\/2024. na poluotoku Kabal uz potporu EU postavljeno je 13 plo\u010da. Daju informacije na engleskom i hrvatskom jeziku o topografiji poluotoka.<\/p><\/div><\/div><div class='content-column one_half last_column'><div style=\"padding-right:0px;padding-left:6px;\"><p><strong>Stupanj za\u0161tite \/ Schutzstellung<br \/>\n<\/strong>&#8211;<\/p>\n<hr \/>\n<p><strong>Info<\/strong><\/p>\n<p>In den Jahren 2023\/2024 wurden mit Unterst\u00fctzung der EU auf der Halbinsel Kabal 13 Tafeln aufgestellt. Sie Informieren in englischer und kroatischer Sprache \u00fcber Topographie, Flora und Fauna der Halbinsel.<\/p><\/div><\/div><div class='clear_column'><\/div><\/p>\n<hr \/>\n<div class='content-column one_half'><div style=\"padding-right:6px;\"><p>Otrvoreno more i duboka dna<\/p>\n<p>Ispred rta Kabal uvale Lozne je otvoreno more. Njega stalno naseljavaju vrste poput dobrog dupina, glavate \u017eelve i raznih vrsta meduza.Potrebno je strpljenje da bi se u daljini ugledala dupinova peraja. Tu \u017eive i srdele, koje se love no\u0107u mre\u017eama plivaricama. U mre\u017ee se privlace jakim svjetlima. Budu\u0107i da je otvoreno more isped rta Kabal siroma\u0161no hranjivim solima, ima malo planktona. Zbog toga je njegova boja plava, a prozirnost \u010desto ve\u0107a od 20 metara.<\/p><\/div><\/div><div class='content-column one_half last_column'><div style=\"padding-right:0px;padding-left:6px;\"><p>Offenes Meer und tiefe B\u00f6den<\/p>\n<p>Vor Kap Kabal in der Lozna-Bucht befindet sich ein offenes Meer. Es wird st\u00e4ndig von Arten wie Gro\u00dfen T\u00fcmmlern, Unechten Karettschildkr\u00f6ten und verschiedenen Arten von Quallen bewohnt. Man braucht Geduld, um in der Ferne die Flosse eines Delfins zu sehen. Dort leben auch Sardinen, die nachts mit Wadennetzen gefangen werden. Sie werden durch helles Licht von Netzen angezogen. Da das offene Meer vor Kap Kabal arm an N\u00e4hrsalzen ist, gibt es wenig Plankton. Deshalb ist seine Farbe blau und seine Transparenz betr\u00e4gt oft mehr als 20 Meter.<\/p><\/div><\/div><div class='clear_column'><\/div><div class='content-column one_half'><div style=\"padding-right:6px;\"><p><img loading=\"lazy\" decoding=\"async\" class=\"aligncenter wp-image-70011 size-full\" src=\"https:\/\/www.topohvar.at\/wp-content\/uploads\/2024\/11\/RU-IP-04-11.jpg\" alt=\"\" width=\"315\" height=\"522\" srcset=\"https:\/\/www.topohvar.at\/wp-content\/uploads\/2024\/11\/RU-IP-04-11.jpg 315w, https:\/\/www.topohvar.at\/wp-content\/uploads\/2024\/11\/RU-IP-04-11-181x300.jpg 181w\" sizes=\"auto, (max-width: 315px) 100vw, 315px\" \/><\/p><\/div><\/div><div class='content-column one_half last_column'><div style=\"padding-right:0px;padding-left:6px;\"><p>Dobri dupin (<em>Tursiops truncatus<\/em>) stalni je stanovnik Jadranskoga mora i \u010desto posje\u0107uje rt Kabal. Ti inteligentni morski sisavol dobro pamte pa se u svokim kretanjima vjerojatno vode sje\u0107anjem na mjesta s lako dostupnom hranom. Oko rta Kabal to su sigurno ribe trije i traglji, koje su \u010deste na dubinama od 30 do 60 m, u koje dupini iako zaranjaju.<\/p>\n<p style=\"text-align: center;\">-\/-<\/p>\n<p>Der Gro\u00dfe T\u00fcmmler (<em>Tursiops truncatus<\/em>) ist ein st\u00e4ndiger Bewohner der Adria und besucht h\u00e4ufig Kap Kabal. Diese intelligenten Meerestiere haben ein gutes Ged\u00e4chtnis, sodass ihre Bewegungen wahrscheinlich von der Erinnerung an Orte mit leicht zug\u00e4nglicher Nahrung geleitet werden. Rund um Kap Kabal handelt es sich sicherlich um Trije- und Traglji-Fische, die in Tiefen von 30 bis 60 m h\u00e4ufig vorkommen und in die sogar Delfine eintauchen.<\/p><\/div><\/div><div class='clear_column'><\/div><div class='content-column one_half'><div style=\"padding-right:6px;\"><p>Kornja\u010da glavata \u017eelva (<em>Caretta caretta<\/em>) \u010desta je u Jadranu, ali se u njemu ne razmno\u017eava. Ve\u0107ina Jadranskih kornja\u010da izgleda se na ples\u010danim pla\u017eama u Gr\u010dkoj. Jadran im je \u017eivotni prostor ve\u0107i dio godine zbog pogodnog dna na kojem pronalaze hranu. Hrane se spu\u017evama, je\u017eincima rakovima samcima, mje\u0161\u010di\u0107nicama i \u0161koljka\u0161ima.<\/p><\/div><\/div><div class='content-column one_half last_column'><div style=\"padding-right:0px;padding-left:6px;\"><p style=\"text-align: left;\">Die Unechte Karettschildkr\u00f6te (<em>Caretta caretta<\/em>) kommt in der Adria h\u00e4ufig vor, br\u00fctet dort aber nicht. Die meisten adriatischen Meeresschildkr\u00f6ten sind an den Sandstr\u00e4nden Griechenlands zu sehen. Aufgrund des geeigneten Bodens, auf dem sie Nahrung finden, ist die Adria den gr\u00f6\u00dften Teil des Jahres ihr Lebensraum. Sie ern\u00e4hren sich von Schw\u00e4mmen, Seeigeln, einzelnen Krabben, Blasenfr\u00fcchten und Muscheln.<\/p>\n<p style=\"text-align: left;\"><\/div><\/div><div class='clear_column'><\/div><div class='content-column one_half'><div style=\"padding-right:6px;\"><p>Meduza kotiloriza (<em>Cotylorhiza tuberculata<\/em>) \u017eivi na obalnom podru\u010dju Jadranskoga mora, posebno je \u010desta potkraj ljeta i ujesen. Lako je prepoznatljiva po klobuku, sli\u010dnom pr\u017eenom jajetu. Lokve su joj kratke i ako ih se dotakne, uglavnom ne peckaju. U tijelu ima mikroorganizme koji uz pomo\u0107 sunca proizvode hranu za sebe i meduzu. Zato se meduza dr\u017ei plitkih podru\u010dja s mnogo svjetla. Uz nju \u010desto plivaju mlade ribe \u0161njuri.<\/p><\/div><\/div><div class='content-column one_half last_column'><div style=\"padding-right:0px;padding-left:6px;\"><p>Die Cotylorhiza-Qualle (<em>Cotylorhiza tuberculata<\/em>) lebt im K\u00fcstenbereich der Adria, besonders h\u00e4ufig kommt sie im Sp\u00e4tsommer und Herbst vor. Sie ist leicht an ihrem Hut zu erkennen, der einem Spiegelei \u00e4hnelt. Ihre Tentakel sind kurz und wenn man sie ber\u00fchrt, brennen sie normalerweise nicht. Im K\u00f6rper gibt es Mikroorganismen, die mit Hilfe der Sonne Nahrung f\u00fcr sich und die Quallen produzieren. Deshalb halten sich Quallen an flachen Stellen mit viel Licht auf. Oft schwimmen junge Fische daneben.<\/p><\/div><\/div><div class='clear_column'><\/div><\/p>\n<hr \/>\n<div class='content-column one_half'><div style=\"padding-right:6px;\"><p>Dno oko rta Kabal strmo se spu\u0161ta i dublje od 60 metara. Na stijenama dubljim od 25 m razvijena je koraligenska zajednica, svojstvena damo Sredozemnome moru. Osnovu te zajednice \u010dine crvene koralinske alge koje u svoje tijelo ugra\u0111uju kalcijev karbonat pa su \u010dvrste poput kamena. Mnoge rastu tek koji milimetar godi\u0161nje. Koraligen rta Kabal, me\u0111u ostalima, naseljavaju i \u017eute gorgonije, jastozi i \u0161karpine. Zato je koraligen zanimljiv i ribarima. Me\u0111utim, ribolov mre\u017eama mo\u017ee o\u0161tetiti gorgonije i koralinkse alge, a zaostale mre\u017ee dugogodi\u0161nja su prijetnja ribama i rakovima.<\/p><\/div><\/div><div class='content-column one_half last_column'><div style=\"padding-right:0px;padding-left:6px;\"><p>Der Meeresboden um Kap Kabal f\u00e4llt steil ab und ist mehr als 60 Meter tief. Auf Felsen, die tiefer als 25 m sind, hat sich eine f\u00fcr das Mittelmeer typische Korallengemeinschaft entwickelt. Die Basis dieser Gemeinschaft bilden rote Korallenalgen, die Kalziumkarbonat in ihren K\u00f6rper einbauen und ihn dadurch steinhart machen. Viele wachsen nur wenige Millimeter pro Jahr. Das Korallenriff von Kap Kabal wird unter anderem von gelben Gorgonien, Hummern und Zackenbarschen bewohnt. Deshalb sind Korallenalgen auch f\u00fcr Fischer interessant. Allerdings kann das Fischen mit Netzen Gorgonien und Korallenalgen sch\u00e4digen, und Netzreste stellen seit langem eine Bedrohung f\u00fcr Fische und Krebstiere dar.<\/p><\/div><\/div><div class='clear_column'><\/div><div class='content-column one_half'><div style=\"padding-right:6px;\"><p><img loading=\"lazy\" decoding=\"async\" class=\"aligncenter size-full wp-image-70015\" src=\"https:\/\/www.topohvar.at\/wp-content\/uploads\/2024\/11\/RU-IP-04-10.jpg\" alt=\"\" width=\"315\" height=\"547\" srcset=\"https:\/\/www.topohvar.at\/wp-content\/uploads\/2024\/11\/RU-IP-04-10.jpg 315w, https:\/\/www.topohvar.at\/wp-content\/uploads\/2024\/11\/RU-IP-04-10-173x300.jpg 173w\" sizes=\"auto, (max-width: 315px) 100vw, 315px\" \/><\/p><\/div><\/div><div class='content-column one_half last_column'><div style=\"padding-right:0px;padding-left:6px;\"><p>&nbsp;<\/p>\n<p>\u0160karpina (<em>Scorpaena scrofa<\/em>) je vrlo cijenjena riba, duga\u010dka oko 30 cm. Neugledna je, dominatno crvene boje, a mo\u017ee mijenjati \u0161are na tijelu da bi se prilagodila okolini. \u0160karpina je na dnu te\u0161ko uo\u010dljiva pa lako lovi plijen iz zasjede.<\/p>\n<p style=\"text-align: center;\">-\/-<\/p>\n<p>Der Rote Drachenkopf (<em>Scorpaena scrofa<\/em>) ist ein hoch gesch\u00e4tzter Fisch mit einer L\u00e4nge von etwa 30 cm. Es ist unansehnlich, \u00fcberwiegend rot gef\u00e4rbt und kann seine K\u00f6rpermuster \u00e4ndern, um sich an seine Umgebung anzupassen. Da der Drachenkopf auf dem Boden kaum zu erkennen ist, kann er leicht Beute aus dem Hinterhalt fangen.<\/p><\/div><\/div><div class='clear_column'><\/div><div class='content-column one_half'><div style=\"padding-right:6px;\"><p>\u017duta gorgonija (<em>Eunicella cavollnii<\/em>) je razgranata kolonija polipa sa zajedni\u010dkim skeletom. \u017dute je boje, lepezastog oblika, a dosegne promjer od 50 centimetara. Polipi love plankton i organsko \u010destice kojima se hrane. \u017divi na okomitim stjenovitim dnima, obi\u010dno na dubinama izme\u0111u 10 i 40 m, u \u010distom moru s ja\u010dim morskim strujama koje joj donose hranu.<\/p><\/div><\/div><div class='content-column one_half last_column'><div style=\"padding-right:0px;padding-left:6px;\"><p>Gelbe Gorgonien (<em>Eunicella cavollnii<\/em>) sind verzweigte Polypenkolonien mit einem gemeinsamen Skelett. Sie haben eine gelbe Farbe, sind f\u00e4cherf\u00f6rmig und erreichen einen Durchmesser von 50 Zentimetern. Die Korallenpolypen jagen nach Plankton und organischen Partikeln, von denen sie sich ern\u00e4hren. Sie leben auf senkrechten Felsb\u00f6den, meist in Tiefen zwischen 10 und 40 m und in klaren Meeren mit st\u00e4rkeren Meeresstr\u00f6mungen, die ihnen Nahrung bringen.<\/p><\/div><\/div><div class='clear_column'><\/div><div class='content-column one_half'><div style=\"padding-right:6px;\"><p>Jastog (<em>Palinurus elephas<\/em>) je veliki rak prepoznatljiv po duga\u010dkim ticalima i malim klije\u0161tima. Danju zivi u rupama podvodnih strmaca, obi\u010dno na dubinama od 30 do 70 m, iz kojih no\u0107u izlazi u potrazi za hranom. On je najvrjedniji komercijalni rak srednjeg i ju\u017enog Jadrana, ali je drasti\u010dno izlovijen.<\/p><\/div><\/div><div class='content-column one_half last_column'><div style=\"padding-right:0px;padding-left:6px;\"><p>Der Hummer (Palinurus elephas) \u200b\u200bist ein gro\u00dfes Krebstier, das an seinen langen Tentakeln und kleinen Zangen zu erkennen ist. Tags\u00fcber lebt er in H\u00f6hlen von Unterwasserklippen, meist in Tiefen von 30 bis 70 m, aus denen er nachts auf der Suche nach Nahrung auftaucht. Er ist die wertvollste Handelskrabbe in der zentralen und s\u00fcdlichen Adria, wurde jedoch drastisch \u00fcberfischt.<\/p><\/div><\/div><div class='clear_column'><\/div><\/p>\n<p style=\"text-align: right;\"><span style=\"color: #3366ff;\"><a style=\"color: #3366ff;\" href=\"#seite_oben\">natrag na vrh \/ Seitenanfang<\/a><\/span><\/p>\n<hr \/>\n<p><strong>Linkovi \/ Links<\/strong><\/p>\n<p><span style=\"color: #3366ff;\">&#8211;<\/span><\/p>\n","protected":false},"excerpt":{"rendered":"<p>Ime \/ Name Informativna plo\u0107a \u00bbOtrvoreno more i duboka dna\u00ab \/ Offenes Meer und tiefe B\u00f6den Code: RU-IP-04\u00a0 \u00a0 \u00a0 \u00a0 \u00a0 \u00a0 \u00a0 \u00a0 \u00a0 \u00a0 \u00a0 \u00a0\u00a0 \u00a0 \u00a0 \u00a0 \u00a0\u00a0\u00a0 Adresa \/ Adresse Rudina, Poluotok \/ Halbinsel &hellip; <a href=\"https:\/\/www.topohvar.at\/topo\/orte\/ru\/ru-ip-04-1\/\">Weiterlesen <span class=\"meta-nav\">&rarr;<\/span><\/a><\/p>\n","protected":false},"author":1,"featured_media":0,"parent":93,"menu_order":0,"comment_status":"closed","ping_status":"closed","template":"","meta":{"footnotes":""},"class_list":["post-70006","page","type-page","status-publish","hentry"],"_links":{"self":[{"href":"https:\/\/www.topohvar.at\/topo\/wp-json\/wp\/v2\/pages\/70006","targetHints":{"allow":["GET"]}}],"collection":[{"href":"https:\/\/www.topohvar.at\/topo\/wp-json\/wp\/v2\/pages"}],"about":[{"href":"https:\/\/www.topohvar.at\/topo\/wp-json\/wp\/v2\/types\/page"}],"author":[{"embeddable":true,"href":"https:\/\/www.topohvar.at\/topo\/wp-json\/wp\/v2\/users\/1"}],"replies":[{"embeddable":true,"href":"https:\/\/www.topohvar.at\/topo\/wp-json\/wp\/v2\/comments?post=70006"}],"version-history":[{"count":11,"href":"https:\/\/www.topohvar.at\/topo\/wp-json\/wp\/v2\/pages\/70006\/revisions"}],"predecessor-version":[{"id":70021,"href":"https:\/\/www.topohvar.at\/topo\/wp-json\/wp\/v2\/pages\/70006\/revisions\/70021"}],"up":[{"embeddable":true,"href":"https:\/\/www.topohvar.at\/topo\/wp-json\/wp\/v2\/pages\/93"}],"wp:attachment":[{"href":"https:\/\/www.topohvar.at\/topo\/wp-json\/wp\/v2\/media?parent=70006"}],"curies":[{"name":"wp","href":"https:\/\/api.w.org\/{rel}","templated":true}]}}