{"id":705,"date":"2018-07-27T04:45:49","date_gmt":"2018-07-27T02:45:49","guid":{"rendered":"https:\/\/www.topohvar.at\/?page_id=705"},"modified":"2025-02-07T18:29:11","modified_gmt":"2025-02-07T17:29:11","slug":"bo-tg-02-2","status":"publish","type":"page","link":"https:\/\/www.topohvar.at\/topo\/orte\/bo\/bo-tg-02-2\/","title":{"rendered":"BOGOMOLJE &#8211; Ku\u0107a \u00bbMirko Barbari\u0107\u00ab"},"content":{"rendered":"<p><a name=\"seite_oben\"><\/a><br \/>\n<strong><img loading=\"lazy\" decoding=\"async\" class=\"aligncenter wp-image-71081 size-full\" src=\"https:\/\/www.topohvar.at\/wp-content\/uploads\/2025\/02\/bo-tg-02-2.jpg\" alt=\"\" width=\"1080\" height=\"530\" srcset=\"https:\/\/www.topohvar.at\/wp-content\/uploads\/2025\/02\/bo-tg-02-2.jpg 1080w, https:\/\/www.topohvar.at\/wp-content\/uploads\/2025\/02\/bo-tg-02-2-300x147.jpg 300w, https:\/\/www.topohvar.at\/wp-content\/uploads\/2025\/02\/bo-tg-02-2-1024x503.jpg 1024w, https:\/\/www.topohvar.at\/wp-content\/uploads\/2025\/02\/bo-tg-02-2-768x377.jpg 768w\" sizes=\"auto, (max-width: 1080px) 100vw, 1080px\" \/><\/strong><\/p>\n<p><strong>Ime \/ Name<br \/>\n<\/strong>Ku\u0107a \u00bbMirko Barbari\u0107\u00ab \/ Haus \u00bbMirko Barbari\u0107\u00ab<\/p>\n<p><strong>Code: <\/strong>BO-TG-02\u00a0 \u00a0 \u00a0 \u00a0 \u00a0 \u00a0 \u00a0 \u00a0 \u00a0 \u00a0 \u00a0 \u00a0 \u00a0 \u00a0 \u00a0 \u00a0<strong> <a href=\"https:\/\/www.topohvar.at\/orte\/bo\/bo-tg-06-1\/\"><img loading=\"lazy\" decoding=\"async\" class=\"alignnone wp-image-533 size-full\" src=\"https:\/\/www.topohvar.at\/wp-content\/uploads\/2018\/07\/push-l-30.jpg\" alt=\"\" width=\"61\" height=\"30\" \/><\/a> <a href=\"https:\/\/www.topohvar.at\/orte\/bo\/\"><img loading=\"lazy\" decoding=\"async\" class=\"alignnone wp-image-535 size-full\" src=\"https:\/\/www.topohvar.at\/wp-content\/uploads\/2018\/07\/push-o-30.jpg\" alt=\"\" width=\"61\" height=\"30\" \/><\/a> <a href=\"https:\/\/www.topohvar.at\/orte\/bo\/bo-tg-04-2\/\"><img loading=\"lazy\" decoding=\"async\" class=\"alignnone wp-image-536 size-full\" src=\"https:\/\/www.topohvar.at\/wp-content\/uploads\/2018\/07\/push-r-30.jpg\" alt=\"\" width=\"61\" height=\"30\" \/><\/a><\/strong><\/p>\n<hr \/>\n<p><strong>Adresa \/ Adresse<br \/>\n<\/strong>Bogomolje, Jerkov Dvor, ku\u0107a \/ Haus Barbari\u0107<\/p>\n<p><strong>Lokacija \/ Position<img loading=\"lazy\" decoding=\"async\" class=\"wp-image-475 alignright\" src=\"https:\/\/www.topohvar.at\/wp-content\/uploads\/2018\/07\/0023.jpg\" alt=\"\" width=\"134\" height=\"100\" \/><br \/>\n<\/strong>Latitude: N 00,00000\u00b0\u00a0 \u00a0Longitude: E 00,00000\u00b0 <strong><br \/>\n<\/strong>Visina \/ H\u00f6he: 0 m<\/p>\n<p><strong>Katastarska \u010destica<\/strong><strong> \/ Grundst\u00fccke<br \/>\n<\/strong>&#8211;<div class='content-column one_half'><div style=\"padding-right:6px;\"><p><strong>Datum snimanja \/ Erfassungsdatum<br \/>\n<\/strong>06.05.2018 11:00:00<\/p>\n<hr \/>\n<p><strong>Informacije<\/strong><\/p>\n<p>U Bogomolje ju\u017eno od crkve vodi cesta do Jerkov dvora gdje stoji stara ku\u0107a, kuhinja, kru\u0161na pe\u0107, sve sagra\u0111eno 1898. god. U ku\u0107i se \u010duva i zbirka fosila.\u00a0Od ruralne arhitekture odska\u010de ku\u0107a Mirka Barbari\u0107a sa svojom &#8222;ku\u017einom&#8220; i tipi\u010dnim kominom &#8211; lo\u017ei\u0161tem vatre.<\/p><\/div><\/div><div class='content-column one_half last_column'><div style=\"padding-right:0px;padding-left:6px;\"><p><strong>Stupanj za\u0161tite<\/strong><strong> \/ Schutzstellung<br \/>\n<\/strong>&#8211;<\/p>\n<hr \/>\n<p><strong>Info<\/strong><\/p>\n<p>S\u00fcdlich der Kirche von Bogomolje f\u00fchrt die Stra\u00dfe nach Jerkov Dvor zu dem alten Haus mit K\u00fcche und Backofen die alle 1898 gebaut wurden. Das Haus beherbergt auch eine Fossiliensammlung. Als typisches Dorfhaus gilt das Haus von Mirko Barbari\u0107 (kroatischer Schriftsteller) mit originaler K\u00fcche &#8222;ku\u017eina&#8220;, sowie originalem Kamin &#8211; Feuerst\u00e4tte.<\/p><\/div><\/div><div class='clear_column'><\/div><\/p>\n<hr \/>\n<div class='content-column one_half'><div style=\"padding-right:6px;\"><p>Pjesnik <strong>Mirko Barbari\u0107<\/strong> (1905.-1995.) tek je u 90. godini \u017eivota objavio svoju prvu knjigu pjesama, Kamenice \u017eedne (1995.), pisanu dijalektom mjesta Bogomolje. U uvodnim taktovima zbirke do\u010dekuje nas pateti\u010dni tonalitet pjevanja, onaj s molskim prizvukom; no u kasnijim stavcima nailazimo na pjesnikovanje vedrije i optimisti\u010dnije, radosnije i sve\u010danije. Tugaljivo promatranje zapu\u0161tenih konoba s propalim alatkama i posu\u0111em, mijenja se razdraganim gledom na procvjetale bademe i snijegom prekrivena polja. Posljednja dva ciklusa re\u010dene zbirke pisana su knji\u017eevnim standardom i manje su uspjela od prethodna dva.<\/p><\/div><\/div><div class='content-column one_half last_column'><div style=\"padding-right:0px;padding-left:6px;\"><p>Der Dichter <strong>Mirko Barbari\u0107<\/strong> (1905. bis 1995.) ver\u00f6ffentlichte im Alter von 90 seinen ersten Gedichtband, \u201eDie durstigen Austern\u201c (1995), geschrieben im Bogomoljer Dialekt. In den einleitenden Takten begr\u00fc\u00dft uns eine Sammlung pathetischer Tonalit\u00e4t des Singens mit Moll-Untert\u00f6nen; aber in den nachfolgenden Abschnitten finden wir die Poesie hell und optimistisch, fr\u00f6hlich und festlich. Die traurige Beobachtung der verlassenen Taverne mit seinen verbrauchten Werkzeugen und Gegenst\u00e4nden \u00e4ndern den freudigen Blick auf die bl\u00fchenden Mandelb\u00e4ume und schneebedeckten Felder. Die letzten beiden Zyklen der Sammlung entsprechen literarischen Standard und waren weniger erfolgreich als die beiden vorhergehenden.<\/p><\/div><\/div><div class='clear_column'><\/div><\/p>\n<p style=\"text-align: right;\"><a href=\"#seite_oben\">natrag na vrh \/ Seitenanfang<\/a><\/p>\n<hr \/>\n<p><strong>Linkovi \/ Links<\/strong><\/p>\n<p>&#8211;<\/p>\n","protected":false},"excerpt":{"rendered":"<p>Ime \/ Name Ku\u0107a \u00bbMirko Barbari\u0107\u00ab \/ Haus \u00bbMirko Barbari\u0107\u00ab Code: BO-TG-02\u00a0 \u00a0 \u00a0 \u00a0 \u00a0 \u00a0 \u00a0 \u00a0 \u00a0 \u00a0 \u00a0 \u00a0 \u00a0 \u00a0 \u00a0 \u00a0 Adresa \/ Adresse Bogomolje, Jerkov Dvor, ku\u0107a \/ Haus Barbari\u0107 Lokacija \/ Position &hellip; <a href=\"https:\/\/www.topohvar.at\/topo\/orte\/bo\/bo-tg-02-2\/\">Weiterlesen <span class=\"meta-nav\">&rarr;<\/span><\/a><\/p>\n","protected":false},"author":1,"featured_media":0,"parent":63,"menu_order":0,"comment_status":"closed","ping_status":"closed","template":"","meta":{"footnotes":""},"class_list":["post-705","page","type-page","status-publish","hentry"],"_links":{"self":[{"href":"https:\/\/www.topohvar.at\/topo\/wp-json\/wp\/v2\/pages\/705","targetHints":{"allow":["GET"]}}],"collection":[{"href":"https:\/\/www.topohvar.at\/topo\/wp-json\/wp\/v2\/pages"}],"about":[{"href":"https:\/\/www.topohvar.at\/topo\/wp-json\/wp\/v2\/types\/page"}],"author":[{"embeddable":true,"href":"https:\/\/www.topohvar.at\/topo\/wp-json\/wp\/v2\/users\/1"}],"replies":[{"embeddable":true,"href":"https:\/\/www.topohvar.at\/topo\/wp-json\/wp\/v2\/comments?post=705"}],"version-history":[{"count":16,"href":"https:\/\/www.topohvar.at\/topo\/wp-json\/wp\/v2\/pages\/705\/revisions"}],"predecessor-version":[{"id":71082,"href":"https:\/\/www.topohvar.at\/topo\/wp-json\/wp\/v2\/pages\/705\/revisions\/71082"}],"up":[{"embeddable":true,"href":"https:\/\/www.topohvar.at\/topo\/wp-json\/wp\/v2\/pages\/63"}],"wp:attachment":[{"href":"https:\/\/www.topohvar.at\/topo\/wp-json\/wp\/v2\/media?parent=705"}],"curies":[{"name":"wp","href":"https:\/\/api.w.org\/{rel}","templated":true}]}}