{"id":70676,"date":"2024-12-14T17:13:44","date_gmt":"2024-12-14T16:13:44","guid":{"rendered":"https:\/\/www.topohvar.at\/topo\/?page_id=70676"},"modified":"2024-12-14T17:22:36","modified_gmt":"2024-12-14T16:22:36","slug":"op-pv-08-1","status":"publish","type":"page","link":"https:\/\/www.topohvar.at\/topo\/orte\/op\/op-pv-08-1\/","title":{"rendered":"PAKLENI OTOCI \u2013 Podvodna nalazi\u0161te \u00bbGojca, anti\u010dki brodolom (6)\u00ab"},"content":{"rendered":"<p><a name=\"seite_oben\"><\/a><\/p>\n<p style=\"text-align: center;\"><strong><img loading=\"lazy\" decoding=\"async\" class=\"wp-image-387 size-full alignleft\" src=\"https:\/\/www.topohvar.at\/wp-content\/uploads\/2018\/07\/00-00-00-1.jpg\" alt=\"\" width=\"114\" height=\"56\" \/><\/strong><\/p>\n<p>&nbsp;<\/p>\n<p>&nbsp;<\/p>\n<p style=\"text-align: left;\"><strong>Ime \/ Name<br \/>\n<\/strong>Podvodna nalazi\u0161te \u00bbGojca, anti\u010dki brodolom (6)\u00ab \/ Gojca, antikes Schiffswrack (6)<\/p>\n<p><strong>Code: <\/strong>OP-PV-08\u00a0 \u00a0 \u00a0 \u00a0 \u00a0 \u00a0 \u00a0 \u00a0 \u00a0 \u00a0 \u00a0 \u00a0 \u00a0 \u00a0 \u00a0 \u00a0 \u00a0 <strong>\u00a0<a href=\"https:\/\/www.topohvar.at\/orte\/op\/op-pv-02-1\/\"><img loading=\"lazy\" decoding=\"async\" class=\"alignnone wp-image-533 size-full\" src=\"https:\/\/www.topohvar.at\/wp-content\/uploads\/2018\/07\/push-l-30.jpg\" alt=\"\" width=\"61\" height=\"30\" \/><\/a> <a href=\"https:\/\/www.topohvar.at\/orte\/op\/\"><img loading=\"lazy\" decoding=\"async\" class=\"alignnone wp-image-535 size-full\" src=\"https:\/\/www.topohvar.at\/wp-content\/uploads\/2018\/07\/push-o-30.jpg\" alt=\"\" width=\"61\" height=\"30\" \/><\/a> <a href=\"https:\/\/www.topohvar.at\/orte\/op\/op-pv-03-1\/\"><img loading=\"lazy\" decoding=\"async\" class=\"alignnone wp-image-536 size-full\" src=\"https:\/\/www.topohvar.at\/wp-content\/uploads\/2018\/07\/push-r-30.jpg\" alt=\"\" width=\"61\" height=\"30\" \/><\/a>\u00a0<\/strong><\/p>\n<hr \/>\n<p><strong>Adresa \/ Adresse<br \/>\n<\/strong>Pakleni otoci, otok Sv. Klement, Rt Izmeti\u0161te<\/p>\n<p><strong>Lokacija \/ Position<a href=\"https:\/\/maps.app.goo.gl\/Dd8oPvmPeYWyU6xv5\"><img loading=\"lazy\" decoding=\"async\" class=\"alignright wp-image-12787\" src=\"https:\/\/www.topohvar.at\/wp-content\/uploads\/2018\/10\/1286.jpg\" alt=\"\" width=\"134\" height=\"100\" \/><\/a><br \/>\n<\/strong><a href=\"https:\/\/maps.app.goo.gl\/Dd8oPvmPeYWyU6xv5\"><span style=\"color: #3366ff;\">Latitude: N 43,16830\u00b0\u00a0 \u00a0Longitude: E 16,40383\u00b0 <\/span><\/a><strong><br \/>\n<\/strong>Visina \/ H\u00f6he: -0 m<\/p>\n<p><strong>Katastarska \u010destica<\/strong><strong> \/ Grundst\u00fccke<br \/>\n<\/strong>&#8211;<div class='content-column one_half'><div style=\"padding-right:6px;\"><p><strong>Datum snimanja \/ Erfassungsdatum<br \/>\n<\/strong>01.01.2000 00:00:00<\/p>\n<hr \/>\n<p><strong>Informacije<\/strong><\/p>\n<p><strong>Podvodna nalazi\u0161te &#8211; anti\u010dki brodolom<\/strong><\/p>\n<p>Brodska havarija, Neistra\u017eeni brodolom s teretom amfora Dressel 6A. O\u010duvani su ostaci brodske konstrukcije. Lokalitet je djelomi\u010dno istra\u017een, a u vi\u0161e navrata i plja\u010dkan. Osim amfora prona\u0111ene su i manje kerami\u010dke posude. Otkrivena je i olovna pumpa koja vjerojatno pripada brodu. Jedna amfora je imala pe\u010dat HEREN. FLA, a druga JAN.<\/p><\/div><\/div><div class='content-column one_half last_column'><div style=\"padding-right:0px;padding-left:6px;\"><p><strong>Stupanj za\u0161tite<\/strong><strong> \/ Schutzstellung<br \/>\n<\/strong>&#8211;<\/p>\n<hr \/>\n<p><strong>Info<\/strong><\/p>\n<p><strong>Arch\u00e4ologische Meeresst\u00e4tte, antikes Schiffswrack<\/strong><\/p>\n<p>Schiffswrack, unerforschtes Schiffswrack mit einer Ladung Dressel 6A-Amphoren. Reste der Schiffsstruktur sind erhalten. Der Ort wurde mehrfach teilweise erkundet und gepl\u00fcndert. Neben Amphoren wurden auch kleinere Keramikgef\u00e4\u00dfe gefunden. Au\u00dferdem wurde eine Leitpumpe entdeckt, die vermutlich zum Schiff geh\u00f6rt. Eine Amphore trug den Stempel HEREN. FLA und der andere JAN.<\/p><\/div><\/div><div class='clear_column'><\/div><\/p>\n<p style=\"text-align: center;\"><em>(Izvor: \/ Quelle: Anti\u010dki arheolo\u0161ki lokaliteti RH)<\/em><\/p>\n<p style=\"text-align: right;\"><span style=\"color: #3366ff;\"><a style=\"color: #3366ff;\" href=\"#seite_oben\">natrag na vrh \/ Seitenanfang<\/a><\/span><\/p>\n<hr \/>\n<p><strong>Linkovi \/ Links<\/strong><\/p>\n<p><a href=\"http:\/\/baza.iarh.hr\/public\/locality\/detail\/1742\"><em><span style=\"color: #3366ff;\">Anti\u010dki arheolo\u0161ki lokaliteti RH<\/span><\/em><\/a><\/p>\n","protected":false},"excerpt":{"rendered":"<p>&nbsp; &nbsp; Ime \/ Name Podvodna nalazi\u0161te \u00bbGojca, anti\u010dki brodolom (6)\u00ab \/ Gojca, antikes Schiffswrack (6) Code: OP-PV-08\u00a0 \u00a0 \u00a0 \u00a0 \u00a0 \u00a0 \u00a0 \u00a0 \u00a0 \u00a0 \u00a0 \u00a0 \u00a0 \u00a0 \u00a0 \u00a0 \u00a0 \u00a0 \u00a0 Adresa \/ Adresse Pakleni &hellip; <a href=\"https:\/\/www.topohvar.at\/topo\/orte\/op\/op-pv-08-1\/\">Weiterlesen <span class=\"meta-nav\">&rarr;<\/span><\/a><\/p>\n","protected":false},"author":1,"featured_media":0,"parent":123,"menu_order":0,"comment_status":"closed","ping_status":"closed","template":"","meta":{"footnotes":""},"class_list":["post-70676","page","type-page","status-publish","hentry"],"_links":{"self":[{"href":"https:\/\/www.topohvar.at\/topo\/wp-json\/wp\/v2\/pages\/70676","targetHints":{"allow":["GET"]}}],"collection":[{"href":"https:\/\/www.topohvar.at\/topo\/wp-json\/wp\/v2\/pages"}],"about":[{"href":"https:\/\/www.topohvar.at\/topo\/wp-json\/wp\/v2\/types\/page"}],"author":[{"embeddable":true,"href":"https:\/\/www.topohvar.at\/topo\/wp-json\/wp\/v2\/users\/1"}],"replies":[{"embeddable":true,"href":"https:\/\/www.topohvar.at\/topo\/wp-json\/wp\/v2\/comments?post=70676"}],"version-history":[{"count":4,"href":"https:\/\/www.topohvar.at\/topo\/wp-json\/wp\/v2\/pages\/70676\/revisions"}],"predecessor-version":[{"id":70686,"href":"https:\/\/www.topohvar.at\/topo\/wp-json\/wp\/v2\/pages\/70676\/revisions\/70686"}],"up":[{"embeddable":true,"href":"https:\/\/www.topohvar.at\/topo\/wp-json\/wp\/v2\/pages\/123"}],"wp:attachment":[{"href":"https:\/\/www.topohvar.at\/topo\/wp-json\/wp\/v2\/media?parent=70676"}],"curies":[{"name":"wp","href":"https:\/\/api.w.org\/{rel}","templated":true}]}}