{"id":70719,"date":"2024-12-15T16:05:10","date_gmt":"2024-12-15T15:05:10","guid":{"rendered":"https:\/\/www.topohvar.at\/topo\/?page_id=70719"},"modified":"2024-12-15T16:08:43","modified_gmt":"2024-12-15T15:08:43","slug":"op-pv-09-1","status":"publish","type":"page","link":"https:\/\/www.topohvar.at\/topo\/orte\/op\/op-pv-09-1\/","title":{"rendered":"PAKLENI OTOCI \u2013 Podvodna nalazi\u0161te \u00bbAnti\u010dki brodolom (8)\u00ab"},"content":{"rendered":"<p><a name=\"seite_oben\"><\/a><br \/>\n<strong><img loading=\"lazy\" decoding=\"async\" class=\"alignnone wp-image-387 size-full\" src=\"https:\/\/www.topohvar.at\/wp-content\/uploads\/2018\/07\/00-00-00-1.jpg\" alt=\"\" width=\"114\" height=\"56\" \/><\/strong><\/p>\n<p><strong>Ime \/ Name<br \/>\n<\/strong>Podvodna nalazi\u0161te \u00bbAnti\u010dki brodolom (8)\u00ab \/ Antikes Schiffswrack (8)<\/p>\n<p><strong>Code: <\/strong>OP-PV-09\u00a0 \u00a0 \u00a0 \u00a0 \u00a0 \u00a0 \u00a0 \u00a0 \u00a0 \u00a0 \u00a0 \u00a0 \u00a0 \u00a0 \u00a0 \u00a0 \u00a0 \u00a0<strong>\u00a0<a href=\"https:\/\/www.topohvar.at\/orte\/op\/op-pv-06-1\/\"><img loading=\"lazy\" decoding=\"async\" class=\"alignnone wp-image-533 size-full\" src=\"https:\/\/www.topohvar.at\/wp-content\/uploads\/2018\/07\/push-l-30.jpg\" alt=\"\" width=\"61\" height=\"30\" \/><\/a> <a href=\"https:\/\/www.topohvar.at\/orte\/op\/\"><img loading=\"lazy\" decoding=\"async\" class=\"alignnone wp-image-535 size-full\" src=\"https:\/\/www.topohvar.at\/wp-content\/uploads\/2018\/07\/push-o-30.jpg\" alt=\"\" width=\"61\" height=\"30\" \/><\/a> <a href=\"https:\/\/www.topohvar.at\/orte\/op\/op-pv-07-1\/\"><img loading=\"lazy\" decoding=\"async\" class=\"alignnone wp-image-536 size-full\" src=\"https:\/\/www.topohvar.at\/wp-content\/uploads\/2018\/07\/push-r-30.jpg\" alt=\"\" width=\"61\" height=\"30\" \/><\/a>\u00a0<\/strong><\/p>\n<hr \/>\n<p><strong>Adresa \/ Adresse<br \/>\n<\/strong>Pakleni otoci, Stori stoni, izme\u0111u Dobrog otoka i otoka Stambedar \/ zwischen Dobri otok und Insel Stambedar<\/p>\n<p><strong>Lokacija \/ Position<a href=\"https:\/\/maps.app.goo.gl\/ATfTn6vEB9jFLB3c8\"><img loading=\"lazy\" decoding=\"async\" class=\"alignright wp-image-70720\" src=\"https:\/\/www.topohvar.at\/wp-content\/uploads\/2024\/12\/4262.jpg\" alt=\"\" width=\"134\" height=\"100\" \/><\/a><br \/>\n<\/strong><a href=\"https:\/\/maps.app.goo.gl\/ATfTn6vEB9jFLB3c8\"><span style=\"color: #3366ff;\">Latitude: N 43,14746\u00b0\u00a0 \u00a0Longitude: E 16,37038\u00b0 <\/span><\/a><strong><br \/>\n<\/strong>Visina \/ H\u00f6he: -0 m<\/p>\n<p><strong>Katastarska \u010destica<\/strong><strong> \/ Grundst\u00fccke<br \/>\n<\/strong>&#8211;<div class='content-column one_half'><div style=\"padding-right:6px;\"><p><strong>Datum snimanja \/ Erfassungsdatum<br \/>\n<\/strong>01.01.2000 00:00:00<\/p>\n<hr \/>\n<p><strong>Informacije<\/strong><\/p>\n<p><strong>Ostaci anti\u010dkog broda<\/strong><\/p>\n<p>Brodska havarija, Ostaci brodoloma iz 2.-1. st. pr. Kr. s amforama Lamboglia 2. O\u010duvani su ostaci drvene brodske konstrukcije. Na amforama se nalaze razli\u010diti pe\u010dati: VEN, CIA, EN, MI, SEN, AOLIPOR&#8230;<\/p><\/div><\/div><div class='content-column one_half last_column'><div style=\"padding-right:0px;padding-left:6px;\"><p><strong>Stupanj za\u0161tite<\/strong><strong> \/ Schutzstellung<br \/>\n<\/strong>&#8211;<\/p>\n<hr \/>\n<p><strong>Info<\/strong><\/p>\n<p><strong>Reste eines antiken Schiffes<\/strong><\/p>\n<p>Schiffswrack, \u00dcberreste eines Schiffswracks aus dem 2.-1. Jahrhundert v. Chr. mit Lamboglia 2 Amphoren. Erhalten sind \u00dcberreste der h\u00f6lzernen Schiffskonstruktion. Auf den Amphoren befinden sich verschiedene Stempel: VEN, CIA, EN, MI, SEN, AOLIPOR&#8230;<\/p><\/div><\/div><div class='clear_column'><\/div><\/p>\n<p style=\"text-align: center;\"><em>(Izvor\/Quelle: <span style=\"color: #3366ff;\"><a style=\"color: #3366ff;\" href=\"http:\/\/baza.iarh.hr\/public\/locality\/detail\/1746\">Anti\u010dka arheolo\u0161ka nalazi\u0161ta RH<\/a><\/span>)<\/em><\/p>\n<p style=\"text-align: right;\"><span style=\"color: #3366ff;\"><a style=\"color: #3366ff;\" href=\"#seite_oben\">natrag na vrh \/ Seitenanfang<\/a><\/span><\/p>\n<hr \/>\n<p><strong>Linkovi \/ Links<\/strong><\/p>\n<p><span style=\"color: #3366ff;\">&#8211;<\/span><\/p>\n","protected":false},"excerpt":{"rendered":"<p>Ime \/ Name Podvodna nalazi\u0161te \u00bbAnti\u010dki brodolom (8)\u00ab \/ Antikes Schiffswrack (8) Code: OP-PV-09\u00a0 \u00a0 \u00a0 \u00a0 \u00a0 \u00a0 \u00a0 \u00a0 \u00a0 \u00a0 \u00a0 \u00a0 \u00a0 \u00a0 \u00a0 \u00a0 \u00a0 \u00a0\u00a0 \u00a0 Adresa \/ Adresse Pakleni otoci, Stori stoni, izme\u0111u &hellip; <a href=\"https:\/\/www.topohvar.at\/topo\/orte\/op\/op-pv-09-1\/\">Weiterlesen <span class=\"meta-nav\">&rarr;<\/span><\/a><\/p>\n","protected":false},"author":1,"featured_media":0,"parent":123,"menu_order":0,"comment_status":"closed","ping_status":"closed","template":"","meta":{"footnotes":""},"class_list":["post-70719","page","type-page","status-publish","hentry"],"_links":{"self":[{"href":"https:\/\/www.topohvar.at\/topo\/wp-json\/wp\/v2\/pages\/70719","targetHints":{"allow":["GET"]}}],"collection":[{"href":"https:\/\/www.topohvar.at\/topo\/wp-json\/wp\/v2\/pages"}],"about":[{"href":"https:\/\/www.topohvar.at\/topo\/wp-json\/wp\/v2\/types\/page"}],"author":[{"embeddable":true,"href":"https:\/\/www.topohvar.at\/topo\/wp-json\/wp\/v2\/users\/1"}],"replies":[{"embeddable":true,"href":"https:\/\/www.topohvar.at\/topo\/wp-json\/wp\/v2\/comments?post=70719"}],"version-history":[{"count":3,"href":"https:\/\/www.topohvar.at\/topo\/wp-json\/wp\/v2\/pages\/70719\/revisions"}],"predecessor-version":[{"id":70725,"href":"https:\/\/www.topohvar.at\/topo\/wp-json\/wp\/v2\/pages\/70719\/revisions\/70725"}],"up":[{"embeddable":true,"href":"https:\/\/www.topohvar.at\/topo\/wp-json\/wp\/v2\/pages\/123"}],"wp:attachment":[{"href":"https:\/\/www.topohvar.at\/topo\/wp-json\/wp\/v2\/media?parent=70719"}],"curies":[{"name":"wp","href":"https:\/\/api.w.org\/{rel}","templated":true}]}}