{"id":70764,"date":"2024-12-16T09:09:27","date_gmt":"2024-12-16T08:09:27","guid":{"rendered":"https:\/\/www.topohvar.at\/topo\/?page_id=70764"},"modified":"2024-12-16T09:53:22","modified_gmt":"2024-12-16T08:53:22","slug":"sg-po-23-1","status":"publish","type":"page","link":"https:\/\/www.topohvar.at\/topo\/orte\/sg\/sg-po-23-1\/","title":{"rendered":"STARI GRAD &#8211; Povijesni lokalitet \u00bbStara\u010d\u00ab"},"content":{"rendered":"<p><a name=\"seite_oben\"><\/a><br \/>\n<img loading=\"lazy\" decoding=\"async\" class=\"aligncenter wp-image-387 size-full\" src=\"https:\/\/www.topohvar.at\/wp-content\/uploads\/2018\/07\/00-00-00-1.jpg\" alt=\"\" width=\"114\" height=\"56\" \/><\/p>\n<p><strong>Ime \/ Name<br \/>\n<\/strong>Povijesni lokalitet \u00bbStara\u010d\u00ab \/ Historischer Ort \u00bbStara\u010d\u00ab<\/p>\n<p><strong>Code: <\/strong>SG-PO-23\u00a0 \u00a0 \u00a0 \u00a0 \u00a0 \u00a0 \u00a0 \u00a0 \u00a0 \u00a0 \u00a0 \u00a0 \u00a0 \u00a0 \u00a0 \u00a0 \u00a0 \u00a0 <strong><a href=\"https:\/\/www.topohvar.at\/orte\/sg\/sg-po-22-1\/\"><img loading=\"lazy\" decoding=\"async\" class=\"alignnone wp-image-533 size-full\" src=\"https:\/\/www.topohvar.at\/wp-content\/uploads\/2018\/07\/push-l-30.jpg\" alt=\"\" width=\"61\" height=\"30\" \/><\/a> <a href=\"https:\/\/www.topohvar.at\/orte\/sg\/\"><img loading=\"lazy\" decoding=\"async\" class=\"alignnone wp-image-535 size-full\" src=\"https:\/\/www.topohvar.at\/wp-content\/uploads\/2018\/07\/push-o-30.jpg\" alt=\"\" width=\"61\" height=\"30\" \/><\/a> <a href=\"https:\/\/www.topohvar.at\/orte\/sg\/sg-po-17-2\/\"><img loading=\"lazy\" decoding=\"async\" class=\"alignnone wp-image-536 size-full\" src=\"https:\/\/www.topohvar.at\/wp-content\/uploads\/2018\/07\/push-r-30.jpg\" alt=\"\" width=\"61\" height=\"30\" \/><\/a><\/strong><\/p>\n<hr \/>\n<p><strong>Adresa \/ Adresse<br \/>\n<\/strong>Stari Grad, Polje, Stara\u010d<\/p>\n<p><strong>Lokacija \/ Position<a href=\"https:\/\/maps.app.goo.gl\/BcsEvMvUWJgwHrfPA\"><img loading=\"lazy\" decoding=\"async\" class=\"alignright wp-image-70770\" src=\"https:\/\/www.topohvar.at\/wp-content\/uploads\/2024\/12\/4264.jpg\" alt=\"\" width=\"134\" height=\"100\" \/><\/a><br \/>\n<\/strong><a href=\"https:\/\/maps.app.goo.gl\/BcsEvMvUWJgwHrfPA\"><span style=\"color: #3366ff;\">Latitude: N 43,18947\u00b0\u00a0 \u00a0Longitude: E 16,61632\u00b0 <\/span><\/a><strong><br \/>\n<\/strong>Visina \/ H\u00f6he: 23 m<\/p>\n<p><strong>Katastarska \u010destica \/ Grundst\u00fccke<br \/>\n<\/strong>6392<div class='content-column one_half'><div style=\"padding-right:6px;\"><p><strong>Datum snimanja \/ Erfassungsdatum<br \/>\n<\/strong>01.01.2000 00:00:00<\/p>\n<hr \/>\n<p><strong>Informacije<\/strong><\/p>\n<p>Villa rustica, Lokalitet je smje\u0161ten uz pravac gr\u010dke podjele zemlji\u0161ta koji se pru\u017ea istok &#8211; zapad. Uo\u010dava se konecentracija keramike, opeka i gra\u0111evnog materijala iz rimskog vremena, naro\u010dito s ju\u017ene strane. Lokalitet je poznat jo\u0161 is 1895. g. kada su prona\u0111ena dva kamena bloka s natpisom. Niko Dubokovi\u0107-Nadalini 1961. .g navodi postojanje podzemnog hodnika koji je otkriven tijekom radova na lokalitetu. 1966. godine prona\u0111eni su i drugi arhitektonski ostaci.<\/p><\/div><\/div><div class='content-column one_half last_column'><div style=\"padding-right:0px;padding-left:6px;\"><p><strong>Stupanj za\u0161tite \/ Schutzstellung<br \/>\n<\/strong>&#8211;<\/p>\n<hr \/>\n<p><strong>Info<\/strong><\/p>\n<p>Villa rustica, Der Standort befindet sich entlang der griechischen Landteilungslinie, die sich von Osten nach Westen erstreckt. Es gibt eine Konzentration von Keramik, Ziegeln und Baumaterialien aus r\u00f6mischer Zeit, insbesondere auf der S\u00fcdseite. Der Standort ist seit 1895 bekannt, als zwei Steinbl\u00f6cke mit Inschriften gefunden wurden. Niko Dubokovi\u0107-Nadalini erw\u00e4hnte 1961 die Existenz eines unterirdischen Gangs, der w\u00e4hrend der Arbeiten am Standort entdeckt wurde. Im Jahr 1966 wurden weitere architektonische \u00dcberreste gefunden.<\/p><\/div><\/div><div class='clear_column'><\/div><\/p>\n<p style=\"text-align: center;\"><em>(Izvor\/Quelle: <span style=\"color: #3366ff;\"><a style=\"color: #3366ff;\" href=\"http:\/\/baza.iarh.hr\/public\/locality\/detail\/2219\">Anti\u010dka arheolo\u0161ka nalazi\u0161ta RH<\/a><\/span>)<\/em><\/p>\n<p style=\"text-align: right;\"><a href=\"#seite_oben\">natrag na vrh \/ Seitenanfang<\/a><\/p>\n<hr \/>\n<p><strong>Linkovi \/ Links<\/strong><\/p>\n<p><span style=\"color: #3366ff;\">&#8211;<\/span><\/p>\n","protected":false},"excerpt":{"rendered":"<p>Ime \/ Name Povijesni lokalitet \u00bbStara\u010d\u00ab \/ Historischer Ort \u00bbStara\u010d\u00ab Code: SG-PO-23\u00a0 \u00a0 \u00a0 \u00a0 \u00a0 \u00a0 \u00a0 \u00a0 \u00a0 \u00a0 \u00a0 \u00a0 \u00a0 \u00a0 \u00a0 \u00a0 \u00a0 \u00a0 Adresa \/ Adresse Stari Grad, Polje, Stara\u010d Lokacija \/ Position Latitude: &hellip; <a href=\"https:\/\/www.topohvar.at\/topo\/orte\/sg\/sg-po-23-1\/\">Weiterlesen <span class=\"meta-nav\">&rarr;<\/span><\/a><\/p>\n","protected":false},"author":1,"featured_media":0,"parent":99,"menu_order":0,"comment_status":"closed","ping_status":"closed","template":"","meta":{"footnotes":""},"class_list":["post-70764","page","type-page","status-publish","hentry"],"_links":{"self":[{"href":"https:\/\/www.topohvar.at\/topo\/wp-json\/wp\/v2\/pages\/70764","targetHints":{"allow":["GET"]}}],"collection":[{"href":"https:\/\/www.topohvar.at\/topo\/wp-json\/wp\/v2\/pages"}],"about":[{"href":"https:\/\/www.topohvar.at\/topo\/wp-json\/wp\/v2\/types\/page"}],"author":[{"embeddable":true,"href":"https:\/\/www.topohvar.at\/topo\/wp-json\/wp\/v2\/users\/1"}],"replies":[{"embeddable":true,"href":"https:\/\/www.topohvar.at\/topo\/wp-json\/wp\/v2\/comments?post=70764"}],"version-history":[{"count":6,"href":"https:\/\/www.topohvar.at\/topo\/wp-json\/wp\/v2\/pages\/70764\/revisions"}],"predecessor-version":[{"id":70776,"href":"https:\/\/www.topohvar.at\/topo\/wp-json\/wp\/v2\/pages\/70764\/revisions\/70776"}],"up":[{"embeddable":true,"href":"https:\/\/www.topohvar.at\/topo\/wp-json\/wp\/v2\/pages\/99"}],"wp:attachment":[{"href":"https:\/\/www.topohvar.at\/topo\/wp-json\/wp\/v2\/media?parent=70764"}],"curies":[{"name":"wp","href":"https:\/\/api.w.org\/{rel}","templated":true}]}}